{"id":2510,"date":"2024-06-25T08:39:13","date_gmt":"2024-06-25T08:39:13","guid":{"rendered":"https:\/\/bookbildrpublishing.com\/product\/sweat-a-capuche-unisexe-grammar-freak\/"},"modified":"2024-11-28T09:40:38","modified_gmt":"2024-11-28T09:40:38","slug":"sweat-a-capuche-unisexe-grammar-freak","status":"publish","type":"product","link":"https:\/\/bookbildrpublishing.com\/fr\/product\/sweat-a-capuche-unisexe-grammar-freak\/","title":{"rendered":"Sweat \u00e0 capuche unisexe Grammar Freak"},"content":{"rendered":"<p>Un sweat \u00e0 capuche classique avec une grande poche avant et des cordons de couleur assortie pour mettre en valeur votre talent d&rsquo;\u00e9crivain (mais pas de lecteur).<\/p>\n<p>Sp\u00e9cifications du produit :<\/p>\n<ul>\n<li>Tricot polaire pr\u00e9r\u00e9tr\u00e9ci<\/li>\n<li>Capuche doubl\u00e9e avec cordon de serrage de couleur assortie<\/li>\n<li>D\u00e9chirez l&rsquo;\u00e9tiquette<\/li>\n<li>Pochette<\/li>\n<\/ul>\n<p><strong>Guide des tailles<\/strong><\/p>\n<table>\n<tbody>\n<tr>\n<td><\/td>\n<td><strong>S<\/strong><\/td>\n<td><strong>M<\/strong><\/td>\n<td><strong>L<\/strong><\/td>\n<td><strong>XL<\/strong><\/td>\n<td><strong>2XL<\/strong><\/td>\n<td><strong>3XL<\/strong><\/td>\n<\/tr>\n<tr>\n<td><strong>A) Longueur (cm)<\/strong><\/td>\n<td>69<\/td>\n<td>71<\/td>\n<td>74<\/td>\n<td>76<\/td>\n<td>79<\/td>\n<td>81<\/td>\n<\/tr>\n<tr>\n<td><strong>B) Demi-poitrine (cm)<\/strong><\/td>\n<td>51<\/td>\n<td>56<\/td>\n<td>61<\/td>\n<td>66<\/td>\n<td>71<\/td>\n<td>76<\/td>\n<\/tr>\n<tr>\n<td><strong>C) Longueur des manches (cm)<\/strong><\/td>\n<td>85<\/td>\n<td>88<\/td>\n<td>90<\/td>\n<td>93<\/td>\n<td>95<\/td>\n<td>98<\/td>\n<\/tr>\n<\/tbody>\n<\/table>\n<table>\n<tbody>\n<tr>\n<td><\/td>\n<td><strong>S<\/strong><\/td>\n<td><strong>M<\/strong><\/td>\n<td><strong>L<\/strong><\/td>\n<td><strong>XL<\/strong><\/td>\n<td><strong>2XL<\/strong><\/td>\n<td><strong>3XL<\/strong><\/td>\n<\/tr>\n<tr>\n<td><strong>A) Longueur (pouces)<\/strong><\/td>\n<td>27 \u2159<\/td>\n<td>27 \u215e<\/td>\n<td>29 \u215b<\/td>\n<td>29 \u215e<\/td>\n<td>31 \u2151<\/td>\n<td>31 \u215e<\/td>\n<\/tr>\n<tr>\n<td><strong>B) Demi-poitrine (pouces)<\/strong><\/td>\n<td>20<\/td>\n<td>22<\/td>\n<td>24<\/td>\n<td>25 \u215e<\/td>\n<td>27 \u215e<\/td>\n<td>29 \u215e<\/td>\n<\/tr>\n<tr>\n<td><strong>C) Longueur des manches (pouces)<\/strong><\/td>\n<td>33 \u215c<\/td>\n<td>34 \u215d<\/td>\n<td>35 \u2156<\/td>\n<td>36 \u215d<\/td>\n<td>37 \u2156<\/td>\n<td>38 \u00bd<\/td>\n<\/tr>\n<\/tbody>\n<\/table>\n<p><strong>Instructions d&rsquo;entretien<\/strong><\/p>\n<table>\n<tbody>\n<tr>\n<td>Lavage<\/td>\n<td>Machine, chaud, \u00e0 l&rsquo;envers, couleurs similaires<\/td>\n<\/tr>\n<tr>\n<td>S\u00e9chage par culbutage<\/td>\n<td>Faible<\/td>\n<\/tr>\n<tr>\n<td>Eau de Javel<\/td>\n<td>Uniquement sans chlore<\/td>\n<\/tr>\n<tr>\n<td>Nettoyage \u00e0 sec<\/td>\n<td>Ne pas nettoyer \u00e0 sec<\/td>\n<\/tr>\n<tr>\n<td>Repassez<\/td>\n<td>Ne pas repasser<\/td>\n<\/tr>\n<\/tbody>\n<\/table>\n","protected":false},"excerpt":{"rendered":"<p>Un sweat \u00e0 capuche classique avec une grande poche avant et des cordons de couleur assortie pour mettre en valeur votre talent d&rsquo;\u00e9crivain (mais pas de lecteur). Sp\u00e9cifications du produit : Tricot polaire pr\u00e9r\u00e9tr\u00e9ci Capuche doubl\u00e9e avec cordon de serrage de couleur assortie D\u00e9chirez l&rsquo;\u00e9tiquette Pochette Guide des tailles S M L XL 2XL 3XL [&hellip;]<\/p>\n","protected":false},"featured_media":1486,"comment_status":"open","ping_status":"closed","template":"","meta":{"_uag_custom_page_level_css":"","site-sidebar-layout":"default","site-content-layout":"","ast-site-content-layout":"","site-content-style":"default","site-sidebar-style":"default","ast-global-header-display":"","ast-banner-title-visibility":"","ast-main-header-display":"","ast-hfb-above-header-display":"","ast-hfb-below-header-display":"","ast-hfb-mobile-header-display":"","site-post-title":"","ast-breadcrumbs-content":"","ast-featured-img":"","footer-sml-layout":"","theme-transparent-header-meta":"","adv-header-id-meta":"","stick-header-meta":"","header-above-stick-meta":"","header-main-stick-meta":"","header-below-stick-meta":"","astra-migrate-meta-layouts":"default","ast-page-background-enabled":"default","ast-page-background-meta":{"desktop":{"background-color":"var(--ast-global-color-4)","background-image":"","background-repeat":"repeat","background-position":"center center","background-size":"auto","background-attachment":"scroll","background-type":"","background-media":"","overlay-type":"","overlay-color":"","overlay-opacity":"","overlay-gradient":""},"tablet":{"background-color":"","background-image":"","background-repeat":"repeat","background-position":"center center","background-size":"auto","background-attachment":"scroll","background-type":"","background-media":"","overlay-type":"","overlay-color":"","overlay-opacity":"","overlay-gradient":""},"mobile":{"background-color":"","background-image":"","background-repeat":"repeat","background-position":"center center","background-size":"auto","background-attachment":"scroll","background-type":"","background-media":"","overlay-type":"","overlay-color":"","overlay-opacity":"","overlay-gradient":""}},"ast-content-background-meta":{"desktop":{"background-color":"var(--ast-global-color-5)","background-image":"","background-repeat":"repeat","background-position":"center center","background-size":"auto","background-attachment":"scroll","background-type":"","background-media":"","overlay-type":"","overlay-color":"","overlay-opacity":"","overlay-gradient":""},"tablet":{"background-color":"var(--ast-global-color-5)","background-image":"","background-repeat":"repeat","background-position":"center center","background-size":"auto","background-attachment":"scroll","background-type":"","background-media":"","overlay-type":"","overlay-color":"","overlay-opacity":"","overlay-gradient":""},"mobile":{"background-color":"var(--ast-global-color-5)","background-image":"","background-repeat":"repeat","background-position":"center center","background-size":"auto","background-attachment":"scroll","background-type":"","background-media":"","overlay-type":"","overlay-color":"","overlay-opacity":"","overlay-gradient":""}}},"product_brand":[],"product_cat":[80],"product_tag":[],"class_list":{"0":"post-2510","1":"product","2":"type-product","3":"status-publish","4":"has-post-thumbnail","6":"product_cat-marchand","7":"desktop-align-left","8":"tablet-align-left","9":"mobile-align-left","11":"first","12":"instock","13":"shipping-taxable","14":"purchasable","15":"product-type-variable"},"yoast_head":"<!-- This site is optimized with the Yoast SEO plugin v25.6 - https:\/\/yoast.com\/wordpress\/plugins\/seo\/ -->\n<title>Sweat \u00e0 capuche unisexe Grammar Freak | BookBildr Publishing<\/title>\n<meta name=\"robots\" content=\"index, follow, max-snippet:-1, max-image-preview:large, max-video-preview:-1\" \/>\n<link rel=\"canonical\" href=\"https:\/\/bookbildrpublishing.com\/fr\/product\/sweat-a-capuche-unisexe-grammar-freak\/\" \/>\n<meta property=\"og:locale\" content=\"fr_FR\" \/>\n<meta property=\"og:type\" content=\"article\" \/>\n<meta property=\"og:title\" content=\"Sweat \u00e0 capuche unisexe Grammar Freak | BookBildr Publishing\" \/>\n<meta property=\"og:description\" content=\"Un sweat \u00e0 capuche classique avec une grande poche avant et des cordons de couleur assortie pour mettre en valeur votre talent d&rsquo;\u00e9crivain (mais pas de lecteur). Sp\u00e9cifications du produit : Tricot polaire pr\u00e9r\u00e9tr\u00e9ci Capuche doubl\u00e9e avec cordon de serrage de couleur assortie D\u00e9chirez l&rsquo;\u00e9tiquette Pochette Guide des tailles S M L XL 2XL 3XL [&hellip;]\" \/>\n<meta property=\"og:url\" content=\"https:\/\/bookbildrpublishing.com\/fr\/product\/sweat-a-capuche-unisexe-grammar-freak\/\" \/>\n<meta property=\"og:site_name\" content=\"BookBildr Publishing\" \/>\n<meta property=\"article:modified_time\" content=\"2024-11-28T09:40:38+00:00\" \/>\n<meta property=\"og:image\" content=\"https:\/\/bookbildrpublishing.com\/wp-content\/uploads\/2024\/06\/0a06b8d0-4e78-412a-a213-3f21ab1e7490.jpg\" \/>\n\t<meta property=\"og:image:width\" content=\"2048\" \/>\n\t<meta property=\"og:image:height\" content=\"2048\" \/>\n\t<meta property=\"og:image:type\" content=\"image\/jpeg\" \/>\n<meta name=\"twitter:card\" content=\"summary_large_image\" \/>\n<script type=\"application\/ld+json\" class=\"yoast-schema-graph\">{\"@context\":\"https:\/\/schema.org\",\"@graph\":[{\"@type\":\"WebPage\",\"@id\":\"https:\/\/bookbildrpublishing.com\/fr\/product\/sweat-a-capuche-unisexe-grammar-freak\/\",\"url\":\"https:\/\/bookbildrpublishing.com\/fr\/product\/sweat-a-capuche-unisexe-grammar-freak\/\",\"name\":\"Sweat \u00e0 capuche unisexe Grammar Freak | BookBildr Publishing\",\"isPartOf\":{\"@id\":\"https:\/\/bookbildrpublishing.com\/fr\/#website\"},\"primaryImageOfPage\":{\"@id\":\"https:\/\/bookbildrpublishing.com\/fr\/product\/sweat-a-capuche-unisexe-grammar-freak\/#primaryimage\"},\"image\":{\"@id\":\"https:\/\/bookbildrpublishing.com\/fr\/product\/sweat-a-capuche-unisexe-grammar-freak\/#primaryimage\"},\"thumbnailUrl\":\"https:\/\/bookbildrpublishing.com\/wp-content\/uploads\/2024\/06\/0a06b8d0-4e78-412a-a213-3f21ab1e7490.jpg\",\"datePublished\":\"2024-06-25T08:39:13+00:00\",\"dateModified\":\"2024-11-28T09:40:38+00:00\",\"breadcrumb\":{\"@id\":\"https:\/\/bookbildrpublishing.com\/fr\/product\/sweat-a-capuche-unisexe-grammar-freak\/#breadcrumb\"},\"inLanguage\":\"fr-FR\",\"potentialAction\":[{\"@type\":\"ReadAction\",\"target\":[\"https:\/\/bookbildrpublishing.com\/fr\/product\/sweat-a-capuche-unisexe-grammar-freak\/\"]}]},{\"@type\":\"ImageObject\",\"inLanguage\":\"fr-FR\",\"@id\":\"https:\/\/bookbildrpublishing.com\/fr\/product\/sweat-a-capuche-unisexe-grammar-freak\/#primaryimage\",\"url\":\"https:\/\/bookbildrpublishing.com\/wp-content\/uploads\/2024\/06\/0a06b8d0-4e78-412a-a213-3f21ab1e7490.jpg\",\"contentUrl\":\"https:\/\/bookbildrpublishing.com\/wp-content\/uploads\/2024\/06\/0a06b8d0-4e78-412a-a213-3f21ab1e7490.jpg\",\"width\":2048,\"height\":2048,\"caption\":\"0a06b8d0-4e78-412a-a213-3f21ab1e7490\"},{\"@type\":\"BreadcrumbList\",\"@id\":\"https:\/\/bookbildrpublishing.com\/fr\/product\/sweat-a-capuche-unisexe-grammar-freak\/#breadcrumb\",\"itemListElement\":[{\"@type\":\"ListItem\",\"position\":1,\"name\":\"Home\",\"item\":\"https:\/\/bookbildrpublishing.com\/fr\/\"},{\"@type\":\"ListItem\",\"position\":2,\"name\":\"Boutique\",\"item\":\"https:\/\/bookbildrpublishing.com\/fr\/boutique\/\"},{\"@type\":\"ListItem\",\"position\":3,\"name\":\"Sweat \u00e0 capuche unisexe Grammar Freak\"}]},{\"@type\":\"WebSite\",\"@id\":\"https:\/\/bookbildrpublishing.com\/fr\/#website\",\"url\":\"https:\/\/bookbildrpublishing.com\/fr\/\",\"name\":\"BookBildr Publishing\",\"description\":\"\",\"publisher\":{\"@id\":\"https:\/\/bookbildrpublishing.com\/fr\/#organization\"},\"potentialAction\":[{\"@type\":\"SearchAction\",\"target\":{\"@type\":\"EntryPoint\",\"urlTemplate\":\"https:\/\/bookbildrpublishing.com\/fr\/?s={search_term_string}\"},\"query-input\":{\"@type\":\"PropertyValueSpecification\",\"valueRequired\":true,\"valueName\":\"search_term_string\"}}],\"inLanguage\":\"fr-FR\"},{\"@type\":\"Organization\",\"@id\":\"https:\/\/bookbildrpublishing.com\/fr\/#organization\",\"name\":\"BookBildr Publishing\",\"url\":\"https:\/\/bookbildrpublishing.com\/fr\/\",\"logo\":{\"@type\":\"ImageObject\",\"inLanguage\":\"fr-FR\",\"@id\":\"https:\/\/bookbildrpublishing.com\/fr\/#\/schema\/logo\/image\/\",\"url\":\"https:\/\/bookbildrpublishing.com\/wp-content\/uploads\/2024\/06\/BookBildr-Publishing-logo.png\",\"contentUrl\":\"https:\/\/bookbildrpublishing.com\/wp-content\/uploads\/2024\/06\/BookBildr-Publishing-logo.png\",\"width\":200,\"height\":80,\"caption\":\"BookBildr Publishing\"},\"image\":{\"@id\":\"https:\/\/bookbildrpublishing.com\/fr\/#\/schema\/logo\/image\/\"}}]}<\/script>\n<!-- \/ Yoast SEO plugin. -->","yoast_head_json":{"title":"Sweat \u00e0 capuche unisexe Grammar Freak | BookBildr Publishing","robots":{"index":"index","follow":"follow","max-snippet":"max-snippet:-1","max-image-preview":"max-image-preview:large","max-video-preview":"max-video-preview:-1"},"canonical":"https:\/\/bookbildrpublishing.com\/fr\/product\/sweat-a-capuche-unisexe-grammar-freak\/","og_locale":"fr_FR","og_type":"article","og_title":"Sweat \u00e0 capuche unisexe Grammar Freak | BookBildr Publishing","og_description":"Un sweat \u00e0 capuche classique avec une grande poche avant et des cordons de couleur assortie pour mettre en valeur votre talent d&rsquo;\u00e9crivain (mais pas de lecteur). Sp\u00e9cifications du produit : Tricot polaire pr\u00e9r\u00e9tr\u00e9ci Capuche doubl\u00e9e avec cordon de serrage de couleur assortie D\u00e9chirez l&rsquo;\u00e9tiquette Pochette Guide des tailles S M L XL 2XL 3XL [&hellip;]","og_url":"https:\/\/bookbildrpublishing.com\/fr\/product\/sweat-a-capuche-unisexe-grammar-freak\/","og_site_name":"BookBildr Publishing","article_modified_time":"2024-11-28T09:40:38+00:00","og_image":[{"width":2048,"height":2048,"url":"https:\/\/bookbildrpublishing.com\/wp-content\/uploads\/2024\/06\/0a06b8d0-4e78-412a-a213-3f21ab1e7490.jpg","type":"image\/jpeg"}],"twitter_card":"summary_large_image","schema":{"@context":"https:\/\/schema.org","@graph":[{"@type":"WebPage","@id":"https:\/\/bookbildrpublishing.com\/fr\/product\/sweat-a-capuche-unisexe-grammar-freak\/","url":"https:\/\/bookbildrpublishing.com\/fr\/product\/sweat-a-capuche-unisexe-grammar-freak\/","name":"Sweat \u00e0 capuche unisexe Grammar Freak | BookBildr Publishing","isPartOf":{"@id":"https:\/\/bookbildrpublishing.com\/fr\/#website"},"primaryImageOfPage":{"@id":"https:\/\/bookbildrpublishing.com\/fr\/product\/sweat-a-capuche-unisexe-grammar-freak\/#primaryimage"},"image":{"@id":"https:\/\/bookbildrpublishing.com\/fr\/product\/sweat-a-capuche-unisexe-grammar-freak\/#primaryimage"},"thumbnailUrl":"https:\/\/bookbildrpublishing.com\/wp-content\/uploads\/2024\/06\/0a06b8d0-4e78-412a-a213-3f21ab1e7490.jpg","datePublished":"2024-06-25T08:39:13+00:00","dateModified":"2024-11-28T09:40:38+00:00","breadcrumb":{"@id":"https:\/\/bookbildrpublishing.com\/fr\/product\/sweat-a-capuche-unisexe-grammar-freak\/#breadcrumb"},"inLanguage":"fr-FR","potentialAction":[{"@type":"ReadAction","target":["https:\/\/bookbildrpublishing.com\/fr\/product\/sweat-a-capuche-unisexe-grammar-freak\/"]}]},{"@type":"ImageObject","inLanguage":"fr-FR","@id":"https:\/\/bookbildrpublishing.com\/fr\/product\/sweat-a-capuche-unisexe-grammar-freak\/#primaryimage","url":"https:\/\/bookbildrpublishing.com\/wp-content\/uploads\/2024\/06\/0a06b8d0-4e78-412a-a213-3f21ab1e7490.jpg","contentUrl":"https:\/\/bookbildrpublishing.com\/wp-content\/uploads\/2024\/06\/0a06b8d0-4e78-412a-a213-3f21ab1e7490.jpg","width":2048,"height":2048,"caption":"0a06b8d0-4e78-412a-a213-3f21ab1e7490"},{"@type":"BreadcrumbList","@id":"https:\/\/bookbildrpublishing.com\/fr\/product\/sweat-a-capuche-unisexe-grammar-freak\/#breadcrumb","itemListElement":[{"@type":"ListItem","position":1,"name":"Home","item":"https:\/\/bookbildrpublishing.com\/fr\/"},{"@type":"ListItem","position":2,"name":"Boutique","item":"https:\/\/bookbildrpublishing.com\/fr\/boutique\/"},{"@type":"ListItem","position":3,"name":"Sweat \u00e0 capuche unisexe Grammar Freak"}]},{"@type":"WebSite","@id":"https:\/\/bookbildrpublishing.com\/fr\/#website","url":"https:\/\/bookbildrpublishing.com\/fr\/","name":"BookBildr Publishing","description":"","publisher":{"@id":"https:\/\/bookbildrpublishing.com\/fr\/#organization"},"potentialAction":[{"@type":"SearchAction","target":{"@type":"EntryPoint","urlTemplate":"https:\/\/bookbildrpublishing.com\/fr\/?s={search_term_string}"},"query-input":{"@type":"PropertyValueSpecification","valueRequired":true,"valueName":"search_term_string"}}],"inLanguage":"fr-FR"},{"@type":"Organization","@id":"https:\/\/bookbildrpublishing.com\/fr\/#organization","name":"BookBildr Publishing","url":"https:\/\/bookbildrpublishing.com\/fr\/","logo":{"@type":"ImageObject","inLanguage":"fr-FR","@id":"https:\/\/bookbildrpublishing.com\/fr\/#\/schema\/logo\/image\/","url":"https:\/\/bookbildrpublishing.com\/wp-content\/uploads\/2024\/06\/BookBildr-Publishing-logo.png","contentUrl":"https:\/\/bookbildrpublishing.com\/wp-content\/uploads\/2024\/06\/BookBildr-Publishing-logo.png","width":200,"height":80,"caption":"BookBildr Publishing"},"image":{"@id":"https:\/\/bookbildrpublishing.com\/fr\/#\/schema\/logo\/image\/"}}]}},"uagb_featured_image_src":{"full":["https:\/\/bookbildrpublishing.com\/wp-content\/uploads\/2024\/06\/0a06b8d0-4e78-412a-a213-3f21ab1e7490.jpg",2048,2048,false],"thumbnail":["https:\/\/bookbildrpublishing.com\/wp-content\/uploads\/2024\/06\/0a06b8d0-4e78-412a-a213-3f21ab1e7490-150x150.jpg",150,150,true],"medium":["https:\/\/bookbildrpublishing.com\/wp-content\/uploads\/2024\/06\/0a06b8d0-4e78-412a-a213-3f21ab1e7490-300x300.jpg",300,300,true],"medium_large":["https:\/\/bookbildrpublishing.com\/wp-content\/uploads\/2024\/06\/0a06b8d0-4e78-412a-a213-3f21ab1e7490-768x768.jpg",768,768,true],"large":["https:\/\/bookbildrpublishing.com\/wp-content\/uploads\/2024\/06\/0a06b8d0-4e78-412a-a213-3f21ab1e7490-1024x1024.jpg",1024,1024,true],"1536x1536":["https:\/\/bookbildrpublishing.com\/wp-content\/uploads\/2024\/06\/0a06b8d0-4e78-412a-a213-3f21ab1e7490-1536x1536.jpg",1536,1536,true],"2048x2048":["https:\/\/bookbildrpublishing.com\/wp-content\/uploads\/2024\/06\/0a06b8d0-4e78-412a-a213-3f21ab1e7490.jpg",2048,2048,false],"woocommerce_thumbnail":["https:\/\/bookbildrpublishing.com\/wp-content\/uploads\/2024\/06\/0a06b8d0-4e78-412a-a213-3f21ab1e7490-300x300.jpg",300,300,true],"woocommerce_single":["https:\/\/bookbildrpublishing.com\/wp-content\/uploads\/2024\/06\/0a06b8d0-4e78-412a-a213-3f21ab1e7490-600x600.jpg",600,600,true],"woocommerce_gallery_thumbnail":["https:\/\/bookbildrpublishing.com\/wp-content\/uploads\/2024\/06\/0a06b8d0-4e78-412a-a213-3f21ab1e7490-100x100.jpg",100,100,true]},"uagb_author_info":{"display_name":"admin","author_link":"https:\/\/bookbildrpublishing.com\/fr\/author\/"},"uagb_comment_info":0,"uagb_excerpt":"Un sweat \u00e0 capuche classique avec une grande poche avant et des cordons de couleur assortie pour mettre en valeur votre talent d&rsquo;\u00e9crivain (mais pas de lecteur). Sp\u00e9cifications du produit : Tricot polaire pr\u00e9r\u00e9tr\u00e9ci Capuche doubl\u00e9e avec cordon de serrage de couleur assortie D\u00e9chirez l&rsquo;\u00e9tiquette Pochette Guide des tailles S M L XL 2XL 3XL\u2026","_links":{"self":[{"href":"https:\/\/bookbildrpublishing.com\/fr\/wp-json\/wp\/v2\/product\/2510","targetHints":{"allow":["GET"]}}],"collection":[{"href":"https:\/\/bookbildrpublishing.com\/fr\/wp-json\/wp\/v2\/product"}],"about":[{"href":"https:\/\/bookbildrpublishing.com\/fr\/wp-json\/wp\/v2\/types\/product"}],"replies":[{"embeddable":true,"href":"https:\/\/bookbildrpublishing.com\/fr\/wp-json\/wp\/v2\/comments?post=2510"}],"wp:featuredmedia":[{"embeddable":true,"href":"https:\/\/bookbildrpublishing.com\/fr\/wp-json\/wp\/v2\/media\/1486"}],"wp:attachment":[{"href":"https:\/\/bookbildrpublishing.com\/fr\/wp-json\/wp\/v2\/media?parent=2510"}],"wp:term":[{"taxonomy":"product_brand","embeddable":true,"href":"https:\/\/bookbildrpublishing.com\/fr\/wp-json\/wp\/v2\/product_brand?post=2510"},{"taxonomy":"product_cat","embeddable":true,"href":"https:\/\/bookbildrpublishing.com\/fr\/wp-json\/wp\/v2\/product_cat?post=2510"},{"taxonomy":"product_tag","embeddable":true,"href":"https:\/\/bookbildrpublishing.com\/fr\/wp-json\/wp\/v2\/product_tag?post=2510"}],"curies":[{"name":"wp","href":"https:\/\/api.w.org\/{rel}","templated":true}]}}