{"id":2507,"date":"2024-06-25T08:39:12","date_gmt":"2024-06-25T08:39:12","guid":{"rendered":"https:\/\/bookbildrpublishing.com\/product\/tasse-en-ceramique-blanche-11oz-a-caractere-unique\/"},"modified":"2024-11-28T09:40:32","modified_gmt":"2024-11-28T09:40:32","slug":"tasse-en-ceramique-blanche-11oz-a-caractere-unique","status":"publish","type":"product","link":"https:\/\/bookbildrpublishing.com\/fr\/product\/tasse-en-ceramique-blanche-11oz-a-caractere-unique\/","title":{"rendered":"Tasse en c\u00e9ramique blanche 11oz \u00e0 caract\u00e8re unique"},"content":{"rendered":"<div>\n<p>Le mug id\u00e9al pour r\u00e9fl\u00e9chir aux personnages d&rsquo;un livre !<\/p>\n<p>&#8211; Mug 11oz en c\u00e9ramique<\/p>\n<p>&#8211; Passe au lave-vaisselle et au micro-ondes<\/p>\n<p>&#8211; Tests de s\u00e9curit\u00e9 des produits effectu\u00e9s par des laboratoires tiers ind\u00e9pendants.<\/p>\n<\/div>\n","protected":false},"excerpt":{"rendered":"<p>Le mug id\u00e9al pour r\u00e9fl\u00e9chir aux personnages d&rsquo;un livre ! &#8211; Mug 11oz en c\u00e9ramique &#8211; Passe au lave-vaisselle et au micro-ondes &#8211; Tests de s\u00e9curit\u00e9 des produits effectu\u00e9s par des laboratoires tiers ind\u00e9pendants.<\/p>\n","protected":false},"featured_media":1628,"comment_status":"open","ping_status":"closed","template":"","meta":{"_uag_custom_page_level_css":"","site-sidebar-layout":"default","site-content-layout":"","ast-site-content-layout":"","site-content-style":"default","site-sidebar-style":"default","ast-global-header-display":"","ast-banner-title-visibility":"","ast-main-header-display":"","ast-hfb-above-header-display":"","ast-hfb-below-header-display":"","ast-hfb-mobile-header-display":"","site-post-title":"","ast-breadcrumbs-content":"","ast-featured-img":"","footer-sml-layout":"","theme-transparent-header-meta":"","adv-header-id-meta":"","stick-header-meta":"","header-above-stick-meta":"","header-main-stick-meta":"","header-below-stick-meta":"","astra-migrate-meta-layouts":"default","ast-page-background-enabled":"default","ast-page-background-meta":{"desktop":{"background-color":"var(--ast-global-color-4)","background-image":"","background-repeat":"repeat","background-position":"center center","background-size":"auto","background-attachment":"scroll","background-type":"","background-media":"","overlay-type":"","overlay-color":"","overlay-opacity":"","overlay-gradient":""},"tablet":{"background-color":"","background-image":"","background-repeat":"repeat","background-position":"center center","background-size":"auto","background-attachment":"scroll","background-type":"","background-media":"","overlay-type":"","overlay-color":"","overlay-opacity":"","overlay-gradient":""},"mobile":{"background-color":"","background-image":"","background-repeat":"repeat","background-position":"center center","background-size":"auto","background-attachment":"scroll","background-type":"","background-media":"","overlay-type":"","overlay-color":"","overlay-opacity":"","overlay-gradient":""}},"ast-content-background-meta":{"desktop":{"background-color":"var(--ast-global-color-5)","background-image":"","background-repeat":"repeat","background-position":"center center","background-size":"auto","background-attachment":"scroll","background-type":"","background-media":"","overlay-type":"","overlay-color":"","overlay-opacity":"","overlay-gradient":""},"tablet":{"background-color":"var(--ast-global-color-5)","background-image":"","background-repeat":"repeat","background-position":"center center","background-size":"auto","background-attachment":"scroll","background-type":"","background-media":"","overlay-type":"","overlay-color":"","overlay-opacity":"","overlay-gradient":""},"mobile":{"background-color":"var(--ast-global-color-5)","background-image":"","background-repeat":"repeat","background-position":"center center","background-size":"auto","background-attachment":"scroll","background-type":"","background-media":"","overlay-type":"","overlay-color":"","overlay-opacity":"","overlay-gradient":""}}},"product_brand":[],"product_cat":[80],"product_tag":[],"class_list":{"0":"post-2507","1":"product","2":"type-product","3":"status-publish","4":"has-post-thumbnail","6":"product_cat-marchand","7":"desktop-align-left","8":"tablet-align-left","9":"mobile-align-left","11":"first","12":"instock","13":"shipping-taxable","14":"purchasable","15":"product-type-simple"},"yoast_head":"<!-- This site is optimized with the Yoast SEO plugin v25.6 - https:\/\/yoast.com\/wordpress\/plugins\/seo\/ -->\n<title>Tasse en c\u00e9ramique blanche 11oz \u00e0 caract\u00e8re unique | BookBildr Publishing<\/title>\n<meta name=\"robots\" content=\"index, follow, max-snippet:-1, max-image-preview:large, max-video-preview:-1\" \/>\n<link rel=\"canonical\" href=\"https:\/\/bookbildrpublishing.com\/fr\/product\/tasse-en-ceramique-blanche-11oz-a-caractere-unique\/\" \/>\n<meta property=\"og:locale\" content=\"fr_FR\" \/>\n<meta property=\"og:type\" content=\"article\" \/>\n<meta property=\"og:title\" content=\"Tasse en c\u00e9ramique blanche 11oz \u00e0 caract\u00e8re unique | BookBildr Publishing\" \/>\n<meta property=\"og:description\" content=\"Le mug id\u00e9al pour r\u00e9fl\u00e9chir aux personnages d&rsquo;un livre ! &#8211; Mug 11oz en c\u00e9ramique &#8211; Passe au lave-vaisselle et au micro-ondes &#8211; Tests de s\u00e9curit\u00e9 des produits effectu\u00e9s par des laboratoires tiers ind\u00e9pendants.\" \/>\n<meta property=\"og:url\" content=\"https:\/\/bookbildrpublishing.com\/fr\/product\/tasse-en-ceramique-blanche-11oz-a-caractere-unique\/\" \/>\n<meta property=\"og:site_name\" content=\"BookBildr Publishing\" \/>\n<meta property=\"article:modified_time\" content=\"2024-11-28T09:40:32+00:00\" \/>\n<meta property=\"og:image\" content=\"https:\/\/bookbildrpublishing.com\/wp-content\/uploads\/2024\/06\/7c4277e4-f73f-4447-80cd-2c975ba9e11d.jpg\" \/>\n\t<meta property=\"og:image:width\" content=\"2048\" \/>\n\t<meta property=\"og:image:height\" content=\"2048\" \/>\n\t<meta property=\"og:image:type\" content=\"image\/jpeg\" \/>\n<meta name=\"twitter:card\" content=\"summary_large_image\" \/>\n<script type=\"application\/ld+json\" class=\"yoast-schema-graph\">{\"@context\":\"https:\/\/schema.org\",\"@graph\":[{\"@type\":\"WebPage\",\"@id\":\"https:\/\/bookbildrpublishing.com\/fr\/product\/tasse-en-ceramique-blanche-11oz-a-caractere-unique\/\",\"url\":\"https:\/\/bookbildrpublishing.com\/fr\/product\/tasse-en-ceramique-blanche-11oz-a-caractere-unique\/\",\"name\":\"Tasse en c\u00e9ramique blanche 11oz \u00e0 caract\u00e8re unique | BookBildr Publishing\",\"isPartOf\":{\"@id\":\"https:\/\/bookbildrpublishing.com\/fr\/#website\"},\"primaryImageOfPage\":{\"@id\":\"https:\/\/bookbildrpublishing.com\/fr\/product\/tasse-en-ceramique-blanche-11oz-a-caractere-unique\/#primaryimage\"},\"image\":{\"@id\":\"https:\/\/bookbildrpublishing.com\/fr\/product\/tasse-en-ceramique-blanche-11oz-a-caractere-unique\/#primaryimage\"},\"thumbnailUrl\":\"https:\/\/bookbildrpublishing.com\/wp-content\/uploads\/2024\/06\/7c4277e4-f73f-4447-80cd-2c975ba9e11d.jpg\",\"datePublished\":\"2024-06-25T08:39:12+00:00\",\"dateModified\":\"2024-11-28T09:40:32+00:00\",\"breadcrumb\":{\"@id\":\"https:\/\/bookbildrpublishing.com\/fr\/product\/tasse-en-ceramique-blanche-11oz-a-caractere-unique\/#breadcrumb\"},\"inLanguage\":\"fr-FR\",\"potentialAction\":[{\"@type\":\"ReadAction\",\"target\":[\"https:\/\/bookbildrpublishing.com\/fr\/product\/tasse-en-ceramique-blanche-11oz-a-caractere-unique\/\"]}]},{\"@type\":\"ImageObject\",\"inLanguage\":\"fr-FR\",\"@id\":\"https:\/\/bookbildrpublishing.com\/fr\/product\/tasse-en-ceramique-blanche-11oz-a-caractere-unique\/#primaryimage\",\"url\":\"https:\/\/bookbildrpublishing.com\/wp-content\/uploads\/2024\/06\/7c4277e4-f73f-4447-80cd-2c975ba9e11d.jpg\",\"contentUrl\":\"https:\/\/bookbildrpublishing.com\/wp-content\/uploads\/2024\/06\/7c4277e4-f73f-4447-80cd-2c975ba9e11d.jpg\",\"width\":2048,\"height\":2048,\"caption\":\"7c4277e4-f73f-4447-80cd-2c975ba9e11d\"},{\"@type\":\"BreadcrumbList\",\"@id\":\"https:\/\/bookbildrpublishing.com\/fr\/product\/tasse-en-ceramique-blanche-11oz-a-caractere-unique\/#breadcrumb\",\"itemListElement\":[{\"@type\":\"ListItem\",\"position\":1,\"name\":\"Home\",\"item\":\"https:\/\/bookbildrpublishing.com\/fr\/\"},{\"@type\":\"ListItem\",\"position\":2,\"name\":\"Boutique\",\"item\":\"https:\/\/bookbildrpublishing.com\/fr\/boutique\/\"},{\"@type\":\"ListItem\",\"position\":3,\"name\":\"Tasse en c\u00e9ramique blanche 11oz \u00e0 caract\u00e8re unique\"}]},{\"@type\":\"WebSite\",\"@id\":\"https:\/\/bookbildrpublishing.com\/fr\/#website\",\"url\":\"https:\/\/bookbildrpublishing.com\/fr\/\",\"name\":\"BookBildr Publishing\",\"description\":\"\",\"publisher\":{\"@id\":\"https:\/\/bookbildrpublishing.com\/fr\/#organization\"},\"potentialAction\":[{\"@type\":\"SearchAction\",\"target\":{\"@type\":\"EntryPoint\",\"urlTemplate\":\"https:\/\/bookbildrpublishing.com\/fr\/?s={search_term_string}\"},\"query-input\":{\"@type\":\"PropertyValueSpecification\",\"valueRequired\":true,\"valueName\":\"search_term_string\"}}],\"inLanguage\":\"fr-FR\"},{\"@type\":\"Organization\",\"@id\":\"https:\/\/bookbildrpublishing.com\/fr\/#organization\",\"name\":\"BookBildr Publishing\",\"url\":\"https:\/\/bookbildrpublishing.com\/fr\/\",\"logo\":{\"@type\":\"ImageObject\",\"inLanguage\":\"fr-FR\",\"@id\":\"https:\/\/bookbildrpublishing.com\/fr\/#\/schema\/logo\/image\/\",\"url\":\"https:\/\/bookbildrpublishing.com\/wp-content\/uploads\/2024\/06\/BookBildr-Publishing-logo.png\",\"contentUrl\":\"https:\/\/bookbildrpublishing.com\/wp-content\/uploads\/2024\/06\/BookBildr-Publishing-logo.png\",\"width\":200,\"height\":80,\"caption\":\"BookBildr Publishing\"},\"image\":{\"@id\":\"https:\/\/bookbildrpublishing.com\/fr\/#\/schema\/logo\/image\/\"}}]}<\/script>\n<!-- \/ Yoast SEO plugin. -->","yoast_head_json":{"title":"Tasse en c\u00e9ramique blanche 11oz \u00e0 caract\u00e8re unique | BookBildr Publishing","robots":{"index":"index","follow":"follow","max-snippet":"max-snippet:-1","max-image-preview":"max-image-preview:large","max-video-preview":"max-video-preview:-1"},"canonical":"https:\/\/bookbildrpublishing.com\/fr\/product\/tasse-en-ceramique-blanche-11oz-a-caractere-unique\/","og_locale":"fr_FR","og_type":"article","og_title":"Tasse en c\u00e9ramique blanche 11oz \u00e0 caract\u00e8re unique | BookBildr Publishing","og_description":"Le mug id\u00e9al pour r\u00e9fl\u00e9chir aux personnages d&rsquo;un livre ! &#8211; Mug 11oz en c\u00e9ramique &#8211; Passe au lave-vaisselle et au micro-ondes &#8211; Tests de s\u00e9curit\u00e9 des produits effectu\u00e9s par des laboratoires tiers ind\u00e9pendants.","og_url":"https:\/\/bookbildrpublishing.com\/fr\/product\/tasse-en-ceramique-blanche-11oz-a-caractere-unique\/","og_site_name":"BookBildr Publishing","article_modified_time":"2024-11-28T09:40:32+00:00","og_image":[{"width":2048,"height":2048,"url":"https:\/\/bookbildrpublishing.com\/wp-content\/uploads\/2024\/06\/7c4277e4-f73f-4447-80cd-2c975ba9e11d.jpg","type":"image\/jpeg"}],"twitter_card":"summary_large_image","schema":{"@context":"https:\/\/schema.org","@graph":[{"@type":"WebPage","@id":"https:\/\/bookbildrpublishing.com\/fr\/product\/tasse-en-ceramique-blanche-11oz-a-caractere-unique\/","url":"https:\/\/bookbildrpublishing.com\/fr\/product\/tasse-en-ceramique-blanche-11oz-a-caractere-unique\/","name":"Tasse en c\u00e9ramique blanche 11oz \u00e0 caract\u00e8re unique | BookBildr Publishing","isPartOf":{"@id":"https:\/\/bookbildrpublishing.com\/fr\/#website"},"primaryImageOfPage":{"@id":"https:\/\/bookbildrpublishing.com\/fr\/product\/tasse-en-ceramique-blanche-11oz-a-caractere-unique\/#primaryimage"},"image":{"@id":"https:\/\/bookbildrpublishing.com\/fr\/product\/tasse-en-ceramique-blanche-11oz-a-caractere-unique\/#primaryimage"},"thumbnailUrl":"https:\/\/bookbildrpublishing.com\/wp-content\/uploads\/2024\/06\/7c4277e4-f73f-4447-80cd-2c975ba9e11d.jpg","datePublished":"2024-06-25T08:39:12+00:00","dateModified":"2024-11-28T09:40:32+00:00","breadcrumb":{"@id":"https:\/\/bookbildrpublishing.com\/fr\/product\/tasse-en-ceramique-blanche-11oz-a-caractere-unique\/#breadcrumb"},"inLanguage":"fr-FR","potentialAction":[{"@type":"ReadAction","target":["https:\/\/bookbildrpublishing.com\/fr\/product\/tasse-en-ceramique-blanche-11oz-a-caractere-unique\/"]}]},{"@type":"ImageObject","inLanguage":"fr-FR","@id":"https:\/\/bookbildrpublishing.com\/fr\/product\/tasse-en-ceramique-blanche-11oz-a-caractere-unique\/#primaryimage","url":"https:\/\/bookbildrpublishing.com\/wp-content\/uploads\/2024\/06\/7c4277e4-f73f-4447-80cd-2c975ba9e11d.jpg","contentUrl":"https:\/\/bookbildrpublishing.com\/wp-content\/uploads\/2024\/06\/7c4277e4-f73f-4447-80cd-2c975ba9e11d.jpg","width":2048,"height":2048,"caption":"7c4277e4-f73f-4447-80cd-2c975ba9e11d"},{"@type":"BreadcrumbList","@id":"https:\/\/bookbildrpublishing.com\/fr\/product\/tasse-en-ceramique-blanche-11oz-a-caractere-unique\/#breadcrumb","itemListElement":[{"@type":"ListItem","position":1,"name":"Home","item":"https:\/\/bookbildrpublishing.com\/fr\/"},{"@type":"ListItem","position":2,"name":"Boutique","item":"https:\/\/bookbildrpublishing.com\/fr\/boutique\/"},{"@type":"ListItem","position":3,"name":"Tasse en c\u00e9ramique blanche 11oz \u00e0 caract\u00e8re unique"}]},{"@type":"WebSite","@id":"https:\/\/bookbildrpublishing.com\/fr\/#website","url":"https:\/\/bookbildrpublishing.com\/fr\/","name":"BookBildr Publishing","description":"","publisher":{"@id":"https:\/\/bookbildrpublishing.com\/fr\/#organization"},"potentialAction":[{"@type":"SearchAction","target":{"@type":"EntryPoint","urlTemplate":"https:\/\/bookbildrpublishing.com\/fr\/?s={search_term_string}"},"query-input":{"@type":"PropertyValueSpecification","valueRequired":true,"valueName":"search_term_string"}}],"inLanguage":"fr-FR"},{"@type":"Organization","@id":"https:\/\/bookbildrpublishing.com\/fr\/#organization","name":"BookBildr Publishing","url":"https:\/\/bookbildrpublishing.com\/fr\/","logo":{"@type":"ImageObject","inLanguage":"fr-FR","@id":"https:\/\/bookbildrpublishing.com\/fr\/#\/schema\/logo\/image\/","url":"https:\/\/bookbildrpublishing.com\/wp-content\/uploads\/2024\/06\/BookBildr-Publishing-logo.png","contentUrl":"https:\/\/bookbildrpublishing.com\/wp-content\/uploads\/2024\/06\/BookBildr-Publishing-logo.png","width":200,"height":80,"caption":"BookBildr Publishing"},"image":{"@id":"https:\/\/bookbildrpublishing.com\/fr\/#\/schema\/logo\/image\/"}}]}},"uagb_featured_image_src":{"full":["https:\/\/bookbildrpublishing.com\/wp-content\/uploads\/2024\/06\/7c4277e4-f73f-4447-80cd-2c975ba9e11d.jpg",2048,2048,false],"thumbnail":["https:\/\/bookbildrpublishing.com\/wp-content\/uploads\/2024\/06\/7c4277e4-f73f-4447-80cd-2c975ba9e11d-150x150.jpg",150,150,true],"medium":["https:\/\/bookbildrpublishing.com\/wp-content\/uploads\/2024\/06\/7c4277e4-f73f-4447-80cd-2c975ba9e11d-300x300.jpg",300,300,true],"medium_large":["https:\/\/bookbildrpublishing.com\/wp-content\/uploads\/2024\/06\/7c4277e4-f73f-4447-80cd-2c975ba9e11d-768x768.jpg",768,768,true],"large":["https:\/\/bookbildrpublishing.com\/wp-content\/uploads\/2024\/06\/7c4277e4-f73f-4447-80cd-2c975ba9e11d-1024x1024.jpg",1024,1024,true],"1536x1536":["https:\/\/bookbildrpublishing.com\/wp-content\/uploads\/2024\/06\/7c4277e4-f73f-4447-80cd-2c975ba9e11d-1536x1536.jpg",1536,1536,true],"2048x2048":["https:\/\/bookbildrpublishing.com\/wp-content\/uploads\/2024\/06\/7c4277e4-f73f-4447-80cd-2c975ba9e11d.jpg",2048,2048,false],"woocommerce_thumbnail":["https:\/\/bookbildrpublishing.com\/wp-content\/uploads\/2024\/06\/7c4277e4-f73f-4447-80cd-2c975ba9e11d-300x300.jpg",300,300,true],"woocommerce_single":["https:\/\/bookbildrpublishing.com\/wp-content\/uploads\/2024\/06\/7c4277e4-f73f-4447-80cd-2c975ba9e11d-600x600.jpg",600,600,true],"woocommerce_gallery_thumbnail":["https:\/\/bookbildrpublishing.com\/wp-content\/uploads\/2024\/06\/7c4277e4-f73f-4447-80cd-2c975ba9e11d-100x100.jpg",100,100,true]},"uagb_author_info":{"display_name":"admin","author_link":"https:\/\/bookbildrpublishing.com\/fr\/author\/"},"uagb_comment_info":0,"uagb_excerpt":"Le mug id\u00e9al pour r\u00e9fl\u00e9chir aux personnages d&rsquo;un livre ! &#8211; Mug 11oz en c\u00e9ramique &#8211; Passe au lave-vaisselle et au micro-ondes &#8211; Tests de s\u00e9curit\u00e9 des produits effectu\u00e9s par des laboratoires tiers ind\u00e9pendants.","_links":{"self":[{"href":"https:\/\/bookbildrpublishing.com\/fr\/wp-json\/wp\/v2\/product\/2507","targetHints":{"allow":["GET"]}}],"collection":[{"href":"https:\/\/bookbildrpublishing.com\/fr\/wp-json\/wp\/v2\/product"}],"about":[{"href":"https:\/\/bookbildrpublishing.com\/fr\/wp-json\/wp\/v2\/types\/product"}],"replies":[{"embeddable":true,"href":"https:\/\/bookbildrpublishing.com\/fr\/wp-json\/wp\/v2\/comments?post=2507"}],"wp:featuredmedia":[{"embeddable":true,"href":"https:\/\/bookbildrpublishing.com\/fr\/wp-json\/wp\/v2\/media\/1628"}],"wp:attachment":[{"href":"https:\/\/bookbildrpublishing.com\/fr\/wp-json\/wp\/v2\/media?parent=2507"}],"wp:term":[{"taxonomy":"product_brand","embeddable":true,"href":"https:\/\/bookbildrpublishing.com\/fr\/wp-json\/wp\/v2\/product_brand?post=2507"},{"taxonomy":"product_cat","embeddable":true,"href":"https:\/\/bookbildrpublishing.com\/fr\/wp-json\/wp\/v2\/product_cat?post=2507"},{"taxonomy":"product_tag","embeddable":true,"href":"https:\/\/bookbildrpublishing.com\/fr\/wp-json\/wp\/v2\/product_tag?post=2507"}],"curies":[{"name":"wp","href":"https:\/\/api.w.org\/{rel}","templated":true}]}}