{"id":2404,"date":"2024-06-27T13:00:33","date_gmt":"2024-06-27T13:00:33","guid":{"rendered":"https:\/\/bookbildrpublishing.com\/product\/le-bonhomme-de-neige-et-son-chien-de-glace\/"},"modified":"2024-11-28T09:40:19","modified_gmt":"2024-11-28T09:40:19","slug":"le-bonhomme-de-neige-et-son-chien-de-glace","status":"publish","type":"product","link":"https:\/\/bookbildrpublishing.com\/fr\/product\/le-bonhomme-de-neige-et-son-chien-de-glace\/","title":{"rendered":"Le bonhomme de neige et son chien de glace"},"content":{"rendered":"<p>Le bonhomme de neige de la plan\u00e8te de glace a perdu son chien. Il est introuvable sur leur plan\u00e8te froide, alors il allume sa fus\u00e9e et part \u00e0 la recherche d&rsquo;autres plan\u00e8tes. Ce livre d&rsquo;images facile \u00e0 lire a \u00e9t\u00e9 \u00e9crit par un \u00e9l\u00e8ve de deuxi\u00e8me ann\u00e9e \u00e2g\u00e9 de 7 ans. Il s&rsquo;agit d&rsquo;une histoire simple, mais charmante, accompagn\u00e9e d&rsquo;un po\u00e8me sur la neige, parfaite pour \u00eatre lue un jour d&rsquo;hiver. <\/p>\n","protected":false},"excerpt":{"rendered":"<p>Le bonhomme de neige de la plan\u00e8te de glace a perdu son chien. Il est introuvable sur leur plan\u00e8te froide, alors il allume sa fus\u00e9e et part \u00e0 la recherche d&rsquo;autres plan\u00e8tes. <\/p>\n","protected":false},"featured_media":1775,"comment_status":"open","ping_status":"closed","template":"","meta":{"_uag_custom_page_level_css":"","site-sidebar-layout":"default","site-content-layout":"","ast-site-content-layout":"default","site-content-style":"default","site-sidebar-style":"default","ast-global-header-display":"","ast-banner-title-visibility":"","ast-main-header-display":"","ast-hfb-above-header-display":"","ast-hfb-below-header-display":"","ast-hfb-mobile-header-display":"","site-post-title":"","ast-breadcrumbs-content":"","ast-featured-img":"","footer-sml-layout":"","theme-transparent-header-meta":"default","adv-header-id-meta":"","stick-header-meta":"","header-above-stick-meta":"","header-main-stick-meta":"","header-below-stick-meta":"","astra-migrate-meta-layouts":"default","ast-page-background-enabled":"default","ast-page-background-meta":{"desktop":{"background-color":"var(--ast-global-color-4)","background-image":"","background-repeat":"repeat","background-position":"center center","background-size":"auto","background-attachment":"scroll","background-type":"","background-media":"","overlay-type":"","overlay-color":"","overlay-opacity":"","overlay-gradient":""},"tablet":{"background-color":"","background-image":"","background-repeat":"repeat","background-position":"center center","background-size":"auto","background-attachment":"scroll","background-type":"","background-media":"","overlay-type":"","overlay-color":"","overlay-opacity":"","overlay-gradient":""},"mobile":{"background-color":"","background-image":"","background-repeat":"repeat","background-position":"center center","background-size":"auto","background-attachment":"scroll","background-type":"","background-media":"","overlay-type":"","overlay-color":"","overlay-opacity":"","overlay-gradient":""}},"ast-content-background-meta":{"desktop":{"background-color":"var(--ast-global-color-5)","background-image":"","background-repeat":"repeat","background-position":"center center","background-size":"auto","background-attachment":"scroll","background-type":"","background-media":"","overlay-type":"","overlay-color":"","overlay-opacity":"","overlay-gradient":""},"tablet":{"background-color":"var(--ast-global-color-5)","background-image":"","background-repeat":"repeat","background-position":"center center","background-size":"auto","background-attachment":"scroll","background-type":"","background-media":"","overlay-type":"","overlay-color":"","overlay-opacity":"","overlay-gradient":""},"mobile":{"background-color":"var(--ast-global-color-5)","background-image":"","background-repeat":"repeat","background-position":"center center","background-size":"auto","background-attachment":"scroll","background-type":"","background-media":"","overlay-type":"","overlay-color":"","overlay-opacity":"","overlay-gradient":""}}},"product_brand":[],"product_cat":[72,70],"product_tag":[],"class_list":{"0":"post-2404","1":"product","2":"type-product","3":"status-publish","4":"has-post-thumbnail","6":"product_cat-livres-dimages","7":"product_cat-livres-pour-enfants","8":"desktop-align-left","9":"tablet-align-left","10":"mobile-align-left","12":"first","13":"instock","14":"shipping-taxable","15":"product-type-external"},"yoast_head":"<!-- This site is optimized with the Yoast SEO plugin v25.6 - https:\/\/yoast.com\/wordpress\/plugins\/seo\/ -->\n<title>Le bonhomme de neige et son chien de glace | BookBildr Publishing<\/title>\n<meta name=\"robots\" content=\"index, follow, max-snippet:-1, max-image-preview:large, max-video-preview:-1\" \/>\n<link rel=\"canonical\" href=\"https:\/\/bookbildrpublishing.com\/fr\/product\/le-bonhomme-de-neige-et-son-chien-de-glace\/\" \/>\n<meta property=\"og:locale\" content=\"fr_FR\" \/>\n<meta property=\"og:type\" content=\"article\" \/>\n<meta property=\"og:title\" content=\"Le bonhomme de neige et son chien de glace | BookBildr Publishing\" \/>\n<meta property=\"og:description\" content=\"Le bonhomme de neige de la plan\u00e8te de glace a perdu son chien. Il est introuvable sur leur plan\u00e8te froide, alors il allume sa fus\u00e9e et part \u00e0 la recherche d&#039;autres plan\u00e8tes.\" \/>\n<meta property=\"og:url\" content=\"https:\/\/bookbildrpublishing.com\/fr\/product\/le-bonhomme-de-neige-et-son-chien-de-glace\/\" \/>\n<meta property=\"og:site_name\" content=\"BookBildr Publishing\" \/>\n<meta property=\"article:modified_time\" content=\"2024-11-28T09:40:19+00:00\" \/>\n<meta property=\"og:image\" content=\"https:\/\/bookbildrpublishing.com\/wp-content\/uploads\/2024\/06\/Snowman-front.jpg\" \/>\n\t<meta property=\"og:image:width\" content=\"2478\" \/>\n\t<meta property=\"og:image:height\" content=\"2478\" \/>\n\t<meta property=\"og:image:type\" content=\"image\/jpeg\" \/>\n<meta name=\"twitter:card\" content=\"summary_large_image\" \/>\n<script type=\"application\/ld+json\" class=\"yoast-schema-graph\">{\"@context\":\"https:\/\/schema.org\",\"@graph\":[{\"@type\":\"WebPage\",\"@id\":\"https:\/\/bookbildrpublishing.com\/fr\/product\/le-bonhomme-de-neige-et-son-chien-de-glace\/\",\"url\":\"https:\/\/bookbildrpublishing.com\/fr\/product\/le-bonhomme-de-neige-et-son-chien-de-glace\/\",\"name\":\"Le bonhomme de neige et son chien de glace | BookBildr Publishing\",\"isPartOf\":{\"@id\":\"https:\/\/bookbildrpublishing.com\/fr\/#website\"},\"primaryImageOfPage\":{\"@id\":\"https:\/\/bookbildrpublishing.com\/fr\/product\/le-bonhomme-de-neige-et-son-chien-de-glace\/#primaryimage\"},\"image\":{\"@id\":\"https:\/\/bookbildrpublishing.com\/fr\/product\/le-bonhomme-de-neige-et-son-chien-de-glace\/#primaryimage\"},\"thumbnailUrl\":\"https:\/\/bookbildrpublishing.com\/wp-content\/uploads\/2024\/06\/Snowman-front.jpg\",\"datePublished\":\"2024-06-27T13:00:33+00:00\",\"dateModified\":\"2024-11-28T09:40:19+00:00\",\"breadcrumb\":{\"@id\":\"https:\/\/bookbildrpublishing.com\/fr\/product\/le-bonhomme-de-neige-et-son-chien-de-glace\/#breadcrumb\"},\"inLanguage\":\"fr-FR\",\"potentialAction\":[{\"@type\":\"ReadAction\",\"target\":[\"https:\/\/bookbildrpublishing.com\/fr\/product\/le-bonhomme-de-neige-et-son-chien-de-glace\/\"]}]},{\"@type\":\"ImageObject\",\"inLanguage\":\"fr-FR\",\"@id\":\"https:\/\/bookbildrpublishing.com\/fr\/product\/le-bonhomme-de-neige-et-son-chien-de-glace\/#primaryimage\",\"url\":\"https:\/\/bookbildrpublishing.com\/wp-content\/uploads\/2024\/06\/Snowman-front.jpg\",\"contentUrl\":\"https:\/\/bookbildrpublishing.com\/wp-content\/uploads\/2024\/06\/Snowman-front.jpg\",\"width\":2478,\"height\":2478,\"caption\":\"Snowman book\"},{\"@type\":\"BreadcrumbList\",\"@id\":\"https:\/\/bookbildrpublishing.com\/fr\/product\/le-bonhomme-de-neige-et-son-chien-de-glace\/#breadcrumb\",\"itemListElement\":[{\"@type\":\"ListItem\",\"position\":1,\"name\":\"Home\",\"item\":\"https:\/\/bookbildrpublishing.com\/fr\/\"},{\"@type\":\"ListItem\",\"position\":2,\"name\":\"Boutique\",\"item\":\"https:\/\/bookbildrpublishing.com\/fr\/boutique\/\"},{\"@type\":\"ListItem\",\"position\":3,\"name\":\"Le bonhomme de neige et son chien de glace\"}]},{\"@type\":\"WebSite\",\"@id\":\"https:\/\/bookbildrpublishing.com\/fr\/#website\",\"url\":\"https:\/\/bookbildrpublishing.com\/fr\/\",\"name\":\"BookBildr Publishing\",\"description\":\"\",\"publisher\":{\"@id\":\"https:\/\/bookbildrpublishing.com\/fr\/#organization\"},\"potentialAction\":[{\"@type\":\"SearchAction\",\"target\":{\"@type\":\"EntryPoint\",\"urlTemplate\":\"https:\/\/bookbildrpublishing.com\/fr\/?s={search_term_string}\"},\"query-input\":{\"@type\":\"PropertyValueSpecification\",\"valueRequired\":true,\"valueName\":\"search_term_string\"}}],\"inLanguage\":\"fr-FR\"},{\"@type\":\"Organization\",\"@id\":\"https:\/\/bookbildrpublishing.com\/fr\/#organization\",\"name\":\"BookBildr Publishing\",\"url\":\"https:\/\/bookbildrpublishing.com\/fr\/\",\"logo\":{\"@type\":\"ImageObject\",\"inLanguage\":\"fr-FR\",\"@id\":\"https:\/\/bookbildrpublishing.com\/fr\/#\/schema\/logo\/image\/\",\"url\":\"https:\/\/bookbildrpublishing.com\/wp-content\/uploads\/2024\/06\/BookBildr-Publishing-logo.png\",\"contentUrl\":\"https:\/\/bookbildrpublishing.com\/wp-content\/uploads\/2024\/06\/BookBildr-Publishing-logo.png\",\"width\":200,\"height\":80,\"caption\":\"BookBildr Publishing\"},\"image\":{\"@id\":\"https:\/\/bookbildrpublishing.com\/fr\/#\/schema\/logo\/image\/\"}}]}<\/script>\n<!-- \/ Yoast SEO plugin. -->","yoast_head_json":{"title":"Le bonhomme de neige et son chien de glace | BookBildr Publishing","robots":{"index":"index","follow":"follow","max-snippet":"max-snippet:-1","max-image-preview":"max-image-preview:large","max-video-preview":"max-video-preview:-1"},"canonical":"https:\/\/bookbildrpublishing.com\/fr\/product\/le-bonhomme-de-neige-et-son-chien-de-glace\/","og_locale":"fr_FR","og_type":"article","og_title":"Le bonhomme de neige et son chien de glace | BookBildr Publishing","og_description":"Le bonhomme de neige de la plan\u00e8te de glace a perdu son chien. Il est introuvable sur leur plan\u00e8te froide, alors il allume sa fus\u00e9e et part \u00e0 la recherche d'autres plan\u00e8tes.","og_url":"https:\/\/bookbildrpublishing.com\/fr\/product\/le-bonhomme-de-neige-et-son-chien-de-glace\/","og_site_name":"BookBildr Publishing","article_modified_time":"2024-11-28T09:40:19+00:00","og_image":[{"width":2478,"height":2478,"url":"https:\/\/bookbildrpublishing.com\/wp-content\/uploads\/2024\/06\/Snowman-front.jpg","type":"image\/jpeg"}],"twitter_card":"summary_large_image","schema":{"@context":"https:\/\/schema.org","@graph":[{"@type":"WebPage","@id":"https:\/\/bookbildrpublishing.com\/fr\/product\/le-bonhomme-de-neige-et-son-chien-de-glace\/","url":"https:\/\/bookbildrpublishing.com\/fr\/product\/le-bonhomme-de-neige-et-son-chien-de-glace\/","name":"Le bonhomme de neige et son chien de glace | BookBildr Publishing","isPartOf":{"@id":"https:\/\/bookbildrpublishing.com\/fr\/#website"},"primaryImageOfPage":{"@id":"https:\/\/bookbildrpublishing.com\/fr\/product\/le-bonhomme-de-neige-et-son-chien-de-glace\/#primaryimage"},"image":{"@id":"https:\/\/bookbildrpublishing.com\/fr\/product\/le-bonhomme-de-neige-et-son-chien-de-glace\/#primaryimage"},"thumbnailUrl":"https:\/\/bookbildrpublishing.com\/wp-content\/uploads\/2024\/06\/Snowman-front.jpg","datePublished":"2024-06-27T13:00:33+00:00","dateModified":"2024-11-28T09:40:19+00:00","breadcrumb":{"@id":"https:\/\/bookbildrpublishing.com\/fr\/product\/le-bonhomme-de-neige-et-son-chien-de-glace\/#breadcrumb"},"inLanguage":"fr-FR","potentialAction":[{"@type":"ReadAction","target":["https:\/\/bookbildrpublishing.com\/fr\/product\/le-bonhomme-de-neige-et-son-chien-de-glace\/"]}]},{"@type":"ImageObject","inLanguage":"fr-FR","@id":"https:\/\/bookbildrpublishing.com\/fr\/product\/le-bonhomme-de-neige-et-son-chien-de-glace\/#primaryimage","url":"https:\/\/bookbildrpublishing.com\/wp-content\/uploads\/2024\/06\/Snowman-front.jpg","contentUrl":"https:\/\/bookbildrpublishing.com\/wp-content\/uploads\/2024\/06\/Snowman-front.jpg","width":2478,"height":2478,"caption":"Snowman book"},{"@type":"BreadcrumbList","@id":"https:\/\/bookbildrpublishing.com\/fr\/product\/le-bonhomme-de-neige-et-son-chien-de-glace\/#breadcrumb","itemListElement":[{"@type":"ListItem","position":1,"name":"Home","item":"https:\/\/bookbildrpublishing.com\/fr\/"},{"@type":"ListItem","position":2,"name":"Boutique","item":"https:\/\/bookbildrpublishing.com\/fr\/boutique\/"},{"@type":"ListItem","position":3,"name":"Le bonhomme de neige et son chien de glace"}]},{"@type":"WebSite","@id":"https:\/\/bookbildrpublishing.com\/fr\/#website","url":"https:\/\/bookbildrpublishing.com\/fr\/","name":"BookBildr Publishing","description":"","publisher":{"@id":"https:\/\/bookbildrpublishing.com\/fr\/#organization"},"potentialAction":[{"@type":"SearchAction","target":{"@type":"EntryPoint","urlTemplate":"https:\/\/bookbildrpublishing.com\/fr\/?s={search_term_string}"},"query-input":{"@type":"PropertyValueSpecification","valueRequired":true,"valueName":"search_term_string"}}],"inLanguage":"fr-FR"},{"@type":"Organization","@id":"https:\/\/bookbildrpublishing.com\/fr\/#organization","name":"BookBildr Publishing","url":"https:\/\/bookbildrpublishing.com\/fr\/","logo":{"@type":"ImageObject","inLanguage":"fr-FR","@id":"https:\/\/bookbildrpublishing.com\/fr\/#\/schema\/logo\/image\/","url":"https:\/\/bookbildrpublishing.com\/wp-content\/uploads\/2024\/06\/BookBildr-Publishing-logo.png","contentUrl":"https:\/\/bookbildrpublishing.com\/wp-content\/uploads\/2024\/06\/BookBildr-Publishing-logo.png","width":200,"height":80,"caption":"BookBildr Publishing"},"image":{"@id":"https:\/\/bookbildrpublishing.com\/fr\/#\/schema\/logo\/image\/"}}]}},"uagb_featured_image_src":{"full":["https:\/\/bookbildrpublishing.com\/wp-content\/uploads\/2024\/06\/Snowman-front.jpg",2478,2478,false],"thumbnail":["https:\/\/bookbildrpublishing.com\/wp-content\/uploads\/2024\/06\/Snowman-front-150x150.jpg",150,150,true],"medium":["https:\/\/bookbildrpublishing.com\/wp-content\/uploads\/2024\/06\/Snowman-front-300x300.jpg",300,300,true],"medium_large":["https:\/\/bookbildrpublishing.com\/wp-content\/uploads\/2024\/06\/Snowman-front-768x768.jpg",768,768,true],"large":["https:\/\/bookbildrpublishing.com\/wp-content\/uploads\/2024\/06\/Snowman-front-1024x1024.jpg",1024,1024,true],"1536x1536":["https:\/\/bookbildrpublishing.com\/wp-content\/uploads\/2024\/06\/Snowman-front-1536x1536.jpg",1536,1536,true],"2048x2048":["https:\/\/bookbildrpublishing.com\/wp-content\/uploads\/2024\/06\/Snowman-front-2048x2048.jpg",2048,2048,true],"woocommerce_thumbnail":["https:\/\/bookbildrpublishing.com\/wp-content\/uploads\/2024\/06\/Snowman-front-300x300.jpg",300,300,true],"woocommerce_single":["https:\/\/bookbildrpublishing.com\/wp-content\/uploads\/2024\/06\/Snowman-front-600x600.jpg",600,600,true],"woocommerce_gallery_thumbnail":["https:\/\/bookbildrpublishing.com\/wp-content\/uploads\/2024\/06\/Snowman-front-100x100.jpg",100,100,true]},"uagb_author_info":{"display_name":"admin","author_link":"https:\/\/bookbildrpublishing.com\/fr\/author\/"},"uagb_comment_info":0,"uagb_excerpt":"Le bonhomme de neige de la plan\u00e8te de glace a perdu son chien. Il est introuvable sur leur plan\u00e8te froide, alors il allume sa fus\u00e9e et part \u00e0 la recherche d'autres plan\u00e8tes.","_links":{"self":[{"href":"https:\/\/bookbildrpublishing.com\/fr\/wp-json\/wp\/v2\/product\/2404","targetHints":{"allow":["GET"]}}],"collection":[{"href":"https:\/\/bookbildrpublishing.com\/fr\/wp-json\/wp\/v2\/product"}],"about":[{"href":"https:\/\/bookbildrpublishing.com\/fr\/wp-json\/wp\/v2\/types\/product"}],"replies":[{"embeddable":true,"href":"https:\/\/bookbildrpublishing.com\/fr\/wp-json\/wp\/v2\/comments?post=2404"}],"wp:featuredmedia":[{"embeddable":true,"href":"https:\/\/bookbildrpublishing.com\/fr\/wp-json\/wp\/v2\/media\/1775"}],"wp:attachment":[{"href":"https:\/\/bookbildrpublishing.com\/fr\/wp-json\/wp\/v2\/media?parent=2404"}],"wp:term":[{"taxonomy":"product_brand","embeddable":true,"href":"https:\/\/bookbildrpublishing.com\/fr\/wp-json\/wp\/v2\/product_brand?post=2404"},{"taxonomy":"product_cat","embeddable":true,"href":"https:\/\/bookbildrpublishing.com\/fr\/wp-json\/wp\/v2\/product_cat?post=2404"},{"taxonomy":"product_tag","embeddable":true,"href":"https:\/\/bookbildrpublishing.com\/fr\/wp-json\/wp\/v2\/product_tag?post=2404"}],"curies":[{"name":"wp","href":"https:\/\/api.w.org\/{rel}","templated":true}]}}