{"id":2397,"date":"2024-06-27T13:11:47","date_gmt":"2024-06-27T13:11:47","guid":{"rendered":"https:\/\/bookbildrpublishing.com\/product\/une-lecon-de-gratitude-ali-apprend-a-etre-reconnaissant\/"},"modified":"2024-11-28T09:40:13","modified_gmt":"2024-11-28T09:40:13","slug":"une-lecon-de-gratitude-ali-apprend-a-etre-reconnaissant","status":"publish","type":"product","link":"https:\/\/bookbildrpublishing.com\/fr\/product\/une-lecon-de-gratitude-ali-apprend-a-etre-reconnaissant\/","title":{"rendered":"Une le\u00e7on de gratitude : Ali apprend \u00e0 \u00eatre reconnaissant"},"content":{"rendered":"<p>Ce sont les vacances scolaires et tout le monde part quelque part. Mais le petit Ali ne peut aller nulle part parce que son p\u00e8re est occup\u00e9 et que sa famille n&rsquo;a pas les moyens de s&rsquo;offrir un voyage. Lorsque Ali s&rsquo;enfuit dans sa chambre apr\u00e8s s&rsquo;\u00eatre disput\u00e9 avec sa m\u00e8re, celle-ci vient lui raconter une histoire sur le proph\u00e8te Mahomet et sur le fait qu&rsquo;il est toujours rest\u00e9 reconnaissant envers Allah. Ali apprendra-t-il \u00e0 \u00eatre reconnaissant pour les choses qu&rsquo;il a ? Cette histoire se concentre sur l&rsquo;une des valeurs centrales de l&rsquo;islam : la gratitude. Elle raconte une histoire bas\u00e9e sur des hadiths et apprend aux enfants \u00e0 \u00eatre reconnaissants pour les choses qu&rsquo;ils ont.   <\/p>\n","protected":false},"excerpt":{"rendered":"<p>Ce sont les vacances scolaires et tout le monde part quelque part. Mais le petit Ali ne peut aller nulle part parce que son p\u00e8re est occup\u00e9 et que sa famille n&rsquo;a pas les moyens de s&rsquo;offrir un voyage. Ali apprendra-t-il \u00e0 \u00eatre reconnaissant pour ce qu&rsquo;il a ?  <\/p>\n","protected":false},"featured_media":1779,"comment_status":"open","ping_status":"closed","template":"","meta":{"_uag_custom_page_level_css":"","site-sidebar-layout":"default","site-content-layout":"","ast-site-content-layout":"default","site-content-style":"default","site-sidebar-style":"default","ast-global-header-display":"","ast-banner-title-visibility":"","ast-main-header-display":"","ast-hfb-above-header-display":"","ast-hfb-below-header-display":"","ast-hfb-mobile-header-display":"","site-post-title":"","ast-breadcrumbs-content":"","ast-featured-img":"","footer-sml-layout":"","theme-transparent-header-meta":"default","adv-header-id-meta":"","stick-header-meta":"","header-above-stick-meta":"","header-main-stick-meta":"","header-below-stick-meta":"","astra-migrate-meta-layouts":"default","ast-page-background-enabled":"default","ast-page-background-meta":{"desktop":{"background-color":"var(--ast-global-color-4)","background-image":"","background-repeat":"repeat","background-position":"center center","background-size":"auto","background-attachment":"scroll","background-type":"","background-media":"","overlay-type":"","overlay-color":"","overlay-opacity":"","overlay-gradient":""},"tablet":{"background-color":"","background-image":"","background-repeat":"repeat","background-position":"center center","background-size":"auto","background-attachment":"scroll","background-type":"","background-media":"","overlay-type":"","overlay-color":"","overlay-opacity":"","overlay-gradient":""},"mobile":{"background-color":"","background-image":"","background-repeat":"repeat","background-position":"center center","background-size":"auto","background-attachment":"scroll","background-type":"","background-media":"","overlay-type":"","overlay-color":"","overlay-opacity":"","overlay-gradient":""}},"ast-content-background-meta":{"desktop":{"background-color":"var(--ast-global-color-5)","background-image":"","background-repeat":"repeat","background-position":"center center","background-size":"auto","background-attachment":"scroll","background-type":"","background-media":"","overlay-type":"","overlay-color":"","overlay-opacity":"","overlay-gradient":""},"tablet":{"background-color":"var(--ast-global-color-5)","background-image":"","background-repeat":"repeat","background-position":"center center","background-size":"auto","background-attachment":"scroll","background-type":"","background-media":"","overlay-type":"","overlay-color":"","overlay-opacity":"","overlay-gradient":""},"mobile":{"background-color":"var(--ast-global-color-5)","background-image":"","background-repeat":"repeat","background-position":"center center","background-size":"auto","background-attachment":"scroll","background-type":"","background-media":"","overlay-type":"","overlay-color":"","overlay-opacity":"","overlay-gradient":""}}},"product_brand":[],"product_cat":[72,70],"product_tag":[],"class_list":{"0":"post-2397","1":"product","2":"type-product","3":"status-publish","4":"has-post-thumbnail","6":"product_cat-livres-dimages","7":"product_cat-livres-pour-enfants","8":"desktop-align-left","9":"tablet-align-left","10":"mobile-align-left","12":"first","13":"instock","14":"shipping-taxable","15":"product-type-external"},"yoast_head":"<!-- This site is optimized with the Yoast SEO plugin v25.6 - https:\/\/yoast.com\/wordpress\/plugins\/seo\/ -->\n<title>Une le\u00e7on de gratitude : Ali apprend \u00e0 \u00eatre reconnaissant | BookBildr Publishing<\/title>\n<meta name=\"robots\" content=\"index, follow, max-snippet:-1, max-image-preview:large, max-video-preview:-1\" \/>\n<link rel=\"canonical\" href=\"https:\/\/bookbildrpublishing.com\/fr\/product\/une-lecon-de-gratitude-ali-apprend-a-etre-reconnaissant\/\" \/>\n<meta property=\"og:locale\" content=\"fr_FR\" \/>\n<meta property=\"og:type\" content=\"article\" \/>\n<meta property=\"og:title\" content=\"Une le\u00e7on de gratitude : Ali apprend \u00e0 \u00eatre reconnaissant | BookBildr Publishing\" \/>\n<meta property=\"og:description\" content=\"Ce sont les vacances scolaires et tout le monde part quelque part. Mais le petit Ali ne peut aller nulle part parce que son p\u00e8re est occup\u00e9 et que sa famille n&#039;a pas les moyens de s&#039;offrir un voyage. Ali apprendra-t-il \u00e0 \u00eatre reconnaissant pour ce qu&#039;il a ?\" \/>\n<meta property=\"og:url\" content=\"https:\/\/bookbildrpublishing.com\/fr\/product\/une-lecon-de-gratitude-ali-apprend-a-etre-reconnaissant\/\" \/>\n<meta property=\"og:site_name\" content=\"BookBildr Publishing\" \/>\n<meta property=\"article:modified_time\" content=\"2024-11-28T09:40:13+00:00\" \/>\n<meta property=\"og:image\" content=\"https:\/\/bookbildrpublishing.com\/wp-content\/uploads\/2024\/06\/Gratitude-ebook-cover.jpg\" \/>\n\t<meta property=\"og:image:width\" content=\"2479\" \/>\n\t<meta property=\"og:image:height\" content=\"2479\" \/>\n\t<meta property=\"og:image:type\" content=\"image\/jpeg\" \/>\n<meta name=\"twitter:card\" content=\"summary_large_image\" \/>\n<script type=\"application\/ld+json\" class=\"yoast-schema-graph\">{\"@context\":\"https:\/\/schema.org\",\"@graph\":[{\"@type\":\"WebPage\",\"@id\":\"https:\/\/bookbildrpublishing.com\/fr\/product\/une-lecon-de-gratitude-ali-apprend-a-etre-reconnaissant\/\",\"url\":\"https:\/\/bookbildrpublishing.com\/fr\/product\/une-lecon-de-gratitude-ali-apprend-a-etre-reconnaissant\/\",\"name\":\"Une le\u00e7on de gratitude : Ali apprend \u00e0 \u00eatre reconnaissant | BookBildr Publishing\",\"isPartOf\":{\"@id\":\"https:\/\/bookbildrpublishing.com\/fr\/#website\"},\"primaryImageOfPage\":{\"@id\":\"https:\/\/bookbildrpublishing.com\/fr\/product\/une-lecon-de-gratitude-ali-apprend-a-etre-reconnaissant\/#primaryimage\"},\"image\":{\"@id\":\"https:\/\/bookbildrpublishing.com\/fr\/product\/une-lecon-de-gratitude-ali-apprend-a-etre-reconnaissant\/#primaryimage\"},\"thumbnailUrl\":\"https:\/\/bookbildrpublishing.com\/wp-content\/uploads\/2024\/06\/Gratitude-ebook-cover.jpg\",\"datePublished\":\"2024-06-27T13:11:47+00:00\",\"dateModified\":\"2024-11-28T09:40:13+00:00\",\"breadcrumb\":{\"@id\":\"https:\/\/bookbildrpublishing.com\/fr\/product\/une-lecon-de-gratitude-ali-apprend-a-etre-reconnaissant\/#breadcrumb\"},\"inLanguage\":\"fr-FR\",\"potentialAction\":[{\"@type\":\"ReadAction\",\"target\":[\"https:\/\/bookbildrpublishing.com\/fr\/product\/une-lecon-de-gratitude-ali-apprend-a-etre-reconnaissant\/\"]}]},{\"@type\":\"ImageObject\",\"inLanguage\":\"fr-FR\",\"@id\":\"https:\/\/bookbildrpublishing.com\/fr\/product\/une-lecon-de-gratitude-ali-apprend-a-etre-reconnaissant\/#primaryimage\",\"url\":\"https:\/\/bookbildrpublishing.com\/wp-content\/uploads\/2024\/06\/Gratitude-ebook-cover.jpg\",\"contentUrl\":\"https:\/\/bookbildrpublishing.com\/wp-content\/uploads\/2024\/06\/Gratitude-ebook-cover.jpg\",\"width\":2479,\"height\":2479,\"caption\":\"Gratitude book\"},{\"@type\":\"BreadcrumbList\",\"@id\":\"https:\/\/bookbildrpublishing.com\/fr\/product\/une-lecon-de-gratitude-ali-apprend-a-etre-reconnaissant\/#breadcrumb\",\"itemListElement\":[{\"@type\":\"ListItem\",\"position\":1,\"name\":\"Home\",\"item\":\"https:\/\/bookbildrpublishing.com\/fr\/\"},{\"@type\":\"ListItem\",\"position\":2,\"name\":\"Boutique\",\"item\":\"https:\/\/bookbildrpublishing.com\/fr\/boutique\/\"},{\"@type\":\"ListItem\",\"position\":3,\"name\":\"Une le\u00e7on de gratitude : Ali apprend \u00e0 \u00eatre reconnaissant\"}]},{\"@type\":\"WebSite\",\"@id\":\"https:\/\/bookbildrpublishing.com\/fr\/#website\",\"url\":\"https:\/\/bookbildrpublishing.com\/fr\/\",\"name\":\"BookBildr Publishing\",\"description\":\"\",\"publisher\":{\"@id\":\"https:\/\/bookbildrpublishing.com\/fr\/#organization\"},\"potentialAction\":[{\"@type\":\"SearchAction\",\"target\":{\"@type\":\"EntryPoint\",\"urlTemplate\":\"https:\/\/bookbildrpublishing.com\/fr\/?s={search_term_string}\"},\"query-input\":{\"@type\":\"PropertyValueSpecification\",\"valueRequired\":true,\"valueName\":\"search_term_string\"}}],\"inLanguage\":\"fr-FR\"},{\"@type\":\"Organization\",\"@id\":\"https:\/\/bookbildrpublishing.com\/fr\/#organization\",\"name\":\"BookBildr Publishing\",\"url\":\"https:\/\/bookbildrpublishing.com\/fr\/\",\"logo\":{\"@type\":\"ImageObject\",\"inLanguage\":\"fr-FR\",\"@id\":\"https:\/\/bookbildrpublishing.com\/fr\/#\/schema\/logo\/image\/\",\"url\":\"https:\/\/bookbildrpublishing.com\/wp-content\/uploads\/2024\/06\/BookBildr-Publishing-logo.png\",\"contentUrl\":\"https:\/\/bookbildrpublishing.com\/wp-content\/uploads\/2024\/06\/BookBildr-Publishing-logo.png\",\"width\":200,\"height\":80,\"caption\":\"BookBildr Publishing\"},\"image\":{\"@id\":\"https:\/\/bookbildrpublishing.com\/fr\/#\/schema\/logo\/image\/\"}}]}<\/script>\n<!-- \/ Yoast SEO plugin. -->","yoast_head_json":{"title":"Une le\u00e7on de gratitude : Ali apprend \u00e0 \u00eatre reconnaissant | BookBildr Publishing","robots":{"index":"index","follow":"follow","max-snippet":"max-snippet:-1","max-image-preview":"max-image-preview:large","max-video-preview":"max-video-preview:-1"},"canonical":"https:\/\/bookbildrpublishing.com\/fr\/product\/une-lecon-de-gratitude-ali-apprend-a-etre-reconnaissant\/","og_locale":"fr_FR","og_type":"article","og_title":"Une le\u00e7on de gratitude : Ali apprend \u00e0 \u00eatre reconnaissant | BookBildr Publishing","og_description":"Ce sont les vacances scolaires et tout le monde part quelque part. Mais le petit Ali ne peut aller nulle part parce que son p\u00e8re est occup\u00e9 et que sa famille n'a pas les moyens de s'offrir un voyage. Ali apprendra-t-il \u00e0 \u00eatre reconnaissant pour ce qu'il a ?","og_url":"https:\/\/bookbildrpublishing.com\/fr\/product\/une-lecon-de-gratitude-ali-apprend-a-etre-reconnaissant\/","og_site_name":"BookBildr Publishing","article_modified_time":"2024-11-28T09:40:13+00:00","og_image":[{"width":2479,"height":2479,"url":"https:\/\/bookbildrpublishing.com\/wp-content\/uploads\/2024\/06\/Gratitude-ebook-cover.jpg","type":"image\/jpeg"}],"twitter_card":"summary_large_image","schema":{"@context":"https:\/\/schema.org","@graph":[{"@type":"WebPage","@id":"https:\/\/bookbildrpublishing.com\/fr\/product\/une-lecon-de-gratitude-ali-apprend-a-etre-reconnaissant\/","url":"https:\/\/bookbildrpublishing.com\/fr\/product\/une-lecon-de-gratitude-ali-apprend-a-etre-reconnaissant\/","name":"Une le\u00e7on de gratitude : Ali apprend \u00e0 \u00eatre reconnaissant | BookBildr Publishing","isPartOf":{"@id":"https:\/\/bookbildrpublishing.com\/fr\/#website"},"primaryImageOfPage":{"@id":"https:\/\/bookbildrpublishing.com\/fr\/product\/une-lecon-de-gratitude-ali-apprend-a-etre-reconnaissant\/#primaryimage"},"image":{"@id":"https:\/\/bookbildrpublishing.com\/fr\/product\/une-lecon-de-gratitude-ali-apprend-a-etre-reconnaissant\/#primaryimage"},"thumbnailUrl":"https:\/\/bookbildrpublishing.com\/wp-content\/uploads\/2024\/06\/Gratitude-ebook-cover.jpg","datePublished":"2024-06-27T13:11:47+00:00","dateModified":"2024-11-28T09:40:13+00:00","breadcrumb":{"@id":"https:\/\/bookbildrpublishing.com\/fr\/product\/une-lecon-de-gratitude-ali-apprend-a-etre-reconnaissant\/#breadcrumb"},"inLanguage":"fr-FR","potentialAction":[{"@type":"ReadAction","target":["https:\/\/bookbildrpublishing.com\/fr\/product\/une-lecon-de-gratitude-ali-apprend-a-etre-reconnaissant\/"]}]},{"@type":"ImageObject","inLanguage":"fr-FR","@id":"https:\/\/bookbildrpublishing.com\/fr\/product\/une-lecon-de-gratitude-ali-apprend-a-etre-reconnaissant\/#primaryimage","url":"https:\/\/bookbildrpublishing.com\/wp-content\/uploads\/2024\/06\/Gratitude-ebook-cover.jpg","contentUrl":"https:\/\/bookbildrpublishing.com\/wp-content\/uploads\/2024\/06\/Gratitude-ebook-cover.jpg","width":2479,"height":2479,"caption":"Gratitude book"},{"@type":"BreadcrumbList","@id":"https:\/\/bookbildrpublishing.com\/fr\/product\/une-lecon-de-gratitude-ali-apprend-a-etre-reconnaissant\/#breadcrumb","itemListElement":[{"@type":"ListItem","position":1,"name":"Home","item":"https:\/\/bookbildrpublishing.com\/fr\/"},{"@type":"ListItem","position":2,"name":"Boutique","item":"https:\/\/bookbildrpublishing.com\/fr\/boutique\/"},{"@type":"ListItem","position":3,"name":"Une le\u00e7on de gratitude : Ali apprend \u00e0 \u00eatre reconnaissant"}]},{"@type":"WebSite","@id":"https:\/\/bookbildrpublishing.com\/fr\/#website","url":"https:\/\/bookbildrpublishing.com\/fr\/","name":"BookBildr Publishing","description":"","publisher":{"@id":"https:\/\/bookbildrpublishing.com\/fr\/#organization"},"potentialAction":[{"@type":"SearchAction","target":{"@type":"EntryPoint","urlTemplate":"https:\/\/bookbildrpublishing.com\/fr\/?s={search_term_string}"},"query-input":{"@type":"PropertyValueSpecification","valueRequired":true,"valueName":"search_term_string"}}],"inLanguage":"fr-FR"},{"@type":"Organization","@id":"https:\/\/bookbildrpublishing.com\/fr\/#organization","name":"BookBildr Publishing","url":"https:\/\/bookbildrpublishing.com\/fr\/","logo":{"@type":"ImageObject","inLanguage":"fr-FR","@id":"https:\/\/bookbildrpublishing.com\/fr\/#\/schema\/logo\/image\/","url":"https:\/\/bookbildrpublishing.com\/wp-content\/uploads\/2024\/06\/BookBildr-Publishing-logo.png","contentUrl":"https:\/\/bookbildrpublishing.com\/wp-content\/uploads\/2024\/06\/BookBildr-Publishing-logo.png","width":200,"height":80,"caption":"BookBildr Publishing"},"image":{"@id":"https:\/\/bookbildrpublishing.com\/fr\/#\/schema\/logo\/image\/"}}]}},"uagb_featured_image_src":{"full":["https:\/\/bookbildrpublishing.com\/wp-content\/uploads\/2024\/06\/Gratitude-ebook-cover.jpg",2479,2479,false],"thumbnail":["https:\/\/bookbildrpublishing.com\/wp-content\/uploads\/2024\/06\/Gratitude-ebook-cover-150x150.jpg",150,150,true],"medium":["https:\/\/bookbildrpublishing.com\/wp-content\/uploads\/2024\/06\/Gratitude-ebook-cover-300x300.jpg",300,300,true],"medium_large":["https:\/\/bookbildrpublishing.com\/wp-content\/uploads\/2024\/06\/Gratitude-ebook-cover-768x768.jpg",768,768,true],"large":["https:\/\/bookbildrpublishing.com\/wp-content\/uploads\/2024\/06\/Gratitude-ebook-cover-1024x1024.jpg",1024,1024,true],"1536x1536":["https:\/\/bookbildrpublishing.com\/wp-content\/uploads\/2024\/06\/Gratitude-ebook-cover-1536x1536.jpg",1536,1536,true],"2048x2048":["https:\/\/bookbildrpublishing.com\/wp-content\/uploads\/2024\/06\/Gratitude-ebook-cover-2048x2048.jpg",2048,2048,true],"woocommerce_thumbnail":["https:\/\/bookbildrpublishing.com\/wp-content\/uploads\/2024\/06\/Gratitude-ebook-cover-300x300.jpg",300,300,true],"woocommerce_single":["https:\/\/bookbildrpublishing.com\/wp-content\/uploads\/2024\/06\/Gratitude-ebook-cover-600x600.jpg",600,600,true],"woocommerce_gallery_thumbnail":["https:\/\/bookbildrpublishing.com\/wp-content\/uploads\/2024\/06\/Gratitude-ebook-cover-100x100.jpg",100,100,true]},"uagb_author_info":{"display_name":"admin","author_link":"https:\/\/bookbildrpublishing.com\/fr\/author\/"},"uagb_comment_info":0,"uagb_excerpt":"Ce sont les vacances scolaires et tout le monde part quelque part. Mais le petit Ali ne peut aller nulle part parce que son p\u00e8re est occup\u00e9 et que sa famille n'a pas les moyens de s'offrir un voyage. Ali apprendra-t-il \u00e0 \u00eatre reconnaissant pour ce qu'il a ?","_links":{"self":[{"href":"https:\/\/bookbildrpublishing.com\/fr\/wp-json\/wp\/v2\/product\/2397","targetHints":{"allow":["GET"]}}],"collection":[{"href":"https:\/\/bookbildrpublishing.com\/fr\/wp-json\/wp\/v2\/product"}],"about":[{"href":"https:\/\/bookbildrpublishing.com\/fr\/wp-json\/wp\/v2\/types\/product"}],"replies":[{"embeddable":true,"href":"https:\/\/bookbildrpublishing.com\/fr\/wp-json\/wp\/v2\/comments?post=2397"}],"wp:featuredmedia":[{"embeddable":true,"href":"https:\/\/bookbildrpublishing.com\/fr\/wp-json\/wp\/v2\/media\/1779"}],"wp:attachment":[{"href":"https:\/\/bookbildrpublishing.com\/fr\/wp-json\/wp\/v2\/media?parent=2397"}],"wp:term":[{"taxonomy":"product_brand","embeddable":true,"href":"https:\/\/bookbildrpublishing.com\/fr\/wp-json\/wp\/v2\/product_brand?post=2397"},{"taxonomy":"product_cat","embeddable":true,"href":"https:\/\/bookbildrpublishing.com\/fr\/wp-json\/wp\/v2\/product_cat?post=2397"},{"taxonomy":"product_tag","embeddable":true,"href":"https:\/\/bookbildrpublishing.com\/fr\/wp-json\/wp\/v2\/product_tag?post=2397"}],"curies":[{"name":"wp","href":"https:\/\/api.w.org\/{rel}","templated":true}]}}