{"id":2390,"date":"2024-06-27T13:26:59","date_gmt":"2024-06-27T13:26:59","guid":{"rendered":"https:\/\/bookbildrpublishing.com\/product\/histoires-de-singes-verts-maya-et-le-singe-vert-de-bajan\/"},"modified":"2024-11-28T09:40:10","modified_gmt":"2024-11-28T09:40:10","slug":"histoires-de-singes-verts-maya-et-le-singe-vert-de-bajan","status":"publish","type":"product","link":"https:\/\/bookbildrpublishing.com\/fr\/product\/histoires-de-singes-verts-maya-et-le-singe-vert-de-bajan\/","title":{"rendered":"Histoires de singes verts : Maya et le singe vert de Bajan"},"content":{"rendered":"<p><span class=\"a-text-bold\">Adoptez la culture bajane et d\u00e9couvrez le singe vert de la Barbade \u00e0 travers des rimes amusantes et des illustrations vibrantes.<\/span><\/p>\n<p>Le singe vert, un habitant de la Barbade, ajoute de la vitalit\u00e9 au paysage de l&rsquo;\u00eele avec ses pitreries et son charme \u00e9meraude, cr\u00e9ant un lien unique entre la nature et le c\u0153ur de la culture bajane. Cette amusante histoire en rimes de Kean Indrani Baxter, une auteure de livres pour enfants de la Barbade, raconte l&rsquo;histoire de Maya qui trouve le singe vert au fin fond de la for\u00eat. La fillette et le singe deviennent amis et passent la journ\u00e9e \u00e0 jouer et \u00e0 danser.<\/p>\n","protected":false},"excerpt":{"rendered":"<p><span class=\"a-text-bold\">Adoptez la culture bajane et d\u00e9couvrez le singe vert de la Barbade \u00e0 travers des rimes amusantes et des illustrations vibrantes.<\/span><\/p>\n<p>Le singe vert, un habitant de la Barbade, ajoute de la vitalit\u00e9 au paysage de l&rsquo;\u00eele avec ses pitreries et son charme \u00e9meraude, cr\u00e9ant un lien unique entre la nature et le c\u0153ur de la culture bajane.<\/p>\n","protected":false},"featured_media":2289,"comment_status":"open","ping_status":"closed","template":"","meta":{"_uag_custom_page_level_css":"","site-sidebar-layout":"default","site-content-layout":"","ast-site-content-layout":"default","site-content-style":"default","site-sidebar-style":"default","ast-global-header-display":"","ast-banner-title-visibility":"","ast-main-header-display":"","ast-hfb-above-header-display":"","ast-hfb-below-header-display":"","ast-hfb-mobile-header-display":"","site-post-title":"","ast-breadcrumbs-content":"","ast-featured-img":"","footer-sml-layout":"","theme-transparent-header-meta":"default","adv-header-id-meta":"","stick-header-meta":"","header-above-stick-meta":"","header-main-stick-meta":"","header-below-stick-meta":"","astra-migrate-meta-layouts":"default","ast-page-background-enabled":"default","ast-page-background-meta":{"desktop":{"background-color":"var(--ast-global-color-4)","background-image":"","background-repeat":"repeat","background-position":"center center","background-size":"auto","background-attachment":"scroll","background-type":"","background-media":"","overlay-type":"","overlay-color":"","overlay-opacity":"","overlay-gradient":""},"tablet":{"background-color":"","background-image":"","background-repeat":"repeat","background-position":"center center","background-size":"auto","background-attachment":"scroll","background-type":"","background-media":"","overlay-type":"","overlay-color":"","overlay-opacity":"","overlay-gradient":""},"mobile":{"background-color":"","background-image":"","background-repeat":"repeat","background-position":"center center","background-size":"auto","background-attachment":"scroll","background-type":"","background-media":"","overlay-type":"","overlay-color":"","overlay-opacity":"","overlay-gradient":""}},"ast-content-background-meta":{"desktop":{"background-color":"var(--ast-global-color-5)","background-image":"","background-repeat":"repeat","background-position":"center center","background-size":"auto","background-attachment":"scroll","background-type":"","background-media":"","overlay-type":"","overlay-color":"","overlay-opacity":"","overlay-gradient":""},"tablet":{"background-color":"var(--ast-global-color-5)","background-image":"","background-repeat":"repeat","background-position":"center center","background-size":"auto","background-attachment":"scroll","background-type":"","background-media":"","overlay-type":"","overlay-color":"","overlay-opacity":"","overlay-gradient":""},"mobile":{"background-color":"var(--ast-global-color-5)","background-image":"","background-repeat":"repeat","background-position":"center center","background-size":"auto","background-attachment":"scroll","background-type":"","background-media":"","overlay-type":"","overlay-color":"","overlay-opacity":"","overlay-gradient":""}}},"product_brand":[],"product_cat":[72,70],"product_tag":[],"class_list":{"0":"post-2390","1":"product","2":"type-product","3":"status-publish","4":"has-post-thumbnail","6":"product_cat-livres-dimages","7":"product_cat-livres-pour-enfants","8":"desktop-align-left","9":"tablet-align-left","10":"mobile-align-left","12":"first","13":"instock","14":"shipping-taxable","15":"product-type-external"},"yoast_head":"<!-- This site is optimized with the Yoast SEO plugin v25.6 - https:\/\/yoast.com\/wordpress\/plugins\/seo\/ -->\n<title>Histoires de singes verts : Maya et le singe vert de Bajan | BookBildr Publishing<\/title>\n<meta name=\"robots\" content=\"index, follow, max-snippet:-1, max-image-preview:large, max-video-preview:-1\" \/>\n<link rel=\"canonical\" href=\"https:\/\/bookbildrpublishing.com\/fr\/product\/histoires-de-singes-verts-maya-et-le-singe-vert-de-bajan\/\" \/>\n<meta property=\"og:locale\" content=\"fr_FR\" \/>\n<meta property=\"og:type\" content=\"article\" \/>\n<meta property=\"og:title\" content=\"Histoires de singes verts : Maya et le singe vert de Bajan | BookBildr Publishing\" \/>\n<meta property=\"og:description\" content=\"Adoptez la culture bajane et d\u00e9couvrez le singe vert de la Barbade \u00e0 travers des rimes amusantes et des illustrations vibrantes. Le singe vert, un habitant de la Barbade, ajoute de la vitalit\u00e9 au paysage de l&#039;\u00eele avec ses pitreries et son charme \u00e9meraude, cr\u00e9ant un lien unique entre la nature et le c\u0153ur de la culture bajane.\" \/>\n<meta property=\"og:url\" content=\"https:\/\/bookbildrpublishing.com\/fr\/product\/histoires-de-singes-verts-maya-et-le-singe-vert-de-bajan\/\" \/>\n<meta property=\"og:site_name\" content=\"BookBildr Publishing\" \/>\n<meta property=\"article:modified_time\" content=\"2024-11-28T09:40:10+00:00\" \/>\n<meta property=\"og:image\" content=\"https:\/\/bookbildrpublishing.com\/wp-content\/uploads\/2024\/06\/Green-Monkey-ebook-cover.jpg\" \/>\n\t<meta property=\"og:image:width\" content=\"2550\" \/>\n\t<meta property=\"og:image:height\" content=\"2550\" \/>\n\t<meta property=\"og:image:type\" content=\"image\/jpeg\" \/>\n<meta name=\"twitter:card\" content=\"summary_large_image\" \/>\n<script type=\"application\/ld+json\" class=\"yoast-schema-graph\">{\"@context\":\"https:\/\/schema.org\",\"@graph\":[{\"@type\":\"WebPage\",\"@id\":\"https:\/\/bookbildrpublishing.com\/fr\/product\/histoires-de-singes-verts-maya-et-le-singe-vert-de-bajan\/\",\"url\":\"https:\/\/bookbildrpublishing.com\/fr\/product\/histoires-de-singes-verts-maya-et-le-singe-vert-de-bajan\/\",\"name\":\"Histoires de singes verts : Maya et le singe vert de Bajan | BookBildr Publishing\",\"isPartOf\":{\"@id\":\"https:\/\/bookbildrpublishing.com\/fr\/#website\"},\"primaryImageOfPage\":{\"@id\":\"https:\/\/bookbildrpublishing.com\/fr\/product\/histoires-de-singes-verts-maya-et-le-singe-vert-de-bajan\/#primaryimage\"},\"image\":{\"@id\":\"https:\/\/bookbildrpublishing.com\/fr\/product\/histoires-de-singes-verts-maya-et-le-singe-vert-de-bajan\/#primaryimage\"},\"thumbnailUrl\":\"https:\/\/bookbildrpublishing.com\/wp-content\/uploads\/2024\/06\/Green-Monkey-ebook-cover.jpg\",\"datePublished\":\"2024-06-27T13:26:59+00:00\",\"dateModified\":\"2024-11-28T09:40:10+00:00\",\"breadcrumb\":{\"@id\":\"https:\/\/bookbildrpublishing.com\/fr\/product\/histoires-de-singes-verts-maya-et-le-singe-vert-de-bajan\/#breadcrumb\"},\"inLanguage\":\"fr-FR\",\"potentialAction\":[{\"@type\":\"ReadAction\",\"target\":[\"https:\/\/bookbildrpublishing.com\/fr\/product\/histoires-de-singes-verts-maya-et-le-singe-vert-de-bajan\/\"]}]},{\"@type\":\"ImageObject\",\"inLanguage\":\"fr-FR\",\"@id\":\"https:\/\/bookbildrpublishing.com\/fr\/product\/histoires-de-singes-verts-maya-et-le-singe-vert-de-bajan\/#primaryimage\",\"url\":\"https:\/\/bookbildrpublishing.com\/wp-content\/uploads\/2024\/06\/Green-Monkey-ebook-cover.jpg\",\"contentUrl\":\"https:\/\/bookbildrpublishing.com\/wp-content\/uploads\/2024\/06\/Green-Monkey-ebook-cover.jpg\",\"width\":2550,\"height\":2550},{\"@type\":\"BreadcrumbList\",\"@id\":\"https:\/\/bookbildrpublishing.com\/fr\/product\/histoires-de-singes-verts-maya-et-le-singe-vert-de-bajan\/#breadcrumb\",\"itemListElement\":[{\"@type\":\"ListItem\",\"position\":1,\"name\":\"Home\",\"item\":\"https:\/\/bookbildrpublishing.com\/fr\/\"},{\"@type\":\"ListItem\",\"position\":2,\"name\":\"Boutique\",\"item\":\"https:\/\/bookbildrpublishing.com\/fr\/boutique\/\"},{\"@type\":\"ListItem\",\"position\":3,\"name\":\"Histoires de singes verts : Maya et le singe vert de Bajan\"}]},{\"@type\":\"WebSite\",\"@id\":\"https:\/\/bookbildrpublishing.com\/fr\/#website\",\"url\":\"https:\/\/bookbildrpublishing.com\/fr\/\",\"name\":\"BookBildr Publishing\",\"description\":\"\",\"publisher\":{\"@id\":\"https:\/\/bookbildrpublishing.com\/fr\/#organization\"},\"potentialAction\":[{\"@type\":\"SearchAction\",\"target\":{\"@type\":\"EntryPoint\",\"urlTemplate\":\"https:\/\/bookbildrpublishing.com\/fr\/?s={search_term_string}\"},\"query-input\":{\"@type\":\"PropertyValueSpecification\",\"valueRequired\":true,\"valueName\":\"search_term_string\"}}],\"inLanguage\":\"fr-FR\"},{\"@type\":\"Organization\",\"@id\":\"https:\/\/bookbildrpublishing.com\/fr\/#organization\",\"name\":\"BookBildr Publishing\",\"url\":\"https:\/\/bookbildrpublishing.com\/fr\/\",\"logo\":{\"@type\":\"ImageObject\",\"inLanguage\":\"fr-FR\",\"@id\":\"https:\/\/bookbildrpublishing.com\/fr\/#\/schema\/logo\/image\/\",\"url\":\"https:\/\/bookbildrpublishing.com\/wp-content\/uploads\/2024\/06\/BookBildr-Publishing-logo.png\",\"contentUrl\":\"https:\/\/bookbildrpublishing.com\/wp-content\/uploads\/2024\/06\/BookBildr-Publishing-logo.png\",\"width\":200,\"height\":80,\"caption\":\"BookBildr Publishing\"},\"image\":{\"@id\":\"https:\/\/bookbildrpublishing.com\/fr\/#\/schema\/logo\/image\/\"}}]}<\/script>\n<!-- \/ Yoast SEO plugin. -->","yoast_head_json":{"title":"Histoires de singes verts : Maya et le singe vert de Bajan | BookBildr Publishing","robots":{"index":"index","follow":"follow","max-snippet":"max-snippet:-1","max-image-preview":"max-image-preview:large","max-video-preview":"max-video-preview:-1"},"canonical":"https:\/\/bookbildrpublishing.com\/fr\/product\/histoires-de-singes-verts-maya-et-le-singe-vert-de-bajan\/","og_locale":"fr_FR","og_type":"article","og_title":"Histoires de singes verts : Maya et le singe vert de Bajan | BookBildr Publishing","og_description":"Adoptez la culture bajane et d\u00e9couvrez le singe vert de la Barbade \u00e0 travers des rimes amusantes et des illustrations vibrantes. Le singe vert, un habitant de la Barbade, ajoute de la vitalit\u00e9 au paysage de l'\u00eele avec ses pitreries et son charme \u00e9meraude, cr\u00e9ant un lien unique entre la nature et le c\u0153ur de la culture bajane.","og_url":"https:\/\/bookbildrpublishing.com\/fr\/product\/histoires-de-singes-verts-maya-et-le-singe-vert-de-bajan\/","og_site_name":"BookBildr Publishing","article_modified_time":"2024-11-28T09:40:10+00:00","og_image":[{"width":2550,"height":2550,"url":"https:\/\/bookbildrpublishing.com\/wp-content\/uploads\/2024\/06\/Green-Monkey-ebook-cover.jpg","type":"image\/jpeg"}],"twitter_card":"summary_large_image","schema":{"@context":"https:\/\/schema.org","@graph":[{"@type":"WebPage","@id":"https:\/\/bookbildrpublishing.com\/fr\/product\/histoires-de-singes-verts-maya-et-le-singe-vert-de-bajan\/","url":"https:\/\/bookbildrpublishing.com\/fr\/product\/histoires-de-singes-verts-maya-et-le-singe-vert-de-bajan\/","name":"Histoires de singes verts : Maya et le singe vert de Bajan | BookBildr Publishing","isPartOf":{"@id":"https:\/\/bookbildrpublishing.com\/fr\/#website"},"primaryImageOfPage":{"@id":"https:\/\/bookbildrpublishing.com\/fr\/product\/histoires-de-singes-verts-maya-et-le-singe-vert-de-bajan\/#primaryimage"},"image":{"@id":"https:\/\/bookbildrpublishing.com\/fr\/product\/histoires-de-singes-verts-maya-et-le-singe-vert-de-bajan\/#primaryimage"},"thumbnailUrl":"https:\/\/bookbildrpublishing.com\/wp-content\/uploads\/2024\/06\/Green-Monkey-ebook-cover.jpg","datePublished":"2024-06-27T13:26:59+00:00","dateModified":"2024-11-28T09:40:10+00:00","breadcrumb":{"@id":"https:\/\/bookbildrpublishing.com\/fr\/product\/histoires-de-singes-verts-maya-et-le-singe-vert-de-bajan\/#breadcrumb"},"inLanguage":"fr-FR","potentialAction":[{"@type":"ReadAction","target":["https:\/\/bookbildrpublishing.com\/fr\/product\/histoires-de-singes-verts-maya-et-le-singe-vert-de-bajan\/"]}]},{"@type":"ImageObject","inLanguage":"fr-FR","@id":"https:\/\/bookbildrpublishing.com\/fr\/product\/histoires-de-singes-verts-maya-et-le-singe-vert-de-bajan\/#primaryimage","url":"https:\/\/bookbildrpublishing.com\/wp-content\/uploads\/2024\/06\/Green-Monkey-ebook-cover.jpg","contentUrl":"https:\/\/bookbildrpublishing.com\/wp-content\/uploads\/2024\/06\/Green-Monkey-ebook-cover.jpg","width":2550,"height":2550},{"@type":"BreadcrumbList","@id":"https:\/\/bookbildrpublishing.com\/fr\/product\/histoires-de-singes-verts-maya-et-le-singe-vert-de-bajan\/#breadcrumb","itemListElement":[{"@type":"ListItem","position":1,"name":"Home","item":"https:\/\/bookbildrpublishing.com\/fr\/"},{"@type":"ListItem","position":2,"name":"Boutique","item":"https:\/\/bookbildrpublishing.com\/fr\/boutique\/"},{"@type":"ListItem","position":3,"name":"Histoires de singes verts : Maya et le singe vert de Bajan"}]},{"@type":"WebSite","@id":"https:\/\/bookbildrpublishing.com\/fr\/#website","url":"https:\/\/bookbildrpublishing.com\/fr\/","name":"BookBildr Publishing","description":"","publisher":{"@id":"https:\/\/bookbildrpublishing.com\/fr\/#organization"},"potentialAction":[{"@type":"SearchAction","target":{"@type":"EntryPoint","urlTemplate":"https:\/\/bookbildrpublishing.com\/fr\/?s={search_term_string}"},"query-input":{"@type":"PropertyValueSpecification","valueRequired":true,"valueName":"search_term_string"}}],"inLanguage":"fr-FR"},{"@type":"Organization","@id":"https:\/\/bookbildrpublishing.com\/fr\/#organization","name":"BookBildr Publishing","url":"https:\/\/bookbildrpublishing.com\/fr\/","logo":{"@type":"ImageObject","inLanguage":"fr-FR","@id":"https:\/\/bookbildrpublishing.com\/fr\/#\/schema\/logo\/image\/","url":"https:\/\/bookbildrpublishing.com\/wp-content\/uploads\/2024\/06\/BookBildr-Publishing-logo.png","contentUrl":"https:\/\/bookbildrpublishing.com\/wp-content\/uploads\/2024\/06\/BookBildr-Publishing-logo.png","width":200,"height":80,"caption":"BookBildr Publishing"},"image":{"@id":"https:\/\/bookbildrpublishing.com\/fr\/#\/schema\/logo\/image\/"}}]}},"uagb_featured_image_src":{"full":["https:\/\/bookbildrpublishing.com\/wp-content\/uploads\/2024\/06\/Green-Monkey-ebook-cover.jpg",2550,2550,false],"thumbnail":["https:\/\/bookbildrpublishing.com\/wp-content\/uploads\/2024\/06\/Green-Monkey-ebook-cover-150x150.jpg",150,150,true],"medium":["https:\/\/bookbildrpublishing.com\/wp-content\/uploads\/2024\/06\/Green-Monkey-ebook-cover-300x300.jpg",300,300,true],"medium_large":["https:\/\/bookbildrpublishing.com\/wp-content\/uploads\/2024\/06\/Green-Monkey-ebook-cover-768x768.jpg",768,768,true],"large":["https:\/\/bookbildrpublishing.com\/wp-content\/uploads\/2024\/06\/Green-Monkey-ebook-cover-1024x1024.jpg",1024,1024,true],"1536x1536":["https:\/\/bookbildrpublishing.com\/wp-content\/uploads\/2024\/06\/Green-Monkey-ebook-cover-1536x1536.jpg",1536,1536,true],"2048x2048":["https:\/\/bookbildrpublishing.com\/wp-content\/uploads\/2024\/06\/Green-Monkey-ebook-cover-2048x2048.jpg",2048,2048,true],"woocommerce_thumbnail":["https:\/\/bookbildrpublishing.com\/wp-content\/uploads\/2024\/06\/Green-Monkey-ebook-cover-300x300.jpg",300,300,true],"woocommerce_single":["https:\/\/bookbildrpublishing.com\/wp-content\/uploads\/2024\/06\/Green-Monkey-ebook-cover-600x600.jpg",600,600,true],"woocommerce_gallery_thumbnail":["https:\/\/bookbildrpublishing.com\/wp-content\/uploads\/2024\/06\/Green-Monkey-ebook-cover-100x100.jpg",100,100,true]},"uagb_author_info":{"display_name":"admin","author_link":"https:\/\/bookbildrpublishing.com\/fr\/author\/"},"uagb_comment_info":0,"uagb_excerpt":"Adoptez la culture bajane et d\u00e9couvrez le singe vert de la Barbade \u00e0 travers des rimes amusantes et des illustrations vibrantes. Le singe vert, un habitant de la Barbade, ajoute de la vitalit\u00e9 au paysage de l'\u00eele avec ses pitreries et son charme \u00e9meraude, cr\u00e9ant un lien unique entre la nature et le c\u0153ur de\u2026","_links":{"self":[{"href":"https:\/\/bookbildrpublishing.com\/fr\/wp-json\/wp\/v2\/product\/2390","targetHints":{"allow":["GET"]}}],"collection":[{"href":"https:\/\/bookbildrpublishing.com\/fr\/wp-json\/wp\/v2\/product"}],"about":[{"href":"https:\/\/bookbildrpublishing.com\/fr\/wp-json\/wp\/v2\/types\/product"}],"replies":[{"embeddable":true,"href":"https:\/\/bookbildrpublishing.com\/fr\/wp-json\/wp\/v2\/comments?post=2390"}],"wp:featuredmedia":[{"embeddable":true,"href":"https:\/\/bookbildrpublishing.com\/fr\/wp-json\/wp\/v2\/media\/2289"}],"wp:attachment":[{"href":"https:\/\/bookbildrpublishing.com\/fr\/wp-json\/wp\/v2\/media?parent=2390"}],"wp:term":[{"taxonomy":"product_brand","embeddable":true,"href":"https:\/\/bookbildrpublishing.com\/fr\/wp-json\/wp\/v2\/product_brand?post=2390"},{"taxonomy":"product_cat","embeddable":true,"href":"https:\/\/bookbildrpublishing.com\/fr\/wp-json\/wp\/v2\/product_cat?post=2390"},{"taxonomy":"product_tag","embeddable":true,"href":"https:\/\/bookbildrpublishing.com\/fr\/wp-json\/wp\/v2\/product_tag?post=2390"}],"curies":[{"name":"wp","href":"https:\/\/api.w.org\/{rel}","templated":true}]}}