{"id":2384,"date":"2024-06-28T08:00:38","date_gmt":"2024-06-28T08:00:38","guid":{"rendered":"https:\/\/bookbildrpublishing.com\/product\/emma-rend-visite-a-kounkoun-et-popo-en-chine\/"},"modified":"2024-11-28T09:40:04","modified_gmt":"2024-11-28T09:40:04","slug":"emma-rend-visite-a-kounkoun-et-popo-en-chine","status":"publish","type":"product","link":"https:\/\/bookbildrpublishing.com\/fr\/product\/emma-rend-visite-a-kounkoun-et-popo-en-chine\/","title":{"rendered":"Emma rend visite \u00e0 Kounkoun et Popo en Chine"},"content":{"rendered":"<p>Accompagnez Emma et ses parents dans leur voyage de Londres \u00e0 la Chine ! Pendant leur s\u00e9jour en Chine, Emma aura l&rsquo;occasion de rencontrer les parents de sa m\u00e8re, d&rsquo;explorer les march\u00e9s anim\u00e9s de Hong Kong, de se recueillir sur les tombes de ses anc\u00eatres, de s&rsquo;immerger dans les coutumes chinoises et de participer aux festivit\u00e9s d&rsquo;anniversaire de son grand-p\u00e8re. Ce livre pour enfants, rempli d&rsquo;illustrations captivantes et d&rsquo;un langage facile \u00e0 comprendre, est une merveilleuse introduction aux joies du voyage et de la d\u00e9couverte culturelle. \u00ab\u00a0Emma rend visite \u00e0 Kounkoun et Popo en Chine\u00a0\u00bb est une lecture id\u00e9ale pour cultiver le sens de la curiosit\u00e9 et l&rsquo;appr\u00e9ciation de l&rsquo;exploration de nouveaux lieux et de nouvelles traditions !<\/p>\n","protected":false},"excerpt":{"rendered":"<p>Accompagnez Emma et ses parents dans leur voyage de Londres \u00e0 la Chine ! Pendant leur s\u00e9jour en Chine, Emma aura l&rsquo;occasion de rencontrer les parents de sa m\u00e8re, d&rsquo;explorer les march\u00e9s anim\u00e9s de Hong Kong, de se recueillir sur les tombes de ses anc\u00eatres, de s&rsquo;immerger dans les coutumes chinoises et de participer aux festivit\u00e9s de l&rsquo;anniversaire de son grand-p\u00e8re.<\/p>\n","protected":false},"featured_media":1965,"comment_status":"open","ping_status":"closed","template":"","meta":{"_uag_custom_page_level_css":"","site-sidebar-layout":"default","site-content-layout":"","ast-site-content-layout":"default","site-content-style":"default","site-sidebar-style":"default","ast-global-header-display":"","ast-banner-title-visibility":"","ast-main-header-display":"","ast-hfb-above-header-display":"","ast-hfb-below-header-display":"","ast-hfb-mobile-header-display":"","site-post-title":"","ast-breadcrumbs-content":"","ast-featured-img":"","footer-sml-layout":"","theme-transparent-header-meta":"default","adv-header-id-meta":"","stick-header-meta":"","header-above-stick-meta":"","header-main-stick-meta":"","header-below-stick-meta":"","astra-migrate-meta-layouts":"default","ast-page-background-enabled":"default","ast-page-background-meta":{"desktop":{"background-color":"var(--ast-global-color-4)","background-image":"","background-repeat":"repeat","background-position":"center center","background-size":"auto","background-attachment":"scroll","background-type":"","background-media":"","overlay-type":"","overlay-color":"","overlay-opacity":"","overlay-gradient":""},"tablet":{"background-color":"","background-image":"","background-repeat":"repeat","background-position":"center center","background-size":"auto","background-attachment":"scroll","background-type":"","background-media":"","overlay-type":"","overlay-color":"","overlay-opacity":"","overlay-gradient":""},"mobile":{"background-color":"","background-image":"","background-repeat":"repeat","background-position":"center center","background-size":"auto","background-attachment":"scroll","background-type":"","background-media":"","overlay-type":"","overlay-color":"","overlay-opacity":"","overlay-gradient":""}},"ast-content-background-meta":{"desktop":{"background-color":"var(--ast-global-color-5)","background-image":"","background-repeat":"repeat","background-position":"center center","background-size":"auto","background-attachment":"scroll","background-type":"","background-media":"","overlay-type":"","overlay-color":"","overlay-opacity":"","overlay-gradient":""},"tablet":{"background-color":"var(--ast-global-color-5)","background-image":"","background-repeat":"repeat","background-position":"center center","background-size":"auto","background-attachment":"scroll","background-type":"","background-media":"","overlay-type":"","overlay-color":"","overlay-opacity":"","overlay-gradient":""},"mobile":{"background-color":"var(--ast-global-color-5)","background-image":"","background-repeat":"repeat","background-position":"center center","background-size":"auto","background-attachment":"scroll","background-type":"","background-media":"","overlay-type":"","overlay-color":"","overlay-opacity":"","overlay-gradient":""}}},"product_brand":[],"product_cat":[72,70],"product_tag":[],"class_list":{"0":"post-2384","1":"product","2":"type-product","3":"status-publish","4":"has-post-thumbnail","6":"product_cat-livres-dimages","7":"product_cat-livres-pour-enfants","8":"desktop-align-left","9":"tablet-align-left","10":"mobile-align-left","12":"first","13":"instock","14":"shipping-taxable","15":"product-type-external"},"yoast_head":"<!-- This site is optimized with the Yoast SEO plugin v25.6 - https:\/\/yoast.com\/wordpress\/plugins\/seo\/ -->\n<title>Emma rend visite \u00e0 Kounkoun et Popo en Chine | BookBildr Publishing<\/title>\n<meta name=\"robots\" content=\"index, follow, max-snippet:-1, max-image-preview:large, max-video-preview:-1\" \/>\n<link rel=\"canonical\" href=\"https:\/\/bookbildrpublishing.com\/fr\/product\/emma-rend-visite-a-kounkoun-et-popo-en-chine\/\" \/>\n<meta property=\"og:locale\" content=\"fr_FR\" \/>\n<meta property=\"og:type\" content=\"article\" \/>\n<meta property=\"og:title\" content=\"Emma rend visite \u00e0 Kounkoun et Popo en Chine | BookBildr Publishing\" \/>\n<meta property=\"og:description\" content=\"Accompagnez Emma et ses parents dans leur voyage de Londres \u00e0 la Chine ! Pendant leur s\u00e9jour en Chine, Emma aura l&#039;occasion de rencontrer les parents de sa m\u00e8re, d&#039;explorer les march\u00e9s anim\u00e9s de Hong Kong, de se recueillir sur les tombes de ses anc\u00eatres, de s&#039;immerger dans les coutumes chinoises et de participer aux festivit\u00e9s de l&#039;anniversaire de son grand-p\u00e8re.\" \/>\n<meta property=\"og:url\" content=\"https:\/\/bookbildrpublishing.com\/fr\/product\/emma-rend-visite-a-kounkoun-et-popo-en-chine\/\" \/>\n<meta property=\"og:site_name\" content=\"BookBildr Publishing\" \/>\n<meta property=\"article:modified_time\" content=\"2024-11-28T09:40:04+00:00\" \/>\n<meta property=\"og:image\" content=\"https:\/\/bookbildrpublishing.com\/wp-content\/uploads\/2024\/06\/Emma-ebook-cover-scaled.jpg\" \/>\n\t<meta property=\"og:image:width\" content=\"1696\" \/>\n\t<meta property=\"og:image:height\" content=\"2560\" \/>\n\t<meta property=\"og:image:type\" content=\"image\/jpeg\" \/>\n<meta name=\"twitter:card\" content=\"summary_large_image\" \/>\n<script type=\"application\/ld+json\" class=\"yoast-schema-graph\">{\"@context\":\"https:\/\/schema.org\",\"@graph\":[{\"@type\":\"WebPage\",\"@id\":\"https:\/\/bookbildrpublishing.com\/fr\/product\/emma-rend-visite-a-kounkoun-et-popo-en-chine\/\",\"url\":\"https:\/\/bookbildrpublishing.com\/fr\/product\/emma-rend-visite-a-kounkoun-et-popo-en-chine\/\",\"name\":\"Emma rend visite \u00e0 Kounkoun et Popo en Chine | BookBildr Publishing\",\"isPartOf\":{\"@id\":\"https:\/\/bookbildrpublishing.com\/fr\/#website\"},\"primaryImageOfPage\":{\"@id\":\"https:\/\/bookbildrpublishing.com\/fr\/product\/emma-rend-visite-a-kounkoun-et-popo-en-chine\/#primaryimage\"},\"image\":{\"@id\":\"https:\/\/bookbildrpublishing.com\/fr\/product\/emma-rend-visite-a-kounkoun-et-popo-en-chine\/#primaryimage\"},\"thumbnailUrl\":\"https:\/\/bookbildrpublishing.com\/wp-content\/uploads\/2024\/06\/Emma-ebook-cover-scaled.jpg\",\"datePublished\":\"2024-06-28T08:00:38+00:00\",\"dateModified\":\"2024-11-28T09:40:04+00:00\",\"breadcrumb\":{\"@id\":\"https:\/\/bookbildrpublishing.com\/fr\/product\/emma-rend-visite-a-kounkoun-et-popo-en-chine\/#breadcrumb\"},\"inLanguage\":\"fr-FR\",\"potentialAction\":[{\"@type\":\"ReadAction\",\"target\":[\"https:\/\/bookbildrpublishing.com\/fr\/product\/emma-rend-visite-a-kounkoun-et-popo-en-chine\/\"]}]},{\"@type\":\"ImageObject\",\"inLanguage\":\"fr-FR\",\"@id\":\"https:\/\/bookbildrpublishing.com\/fr\/product\/emma-rend-visite-a-kounkoun-et-popo-en-chine\/#primaryimage\",\"url\":\"https:\/\/bookbildrpublishing.com\/wp-content\/uploads\/2024\/06\/Emma-ebook-cover-scaled.jpg\",\"contentUrl\":\"https:\/\/bookbildrpublishing.com\/wp-content\/uploads\/2024\/06\/Emma-ebook-cover-scaled.jpg\",\"width\":1696,\"height\":2560},{\"@type\":\"BreadcrumbList\",\"@id\":\"https:\/\/bookbildrpublishing.com\/fr\/product\/emma-rend-visite-a-kounkoun-et-popo-en-chine\/#breadcrumb\",\"itemListElement\":[{\"@type\":\"ListItem\",\"position\":1,\"name\":\"Home\",\"item\":\"https:\/\/bookbildrpublishing.com\/fr\/\"},{\"@type\":\"ListItem\",\"position\":2,\"name\":\"Boutique\",\"item\":\"https:\/\/bookbildrpublishing.com\/fr\/boutique\/\"},{\"@type\":\"ListItem\",\"position\":3,\"name\":\"Emma rend visite \u00e0 Kounkoun et Popo en Chine\"}]},{\"@type\":\"WebSite\",\"@id\":\"https:\/\/bookbildrpublishing.com\/fr\/#website\",\"url\":\"https:\/\/bookbildrpublishing.com\/fr\/\",\"name\":\"BookBildr Publishing\",\"description\":\"\",\"publisher\":{\"@id\":\"https:\/\/bookbildrpublishing.com\/fr\/#organization\"},\"potentialAction\":[{\"@type\":\"SearchAction\",\"target\":{\"@type\":\"EntryPoint\",\"urlTemplate\":\"https:\/\/bookbildrpublishing.com\/fr\/?s={search_term_string}\"},\"query-input\":{\"@type\":\"PropertyValueSpecification\",\"valueRequired\":true,\"valueName\":\"search_term_string\"}}],\"inLanguage\":\"fr-FR\"},{\"@type\":\"Organization\",\"@id\":\"https:\/\/bookbildrpublishing.com\/fr\/#organization\",\"name\":\"BookBildr Publishing\",\"url\":\"https:\/\/bookbildrpublishing.com\/fr\/\",\"logo\":{\"@type\":\"ImageObject\",\"inLanguage\":\"fr-FR\",\"@id\":\"https:\/\/bookbildrpublishing.com\/fr\/#\/schema\/logo\/image\/\",\"url\":\"https:\/\/bookbildrpublishing.com\/wp-content\/uploads\/2024\/06\/BookBildr-Publishing-logo.png\",\"contentUrl\":\"https:\/\/bookbildrpublishing.com\/wp-content\/uploads\/2024\/06\/BookBildr-Publishing-logo.png\",\"width\":200,\"height\":80,\"caption\":\"BookBildr Publishing\"},\"image\":{\"@id\":\"https:\/\/bookbildrpublishing.com\/fr\/#\/schema\/logo\/image\/\"}}]}<\/script>\n<!-- \/ Yoast SEO plugin. -->","yoast_head_json":{"title":"Emma rend visite \u00e0 Kounkoun et Popo en Chine | BookBildr Publishing","robots":{"index":"index","follow":"follow","max-snippet":"max-snippet:-1","max-image-preview":"max-image-preview:large","max-video-preview":"max-video-preview:-1"},"canonical":"https:\/\/bookbildrpublishing.com\/fr\/product\/emma-rend-visite-a-kounkoun-et-popo-en-chine\/","og_locale":"fr_FR","og_type":"article","og_title":"Emma rend visite \u00e0 Kounkoun et Popo en Chine | BookBildr Publishing","og_description":"Accompagnez Emma et ses parents dans leur voyage de Londres \u00e0 la Chine ! Pendant leur s\u00e9jour en Chine, Emma aura l'occasion de rencontrer les parents de sa m\u00e8re, d'explorer les march\u00e9s anim\u00e9s de Hong Kong, de se recueillir sur les tombes de ses anc\u00eatres, de s'immerger dans les coutumes chinoises et de participer aux festivit\u00e9s de l'anniversaire de son grand-p\u00e8re.","og_url":"https:\/\/bookbildrpublishing.com\/fr\/product\/emma-rend-visite-a-kounkoun-et-popo-en-chine\/","og_site_name":"BookBildr Publishing","article_modified_time":"2024-11-28T09:40:04+00:00","og_image":[{"width":1696,"height":2560,"url":"https:\/\/bookbildrpublishing.com\/wp-content\/uploads\/2024\/06\/Emma-ebook-cover-scaled.jpg","type":"image\/jpeg"}],"twitter_card":"summary_large_image","schema":{"@context":"https:\/\/schema.org","@graph":[{"@type":"WebPage","@id":"https:\/\/bookbildrpublishing.com\/fr\/product\/emma-rend-visite-a-kounkoun-et-popo-en-chine\/","url":"https:\/\/bookbildrpublishing.com\/fr\/product\/emma-rend-visite-a-kounkoun-et-popo-en-chine\/","name":"Emma rend visite \u00e0 Kounkoun et Popo en Chine | BookBildr Publishing","isPartOf":{"@id":"https:\/\/bookbildrpublishing.com\/fr\/#website"},"primaryImageOfPage":{"@id":"https:\/\/bookbildrpublishing.com\/fr\/product\/emma-rend-visite-a-kounkoun-et-popo-en-chine\/#primaryimage"},"image":{"@id":"https:\/\/bookbildrpublishing.com\/fr\/product\/emma-rend-visite-a-kounkoun-et-popo-en-chine\/#primaryimage"},"thumbnailUrl":"https:\/\/bookbildrpublishing.com\/wp-content\/uploads\/2024\/06\/Emma-ebook-cover-scaled.jpg","datePublished":"2024-06-28T08:00:38+00:00","dateModified":"2024-11-28T09:40:04+00:00","breadcrumb":{"@id":"https:\/\/bookbildrpublishing.com\/fr\/product\/emma-rend-visite-a-kounkoun-et-popo-en-chine\/#breadcrumb"},"inLanguage":"fr-FR","potentialAction":[{"@type":"ReadAction","target":["https:\/\/bookbildrpublishing.com\/fr\/product\/emma-rend-visite-a-kounkoun-et-popo-en-chine\/"]}]},{"@type":"ImageObject","inLanguage":"fr-FR","@id":"https:\/\/bookbildrpublishing.com\/fr\/product\/emma-rend-visite-a-kounkoun-et-popo-en-chine\/#primaryimage","url":"https:\/\/bookbildrpublishing.com\/wp-content\/uploads\/2024\/06\/Emma-ebook-cover-scaled.jpg","contentUrl":"https:\/\/bookbildrpublishing.com\/wp-content\/uploads\/2024\/06\/Emma-ebook-cover-scaled.jpg","width":1696,"height":2560},{"@type":"BreadcrumbList","@id":"https:\/\/bookbildrpublishing.com\/fr\/product\/emma-rend-visite-a-kounkoun-et-popo-en-chine\/#breadcrumb","itemListElement":[{"@type":"ListItem","position":1,"name":"Home","item":"https:\/\/bookbildrpublishing.com\/fr\/"},{"@type":"ListItem","position":2,"name":"Boutique","item":"https:\/\/bookbildrpublishing.com\/fr\/boutique\/"},{"@type":"ListItem","position":3,"name":"Emma rend visite \u00e0 Kounkoun et Popo en Chine"}]},{"@type":"WebSite","@id":"https:\/\/bookbildrpublishing.com\/fr\/#website","url":"https:\/\/bookbildrpublishing.com\/fr\/","name":"BookBildr Publishing","description":"","publisher":{"@id":"https:\/\/bookbildrpublishing.com\/fr\/#organization"},"potentialAction":[{"@type":"SearchAction","target":{"@type":"EntryPoint","urlTemplate":"https:\/\/bookbildrpublishing.com\/fr\/?s={search_term_string}"},"query-input":{"@type":"PropertyValueSpecification","valueRequired":true,"valueName":"search_term_string"}}],"inLanguage":"fr-FR"},{"@type":"Organization","@id":"https:\/\/bookbildrpublishing.com\/fr\/#organization","name":"BookBildr Publishing","url":"https:\/\/bookbildrpublishing.com\/fr\/","logo":{"@type":"ImageObject","inLanguage":"fr-FR","@id":"https:\/\/bookbildrpublishing.com\/fr\/#\/schema\/logo\/image\/","url":"https:\/\/bookbildrpublishing.com\/wp-content\/uploads\/2024\/06\/BookBildr-Publishing-logo.png","contentUrl":"https:\/\/bookbildrpublishing.com\/wp-content\/uploads\/2024\/06\/BookBildr-Publishing-logo.png","width":200,"height":80,"caption":"BookBildr Publishing"},"image":{"@id":"https:\/\/bookbildrpublishing.com\/fr\/#\/schema\/logo\/image\/"}}]}},"uagb_featured_image_src":{"full":["https:\/\/bookbildrpublishing.com\/wp-content\/uploads\/2024\/06\/Emma-ebook-cover-scaled.jpg",1696,2560,false],"thumbnail":["https:\/\/bookbildrpublishing.com\/wp-content\/uploads\/2024\/06\/Emma-ebook-cover-150x150.jpg",150,150,true],"medium":["https:\/\/bookbildrpublishing.com\/wp-content\/uploads\/2024\/06\/Emma-ebook-cover-199x300.jpg",199,300,true],"medium_large":["https:\/\/bookbildrpublishing.com\/wp-content\/uploads\/2024\/06\/Emma-ebook-cover-768x1160.jpg",768,1160,true],"large":["https:\/\/bookbildrpublishing.com\/wp-content\/uploads\/2024\/06\/Emma-ebook-cover-678x1024.jpg",678,1024,true],"1536x1536":["https:\/\/bookbildrpublishing.com\/wp-content\/uploads\/2024\/06\/Emma-ebook-cover-1017x1536.jpg",1017,1536,true],"2048x2048":["https:\/\/bookbildrpublishing.com\/wp-content\/uploads\/2024\/06\/Emma-ebook-cover-1356x2048.jpg",1356,2048,true],"woocommerce_thumbnail":["https:\/\/bookbildrpublishing.com\/wp-content\/uploads\/2024\/06\/Emma-ebook-cover-scaled-300x300.jpg",300,300,true],"woocommerce_single":["https:\/\/bookbildrpublishing.com\/wp-content\/uploads\/2024\/06\/Emma-ebook-cover-scaled-600x906.jpg",600,906,true],"woocommerce_gallery_thumbnail":["https:\/\/bookbildrpublishing.com\/wp-content\/uploads\/2024\/06\/Emma-ebook-cover-scaled-100x100.jpg",100,100,true]},"uagb_author_info":{"display_name":"admin","author_link":"https:\/\/bookbildrpublishing.com\/fr\/author\/"},"uagb_comment_info":0,"uagb_excerpt":"Accompagnez Emma et ses parents dans leur voyage de Londres \u00e0 la Chine ! Pendant leur s\u00e9jour en Chine, Emma aura l'occasion de rencontrer les parents de sa m\u00e8re, d'explorer les march\u00e9s anim\u00e9s de Hong Kong, de se recueillir sur les tombes de ses anc\u00eatres, de s'immerger dans les coutumes chinoises et de participer aux\u2026","_links":{"self":[{"href":"https:\/\/bookbildrpublishing.com\/fr\/wp-json\/wp\/v2\/product\/2384","targetHints":{"allow":["GET"]}}],"collection":[{"href":"https:\/\/bookbildrpublishing.com\/fr\/wp-json\/wp\/v2\/product"}],"about":[{"href":"https:\/\/bookbildrpublishing.com\/fr\/wp-json\/wp\/v2\/types\/product"}],"replies":[{"embeddable":true,"href":"https:\/\/bookbildrpublishing.com\/fr\/wp-json\/wp\/v2\/comments?post=2384"}],"wp:featuredmedia":[{"embeddable":true,"href":"https:\/\/bookbildrpublishing.com\/fr\/wp-json\/wp\/v2\/media\/1965"}],"wp:attachment":[{"href":"https:\/\/bookbildrpublishing.com\/fr\/wp-json\/wp\/v2\/media?parent=2384"}],"wp:term":[{"taxonomy":"product_brand","embeddable":true,"href":"https:\/\/bookbildrpublishing.com\/fr\/wp-json\/wp\/v2\/product_brand?post=2384"},{"taxonomy":"product_cat","embeddable":true,"href":"https:\/\/bookbildrpublishing.com\/fr\/wp-json\/wp\/v2\/product_cat?post=2384"},{"taxonomy":"product_tag","embeddable":true,"href":"https:\/\/bookbildrpublishing.com\/fr\/wp-json\/wp\/v2\/product_tag?post=2384"}],"curies":[{"name":"wp","href":"https:\/\/api.w.org\/{rel}","templated":true}]}}