{"id":2378,"date":"2024-06-28T08:09:52","date_gmt":"2024-06-28T08:09:52","guid":{"rendered":"https:\/\/bookbildrpublishing.com\/product\/la-cite-du-bonheur\/"},"modified":"2024-11-28T09:39:59","modified_gmt":"2024-11-28T09:39:59","slug":"la-cite-du-bonheur","status":"publish","type":"product","link":"https:\/\/bookbildrpublishing.com\/fr\/product\/la-cite-du-bonheur\/","title":{"rendered":"La cit\u00e9 du bonheur"},"content":{"rendered":"<p>\u00ab\u00a0La Cit\u00e9 du bonheur\u00a0\u00bb raconte l&rsquo;histoire de deux gar\u00e7ons, Jimmy et Paul, que le destin et la malchance ont r\u00e9unis entre les murs d&rsquo;un terrible orphelinat nomm\u00e9 Child House. Cet orphelinat est dirig\u00e9 par le tout aussi \u00e9pouvantable M. Snodgrass, qui prend un malin plaisir \u00e0 leur causer un inconfort extr\u00eame, par le biais de travaux manuels lourds ou de punitions s\u00e9v\u00e8res. Jimmy et Paul s&rsquo;\u00e9chappent avec audace, emmenant avec eux Ben, le chien du chef au mauvais caract\u00e8re. Au cours de leurs aventures, ils rencontrent de nombreuses personnes \u00e9tranges et des cr\u00e9atures bizarres : Skiddy-Biddy-Doodle-Um, Nosey Nerbert, Chumpet l&rsquo;ogre g\u00e9ant, les m\u00e9chants, Miss Lucy et la plaque d&rsquo;aiguille, les Sklib-Globs, Clara la sorci\u00e8re, et bien d&rsquo;autres encore. Finalement, ils se retrouvent dans la Cit\u00e9 des Larmes, autrefois connue sous le nom de Cit\u00e9 du Bonheur. Les gens pleurent parce que le roi a \u00e9t\u00e9 enlev\u00e9 par Clara la sorci\u00e8re, qui a jur\u00e9 que le roi ne reviendrait pas tant qu&rsquo;une rivi\u00e8re n&rsquo;aurait pas fait le tour de la ville, ce qui est une t\u00e2che presque impossible. Comment y parviendront-ils ? <\/p>\n","protected":false},"excerpt":{"rendered":"<p>\u00ab\u00a0La Cit\u00e9 du bonheur\u00a0\u00bb raconte l&rsquo;histoire de deux gar\u00e7ons, Jimmy et Paul, que le destin et la malchance ont r\u00e9unis entre les murs d&rsquo;un terrible orphelinat nomm\u00e9 Child House. Child House est dirig\u00e9 par le tout aussi terrible M. Snodgrass, qui prend un malin plaisir \u00e0 leur causer un inconfort extr\u00eame, par le biais de travaux manuels lourds ou de punitions s\u00e9v\u00e8res. <\/p>\n","protected":false},"featured_media":1799,"comment_status":"open","ping_status":"closed","template":"","meta":{"_uag_custom_page_level_css":"","site-sidebar-layout":"default","site-content-layout":"","ast-site-content-layout":"default","site-content-style":"default","site-sidebar-style":"default","ast-global-header-display":"","ast-banner-title-visibility":"","ast-main-header-display":"","ast-hfb-above-header-display":"","ast-hfb-below-header-display":"","ast-hfb-mobile-header-display":"","site-post-title":"","ast-breadcrumbs-content":"","ast-featured-img":"","footer-sml-layout":"","theme-transparent-header-meta":"default","adv-header-id-meta":"","stick-header-meta":"","header-above-stick-meta":"","header-main-stick-meta":"","header-below-stick-meta":"","astra-migrate-meta-layouts":"default","ast-page-background-enabled":"default","ast-page-background-meta":{"desktop":{"background-color":"var(--ast-global-color-4)","background-image":"","background-repeat":"repeat","background-position":"center center","background-size":"auto","background-attachment":"scroll","background-type":"","background-media":"","overlay-type":"","overlay-color":"","overlay-opacity":"","overlay-gradient":""},"tablet":{"background-color":"","background-image":"","background-repeat":"repeat","background-position":"center center","background-size":"auto","background-attachment":"scroll","background-type":"","background-media":"","overlay-type":"","overlay-color":"","overlay-opacity":"","overlay-gradient":""},"mobile":{"background-color":"","background-image":"","background-repeat":"repeat","background-position":"center center","background-size":"auto","background-attachment":"scroll","background-type":"","background-media":"","overlay-type":"","overlay-color":"","overlay-opacity":"","overlay-gradient":""}},"ast-content-background-meta":{"desktop":{"background-color":"var(--ast-global-color-5)","background-image":"","background-repeat":"repeat","background-position":"center center","background-size":"auto","background-attachment":"scroll","background-type":"","background-media":"","overlay-type":"","overlay-color":"","overlay-opacity":"","overlay-gradient":""},"tablet":{"background-color":"var(--ast-global-color-5)","background-image":"","background-repeat":"repeat","background-position":"center center","background-size":"auto","background-attachment":"scroll","background-type":"","background-media":"","overlay-type":"","overlay-color":"","overlay-opacity":"","overlay-gradient":""},"mobile":{"background-color":"var(--ast-global-color-5)","background-image":"","background-repeat":"repeat","background-position":"center center","background-size":"auto","background-attachment":"scroll","background-type":"","background-media":"","overlay-type":"","overlay-color":"","overlay-opacity":"","overlay-gradient":""}}},"product_brand":[],"product_cat":[74,70],"product_tag":[],"class_list":{"0":"post-2378","1":"product","2":"type-product","3":"status-publish","4":"has-post-thumbnail","6":"product_cat-livres-a-chapitres","7":"product_cat-livres-pour-enfants","8":"desktop-align-left","9":"tablet-align-left","10":"mobile-align-left","12":"first","13":"instock","14":"shipping-taxable","15":"product-type-external"},"yoast_head":"<!-- This site is optimized with the Yoast SEO plugin v25.6 - https:\/\/yoast.com\/wordpress\/plugins\/seo\/ -->\n<title>La cit\u00e9 du bonheur | BookBildr Publishing<\/title>\n<meta name=\"robots\" content=\"index, follow, max-snippet:-1, max-image-preview:large, max-video-preview:-1\" \/>\n<link rel=\"canonical\" href=\"https:\/\/bookbildrpublishing.com\/fr\/product\/la-cite-du-bonheur\/\" \/>\n<meta property=\"og:locale\" content=\"fr_FR\" \/>\n<meta property=\"og:type\" content=\"article\" \/>\n<meta property=\"og:title\" content=\"La cit\u00e9 du bonheur | BookBildr Publishing\" \/>\n<meta property=\"og:description\" content=\"&quot;La Cit\u00e9 du bonheur&quot; raconte l&#039;histoire de deux gar\u00e7ons, Jimmy et Paul, que le destin et la malchance ont r\u00e9unis entre les murs d&#039;un terrible orphelinat nomm\u00e9 Child House. Child House est dirig\u00e9 par le tout aussi terrible M. Snodgrass, qui prend un malin plaisir \u00e0 leur causer un inconfort extr\u00eame, par le biais de travaux manuels lourds ou de punitions s\u00e9v\u00e8res.\" \/>\n<meta property=\"og:url\" content=\"https:\/\/bookbildrpublishing.com\/fr\/product\/la-cite-du-bonheur\/\" \/>\n<meta property=\"og:site_name\" content=\"BookBildr Publishing\" \/>\n<meta property=\"article:modified_time\" content=\"2024-11-28T09:39:59+00:00\" \/>\n<meta property=\"og:image\" content=\"https:\/\/bookbildrpublishing.com\/wp-content\/uploads\/2024\/06\/71NGnhZlL._SL1499_.jpg\" \/>\n\t<meta property=\"og:image:width\" content=\"1000\" \/>\n\t<meta property=\"og:image:height\" content=\"1499\" \/>\n\t<meta property=\"og:image:type\" content=\"image\/jpeg\" \/>\n<meta name=\"twitter:card\" content=\"summary_large_image\" \/>\n<script type=\"application\/ld+json\" class=\"yoast-schema-graph\">{\"@context\":\"https:\/\/schema.org\",\"@graph\":[{\"@type\":\"WebPage\",\"@id\":\"https:\/\/bookbildrpublishing.com\/fr\/product\/la-cite-du-bonheur\/\",\"url\":\"https:\/\/bookbildrpublishing.com\/fr\/product\/la-cite-du-bonheur\/\",\"name\":\"La cit\u00e9 du bonheur | BookBildr Publishing\",\"isPartOf\":{\"@id\":\"https:\/\/bookbildrpublishing.com\/fr\/#website\"},\"primaryImageOfPage\":{\"@id\":\"https:\/\/bookbildrpublishing.com\/fr\/product\/la-cite-du-bonheur\/#primaryimage\"},\"image\":{\"@id\":\"https:\/\/bookbildrpublishing.com\/fr\/product\/la-cite-du-bonheur\/#primaryimage\"},\"thumbnailUrl\":\"https:\/\/bookbildrpublishing.com\/wp-content\/uploads\/2024\/06\/71NGnhZlL._SL1499_.jpg\",\"datePublished\":\"2024-06-28T08:09:52+00:00\",\"dateModified\":\"2024-11-28T09:39:59+00:00\",\"breadcrumb\":{\"@id\":\"https:\/\/bookbildrpublishing.com\/fr\/product\/la-cite-du-bonheur\/#breadcrumb\"},\"inLanguage\":\"fr-FR\",\"potentialAction\":[{\"@type\":\"ReadAction\",\"target\":[\"https:\/\/bookbildrpublishing.com\/fr\/product\/la-cite-du-bonheur\/\"]}]},{\"@type\":\"ImageObject\",\"inLanguage\":\"fr-FR\",\"@id\":\"https:\/\/bookbildrpublishing.com\/fr\/product\/la-cite-du-bonheur\/#primaryimage\",\"url\":\"https:\/\/bookbildrpublishing.com\/wp-content\/uploads\/2024\/06\/71NGnhZlL._SL1499_.jpg\",\"contentUrl\":\"https:\/\/bookbildrpublishing.com\/wp-content\/uploads\/2024\/06\/71NGnhZlL._SL1499_.jpg\",\"width\":1000,\"height\":1499,\"caption\":\"city of happiness\"},{\"@type\":\"BreadcrumbList\",\"@id\":\"https:\/\/bookbildrpublishing.com\/fr\/product\/la-cite-du-bonheur\/#breadcrumb\",\"itemListElement\":[{\"@type\":\"ListItem\",\"position\":1,\"name\":\"Home\",\"item\":\"https:\/\/bookbildrpublishing.com\/fr\/\"},{\"@type\":\"ListItem\",\"position\":2,\"name\":\"Boutique\",\"item\":\"https:\/\/bookbildrpublishing.com\/fr\/boutique\/\"},{\"@type\":\"ListItem\",\"position\":3,\"name\":\"La cit\u00e9 du bonheur\"}]},{\"@type\":\"WebSite\",\"@id\":\"https:\/\/bookbildrpublishing.com\/fr\/#website\",\"url\":\"https:\/\/bookbildrpublishing.com\/fr\/\",\"name\":\"BookBildr Publishing\",\"description\":\"\",\"publisher\":{\"@id\":\"https:\/\/bookbildrpublishing.com\/fr\/#organization\"},\"potentialAction\":[{\"@type\":\"SearchAction\",\"target\":{\"@type\":\"EntryPoint\",\"urlTemplate\":\"https:\/\/bookbildrpublishing.com\/fr\/?s={search_term_string}\"},\"query-input\":{\"@type\":\"PropertyValueSpecification\",\"valueRequired\":true,\"valueName\":\"search_term_string\"}}],\"inLanguage\":\"fr-FR\"},{\"@type\":\"Organization\",\"@id\":\"https:\/\/bookbildrpublishing.com\/fr\/#organization\",\"name\":\"BookBildr Publishing\",\"url\":\"https:\/\/bookbildrpublishing.com\/fr\/\",\"logo\":{\"@type\":\"ImageObject\",\"inLanguage\":\"fr-FR\",\"@id\":\"https:\/\/bookbildrpublishing.com\/fr\/#\/schema\/logo\/image\/\",\"url\":\"https:\/\/bookbildrpublishing.com\/wp-content\/uploads\/2024\/06\/BookBildr-Publishing-logo.png\",\"contentUrl\":\"https:\/\/bookbildrpublishing.com\/wp-content\/uploads\/2024\/06\/BookBildr-Publishing-logo.png\",\"width\":200,\"height\":80,\"caption\":\"BookBildr Publishing\"},\"image\":{\"@id\":\"https:\/\/bookbildrpublishing.com\/fr\/#\/schema\/logo\/image\/\"}}]}<\/script>\n<!-- \/ Yoast SEO plugin. -->","yoast_head_json":{"title":"La cit\u00e9 du bonheur | BookBildr Publishing","robots":{"index":"index","follow":"follow","max-snippet":"max-snippet:-1","max-image-preview":"max-image-preview:large","max-video-preview":"max-video-preview:-1"},"canonical":"https:\/\/bookbildrpublishing.com\/fr\/product\/la-cite-du-bonheur\/","og_locale":"fr_FR","og_type":"article","og_title":"La cit\u00e9 du bonheur | BookBildr Publishing","og_description":"\"La Cit\u00e9 du bonheur\" raconte l'histoire de deux gar\u00e7ons, Jimmy et Paul, que le destin et la malchance ont r\u00e9unis entre les murs d'un terrible orphelinat nomm\u00e9 Child House. Child House est dirig\u00e9 par le tout aussi terrible M. Snodgrass, qui prend un malin plaisir \u00e0 leur causer un inconfort extr\u00eame, par le biais de travaux manuels lourds ou de punitions s\u00e9v\u00e8res.","og_url":"https:\/\/bookbildrpublishing.com\/fr\/product\/la-cite-du-bonheur\/","og_site_name":"BookBildr Publishing","article_modified_time":"2024-11-28T09:39:59+00:00","og_image":[{"width":1000,"height":1499,"url":"https:\/\/bookbildrpublishing.com\/wp-content\/uploads\/2024\/06\/71NGnhZlL._SL1499_.jpg","type":"image\/jpeg"}],"twitter_card":"summary_large_image","schema":{"@context":"https:\/\/schema.org","@graph":[{"@type":"WebPage","@id":"https:\/\/bookbildrpublishing.com\/fr\/product\/la-cite-du-bonheur\/","url":"https:\/\/bookbildrpublishing.com\/fr\/product\/la-cite-du-bonheur\/","name":"La cit\u00e9 du bonheur | BookBildr Publishing","isPartOf":{"@id":"https:\/\/bookbildrpublishing.com\/fr\/#website"},"primaryImageOfPage":{"@id":"https:\/\/bookbildrpublishing.com\/fr\/product\/la-cite-du-bonheur\/#primaryimage"},"image":{"@id":"https:\/\/bookbildrpublishing.com\/fr\/product\/la-cite-du-bonheur\/#primaryimage"},"thumbnailUrl":"https:\/\/bookbildrpublishing.com\/wp-content\/uploads\/2024\/06\/71NGnhZlL._SL1499_.jpg","datePublished":"2024-06-28T08:09:52+00:00","dateModified":"2024-11-28T09:39:59+00:00","breadcrumb":{"@id":"https:\/\/bookbildrpublishing.com\/fr\/product\/la-cite-du-bonheur\/#breadcrumb"},"inLanguage":"fr-FR","potentialAction":[{"@type":"ReadAction","target":["https:\/\/bookbildrpublishing.com\/fr\/product\/la-cite-du-bonheur\/"]}]},{"@type":"ImageObject","inLanguage":"fr-FR","@id":"https:\/\/bookbildrpublishing.com\/fr\/product\/la-cite-du-bonheur\/#primaryimage","url":"https:\/\/bookbildrpublishing.com\/wp-content\/uploads\/2024\/06\/71NGnhZlL._SL1499_.jpg","contentUrl":"https:\/\/bookbildrpublishing.com\/wp-content\/uploads\/2024\/06\/71NGnhZlL._SL1499_.jpg","width":1000,"height":1499,"caption":"city of happiness"},{"@type":"BreadcrumbList","@id":"https:\/\/bookbildrpublishing.com\/fr\/product\/la-cite-du-bonheur\/#breadcrumb","itemListElement":[{"@type":"ListItem","position":1,"name":"Home","item":"https:\/\/bookbildrpublishing.com\/fr\/"},{"@type":"ListItem","position":2,"name":"Boutique","item":"https:\/\/bookbildrpublishing.com\/fr\/boutique\/"},{"@type":"ListItem","position":3,"name":"La cit\u00e9 du bonheur"}]},{"@type":"WebSite","@id":"https:\/\/bookbildrpublishing.com\/fr\/#website","url":"https:\/\/bookbildrpublishing.com\/fr\/","name":"BookBildr Publishing","description":"","publisher":{"@id":"https:\/\/bookbildrpublishing.com\/fr\/#organization"},"potentialAction":[{"@type":"SearchAction","target":{"@type":"EntryPoint","urlTemplate":"https:\/\/bookbildrpublishing.com\/fr\/?s={search_term_string}"},"query-input":{"@type":"PropertyValueSpecification","valueRequired":true,"valueName":"search_term_string"}}],"inLanguage":"fr-FR"},{"@type":"Organization","@id":"https:\/\/bookbildrpublishing.com\/fr\/#organization","name":"BookBildr Publishing","url":"https:\/\/bookbildrpublishing.com\/fr\/","logo":{"@type":"ImageObject","inLanguage":"fr-FR","@id":"https:\/\/bookbildrpublishing.com\/fr\/#\/schema\/logo\/image\/","url":"https:\/\/bookbildrpublishing.com\/wp-content\/uploads\/2024\/06\/BookBildr-Publishing-logo.png","contentUrl":"https:\/\/bookbildrpublishing.com\/wp-content\/uploads\/2024\/06\/BookBildr-Publishing-logo.png","width":200,"height":80,"caption":"BookBildr Publishing"},"image":{"@id":"https:\/\/bookbildrpublishing.com\/fr\/#\/schema\/logo\/image\/"}}]}},"uagb_featured_image_src":{"full":["https:\/\/bookbildrpublishing.com\/wp-content\/uploads\/2024\/06\/71NGnhZlL._SL1499_.jpg",1000,1499,false],"thumbnail":["https:\/\/bookbildrpublishing.com\/wp-content\/uploads\/2024\/06\/71NGnhZlL._SL1499_-150x150.jpg",150,150,true],"medium":["https:\/\/bookbildrpublishing.com\/wp-content\/uploads\/2024\/06\/71NGnhZlL._SL1499_-200x300.jpg",200,300,true],"medium_large":["https:\/\/bookbildrpublishing.com\/wp-content\/uploads\/2024\/06\/71NGnhZlL._SL1499_-768x1151.jpg",768,1151,true],"large":["https:\/\/bookbildrpublishing.com\/wp-content\/uploads\/2024\/06\/71NGnhZlL._SL1499_-683x1024.jpg",683,1024,true],"1536x1536":["https:\/\/bookbildrpublishing.com\/wp-content\/uploads\/2024\/06\/71NGnhZlL._SL1499_.jpg",1000,1499,false],"2048x2048":["https:\/\/bookbildrpublishing.com\/wp-content\/uploads\/2024\/06\/71NGnhZlL._SL1499_.jpg",1000,1499,false],"woocommerce_thumbnail":["https:\/\/bookbildrpublishing.com\/wp-content\/uploads\/2024\/06\/71NGnhZlL._SL1499_-300x300.jpg",300,300,true],"woocommerce_single":["https:\/\/bookbildrpublishing.com\/wp-content\/uploads\/2024\/06\/71NGnhZlL._SL1499_-600x899.jpg",600,899,true],"woocommerce_gallery_thumbnail":["https:\/\/bookbildrpublishing.com\/wp-content\/uploads\/2024\/06\/71NGnhZlL._SL1499_-100x100.jpg",100,100,true]},"uagb_author_info":{"display_name":"admin","author_link":"https:\/\/bookbildrpublishing.com\/fr\/author\/"},"uagb_comment_info":0,"uagb_excerpt":"\"La Cit\u00e9 du bonheur\" raconte l'histoire de deux gar\u00e7ons, Jimmy et Paul, que le destin et la malchance ont r\u00e9unis entre les murs d'un terrible orphelinat nomm\u00e9 Child House. Child House est dirig\u00e9 par le tout aussi terrible M. Snodgrass, qui prend un malin plaisir \u00e0 leur causer un inconfort extr\u00eame, par le biais de\u2026","_links":{"self":[{"href":"https:\/\/bookbildrpublishing.com\/fr\/wp-json\/wp\/v2\/product\/2378","targetHints":{"allow":["GET"]}}],"collection":[{"href":"https:\/\/bookbildrpublishing.com\/fr\/wp-json\/wp\/v2\/product"}],"about":[{"href":"https:\/\/bookbildrpublishing.com\/fr\/wp-json\/wp\/v2\/types\/product"}],"replies":[{"embeddable":true,"href":"https:\/\/bookbildrpublishing.com\/fr\/wp-json\/wp\/v2\/comments?post=2378"}],"wp:featuredmedia":[{"embeddable":true,"href":"https:\/\/bookbildrpublishing.com\/fr\/wp-json\/wp\/v2\/media\/1799"}],"wp:attachment":[{"href":"https:\/\/bookbildrpublishing.com\/fr\/wp-json\/wp\/v2\/media?parent=2378"}],"wp:term":[{"taxonomy":"product_brand","embeddable":true,"href":"https:\/\/bookbildrpublishing.com\/fr\/wp-json\/wp\/v2\/product_brand?post=2378"},{"taxonomy":"product_cat","embeddable":true,"href":"https:\/\/bookbildrpublishing.com\/fr\/wp-json\/wp\/v2\/product_cat?post=2378"},{"taxonomy":"product_tag","embeddable":true,"href":"https:\/\/bookbildrpublishing.com\/fr\/wp-json\/wp\/v2\/product_tag?post=2378"}],"curies":[{"name":"wp","href":"https:\/\/api.w.org\/{rel}","templated":true}]}}