{"id":2373,"date":"2024-06-28T08:07:46","date_gmt":"2024-06-28T08:07:46","guid":{"rendered":"https:\/\/bookbildrpublishing.com\/product\/recherche-de-mots-dans-la-bible-pour-les-enfants\/"},"modified":"2024-11-28T09:39:56","modified_gmt":"2024-11-28T09:39:56","slug":"recherche-de-mots-dans-la-bible-pour-les-enfants","status":"publish","type":"product","link":"https:\/\/bookbildrpublishing.com\/fr\/product\/recherche-de-mots-dans-la-bible-pour-les-enfants\/","title":{"rendered":"Recherche de mots dans la Bible pour les enfants"},"content":{"rendered":"<p>Vous cherchez une fa\u00e7on cr\u00e9ative d&rsquo;initier votre enfant \u00e0 la Bible ? Ne cherchez pas plus loin ! Notre livre d&rsquo;activit\u00e9s de recherche de mots dans la Bible pour les enfants offre un d\u00e9licieux m\u00e9lange de foi et d&rsquo;amusement \u00e0 travers des puzzles attrayants con\u00e7us sp\u00e9cialement pour les jeunes esprits.  <\/p>\n<p><span class=\"a-text-bold\">Caract\u00e9ristiques principales :<\/span><\/p>\n<ul class=\"a-unordered-list a-vertical\">\n<li><span class=\"a-list-item\"><span class=\"a-text-bold\">Bible Word Search for Kids :<\/span> Des mots cach\u00e9s sp\u00e9cialement con\u00e7us pour les <span class=\"a-text-bold\">enfants<\/span> qui se concentrent sur les histoires, les personnages et les th\u00e8mes essentiels de la Bible, rendant ainsi l&rsquo;apprentissage de la Bible interactif et agr\u00e9able.<\/span><\/li>\n<li><span class=\"a-list-item\"><span class=\"a-text-bold\">Gros caract\u00e8res pour une lecture facile :<\/span> Chaque puzzle est imprim\u00e9 en gros caract\u00e8res clairs pour que les enfants puissent facilement lire et rep\u00e9rer les mots sans se fatiguer les yeux. Parfait pour les enfants et ceux qui pr\u00e9f\u00e8rent les gros caract\u00e8res. <\/span><\/li>\n<li><span class=\"a-list-item\"><span class=\"a-text-bold\">\u00c9ducatif et divertissant :<\/span> Ces puzzles permettent d&rsquo;am\u00e9liorer le vocabulaire, de renforcer les comp\u00e9tences en mati\u00e8re de r\u00e9solution de probl\u00e8mes et d&rsquo;approfondir la compr\u00e9hension de la Bible. C&rsquo;est aussi un moyen amusant d&rsquo;aider les enfants \u00e0 renforcer leur foi chr\u00e9tienne et de trouver un sujet de discussion pour les \u00e9tudes bibliques. <\/span><\/li>\n<li><span class=\"a-list-item\"><span class=\"a-text-bold\">Convient \u00e0 tous les \u00e2ges :<\/span> Bien que con\u00e7us pour les enfants, ces puzzles sont \u00e9galement parfaits pour les activit\u00e9s familiales, les classes de l&rsquo;\u00e9cole du dimanche et les groupes d&rsquo;\u00e9tude biblique.<\/span><\/li>\n<li><span class=\"a-list-item\"><span class=\"a-text-bold\">Magnifiquement illustr\u00e9 :<\/span> Chaque puzzle est accompagn\u00e9 d&rsquo;illustrations qui donnent vie aux versets bibliques et rendent le livre d&rsquo;activit\u00e9s visuellement attrayant. Parfait pour les enfants. <\/span><\/li>\n<\/ul>\n<p><span class=\"a-text-bold\">Pourquoi choisir notre livre d&rsquo;activit\u00e9s de recherche de mots dans la Bible pour les enfants ?<\/span><\/p>\n<ol class=\"a-ordered-list a-vertical\">\n<li><span class=\"a-list-item\"><span class=\"a-text-bold\">Apprentissage bas\u00e9 sur la foi :<\/span> Encouragez votre enfant \u00e0 explorer et \u00e0 apprendre la Bible d&rsquo;une mani\u00e8re amusante et interactive.<\/span><\/li>\n<li><span class=\"a-list-item\"><span class=\"a-text-bold\">D\u00e9veloppe des comp\u00e9tences cl\u00e9s :<\/span> Aide les enfants \u00e0 d\u00e9velopper leur esprit critique, leur orthographe et leur compr\u00e9hension de la lecture.<\/span><\/li>\n<li><span class=\"a-list-item\"><span class=\"a-text-bold\">Du temps de qualit\u00e9 en famille :<\/span> une merveilleuse fa\u00e7on de passer du temps de qualit\u00e9 avec vos enfants, en favorisant \u00e0 la fois la foi et l&rsquo;apprentissage.<\/span><\/li>\n<\/ol>\n<p>Vous et vos enfants adorerez passer du temps \u00e0 r\u00e9soudre ces mots cach\u00e9s chr\u00e9tiens !<\/p>\n","protected":false},"excerpt":{"rendered":"<h4><span class=\"a-text-bold\">D\u00e9couvrez les joies de l&rsquo;apprentissage de la Bible gr\u00e2ce \u00e0 des puzzles de recherche de mots amusants et captivants !<\/span><\/h4>\n<p>Vous cherchez une fa\u00e7on cr\u00e9ative d&rsquo;initier votre enfant \u00e0 la Bible ? Ne cherchez pas plus loin ! Notre livre d&rsquo;activit\u00e9s de recherche de mots dans la Bible pour les enfants offre un d\u00e9licieux m\u00e9lange de foi et d&rsquo;amusement \u00e0 travers des puzzles attrayants con\u00e7us sp\u00e9cialement pour les jeunes esprits.  <\/p>\n<p><span class=\"a-text-bold\">Caract\u00e9ristiques principales :<\/span><\/p>\n<ul class=\"a-unordered-list a-vertical\">\n<li><span class=\"a-list-item\"><span class=\"a-text-bold\">Bible Word Search for Kids :<\/span> Des mots cach\u00e9s sp\u00e9cialement con\u00e7us pour les <span class=\"a-text-bold\">enfants<\/span> qui se concentrent sur les histoires, les personnages et les th\u00e8mes essentiels de la Bible, rendant ainsi l&rsquo;apprentissage de la Bible interactif et agr\u00e9able.<\/span><\/li>\n<li><span class=\"a-list-item\"><span class=\"a-text-bold\">Gros caract\u00e8res pour une lecture facile :<\/span> Chaque puzzle est imprim\u00e9 en gros caract\u00e8res clairs pour que les enfants puissent facilement lire et rep\u00e9rer les mots sans se fatiguer les yeux. Parfait pour les enfants et ceux qui pr\u00e9f\u00e8rent les gros caract\u00e8res. <\/span><\/li>\n<li><span class=\"a-list-item\"><span class=\"a-text-bold\">\u00c9ducatif et divertissant :<\/span> Ces puzzles permettent d&rsquo;am\u00e9liorer le vocabulaire, de renforcer les comp\u00e9tences en mati\u00e8re de r\u00e9solution de probl\u00e8mes et d&rsquo;approfondir la compr\u00e9hension de la Bible. C&rsquo;est aussi un moyen amusant d&rsquo;aider les enfants \u00e0 renforcer leur foi chr\u00e9tienne et de trouver un sujet de discussion pour les \u00e9tudes bibliques. <\/span><\/li>\n<li><span class=\"a-list-item\"><span class=\"a-text-bold\">Convient \u00e0 tous les \u00e2ges :<\/span> Bien que con\u00e7us pour les enfants, ces puzzles sont \u00e9galement parfaits pour les activit\u00e9s familiales, les classes de l&rsquo;\u00e9cole du dimanche et les groupes d&rsquo;\u00e9tude biblique.<\/span><\/li>\n<li><span class=\"a-list-item\"><span class=\"a-text-bold\">Magnifiquement illustr\u00e9 :<\/span> Chaque puzzle est accompagn\u00e9 d&rsquo;illustrations qui donnent vie aux versets bibliques et rendent le livre d&rsquo;activit\u00e9s visuellement attrayant. Parfait pour les enfants. <\/span><\/li>\n<\/ul>\n","protected":false},"featured_media":1797,"comment_status":"open","ping_status":"closed","template":"","meta":{"_uag_custom_page_level_css":"","site-sidebar-layout":"default","site-content-layout":"","ast-site-content-layout":"default","site-content-style":"default","site-sidebar-style":"default","ast-global-header-display":"","ast-banner-title-visibility":"","ast-main-header-display":"","ast-hfb-above-header-display":"","ast-hfb-below-header-display":"","ast-hfb-mobile-header-display":"","site-post-title":"","ast-breadcrumbs-content":"","ast-featured-img":"","footer-sml-layout":"","theme-transparent-header-meta":"default","adv-header-id-meta":"","stick-header-meta":"","header-above-stick-meta":"","header-main-stick-meta":"","header-below-stick-meta":"","astra-migrate-meta-layouts":"default","ast-page-background-enabled":"default","ast-page-background-meta":{"desktop":{"background-color":"var(--ast-global-color-4)","background-image":"","background-repeat":"repeat","background-position":"center center","background-size":"auto","background-attachment":"scroll","background-type":"","background-media":"","overlay-type":"","overlay-color":"","overlay-opacity":"","overlay-gradient":""},"tablet":{"background-color":"","background-image":"","background-repeat":"repeat","background-position":"center center","background-size":"auto","background-attachment":"scroll","background-type":"","background-media":"","overlay-type":"","overlay-color":"","overlay-opacity":"","overlay-gradient":""},"mobile":{"background-color":"","background-image":"","background-repeat":"repeat","background-position":"center center","background-size":"auto","background-attachment":"scroll","background-type":"","background-media":"","overlay-type":"","overlay-color":"","overlay-opacity":"","overlay-gradient":""}},"ast-content-background-meta":{"desktop":{"background-color":"var(--ast-global-color-5)","background-image":"","background-repeat":"repeat","background-position":"center center","background-size":"auto","background-attachment":"scroll","background-type":"","background-media":"","overlay-type":"","overlay-color":"","overlay-opacity":"","overlay-gradient":""},"tablet":{"background-color":"var(--ast-global-color-5)","background-image":"","background-repeat":"repeat","background-position":"center center","background-size":"auto","background-attachment":"scroll","background-type":"","background-media":"","overlay-type":"","overlay-color":"","overlay-opacity":"","overlay-gradient":""},"mobile":{"background-color":"var(--ast-global-color-5)","background-image":"","background-repeat":"repeat","background-position":"center center","background-size":"auto","background-attachment":"scroll","background-type":"","background-media":"","overlay-type":"","overlay-color":"","overlay-opacity":"","overlay-gradient":""}}},"product_brand":[],"product_cat":[76,70],"product_tag":[],"class_list":{"0":"post-2373","1":"product","2":"type-product","3":"status-publish","4":"has-post-thumbnail","6":"product_cat-cahiers-dactivites","7":"product_cat-livres-pour-enfants","8":"desktop-align-left","9":"tablet-align-left","10":"mobile-align-left","12":"first","13":"instock","14":"shipping-taxable","15":"product-type-external"},"yoast_head":"<!-- This site is optimized with the Yoast SEO plugin v25.6 - https:\/\/yoast.com\/wordpress\/plugins\/seo\/ -->\n<title>Recherche de mots dans la Bible pour les enfants | BookBildr Publishing<\/title>\n<meta name=\"robots\" content=\"index, follow, max-snippet:-1, max-image-preview:large, max-video-preview:-1\" \/>\n<link rel=\"canonical\" href=\"https:\/\/bookbildrpublishing.com\/fr\/product\/recherche-de-mots-dans-la-bible-pour-les-enfants\/\" \/>\n<meta property=\"og:locale\" content=\"fr_FR\" \/>\n<meta property=\"og:type\" content=\"article\" \/>\n<meta property=\"og:title\" content=\"Recherche de mots dans la Bible pour les enfants | BookBildr Publishing\" \/>\n<meta property=\"og:description\" content=\"D\u00e9couvrez les joies de l&#039;apprentissage de la Bible gr\u00e2ce \u00e0 des puzzles de recherche de mots amusants et captivants ! Vous cherchez une fa\u00e7on cr\u00e9ative d&#039;initier votre enfant \u00e0 la Bible ? Ne cherchez pas plus loin ! Notre livre d&#039;activit\u00e9s de recherche de mots dans la Bible pour les enfants offre un d\u00e9licieux m\u00e9lange de foi et d&#039;amusement \u00e0 travers des puzzles attrayants con\u00e7us sp\u00e9cialement pour les jeunes esprits.  Caract\u00e9ristiques principales :  Bible Word Search for Kids : Des mots cach\u00e9s sp\u00e9cialement con\u00e7us pour les enfants qui se concentrent sur les histoires, les personnages et les th\u00e8mes essentiels de la Bible, rendant ainsi l&#039;apprentissage de la Bible interactif et agr\u00e9able.  Gros caract\u00e8res pour une lecture facile : Chaque puzzle est imprim\u00e9 en gros caract\u00e8res clairs pour que les enfants puissent facilement lire et rep\u00e9rer les mots sans se fatiguer les yeux. Parfait pour les enfants et ceux qui pr\u00e9f\u00e8rent les gros caract\u00e8res.  \u00c9ducatif et divertissant : Ces puzzles permettent d&#039;am\u00e9liorer le vocabulaire, de renforcer les comp\u00e9tences en mati\u00e8re de r\u00e9solution de probl\u00e8mes et d&#039;approfondir la compr\u00e9hension de la Bible. C&#039;est aussi un moyen amusant d&#039;aider les enfants \u00e0 renforcer leur foi chr\u00e9tienne et de trouver un sujet de discussion pour les \u00e9tudes bibliques.  Convient \u00e0 tous les \u00e2ges : Bien que con\u00e7us pour les enfants, ces puzzles sont \u00e9galement parfaits pour les activit\u00e9s familiales, les classes de l&#039;\u00e9cole du dimanche et les groupes d&#039;\u00e9tude biblique.  Magnifiquement illustr\u00e9 : Chaque puzzle est accompagn\u00e9 d&#039;illustrations qui donnent vie aux versets bibliques et rendent le livre d&#039;activit\u00e9s visuellement attrayant. Parfait pour les enfants.\" \/>\n<meta property=\"og:url\" content=\"https:\/\/bookbildrpublishing.com\/fr\/product\/recherche-de-mots-dans-la-bible-pour-les-enfants\/\" \/>\n<meta property=\"og:site_name\" content=\"BookBildr Publishing\" \/>\n<meta property=\"article:modified_time\" content=\"2024-11-28T09:39:56+00:00\" \/>\n<meta property=\"og:image\" content=\"https:\/\/bookbildrpublishing.com\/wp-content\/uploads\/2024\/06\/61GPMzg5qqL._SL1293_.jpg\" \/>\n\t<meta property=\"og:image:width\" content=\"1000\" \/>\n\t<meta property=\"og:image:height\" content=\"1293\" \/>\n\t<meta property=\"og:image:type\" content=\"image\/jpeg\" \/>\n<meta name=\"twitter:card\" content=\"summary_large_image\" \/>\n<script type=\"application\/ld+json\" class=\"yoast-schema-graph\">{\"@context\":\"https:\/\/schema.org\",\"@graph\":[{\"@type\":\"WebPage\",\"@id\":\"https:\/\/bookbildrpublishing.com\/fr\/product\/recherche-de-mots-dans-la-bible-pour-les-enfants\/\",\"url\":\"https:\/\/bookbildrpublishing.com\/fr\/product\/recherche-de-mots-dans-la-bible-pour-les-enfants\/\",\"name\":\"Recherche de mots dans la Bible pour les enfants | BookBildr Publishing\",\"isPartOf\":{\"@id\":\"https:\/\/bookbildrpublishing.com\/fr\/#website\"},\"primaryImageOfPage\":{\"@id\":\"https:\/\/bookbildrpublishing.com\/fr\/product\/recherche-de-mots-dans-la-bible-pour-les-enfants\/#primaryimage\"},\"image\":{\"@id\":\"https:\/\/bookbildrpublishing.com\/fr\/product\/recherche-de-mots-dans-la-bible-pour-les-enfants\/#primaryimage\"},\"thumbnailUrl\":\"https:\/\/bookbildrpublishing.com\/wp-content\/uploads\/2024\/06\/61GPMzg5qqL._SL1293_.jpg\",\"datePublished\":\"2024-06-28T08:07:46+00:00\",\"dateModified\":\"2024-11-28T09:39:56+00:00\",\"breadcrumb\":{\"@id\":\"https:\/\/bookbildrpublishing.com\/fr\/product\/recherche-de-mots-dans-la-bible-pour-les-enfants\/#breadcrumb\"},\"inLanguage\":\"fr-FR\",\"potentialAction\":[{\"@type\":\"ReadAction\",\"target\":[\"https:\/\/bookbildrpublishing.com\/fr\/product\/recherche-de-mots-dans-la-bible-pour-les-enfants\/\"]}]},{\"@type\":\"ImageObject\",\"inLanguage\":\"fr-FR\",\"@id\":\"https:\/\/bookbildrpublishing.com\/fr\/product\/recherche-de-mots-dans-la-bible-pour-les-enfants\/#primaryimage\",\"url\":\"https:\/\/bookbildrpublishing.com\/wp-content\/uploads\/2024\/06\/61GPMzg5qqL._SL1293_.jpg\",\"contentUrl\":\"https:\/\/bookbildrpublishing.com\/wp-content\/uploads\/2024\/06\/61GPMzg5qqL._SL1293_.jpg\",\"width\":1000,\"height\":1293},{\"@type\":\"BreadcrumbList\",\"@id\":\"https:\/\/bookbildrpublishing.com\/fr\/product\/recherche-de-mots-dans-la-bible-pour-les-enfants\/#breadcrumb\",\"itemListElement\":[{\"@type\":\"ListItem\",\"position\":1,\"name\":\"Home\",\"item\":\"https:\/\/bookbildrpublishing.com\/fr\/\"},{\"@type\":\"ListItem\",\"position\":2,\"name\":\"Boutique\",\"item\":\"https:\/\/bookbildrpublishing.com\/fr\/boutique\/\"},{\"@type\":\"ListItem\",\"position\":3,\"name\":\"Recherche de mots dans la Bible pour les enfants\"}]},{\"@type\":\"WebSite\",\"@id\":\"https:\/\/bookbildrpublishing.com\/fr\/#website\",\"url\":\"https:\/\/bookbildrpublishing.com\/fr\/\",\"name\":\"BookBildr Publishing\",\"description\":\"\",\"publisher\":{\"@id\":\"https:\/\/bookbildrpublishing.com\/fr\/#organization\"},\"potentialAction\":[{\"@type\":\"SearchAction\",\"target\":{\"@type\":\"EntryPoint\",\"urlTemplate\":\"https:\/\/bookbildrpublishing.com\/fr\/?s={search_term_string}\"},\"query-input\":{\"@type\":\"PropertyValueSpecification\",\"valueRequired\":true,\"valueName\":\"search_term_string\"}}],\"inLanguage\":\"fr-FR\"},{\"@type\":\"Organization\",\"@id\":\"https:\/\/bookbildrpublishing.com\/fr\/#organization\",\"name\":\"BookBildr Publishing\",\"url\":\"https:\/\/bookbildrpublishing.com\/fr\/\",\"logo\":{\"@type\":\"ImageObject\",\"inLanguage\":\"fr-FR\",\"@id\":\"https:\/\/bookbildrpublishing.com\/fr\/#\/schema\/logo\/image\/\",\"url\":\"https:\/\/bookbildrpublishing.com\/wp-content\/uploads\/2024\/06\/BookBildr-Publishing-logo.png\",\"contentUrl\":\"https:\/\/bookbildrpublishing.com\/wp-content\/uploads\/2024\/06\/BookBildr-Publishing-logo.png\",\"width\":200,\"height\":80,\"caption\":\"BookBildr Publishing\"},\"image\":{\"@id\":\"https:\/\/bookbildrpublishing.com\/fr\/#\/schema\/logo\/image\/\"}}]}<\/script>\n<!-- \/ Yoast SEO plugin. -->","yoast_head_json":{"title":"Recherche de mots dans la Bible pour les enfants | BookBildr Publishing","robots":{"index":"index","follow":"follow","max-snippet":"max-snippet:-1","max-image-preview":"max-image-preview:large","max-video-preview":"max-video-preview:-1"},"canonical":"https:\/\/bookbildrpublishing.com\/fr\/product\/recherche-de-mots-dans-la-bible-pour-les-enfants\/","og_locale":"fr_FR","og_type":"article","og_title":"Recherche de mots dans la Bible pour les enfants | BookBildr Publishing","og_description":"D\u00e9couvrez les joies de l'apprentissage de la Bible gr\u00e2ce \u00e0 des puzzles de recherche de mots amusants et captivants ! Vous cherchez une fa\u00e7on cr\u00e9ative d'initier votre enfant \u00e0 la Bible ? Ne cherchez pas plus loin ! Notre livre d'activit\u00e9s de recherche de mots dans la Bible pour les enfants offre un d\u00e9licieux m\u00e9lange de foi et d'amusement \u00e0 travers des puzzles attrayants con\u00e7us sp\u00e9cialement pour les jeunes esprits.  Caract\u00e9ristiques principales :  Bible Word Search for Kids : Des mots cach\u00e9s sp\u00e9cialement con\u00e7us pour les enfants qui se concentrent sur les histoires, les personnages et les th\u00e8mes essentiels de la Bible, rendant ainsi l'apprentissage de la Bible interactif et agr\u00e9able.  Gros caract\u00e8res pour une lecture facile : Chaque puzzle est imprim\u00e9 en gros caract\u00e8res clairs pour que les enfants puissent facilement lire et rep\u00e9rer les mots sans se fatiguer les yeux. Parfait pour les enfants et ceux qui pr\u00e9f\u00e8rent les gros caract\u00e8res.  \u00c9ducatif et divertissant : Ces puzzles permettent d'am\u00e9liorer le vocabulaire, de renforcer les comp\u00e9tences en mati\u00e8re de r\u00e9solution de probl\u00e8mes et d'approfondir la compr\u00e9hension de la Bible. C'est aussi un moyen amusant d'aider les enfants \u00e0 renforcer leur foi chr\u00e9tienne et de trouver un sujet de discussion pour les \u00e9tudes bibliques.  Convient \u00e0 tous les \u00e2ges : Bien que con\u00e7us pour les enfants, ces puzzles sont \u00e9galement parfaits pour les activit\u00e9s familiales, les classes de l'\u00e9cole du dimanche et les groupes d'\u00e9tude biblique.  Magnifiquement illustr\u00e9 : Chaque puzzle est accompagn\u00e9 d'illustrations qui donnent vie aux versets bibliques et rendent le livre d'activit\u00e9s visuellement attrayant. Parfait pour les enfants.","og_url":"https:\/\/bookbildrpublishing.com\/fr\/product\/recherche-de-mots-dans-la-bible-pour-les-enfants\/","og_site_name":"BookBildr Publishing","article_modified_time":"2024-11-28T09:39:56+00:00","og_image":[{"width":1000,"height":1293,"url":"https:\/\/bookbildrpublishing.com\/wp-content\/uploads\/2024\/06\/61GPMzg5qqL._SL1293_.jpg","type":"image\/jpeg"}],"twitter_card":"summary_large_image","schema":{"@context":"https:\/\/schema.org","@graph":[{"@type":"WebPage","@id":"https:\/\/bookbildrpublishing.com\/fr\/product\/recherche-de-mots-dans-la-bible-pour-les-enfants\/","url":"https:\/\/bookbildrpublishing.com\/fr\/product\/recherche-de-mots-dans-la-bible-pour-les-enfants\/","name":"Recherche de mots dans la Bible pour les enfants | BookBildr Publishing","isPartOf":{"@id":"https:\/\/bookbildrpublishing.com\/fr\/#website"},"primaryImageOfPage":{"@id":"https:\/\/bookbildrpublishing.com\/fr\/product\/recherche-de-mots-dans-la-bible-pour-les-enfants\/#primaryimage"},"image":{"@id":"https:\/\/bookbildrpublishing.com\/fr\/product\/recherche-de-mots-dans-la-bible-pour-les-enfants\/#primaryimage"},"thumbnailUrl":"https:\/\/bookbildrpublishing.com\/wp-content\/uploads\/2024\/06\/61GPMzg5qqL._SL1293_.jpg","datePublished":"2024-06-28T08:07:46+00:00","dateModified":"2024-11-28T09:39:56+00:00","breadcrumb":{"@id":"https:\/\/bookbildrpublishing.com\/fr\/product\/recherche-de-mots-dans-la-bible-pour-les-enfants\/#breadcrumb"},"inLanguage":"fr-FR","potentialAction":[{"@type":"ReadAction","target":["https:\/\/bookbildrpublishing.com\/fr\/product\/recherche-de-mots-dans-la-bible-pour-les-enfants\/"]}]},{"@type":"ImageObject","inLanguage":"fr-FR","@id":"https:\/\/bookbildrpublishing.com\/fr\/product\/recherche-de-mots-dans-la-bible-pour-les-enfants\/#primaryimage","url":"https:\/\/bookbildrpublishing.com\/wp-content\/uploads\/2024\/06\/61GPMzg5qqL._SL1293_.jpg","contentUrl":"https:\/\/bookbildrpublishing.com\/wp-content\/uploads\/2024\/06\/61GPMzg5qqL._SL1293_.jpg","width":1000,"height":1293},{"@type":"BreadcrumbList","@id":"https:\/\/bookbildrpublishing.com\/fr\/product\/recherche-de-mots-dans-la-bible-pour-les-enfants\/#breadcrumb","itemListElement":[{"@type":"ListItem","position":1,"name":"Home","item":"https:\/\/bookbildrpublishing.com\/fr\/"},{"@type":"ListItem","position":2,"name":"Boutique","item":"https:\/\/bookbildrpublishing.com\/fr\/boutique\/"},{"@type":"ListItem","position":3,"name":"Recherche de mots dans la Bible pour les enfants"}]},{"@type":"WebSite","@id":"https:\/\/bookbildrpublishing.com\/fr\/#website","url":"https:\/\/bookbildrpublishing.com\/fr\/","name":"BookBildr Publishing","description":"","publisher":{"@id":"https:\/\/bookbildrpublishing.com\/fr\/#organization"},"potentialAction":[{"@type":"SearchAction","target":{"@type":"EntryPoint","urlTemplate":"https:\/\/bookbildrpublishing.com\/fr\/?s={search_term_string}"},"query-input":{"@type":"PropertyValueSpecification","valueRequired":true,"valueName":"search_term_string"}}],"inLanguage":"fr-FR"},{"@type":"Organization","@id":"https:\/\/bookbildrpublishing.com\/fr\/#organization","name":"BookBildr Publishing","url":"https:\/\/bookbildrpublishing.com\/fr\/","logo":{"@type":"ImageObject","inLanguage":"fr-FR","@id":"https:\/\/bookbildrpublishing.com\/fr\/#\/schema\/logo\/image\/","url":"https:\/\/bookbildrpublishing.com\/wp-content\/uploads\/2024\/06\/BookBildr-Publishing-logo.png","contentUrl":"https:\/\/bookbildrpublishing.com\/wp-content\/uploads\/2024\/06\/BookBildr-Publishing-logo.png","width":200,"height":80,"caption":"BookBildr Publishing"},"image":{"@id":"https:\/\/bookbildrpublishing.com\/fr\/#\/schema\/logo\/image\/"}}]}},"uagb_featured_image_src":{"full":["https:\/\/bookbildrpublishing.com\/wp-content\/uploads\/2024\/06\/61GPMzg5qqL._SL1293_.jpg",1000,1293,false],"thumbnail":["https:\/\/bookbildrpublishing.com\/wp-content\/uploads\/2024\/06\/61GPMzg5qqL._SL1293_-150x150.jpg",150,150,true],"medium":["https:\/\/bookbildrpublishing.com\/wp-content\/uploads\/2024\/06\/61GPMzg5qqL._SL1293_-232x300.jpg",232,300,true],"medium_large":["https:\/\/bookbildrpublishing.com\/wp-content\/uploads\/2024\/06\/61GPMzg5qqL._SL1293_-768x993.jpg",768,993,true],"large":["https:\/\/bookbildrpublishing.com\/wp-content\/uploads\/2024\/06\/61GPMzg5qqL._SL1293_-792x1024.jpg",792,1024,true],"1536x1536":["https:\/\/bookbildrpublishing.com\/wp-content\/uploads\/2024\/06\/61GPMzg5qqL._SL1293_.jpg",1000,1293,false],"2048x2048":["https:\/\/bookbildrpublishing.com\/wp-content\/uploads\/2024\/06\/61GPMzg5qqL._SL1293_.jpg",1000,1293,false],"woocommerce_thumbnail":["https:\/\/bookbildrpublishing.com\/wp-content\/uploads\/2024\/06\/61GPMzg5qqL._SL1293_-300x300.jpg",300,300,true],"woocommerce_single":["https:\/\/bookbildrpublishing.com\/wp-content\/uploads\/2024\/06\/61GPMzg5qqL._SL1293_-600x776.jpg",600,776,true],"woocommerce_gallery_thumbnail":["https:\/\/bookbildrpublishing.com\/wp-content\/uploads\/2024\/06\/61GPMzg5qqL._SL1293_-100x100.jpg",100,100,true]},"uagb_author_info":{"display_name":"admin","author_link":"https:\/\/bookbildrpublishing.com\/fr\/author\/"},"uagb_comment_info":0,"uagb_excerpt":"D\u00e9couvrez les joies de l'apprentissage de la Bible gr\u00e2ce \u00e0 des puzzles de recherche de mots amusants et captivants ! Vous cherchez une fa\u00e7on cr\u00e9ative d'initier votre enfant \u00e0 la Bible ? Ne cherchez pas plus loin ! Notre livre d'activit\u00e9s de recherche de mots dans la Bible pour les enfants offre un d\u00e9licieux m\u00e9lange\u2026","_links":{"self":[{"href":"https:\/\/bookbildrpublishing.com\/fr\/wp-json\/wp\/v2\/product\/2373","targetHints":{"allow":["GET"]}}],"collection":[{"href":"https:\/\/bookbildrpublishing.com\/fr\/wp-json\/wp\/v2\/product"}],"about":[{"href":"https:\/\/bookbildrpublishing.com\/fr\/wp-json\/wp\/v2\/types\/product"}],"replies":[{"embeddable":true,"href":"https:\/\/bookbildrpublishing.com\/fr\/wp-json\/wp\/v2\/comments?post=2373"}],"wp:featuredmedia":[{"embeddable":true,"href":"https:\/\/bookbildrpublishing.com\/fr\/wp-json\/wp\/v2\/media\/1797"}],"wp:attachment":[{"href":"https:\/\/bookbildrpublishing.com\/fr\/wp-json\/wp\/v2\/media?parent=2373"}],"wp:term":[{"taxonomy":"product_brand","embeddable":true,"href":"https:\/\/bookbildrpublishing.com\/fr\/wp-json\/wp\/v2\/product_brand?post=2373"},{"taxonomy":"product_cat","embeddable":true,"href":"https:\/\/bookbildrpublishing.com\/fr\/wp-json\/wp\/v2\/product_cat?post=2373"},{"taxonomy":"product_tag","embeddable":true,"href":"https:\/\/bookbildrpublishing.com\/fr\/wp-json\/wp\/v2\/product_tag?post=2373"}],"curies":[{"name":"wp","href":"https:\/\/api.w.org\/{rel}","templated":true}]}}