{"id":2370,"date":"2024-10-25T08:01:52","date_gmt":"2024-10-25T08:01:52","guid":{"rendered":"https:\/\/bookbildrpublishing.com\/product\/bandit-king-lollipop-cleo\/"},"modified":"2024-11-28T09:39:55","modified_gmt":"2024-11-28T09:39:55","slug":"bandit-king-lollipop-cleo","status":"publish","type":"product","link":"https:\/\/bookbildrpublishing.com\/fr\/product\/bandit-king-lollipop-cleo\/","title":{"rendered":"Bandit &amp; King, Lollipop &amp; Cleo"},"content":{"rendered":"<p>Bandit &amp; King et Lollipop &amp; Cleo est un livre compos\u00e9 de deux histoires illustr\u00e9es sur les animaux de compagnie. D\u00e9couvrez un monde merveilleux d&rsquo;amis \u00e0 fourrure et de moments tendres dans \u00ab\u00a0Bandit &amp; King et Lollipop &amp; Cleo\u00a0\u00bb, un livre double qui capture l&rsquo;essence de l&rsquo;amour, de l&rsquo;amiti\u00e9 et des nouveaux d\u00e9parts. Parfait pour les jeunes lecteurs et les familles, ce duo d&rsquo;histoires enchanteresses aide les enfants \u00e0 traverser l&rsquo;exp\u00e9rience excitante et parfois difficile de l&rsquo;accueil d&rsquo;un nouvel animal de compagnie ou d&rsquo;un fr\u00e8re ou d&rsquo;une s\u0153ur dans leur vie. \u00ab\u00a0Bandit &amp; King et Lollipop &amp; Cleo\u00a0\u00bb est plus qu&rsquo;un simple livre ; c&rsquo;est un guide qui permet aux enfants de comprendre et d&rsquo;accepter les changements qui accompagnent l&rsquo;arriv\u00e9e de nouveaux membres dans leur famille. Avec de belles illustrations et des r\u00e9cits captivants, ces histoires sont parfaites pour une lecture \u00e0 l&rsquo;heure du coucher ou pour des moments partag\u00e9s entre parents et enfants. Que votre enfant se pr\u00e9pare \u00e0 accueillir un nouvel animal de compagnie ou qu&rsquo;il s&rsquo;adapte \u00e0 un nouveau fr\u00e8re ou une nouvelle s\u0153ur, \u00ab\u00a0Bandit &amp; King et Lollipop &amp; Cleo\u00a0\u00bb propose des histoires r\u00e9confortantes et racontables qui trouveront un \u00e9cho dans leur c\u0153ur et leur esprit.<\/p>\n","protected":false},"excerpt":{"rendered":"<p>D\u00e9couvrez un monde merveilleux d&rsquo;amis \u00e0 fourrure et de moments tendres dans \u00ab\u00a0Bandit &amp; King et Lollipop &amp; Cleo\u00a0\u00bb, un livre double qui capture l&rsquo;essence de l&rsquo;amour, de l&rsquo;amiti\u00e9 et des nouveaux d\u00e9parts. Parfait pour les jeunes lecteurs et les familles, ce duo d&rsquo;histoires enchanteresses aide les enfants \u00e0 traverser l&rsquo;exp\u00e9rience excitante et parfois difficile de l&rsquo;accueil d&rsquo;un nouvel animal de compagnie ou d&rsquo;un fr\u00e8re ou d&rsquo;une s\u0153ur dans leur vie. <\/p>\n","protected":false},"featured_media":2315,"comment_status":"open","ping_status":"closed","template":"","meta":{"_uag_custom_page_level_css":"","site-sidebar-layout":"default","site-content-layout":"","ast-site-content-layout":"default","site-content-style":"default","site-sidebar-style":"default","ast-global-header-display":"","ast-banner-title-visibility":"","ast-main-header-display":"","ast-hfb-above-header-display":"","ast-hfb-below-header-display":"","ast-hfb-mobile-header-display":"","site-post-title":"","ast-breadcrumbs-content":"","ast-featured-img":"","footer-sml-layout":"","theme-transparent-header-meta":"default","adv-header-id-meta":"","stick-header-meta":"","header-above-stick-meta":"","header-main-stick-meta":"","header-below-stick-meta":"","astra-migrate-meta-layouts":"default","ast-page-background-enabled":"default","ast-page-background-meta":{"desktop":{"background-color":"var(--ast-global-color-4)","background-image":"","background-repeat":"repeat","background-position":"center center","background-size":"auto","background-attachment":"scroll","background-type":"","background-media":"","overlay-type":"","overlay-color":"","overlay-opacity":"","overlay-gradient":""},"tablet":{"background-color":"","background-image":"","background-repeat":"repeat","background-position":"center center","background-size":"auto","background-attachment":"scroll","background-type":"","background-media":"","overlay-type":"","overlay-color":"","overlay-opacity":"","overlay-gradient":""},"mobile":{"background-color":"","background-image":"","background-repeat":"repeat","background-position":"center center","background-size":"auto","background-attachment":"scroll","background-type":"","background-media":"","overlay-type":"","overlay-color":"","overlay-opacity":"","overlay-gradient":""}},"ast-content-background-meta":{"desktop":{"background-color":"var(--ast-global-color-5)","background-image":"","background-repeat":"repeat","background-position":"center center","background-size":"auto","background-attachment":"scroll","background-type":"","background-media":"","overlay-type":"","overlay-color":"","overlay-opacity":"","overlay-gradient":""},"tablet":{"background-color":"var(--ast-global-color-5)","background-image":"","background-repeat":"repeat","background-position":"center center","background-size":"auto","background-attachment":"scroll","background-type":"","background-media":"","overlay-type":"","overlay-color":"","overlay-opacity":"","overlay-gradient":""},"mobile":{"background-color":"var(--ast-global-color-5)","background-image":"","background-repeat":"repeat","background-position":"center center","background-size":"auto","background-attachment":"scroll","background-type":"","background-media":"","overlay-type":"","overlay-color":"","overlay-opacity":"","overlay-gradient":""}}},"product_brand":[],"product_cat":[72,70],"product_tag":[],"class_list":{"0":"post-2370","1":"product","2":"type-product","3":"status-publish","4":"has-post-thumbnail","6":"product_cat-livres-dimages","7":"product_cat-livres-pour-enfants","8":"desktop-align-left","9":"tablet-align-left","10":"mobile-align-left","12":"first","13":"instock","14":"shipping-taxable","15":"product-type-external"},"yoast_head":"<!-- This site is optimized with the Yoast SEO plugin v25.6 - https:\/\/yoast.com\/wordpress\/plugins\/seo\/ -->\n<title>Bandit &amp; King, Lollipop &amp; Cleo | BookBildr Publishing<\/title>\n<meta name=\"description\" content=\"D\u00e9couvrez un monde merveilleux d&#039;amis \u00e0 fourrure et de moments tendres dans &quot;Bandit &amp; King et Lollipop &amp; Cleo&quot;, un livre double qui capture l&#039;essence de l&#039;amour, de l&#039;amiti\u00e9 et des nouveaux d\u00e9parts.\" \/>\n<meta name=\"robots\" content=\"index, follow, max-snippet:-1, max-image-preview:large, max-video-preview:-1\" \/>\n<link rel=\"canonical\" href=\"https:\/\/bookbildrpublishing.com\/fr\/product\/bandit-king-lollipop-cleo\/\" \/>\n<meta property=\"og:locale\" content=\"fr_FR\" \/>\n<meta property=\"og:type\" content=\"article\" \/>\n<meta property=\"og:title\" content=\"Bandit &amp; King, Lollipop &amp; Cleo | BookBildr Publishing\" \/>\n<meta property=\"og:description\" content=\"D\u00e9couvrez un monde merveilleux d&#039;amis \u00e0 fourrure et de moments tendres dans &quot;Bandit &amp; King et Lollipop &amp; Cleo&quot;, un livre double qui capture l&#039;essence de l&#039;amour, de l&#039;amiti\u00e9 et des nouveaux d\u00e9parts.\" \/>\n<meta property=\"og:url\" content=\"https:\/\/bookbildrpublishing.com\/fr\/product\/bandit-king-lollipop-cleo\/\" \/>\n<meta property=\"og:site_name\" content=\"BookBildr Publishing\" \/>\n<meta property=\"article:modified_time\" content=\"2024-11-28T09:39:55+00:00\" \/>\n<meta property=\"og:image\" content=\"https:\/\/bookbildrpublishing.com\/wp-content\/uploads\/2024\/10\/71iKtr6TXwL._SL1499_.jpg\" \/>\n\t<meta property=\"og:image:width\" content=\"1000\" \/>\n\t<meta property=\"og:image:height\" content=\"1499\" \/>\n\t<meta property=\"og:image:type\" content=\"image\/jpeg\" \/>\n<meta name=\"twitter:card\" content=\"summary_large_image\" \/>\n<script type=\"application\/ld+json\" class=\"yoast-schema-graph\">{\"@context\":\"https:\/\/schema.org\",\"@graph\":[{\"@type\":\"WebPage\",\"@id\":\"https:\/\/bookbildrpublishing.com\/fr\/product\/bandit-king-lollipop-cleo\/\",\"url\":\"https:\/\/bookbildrpublishing.com\/fr\/product\/bandit-king-lollipop-cleo\/\",\"name\":\"Bandit &amp; King, Lollipop &amp; Cleo | BookBildr Publishing\",\"isPartOf\":{\"@id\":\"https:\/\/bookbildrpublishing.com\/fr\/#website\"},\"primaryImageOfPage\":{\"@id\":\"https:\/\/bookbildrpublishing.com\/fr\/product\/bandit-king-lollipop-cleo\/#primaryimage\"},\"image\":{\"@id\":\"https:\/\/bookbildrpublishing.com\/fr\/product\/bandit-king-lollipop-cleo\/#primaryimage\"},\"thumbnailUrl\":\"https:\/\/bookbildrpublishing.com\/wp-content\/uploads\/2024\/10\/71iKtr6TXwL._SL1499_.jpg\",\"datePublished\":\"2024-10-25T08:01:52+00:00\",\"dateModified\":\"2024-11-28T09:39:55+00:00\",\"description\":\"D\u00e9couvrez un monde merveilleux d'amis \u00e0 fourrure et de moments tendres dans \\\"Bandit & King et Lollipop & Cleo\\\", un livre double qui capture l'essence de l'amour, de l'amiti\u00e9 et des nouveaux d\u00e9parts.\",\"breadcrumb\":{\"@id\":\"https:\/\/bookbildrpublishing.com\/fr\/product\/bandit-king-lollipop-cleo\/#breadcrumb\"},\"inLanguage\":\"fr-FR\",\"potentialAction\":[{\"@type\":\"ReadAction\",\"target\":[\"https:\/\/bookbildrpublishing.com\/fr\/product\/bandit-king-lollipop-cleo\/\"]}]},{\"@type\":\"ImageObject\",\"inLanguage\":\"fr-FR\",\"@id\":\"https:\/\/bookbildrpublishing.com\/fr\/product\/bandit-king-lollipop-cleo\/#primaryimage\",\"url\":\"https:\/\/bookbildrpublishing.com\/wp-content\/uploads\/2024\/10\/71iKtr6TXwL._SL1499_.jpg\",\"contentUrl\":\"https:\/\/bookbildrpublishing.com\/wp-content\/uploads\/2024\/10\/71iKtr6TXwL._SL1499_.jpg\",\"width\":1000,\"height\":1499},{\"@type\":\"BreadcrumbList\",\"@id\":\"https:\/\/bookbildrpublishing.com\/fr\/product\/bandit-king-lollipop-cleo\/#breadcrumb\",\"itemListElement\":[{\"@type\":\"ListItem\",\"position\":1,\"name\":\"Home\",\"item\":\"https:\/\/bookbildrpublishing.com\/fr\/\"},{\"@type\":\"ListItem\",\"position\":2,\"name\":\"Boutique\",\"item\":\"https:\/\/bookbildrpublishing.com\/fr\/boutique\/\"},{\"@type\":\"ListItem\",\"position\":3,\"name\":\"Bandit &amp; King, Lollipop &amp; Cleo\"}]},{\"@type\":\"WebSite\",\"@id\":\"https:\/\/bookbildrpublishing.com\/fr\/#website\",\"url\":\"https:\/\/bookbildrpublishing.com\/fr\/\",\"name\":\"BookBildr Publishing\",\"description\":\"\",\"publisher\":{\"@id\":\"https:\/\/bookbildrpublishing.com\/fr\/#organization\"},\"potentialAction\":[{\"@type\":\"SearchAction\",\"target\":{\"@type\":\"EntryPoint\",\"urlTemplate\":\"https:\/\/bookbildrpublishing.com\/fr\/?s={search_term_string}\"},\"query-input\":{\"@type\":\"PropertyValueSpecification\",\"valueRequired\":true,\"valueName\":\"search_term_string\"}}],\"inLanguage\":\"fr-FR\"},{\"@type\":\"Organization\",\"@id\":\"https:\/\/bookbildrpublishing.com\/fr\/#organization\",\"name\":\"BookBildr Publishing\",\"url\":\"https:\/\/bookbildrpublishing.com\/fr\/\",\"logo\":{\"@type\":\"ImageObject\",\"inLanguage\":\"fr-FR\",\"@id\":\"https:\/\/bookbildrpublishing.com\/fr\/#\/schema\/logo\/image\/\",\"url\":\"https:\/\/bookbildrpublishing.com\/wp-content\/uploads\/2024\/06\/BookBildr-Publishing-logo.png\",\"contentUrl\":\"https:\/\/bookbildrpublishing.com\/wp-content\/uploads\/2024\/06\/BookBildr-Publishing-logo.png\",\"width\":200,\"height\":80,\"caption\":\"BookBildr Publishing\"},\"image\":{\"@id\":\"https:\/\/bookbildrpublishing.com\/fr\/#\/schema\/logo\/image\/\"}}]}<\/script>\n<!-- \/ Yoast SEO plugin. -->","yoast_head_json":{"title":"Bandit &amp; King, Lollipop &amp; Cleo | BookBildr Publishing","description":"D\u00e9couvrez un monde merveilleux d'amis \u00e0 fourrure et de moments tendres dans \"Bandit & King et Lollipop & Cleo\", un livre double qui capture l'essence de l'amour, de l'amiti\u00e9 et des nouveaux d\u00e9parts.","robots":{"index":"index","follow":"follow","max-snippet":"max-snippet:-1","max-image-preview":"max-image-preview:large","max-video-preview":"max-video-preview:-1"},"canonical":"https:\/\/bookbildrpublishing.com\/fr\/product\/bandit-king-lollipop-cleo\/","og_locale":"fr_FR","og_type":"article","og_title":"Bandit &amp; King, Lollipop &amp; Cleo | BookBildr Publishing","og_description":"D\u00e9couvrez un monde merveilleux d'amis \u00e0 fourrure et de moments tendres dans \"Bandit & King et Lollipop & Cleo\", un livre double qui capture l'essence de l'amour, de l'amiti\u00e9 et des nouveaux d\u00e9parts.","og_url":"https:\/\/bookbildrpublishing.com\/fr\/product\/bandit-king-lollipop-cleo\/","og_site_name":"BookBildr Publishing","article_modified_time":"2024-11-28T09:39:55+00:00","og_image":[{"width":1000,"height":1499,"url":"https:\/\/bookbildrpublishing.com\/wp-content\/uploads\/2024\/10\/71iKtr6TXwL._SL1499_.jpg","type":"image\/jpeg"}],"twitter_card":"summary_large_image","schema":{"@context":"https:\/\/schema.org","@graph":[{"@type":"WebPage","@id":"https:\/\/bookbildrpublishing.com\/fr\/product\/bandit-king-lollipop-cleo\/","url":"https:\/\/bookbildrpublishing.com\/fr\/product\/bandit-king-lollipop-cleo\/","name":"Bandit &amp; King, Lollipop &amp; Cleo | BookBildr Publishing","isPartOf":{"@id":"https:\/\/bookbildrpublishing.com\/fr\/#website"},"primaryImageOfPage":{"@id":"https:\/\/bookbildrpublishing.com\/fr\/product\/bandit-king-lollipop-cleo\/#primaryimage"},"image":{"@id":"https:\/\/bookbildrpublishing.com\/fr\/product\/bandit-king-lollipop-cleo\/#primaryimage"},"thumbnailUrl":"https:\/\/bookbildrpublishing.com\/wp-content\/uploads\/2024\/10\/71iKtr6TXwL._SL1499_.jpg","datePublished":"2024-10-25T08:01:52+00:00","dateModified":"2024-11-28T09:39:55+00:00","description":"D\u00e9couvrez un monde merveilleux d'amis \u00e0 fourrure et de moments tendres dans \"Bandit & King et Lollipop & Cleo\", un livre double qui capture l'essence de l'amour, de l'amiti\u00e9 et des nouveaux d\u00e9parts.","breadcrumb":{"@id":"https:\/\/bookbildrpublishing.com\/fr\/product\/bandit-king-lollipop-cleo\/#breadcrumb"},"inLanguage":"fr-FR","potentialAction":[{"@type":"ReadAction","target":["https:\/\/bookbildrpublishing.com\/fr\/product\/bandit-king-lollipop-cleo\/"]}]},{"@type":"ImageObject","inLanguage":"fr-FR","@id":"https:\/\/bookbildrpublishing.com\/fr\/product\/bandit-king-lollipop-cleo\/#primaryimage","url":"https:\/\/bookbildrpublishing.com\/wp-content\/uploads\/2024\/10\/71iKtr6TXwL._SL1499_.jpg","contentUrl":"https:\/\/bookbildrpublishing.com\/wp-content\/uploads\/2024\/10\/71iKtr6TXwL._SL1499_.jpg","width":1000,"height":1499},{"@type":"BreadcrumbList","@id":"https:\/\/bookbildrpublishing.com\/fr\/product\/bandit-king-lollipop-cleo\/#breadcrumb","itemListElement":[{"@type":"ListItem","position":1,"name":"Home","item":"https:\/\/bookbildrpublishing.com\/fr\/"},{"@type":"ListItem","position":2,"name":"Boutique","item":"https:\/\/bookbildrpublishing.com\/fr\/boutique\/"},{"@type":"ListItem","position":3,"name":"Bandit &amp; King, Lollipop &amp; Cleo"}]},{"@type":"WebSite","@id":"https:\/\/bookbildrpublishing.com\/fr\/#website","url":"https:\/\/bookbildrpublishing.com\/fr\/","name":"BookBildr Publishing","description":"","publisher":{"@id":"https:\/\/bookbildrpublishing.com\/fr\/#organization"},"potentialAction":[{"@type":"SearchAction","target":{"@type":"EntryPoint","urlTemplate":"https:\/\/bookbildrpublishing.com\/fr\/?s={search_term_string}"},"query-input":{"@type":"PropertyValueSpecification","valueRequired":true,"valueName":"search_term_string"}}],"inLanguage":"fr-FR"},{"@type":"Organization","@id":"https:\/\/bookbildrpublishing.com\/fr\/#organization","name":"BookBildr Publishing","url":"https:\/\/bookbildrpublishing.com\/fr\/","logo":{"@type":"ImageObject","inLanguage":"fr-FR","@id":"https:\/\/bookbildrpublishing.com\/fr\/#\/schema\/logo\/image\/","url":"https:\/\/bookbildrpublishing.com\/wp-content\/uploads\/2024\/06\/BookBildr-Publishing-logo.png","contentUrl":"https:\/\/bookbildrpublishing.com\/wp-content\/uploads\/2024\/06\/BookBildr-Publishing-logo.png","width":200,"height":80,"caption":"BookBildr Publishing"},"image":{"@id":"https:\/\/bookbildrpublishing.com\/fr\/#\/schema\/logo\/image\/"}}]}},"uagb_featured_image_src":{"full":["https:\/\/bookbildrpublishing.com\/wp-content\/uploads\/2024\/10\/71iKtr6TXwL._SL1499_.jpg",1000,1499,false],"thumbnail":["https:\/\/bookbildrpublishing.com\/wp-content\/uploads\/2024\/10\/71iKtr6TXwL._SL1499_-150x150.jpg",150,150,true],"medium":["https:\/\/bookbildrpublishing.com\/wp-content\/uploads\/2024\/10\/71iKtr6TXwL._SL1499_-200x300.jpg",200,300,true],"medium_large":["https:\/\/bookbildrpublishing.com\/wp-content\/uploads\/2024\/10\/71iKtr6TXwL._SL1499_-768x1151.jpg",768,1151,true],"large":["https:\/\/bookbildrpublishing.com\/wp-content\/uploads\/2024\/10\/71iKtr6TXwL._SL1499_-683x1024.jpg",683,1024,true],"1536x1536":["https:\/\/bookbildrpublishing.com\/wp-content\/uploads\/2024\/10\/71iKtr6TXwL._SL1499_.jpg",1000,1499,false],"2048x2048":["https:\/\/bookbildrpublishing.com\/wp-content\/uploads\/2024\/10\/71iKtr6TXwL._SL1499_.jpg",1000,1499,false],"woocommerce_thumbnail":["https:\/\/bookbildrpublishing.com\/wp-content\/uploads\/2024\/10\/71iKtr6TXwL._SL1499_-300x300.jpg",300,300,true],"woocommerce_single":["https:\/\/bookbildrpublishing.com\/wp-content\/uploads\/2024\/10\/71iKtr6TXwL._SL1499_-600x899.jpg",600,899,true],"woocommerce_gallery_thumbnail":["https:\/\/bookbildrpublishing.com\/wp-content\/uploads\/2024\/10\/71iKtr6TXwL._SL1499_-100x100.jpg",100,100,true]},"uagb_author_info":{"display_name":"Flor Rega","author_link":"https:\/\/bookbildrpublishing.com\/fr\/author\/"},"uagb_comment_info":0,"uagb_excerpt":"D\u00e9couvrez un monde merveilleux d'amis \u00e0 fourrure et de moments tendres dans \"Bandit &amp; King et Lollipop &amp; Cleo\", un livre double qui capture l'essence de l'amour, de l'amiti\u00e9 et des nouveaux d\u00e9parts. Parfait pour les jeunes lecteurs et les familles, ce duo d'histoires enchanteresses aide les enfants \u00e0 traverser l'exp\u00e9rience excitante et parfois difficile\u2026","_links":{"self":[{"href":"https:\/\/bookbildrpublishing.com\/fr\/wp-json\/wp\/v2\/product\/2370","targetHints":{"allow":["GET"]}}],"collection":[{"href":"https:\/\/bookbildrpublishing.com\/fr\/wp-json\/wp\/v2\/product"}],"about":[{"href":"https:\/\/bookbildrpublishing.com\/fr\/wp-json\/wp\/v2\/types\/product"}],"replies":[{"embeddable":true,"href":"https:\/\/bookbildrpublishing.com\/fr\/wp-json\/wp\/v2\/comments?post=2370"}],"wp:featuredmedia":[{"embeddable":true,"href":"https:\/\/bookbildrpublishing.com\/fr\/wp-json\/wp\/v2\/media\/2315"}],"wp:attachment":[{"href":"https:\/\/bookbildrpublishing.com\/fr\/wp-json\/wp\/v2\/media?parent=2370"}],"wp:term":[{"taxonomy":"product_brand","embeddable":true,"href":"https:\/\/bookbildrpublishing.com\/fr\/wp-json\/wp\/v2\/product_brand?post=2370"},{"taxonomy":"product_cat","embeddable":true,"href":"https:\/\/bookbildrpublishing.com\/fr\/wp-json\/wp\/v2\/product_cat?post=2370"},{"taxonomy":"product_tag","embeddable":true,"href":"https:\/\/bookbildrpublishing.com\/fr\/wp-json\/wp\/v2\/product_tag?post=2370"}],"curies":[{"name":"wp","href":"https:\/\/api.w.org\/{rel}","templated":true}]}}