{"id":2368,"date":"2024-10-25T10:25:25","date_gmt":"2024-10-25T10:25:25","guid":{"rendered":"https:\/\/bookbildrpublishing.com\/product\/les-nombreuses-aventures-disabel\/"},"modified":"2024-11-28T09:39:52","modified_gmt":"2024-11-28T09:39:52","slug":"les-nombreuses-aventures-disabel","status":"publish","type":"product","link":"https:\/\/bookbildrpublishing.com\/fr\/product\/les-nombreuses-aventures-disabel\/","title":{"rendered":"Les nombreuses aventures d&rsquo;Isabel"},"content":{"rendered":"<div id=\"bookDescription_feature_div\" class=\"celwidget\" data-feature-name=\"bookDescription\" data-csa-c-type=\"widget\" data-csa-c-content-id=\"bookDescription\" data-csa-c-slot-id=\"bookDescription_feature_div\" data-csa-c-asin=\"B0D5GX8MNW\" data-csa-c-is-in-initial-active-row=\"false\" data-csa-c-id=\"hj6bwk-5s4k1n-1lguou-r07f8i\" data-cel-widget=\"bookDescription_feature_div\">\n<div class=\"a-expander-collapsed-height a-row a-expander-container a-spacing-base a-expander-partial-collapse-container\" data-a-expander-name=\"book_description_expander\" data-a-expander-collapsed-height=\"280\">\n<div class=\"a-expander-content a-expander-partial-collapse-content\" data-expanded=\"false\">\n<div id=\"bookDescription_feature_div\" class=\"celwidget\" data-feature-name=\"bookDescription\" data-csa-c-type=\"widget\" data-csa-c-content-id=\"bookDescription\" data-csa-c-slot-id=\"bookDescription_feature_div\" data-csa-c-asin=\"B0DJBCYYWM\" data-csa-c-is-in-initial-active-row=\"false\" data-cel-widget=\"bookDescription_feature_div\" data-csa-c-id=\"q5zt74-104a1x-9g3zzz-yrvqyt\">\n<div class=\"a-expander-collapsed-height a-row a-expander-container a-spacing-base a-expander-partial-collapse-container\" data-a-expander-name=\"book_description_expander\" data-a-expander-collapsed-height=\"280\">\n<div class=\"a-expander-content a-expander-partial-collapse-content\" data-expanded=\"false\">\n<p><span class=\"a-text-bold\">Suivez le parcours d&rsquo;Isabel, de l&rsquo;enfance \u00e0 l&rsquo;\u00e2ge adulte, dans ce livre d&rsquo;images captivant pour enfants.<\/span><\/p>\n<p>Dans ce r\u00e9cit, Isabel partage ses souvenirs pr\u00e9f\u00e9r\u00e9s et les moments cl\u00e9s qui ont contribu\u00e9 \u00e0 fa\u00e7onner sa vie. En tant que fille unique, elle traverse les exp\u00e9riences de la vie adulte, apprenant des le\u00e7ons importantes en cours de route. Gr\u00e2ce aux illustrations, les jeunes lecteurs verront comment les passions d&rsquo;Isabel l&rsquo;ont amen\u00e9e \u00e0 devenir \u00e9ducatrice, o\u00f9 elle inspire maintenant les autres avec ses connaissances et son exp\u00e9rience. Ce livre pr\u00e9sente aux enfants les id\u00e9es de croissance personnelle, de d\u00e9couverte de soi et la valeur de la poursuite de ses int\u00e9r\u00eats, ce qui en fait un excellent choix pour la lecture en famille et les discussions en classe.  <\/p>\n<\/div>\n<\/div>\n<\/div>\n<\/div>\n<\/div>\n<\/div>\n","protected":false},"excerpt":{"rendered":"<div id=\"bookDescription_feature_div\" class=\"celwidget\" data-feature-name=\"bookDescription\" data-csa-c-type=\"widget\" data-csa-c-content-id=\"bookDescription\" data-csa-c-slot-id=\"bookDescription_feature_div\" data-csa-c-asin=\"B0D5GX8MNW\" data-csa-c-is-in-initial-active-row=\"false\" data-csa-c-id=\"hj6bwk-5s4k1n-1lguou-r07f8i\" data-cel-widget=\"bookDescription_feature_div\">\n<div class=\"a-expander-collapsed-height a-row a-expander-container a-spacing-base a-expander-partial-collapse-container\" data-a-expander-name=\"book_description_expander\" data-a-expander-collapsed-height=\"280\">\n<div class=\"a-expander-content a-expander-partial-collapse-content\" data-expanded=\"false\">\n<p><span class=\"a-text-bold\">Suivez le parcours d&rsquo;Isabel, de l&rsquo;enfance \u00e0 l&rsquo;\u00e2ge adulte, dans ce livre d&rsquo;images captivant pour enfants.<\/span><\/p>\n<p>Dans ce r\u00e9cit, Isabel partage ses souvenirs pr\u00e9f\u00e9r\u00e9s et les moments cl\u00e9s qui ont contribu\u00e9 \u00e0 fa\u00e7onner sa vie. En tant que fille unique, elle traverse les exp\u00e9riences de la vie adulte, apprenant des le\u00e7ons importantes en cours de route. Gr\u00e2ce aux illustrations, les jeunes lecteurs verront comment les passions d&rsquo;Isabel l&rsquo;ont amen\u00e9e \u00e0 devenir \u00e9ducatrice, o\u00f9 elle inspire maintenant les autres avec ses connaissances et son exp\u00e9rience. Ce livre pr\u00e9sente aux enfants les id\u00e9es de croissance personnelle, de d\u00e9couverte de soi et la valeur de la poursuite de ses int\u00e9r\u00eats, ce qui en fait un excellent choix pour la lecture en famille et les discussions en classe.  <\/p>\n<\/div>\n<\/div>\n<\/div>\n","protected":false},"featured_media":2321,"comment_status":"open","ping_status":"closed","template":"","meta":{"_uag_custom_page_level_css":"","site-sidebar-layout":"default","site-content-layout":"","ast-site-content-layout":"default","site-content-style":"default","site-sidebar-style":"default","ast-global-header-display":"","ast-banner-title-visibility":"","ast-main-header-display":"","ast-hfb-above-header-display":"","ast-hfb-below-header-display":"","ast-hfb-mobile-header-display":"","site-post-title":"","ast-breadcrumbs-content":"","ast-featured-img":"","footer-sml-layout":"","theme-transparent-header-meta":"default","adv-header-id-meta":"","stick-header-meta":"","header-above-stick-meta":"","header-main-stick-meta":"","header-below-stick-meta":"","astra-migrate-meta-layouts":"default","ast-page-background-enabled":"default","ast-page-background-meta":{"desktop":{"background-color":"var(--ast-global-color-4)","background-image":"","background-repeat":"repeat","background-position":"center center","background-size":"auto","background-attachment":"scroll","background-type":"","background-media":"","overlay-type":"","overlay-color":"","overlay-opacity":"","overlay-gradient":""},"tablet":{"background-color":"","background-image":"","background-repeat":"repeat","background-position":"center center","background-size":"auto","background-attachment":"scroll","background-type":"","background-media":"","overlay-type":"","overlay-color":"","overlay-opacity":"","overlay-gradient":""},"mobile":{"background-color":"","background-image":"","background-repeat":"repeat","background-position":"center center","background-size":"auto","background-attachment":"scroll","background-type":"","background-media":"","overlay-type":"","overlay-color":"","overlay-opacity":"","overlay-gradient":""}},"ast-content-background-meta":{"desktop":{"background-color":"var(--ast-global-color-5)","background-image":"","background-repeat":"repeat","background-position":"center center","background-size":"auto","background-attachment":"scroll","background-type":"","background-media":"","overlay-type":"","overlay-color":"","overlay-opacity":"","overlay-gradient":""},"tablet":{"background-color":"var(--ast-global-color-5)","background-image":"","background-repeat":"repeat","background-position":"center center","background-size":"auto","background-attachment":"scroll","background-type":"","background-media":"","overlay-type":"","overlay-color":"","overlay-opacity":"","overlay-gradient":""},"mobile":{"background-color":"var(--ast-global-color-5)","background-image":"","background-repeat":"repeat","background-position":"center center","background-size":"auto","background-attachment":"scroll","background-type":"","background-media":"","overlay-type":"","overlay-color":"","overlay-opacity":"","overlay-gradient":""}}},"product_brand":[],"product_cat":[72,70],"product_tag":[],"class_list":{"0":"post-2368","1":"product","2":"type-product","3":"status-publish","4":"has-post-thumbnail","6":"product_cat-livres-dimages","7":"product_cat-livres-pour-enfants","8":"desktop-align-left","9":"tablet-align-left","10":"mobile-align-left","12":"first","13":"instock","14":"shipping-taxable","15":"product-type-external"},"yoast_head":"<!-- This site is optimized with the Yoast SEO plugin v25.6 - https:\/\/yoast.com\/wordpress\/plugins\/seo\/ -->\n<title>Les nombreuses aventures d&#039;Isabel | BookBildr Publishing<\/title>\n<meta name=\"description\" content=\"Suivez le parcours d&#039;Isabel, de l&#039;enfance \u00e0 l&#039;\u00e2ge adulte, dans ce livre d&#039;images captivant pour enfants.\" \/>\n<meta name=\"robots\" content=\"index, follow, max-snippet:-1, max-image-preview:large, max-video-preview:-1\" \/>\n<link rel=\"canonical\" href=\"https:\/\/bookbildrpublishing.com\/fr\/product\/les-nombreuses-aventures-disabel\/\" \/>\n<meta property=\"og:locale\" content=\"fr_FR\" \/>\n<meta property=\"og:type\" content=\"article\" \/>\n<meta property=\"og:title\" content=\"Les nombreuses aventures d&#039;Isabel | BookBildr Publishing\" \/>\n<meta property=\"og:description\" content=\"Suivez le parcours d&#039;Isabel, de l&#039;enfance \u00e0 l&#039;\u00e2ge adulte, dans ce livre d&#039;images captivant pour enfants.\" \/>\n<meta property=\"og:url\" content=\"https:\/\/bookbildrpublishing.com\/fr\/product\/les-nombreuses-aventures-disabel\/\" \/>\n<meta property=\"og:site_name\" content=\"BookBildr Publishing\" \/>\n<meta property=\"article:modified_time\" content=\"2024-11-28T09:39:52+00:00\" \/>\n<meta property=\"og:image\" content=\"https:\/\/bookbildrpublishing.com\/wp-content\/uploads\/2024\/10\/61MD-u9JHAL._SL1000_.jpg\" \/>\n\t<meta property=\"og:image:width\" content=\"1000\" \/>\n\t<meta property=\"og:image:height\" content=\"1000\" \/>\n\t<meta property=\"og:image:type\" content=\"image\/jpeg\" \/>\n<meta name=\"twitter:card\" content=\"summary_large_image\" \/>\n<script type=\"application\/ld+json\" class=\"yoast-schema-graph\">{\"@context\":\"https:\/\/schema.org\",\"@graph\":[{\"@type\":\"WebPage\",\"@id\":\"https:\/\/bookbildrpublishing.com\/fr\/product\/les-nombreuses-aventures-disabel\/\",\"url\":\"https:\/\/bookbildrpublishing.com\/fr\/product\/les-nombreuses-aventures-disabel\/\",\"name\":\"Les nombreuses aventures d'Isabel | BookBildr Publishing\",\"isPartOf\":{\"@id\":\"https:\/\/bookbildrpublishing.com\/fr\/#website\"},\"primaryImageOfPage\":{\"@id\":\"https:\/\/bookbildrpublishing.com\/fr\/product\/les-nombreuses-aventures-disabel\/#primaryimage\"},\"image\":{\"@id\":\"https:\/\/bookbildrpublishing.com\/fr\/product\/les-nombreuses-aventures-disabel\/#primaryimage\"},\"thumbnailUrl\":\"https:\/\/bookbildrpublishing.com\/wp-content\/uploads\/2024\/10\/61MD-u9JHAL._SL1000_.jpg\",\"datePublished\":\"2024-10-25T10:25:25+00:00\",\"dateModified\":\"2024-11-28T09:39:52+00:00\",\"description\":\"Suivez le parcours d'Isabel, de l'enfance \u00e0 l'\u00e2ge adulte, dans ce livre d'images captivant pour enfants.\",\"breadcrumb\":{\"@id\":\"https:\/\/bookbildrpublishing.com\/fr\/product\/les-nombreuses-aventures-disabel\/#breadcrumb\"},\"inLanguage\":\"fr-FR\",\"potentialAction\":[{\"@type\":\"ReadAction\",\"target\":[\"https:\/\/bookbildrpublishing.com\/fr\/product\/les-nombreuses-aventures-disabel\/\"]}]},{\"@type\":\"ImageObject\",\"inLanguage\":\"fr-FR\",\"@id\":\"https:\/\/bookbildrpublishing.com\/fr\/product\/les-nombreuses-aventures-disabel\/#primaryimage\",\"url\":\"https:\/\/bookbildrpublishing.com\/wp-content\/uploads\/2024\/10\/61MD-u9JHAL._SL1000_.jpg\",\"contentUrl\":\"https:\/\/bookbildrpublishing.com\/wp-content\/uploads\/2024\/10\/61MD-u9JHAL._SL1000_.jpg\",\"width\":1000,\"height\":1000},{\"@type\":\"BreadcrumbList\",\"@id\":\"https:\/\/bookbildrpublishing.com\/fr\/product\/les-nombreuses-aventures-disabel\/#breadcrumb\",\"itemListElement\":[{\"@type\":\"ListItem\",\"position\":1,\"name\":\"Home\",\"item\":\"https:\/\/bookbildrpublishing.com\/fr\/\"},{\"@type\":\"ListItem\",\"position\":2,\"name\":\"Boutique\",\"item\":\"https:\/\/bookbildrpublishing.com\/fr\/boutique\/\"},{\"@type\":\"ListItem\",\"position\":3,\"name\":\"Les nombreuses aventures d&rsquo;Isabel\"}]},{\"@type\":\"WebSite\",\"@id\":\"https:\/\/bookbildrpublishing.com\/fr\/#website\",\"url\":\"https:\/\/bookbildrpublishing.com\/fr\/\",\"name\":\"BookBildr Publishing\",\"description\":\"\",\"publisher\":{\"@id\":\"https:\/\/bookbildrpublishing.com\/fr\/#organization\"},\"potentialAction\":[{\"@type\":\"SearchAction\",\"target\":{\"@type\":\"EntryPoint\",\"urlTemplate\":\"https:\/\/bookbildrpublishing.com\/fr\/?s={search_term_string}\"},\"query-input\":{\"@type\":\"PropertyValueSpecification\",\"valueRequired\":true,\"valueName\":\"search_term_string\"}}],\"inLanguage\":\"fr-FR\"},{\"@type\":\"Organization\",\"@id\":\"https:\/\/bookbildrpublishing.com\/fr\/#organization\",\"name\":\"BookBildr Publishing\",\"url\":\"https:\/\/bookbildrpublishing.com\/fr\/\",\"logo\":{\"@type\":\"ImageObject\",\"inLanguage\":\"fr-FR\",\"@id\":\"https:\/\/bookbildrpublishing.com\/fr\/#\/schema\/logo\/image\/\",\"url\":\"https:\/\/bookbildrpublishing.com\/wp-content\/uploads\/2024\/06\/BookBildr-Publishing-logo.png\",\"contentUrl\":\"https:\/\/bookbildrpublishing.com\/wp-content\/uploads\/2024\/06\/BookBildr-Publishing-logo.png\",\"width\":200,\"height\":80,\"caption\":\"BookBildr Publishing\"},\"image\":{\"@id\":\"https:\/\/bookbildrpublishing.com\/fr\/#\/schema\/logo\/image\/\"}}]}<\/script>\n<!-- \/ Yoast SEO plugin. -->","yoast_head_json":{"title":"Les nombreuses aventures d'Isabel | BookBildr Publishing","description":"Suivez le parcours d'Isabel, de l'enfance \u00e0 l'\u00e2ge adulte, dans ce livre d'images captivant pour enfants.","robots":{"index":"index","follow":"follow","max-snippet":"max-snippet:-1","max-image-preview":"max-image-preview:large","max-video-preview":"max-video-preview:-1"},"canonical":"https:\/\/bookbildrpublishing.com\/fr\/product\/les-nombreuses-aventures-disabel\/","og_locale":"fr_FR","og_type":"article","og_title":"Les nombreuses aventures d'Isabel | BookBildr Publishing","og_description":"Suivez le parcours d'Isabel, de l'enfance \u00e0 l'\u00e2ge adulte, dans ce livre d'images captivant pour enfants.","og_url":"https:\/\/bookbildrpublishing.com\/fr\/product\/les-nombreuses-aventures-disabel\/","og_site_name":"BookBildr Publishing","article_modified_time":"2024-11-28T09:39:52+00:00","og_image":[{"width":1000,"height":1000,"url":"https:\/\/bookbildrpublishing.com\/wp-content\/uploads\/2024\/10\/61MD-u9JHAL._SL1000_.jpg","type":"image\/jpeg"}],"twitter_card":"summary_large_image","schema":{"@context":"https:\/\/schema.org","@graph":[{"@type":"WebPage","@id":"https:\/\/bookbildrpublishing.com\/fr\/product\/les-nombreuses-aventures-disabel\/","url":"https:\/\/bookbildrpublishing.com\/fr\/product\/les-nombreuses-aventures-disabel\/","name":"Les nombreuses aventures d'Isabel | BookBildr Publishing","isPartOf":{"@id":"https:\/\/bookbildrpublishing.com\/fr\/#website"},"primaryImageOfPage":{"@id":"https:\/\/bookbildrpublishing.com\/fr\/product\/les-nombreuses-aventures-disabel\/#primaryimage"},"image":{"@id":"https:\/\/bookbildrpublishing.com\/fr\/product\/les-nombreuses-aventures-disabel\/#primaryimage"},"thumbnailUrl":"https:\/\/bookbildrpublishing.com\/wp-content\/uploads\/2024\/10\/61MD-u9JHAL._SL1000_.jpg","datePublished":"2024-10-25T10:25:25+00:00","dateModified":"2024-11-28T09:39:52+00:00","description":"Suivez le parcours d'Isabel, de l'enfance \u00e0 l'\u00e2ge adulte, dans ce livre d'images captivant pour enfants.","breadcrumb":{"@id":"https:\/\/bookbildrpublishing.com\/fr\/product\/les-nombreuses-aventures-disabel\/#breadcrumb"},"inLanguage":"fr-FR","potentialAction":[{"@type":"ReadAction","target":["https:\/\/bookbildrpublishing.com\/fr\/product\/les-nombreuses-aventures-disabel\/"]}]},{"@type":"ImageObject","inLanguage":"fr-FR","@id":"https:\/\/bookbildrpublishing.com\/fr\/product\/les-nombreuses-aventures-disabel\/#primaryimage","url":"https:\/\/bookbildrpublishing.com\/wp-content\/uploads\/2024\/10\/61MD-u9JHAL._SL1000_.jpg","contentUrl":"https:\/\/bookbildrpublishing.com\/wp-content\/uploads\/2024\/10\/61MD-u9JHAL._SL1000_.jpg","width":1000,"height":1000},{"@type":"BreadcrumbList","@id":"https:\/\/bookbildrpublishing.com\/fr\/product\/les-nombreuses-aventures-disabel\/#breadcrumb","itemListElement":[{"@type":"ListItem","position":1,"name":"Home","item":"https:\/\/bookbildrpublishing.com\/fr\/"},{"@type":"ListItem","position":2,"name":"Boutique","item":"https:\/\/bookbildrpublishing.com\/fr\/boutique\/"},{"@type":"ListItem","position":3,"name":"Les nombreuses aventures d&rsquo;Isabel"}]},{"@type":"WebSite","@id":"https:\/\/bookbildrpublishing.com\/fr\/#website","url":"https:\/\/bookbildrpublishing.com\/fr\/","name":"BookBildr Publishing","description":"","publisher":{"@id":"https:\/\/bookbildrpublishing.com\/fr\/#organization"},"potentialAction":[{"@type":"SearchAction","target":{"@type":"EntryPoint","urlTemplate":"https:\/\/bookbildrpublishing.com\/fr\/?s={search_term_string}"},"query-input":{"@type":"PropertyValueSpecification","valueRequired":true,"valueName":"search_term_string"}}],"inLanguage":"fr-FR"},{"@type":"Organization","@id":"https:\/\/bookbildrpublishing.com\/fr\/#organization","name":"BookBildr Publishing","url":"https:\/\/bookbildrpublishing.com\/fr\/","logo":{"@type":"ImageObject","inLanguage":"fr-FR","@id":"https:\/\/bookbildrpublishing.com\/fr\/#\/schema\/logo\/image\/","url":"https:\/\/bookbildrpublishing.com\/wp-content\/uploads\/2024\/06\/BookBildr-Publishing-logo.png","contentUrl":"https:\/\/bookbildrpublishing.com\/wp-content\/uploads\/2024\/06\/BookBildr-Publishing-logo.png","width":200,"height":80,"caption":"BookBildr Publishing"},"image":{"@id":"https:\/\/bookbildrpublishing.com\/fr\/#\/schema\/logo\/image\/"}}]}},"uagb_featured_image_src":{"full":["https:\/\/bookbildrpublishing.com\/wp-content\/uploads\/2024\/10\/61MD-u9JHAL._SL1000_.jpg",1000,1000,false],"thumbnail":["https:\/\/bookbildrpublishing.com\/wp-content\/uploads\/2024\/10\/61MD-u9JHAL._SL1000_-150x150.jpg",150,150,true],"medium":["https:\/\/bookbildrpublishing.com\/wp-content\/uploads\/2024\/10\/61MD-u9JHAL._SL1000_-300x300.jpg",300,300,true],"medium_large":["https:\/\/bookbildrpublishing.com\/wp-content\/uploads\/2024\/10\/61MD-u9JHAL._SL1000_-768x768.jpg",768,768,true],"large":["https:\/\/bookbildrpublishing.com\/wp-content\/uploads\/2024\/10\/61MD-u9JHAL._SL1000_.jpg",1000,1000,false],"1536x1536":["https:\/\/bookbildrpublishing.com\/wp-content\/uploads\/2024\/10\/61MD-u9JHAL._SL1000_.jpg",1000,1000,false],"2048x2048":["https:\/\/bookbildrpublishing.com\/wp-content\/uploads\/2024\/10\/61MD-u9JHAL._SL1000_.jpg",1000,1000,false],"woocommerce_thumbnail":["https:\/\/bookbildrpublishing.com\/wp-content\/uploads\/2024\/10\/61MD-u9JHAL._SL1000_-300x300.jpg",300,300,true],"woocommerce_single":["https:\/\/bookbildrpublishing.com\/wp-content\/uploads\/2024\/10\/61MD-u9JHAL._SL1000_-600x600.jpg",600,600,true],"woocommerce_gallery_thumbnail":["https:\/\/bookbildrpublishing.com\/wp-content\/uploads\/2024\/10\/61MD-u9JHAL._SL1000_-100x100.jpg",100,100,true]},"uagb_author_info":{"display_name":"Flor Rega","author_link":"https:\/\/bookbildrpublishing.com\/fr\/author\/"},"uagb_comment_info":0,"uagb_excerpt":"Suivez le parcours d'Isabel, de l'enfance \u00e0 l'\u00e2ge adulte, dans ce livre d'images captivant pour enfants. Dans ce r\u00e9cit, Isabel partage ses souvenirs pr\u00e9f\u00e9r\u00e9s et les moments cl\u00e9s qui ont contribu\u00e9 \u00e0 fa\u00e7onner sa vie. En tant que fille unique, elle traverse les exp\u00e9riences de la vie adulte, apprenant des le\u00e7ons importantes en cours de\u2026","_links":{"self":[{"href":"https:\/\/bookbildrpublishing.com\/fr\/wp-json\/wp\/v2\/product\/2368","targetHints":{"allow":["GET"]}}],"collection":[{"href":"https:\/\/bookbildrpublishing.com\/fr\/wp-json\/wp\/v2\/product"}],"about":[{"href":"https:\/\/bookbildrpublishing.com\/fr\/wp-json\/wp\/v2\/types\/product"}],"replies":[{"embeddable":true,"href":"https:\/\/bookbildrpublishing.com\/fr\/wp-json\/wp\/v2\/comments?post=2368"}],"wp:featuredmedia":[{"embeddable":true,"href":"https:\/\/bookbildrpublishing.com\/fr\/wp-json\/wp\/v2\/media\/2321"}],"wp:attachment":[{"href":"https:\/\/bookbildrpublishing.com\/fr\/wp-json\/wp\/v2\/media?parent=2368"}],"wp:term":[{"taxonomy":"product_brand","embeddable":true,"href":"https:\/\/bookbildrpublishing.com\/fr\/wp-json\/wp\/v2\/product_brand?post=2368"},{"taxonomy":"product_cat","embeddable":true,"href":"https:\/\/bookbildrpublishing.com\/fr\/wp-json\/wp\/v2\/product_cat?post=2368"},{"taxonomy":"product_tag","embeddable":true,"href":"https:\/\/bookbildrpublishing.com\/fr\/wp-json\/wp\/v2\/product_tag?post=2368"}],"curies":[{"name":"wp","href":"https:\/\/api.w.org\/{rel}","templated":true}]}}