{"id":3215,"date":"2024-06-26T10:19:51","date_gmt":"2024-06-26T10:19:51","guid":{"rendered":"https:\/\/bookbildrpublishing.com\/cahier-dactivites\/"},"modified":"2024-11-28T09:41:45","modified_gmt":"2024-11-28T09:41:45","slug":"cahier-dactivites","status":"publish","type":"page","link":"https:\/\/bookbildrpublishing.com\/fr\/cahier-dactivites\/","title":{"rendered":"Cahier d&rsquo;activit\u00e9s"},"content":{"rendered":"\n<div class=\"wp-block-uagb-container uagb-block-1xqdynq5 alignfull uagb-is-root-container\">\n<div class=\"wp-block-uagb-info-box uagb-block-55w5d4qs uagb-infobox__content-wrap  uagb-infobox-icon-above-title uagb-infobox-image-valign-top\"><div class=\"uagb-ifb-content\"><div class=\"uagb-ifb-title-wrap\"><h1 class=\"uagb-ifb-title\">Kit d&rsquo;auto-\u00e9dition de livres d&rsquo;activit\u00e9s<\/h1><\/div><p class=\"uagb-ifb-desc\">Mots crois\u00e9s, recherche de mots, coloriage, tra\u00e7age de points et plus encore &#8211; ce paquet couvre tous ces types de livres d&rsquo;activit\u00e9s pour enfants. Choisissez un th\u00e8me et une tranche d&rsquo;\u00e2ge, et nous nous occupons du reste !<\/p><\/div><\/div>\n<\/div>\n\n<div class=\"wp-block-uagb-container uagb-block-gpim7tds alignfull uagb-is-root-container\">\n<div class=\"wp-block-uagb-container uagb-block-csmvz9gm\">\n<div class=\"wp-block-uagb-info-box uagb-block-2wooybfd uagb-infobox__content-wrap  uagb-infobox-icon-above-title uagb-infobox-image-valign-top\"><div class=\"uagb-ifb-content\"><div class=\"uagb-ifb-title-wrap\"><h3 class=\"uagb-ifb-title\">Un livre d&rsquo;activit\u00e9s complet pr\u00eat pour Amazon KDP<\/h3><\/div><p class=\"uagb-ifb-desc\">Les livres d&rsquo;activit\u00e9s pour enfants figurent r\u00e9guli\u00e8rement parmi les meilleures ventes sur Amazon. Nous pouvons vous aider \u00e0 p\u00e9n\u00e9trer ce march\u00e9 en cr\u00e9ant des livres d&rsquo;activit\u00e9s amusants pour les enfants que vous pourrez vendre sous votre propre marque sur Amazon. Ce paquet comprend<\/p><\/div><\/div>\n\n\n\n<div class=\"wp-block-uagb-icon-list uagb-block-zxtzk0ec\"><div class=\"uagb-icon-list__wrap\">\n<div class=\"wp-block-uagb-icon-list-child uagb-block-qni1vaq6\"><span class=\"uagb-icon-list__source-wrap\"><svg xmlns=\"https:\/\/www.w3.org\/2000\/svg\" viewbox=\"0 0 448 512\"><path d=\"M438.6 105.4C451.1 117.9 451.1 138.1 438.6 150.6L182.6 406.6C170.1 419.1 149.9 419.1 137.4 406.6L9.372 278.6C-3.124 266.1-3.124 245.9 9.372 233.4C21.87 220.9 42.13 220.9 54.63 233.4L159.1 338.7L393.4 105.4C405.9 92.88 426.1 92.88 438.6 105.4H438.6z\"><\/path><\/svg><\/span><span class=\"uagb-icon-list__label\">Livre d&rsquo;activit\u00e9s avec des puzzles et des graphiques riches.<\/span><\/div>\n\n\n\n<div class=\"wp-block-uagb-icon-list-child uagb-block-lnjqdhqs\"><span class=\"uagb-icon-list__source-wrap\"><svg xmlns=\"https:\/\/www.w3.org\/2000\/svg\" viewbox=\"0 0 448 512\"><path d=\"M438.6 105.4C451.1 117.9 451.1 138.1 438.6 150.6L182.6 406.6C170.1 419.1 149.9 419.1 137.4 406.6L9.372 278.6C-3.124 266.1-3.124 245.9 9.372 233.4C21.87 220.9 42.13 220.9 54.63 233.4L159.1 338.7L393.4 105.4C405.9 92.88 426.1 92.88 438.6 105.4H438.6z\"><\/path><\/svg><\/span><span class=\"uagb-icon-list__label\">Conception de la couverture<\/span><\/div>\n\n\n\n<div class=\"wp-block-uagb-icon-list-child uagb-block-oht2tvvw\"><span class=\"uagb-icon-list__source-wrap\"><svg xmlns=\"https:\/\/www.w3.org\/2000\/svg\" viewbox=\"0 0 448 512\"><path d=\"M438.6 105.4C451.1 117.9 451.1 138.1 438.6 150.6L182.6 406.6C170.1 419.1 149.9 419.1 137.4 406.6L9.372 278.6C-3.124 266.1-3.124 245.9 9.372 233.4C21.87 220.9 42.13 220.9 54.63 233.4L159.1 338.7L393.4 105.4C405.9 92.88 426.1 92.88 438.6 105.4H438.6z\"><\/path><\/svg><\/span><span class=\"uagb-icon-list__label\">Un contenu unique et libre de droits<\/span><\/div>\n\n\n\n<div class=\"wp-block-uagb-icon-list-child uagb-block-f47zhurk\"><span class=\"uagb-icon-list__source-wrap\"><svg xmlns=\"https:\/\/www.w3.org\/2000\/svg\" viewbox=\"0 0 448 512\"><path d=\"M438.6 105.4C451.1 117.9 451.1 138.1 438.6 150.6L182.6 406.6C170.1 419.1 149.9 419.1 137.4 406.6L9.372 278.6C-3.124 266.1-3.124 245.9 9.372 233.4C21.87 220.9 42.13 220.9 54.63 233.4L159.1 338.7L393.4 105.4C405.9 92.88 426.1 92.88 438.6 105.4H438.6z\"><\/path><\/svg><\/span><span class=\"uagb-icon-list__label\">Fichiers int\u00e9rieurs et de couverture pr\u00eats \u00e0 \u00eatre t\u00e9l\u00e9charg\u00e9s sur Amazon KDP<\/span><\/div>\n<\/div><\/div>\n\n\n\n<div class=\"wp-block-uagb-buttons uagb-buttons__outer-wrap uagb-btn__default-btn uagb-btn-tablet__default-btn uagb-btn-mobile__default-btn uagb-block-0f4cd916\"><div class=\"uagb-buttons__wrap uagb-buttons-layout-wrap \">\n<div class=\"wp-block-uagb-buttons-child uagb-buttons__outer-wrap uagb-block-eaeb505a wp-block-button\"><div class=\"uagb-button__wrapper\"><a class=\"uagb-buttons-repeater wp-block-button__link\" aria-label=\"\" href=\"https:\/\/buy.stripe.com\/aEU4je4vn0qsgGD8LV\" rel=\"nofollow noopener\" target=\"_blank\" role=\"button\"><span class=\"uagb-button__icon uagb-button__icon-position-before\"><svg xmlns=\"https:\/\/www.w3.org\/2000\/svg\" viewbox=\"0 0 448 512\" aria-hidden=\"true\" focussable=\"false\"><path d=\"M438.6 278.6l-160 160C272.4 444.9 264.2 448 256 448s-16.38-3.125-22.62-9.375c-12.5-12.5-12.5-32.75 0-45.25L338.8 288H32C14.33 288 .0016 273.7 .0016 256S14.33 224 32 224h306.8l-105.4-105.4c-12.5-12.5-12.5-32.75 0-45.25s32.75-12.5 45.25 0l160 160C451.1 245.9 451.1 266.1 438.6 278.6z\"><\/path><\/svg><\/span><div class=\"uagb-button__link\">Achetez maintenant pour 199<\/div><\/a><\/div><\/div>\n<\/div><\/div>\n<\/div>\n\n\n\n<div class=\"wp-block-uagb-image uagb-block-xallk2gk wp-block-uagb-image--layout-default wp-block-uagb-image--effect-static wp-block-uagb-image--align-none\"><figure class=\"wp-block-uagb-image__figure\"><img decoding=\"async\" srcset=\"https:\/\/bookbildrpublishing.com\/wp-content\/uploads\/2024\/06\/Activity-book-photo-717x1024.png ,https:\/\/bookbildrpublishing.com\/wp-content\/uploads\/2024\/06\/Activity-book-photo.png 780w, https:\/\/bookbildrpublishing.com\/wp-content\/uploads\/2024\/06\/Activity-book-photo.png 360w\" sizes=\"auto, (max-width: 480px) 150px\" src=\"https:\/\/bookbildrpublishing.com\/wp-content\/uploads\/2024\/06\/Activity-book-photo-717x1024.png\" alt=\"paquet de livres d'activit\u00e9s\" class=\"uag-image-1696\" width=\"564\" height=\"500\" title=\"Livre d'activit\u00e9s photo\" loading=\"lazy\" role=\"img\"><\/figure><\/div>\n<\/div>\n\n<div class=\"wp-block-uagb-container uagb-block-f2a959f8 alignfull uagb-is-root-container\"><div class=\"uagb-container-inner-blocks-wrap\">\n<div class=\"wp-block-uagb-container uagb-block-33cebfe3\">\n<div class=\"wp-block-uagb-advanced-heading uagb-block-4d7ec8bb\"><h2 class=\"uagb-heading-text\">Inscrivez-vous \u00e0 notre lettre d&rsquo;information pour recevoir des mises \u00e0 jour r\u00e9guli\u00e8res<\/h2><\/div>\n\n\n<div class=\"tnp tnp-subscription \">\n<form method=\"post\" action=\"https:\/\/bookbildrpublishing.com\/wp-admin\/admin-ajax.php?action=tnp&amp;na=s\">\n<input type=\"hidden\" name=\"nlang\" value=\"fr\">\n<div class=\"tnp-field tnp-field-firstname\"><label for=\"tnp-1\">Pr\u00e9nom<\/label>\n<input class=\"tnp-name\" type=\"text\" name=\"nn\" id=\"tnp-1\" value=\"\" placeholder=\"\"><\/div>\n<div class=\"tnp-field tnp-field-email\"><label for=\"tnp-2\">E-mail<\/label>\n<input class=\"tnp-email\" type=\"email\" name=\"ne\" id=\"tnp-2\" value=\"\" placeholder=\"\" required><\/div>\n<div class=\"tnp-field tnp-privacy-field\"><label><input type=\"checkbox\" name=\"ny\" required class=\"tnp-privacy\"> I accept the privacy policy<\/label><\/div><div class=\"tnp-field tnp-field-button\" style=\"text-align: left\"><input class=\"tnp-submit\" type=\"submit\" value=\"S&#039;abonner\" style=\"\">\n<\/div>\n<\/form>\n<\/div>\n\n<\/div>\n\n\n\n<div class=\"wp-block-uagb-image aligncenter uagb-block-a8a91fa5 wp-block-uagb-image--layout-default wp-block-uagb-image--effect-static wp-block-uagb-image--align-center\"><figure class=\"wp-block-uagb-image__figure\"><img decoding=\"async\" srcset=\"https:\/\/bookbildrpublishing.com\/wp-content\/uploads\/2024\/06\/pexels-photo-4348404-4348404-1024x695.jpg ,https:\/\/bookbildrpublishing.com\/wp-content\/uploads\/2024\/06\/pexels-photo-4348404-4348404.jpg 780w, https:\/\/bookbildrpublishing.com\/wp-content\/uploads\/2024\/06\/pexels-photo-4348404-4348404.jpg 360w\" sizes=\"auto, (max-width: 480px) 150px\" src=\"https:\/\/bookbildrpublishing.com\/wp-content\/uploads\/2024\/06\/pexels-photo-4348404-4348404-1024x695.jpg\" alt=\"pexels-photo-4348404-4348404.jpg\" class=\"uag-image-1066\" width=\"432\" height=\"452\" title=\"pexels-photo-4348404-4348404\" loading=\"lazy\" role=\"img\"><\/figure><\/div>\n<\/div><\/div>\n","protected":false},"excerpt":{"rendered":"<p>Inscrivez-vous \u00e0 notre lettre d&rsquo;information pour recevoir des mises \u00e0 jour r\u00e9guli\u00e8res<\/p>\n","protected":false},"author":1,"featured_media":2251,"parent":0,"menu_order":0,"comment_status":"closed","ping_status":"closed","template":"","meta":{"_uag_custom_page_level_css":"","site-sidebar-layout":"default","site-content-layout":"","ast-site-content-layout":"default","site-content-style":"default","site-sidebar-style":"default","ast-global-header-display":"","ast-banner-title-visibility":"","ast-main-header-display":"","ast-hfb-above-header-display":"","ast-hfb-below-header-display":"","ast-hfb-mobile-header-display":"","site-post-title":"disabled","ast-breadcrumbs-content":"","ast-featured-img":"","footer-sml-layout":"","theme-transparent-header-meta":"","adv-header-id-meta":"","stick-header-meta":"","header-above-stick-meta":"","header-main-stick-meta":"","header-below-stick-meta":"","astra-migrate-meta-layouts":"default","ast-page-background-enabled":"default","ast-page-background-meta":{"desktop":{"background-color":"var(--ast-global-color-4)","background-image":"","background-repeat":"repeat","background-position":"center center","background-size":"auto","background-attachment":"scroll","background-type":"","background-media":"","overlay-type":"","overlay-color":"","overlay-opacity":"","overlay-gradient":""},"tablet":{"background-color":"","background-image":"","background-repeat":"repeat","background-position":"center center","background-size":"auto","background-attachment":"scroll","background-type":"","background-media":"","overlay-type":"","overlay-color":"","overlay-opacity":"","overlay-gradient":""},"mobile":{"background-color":"","background-image":"","background-repeat":"repeat","background-position":"center center","background-size":"auto","background-attachment":"scroll","background-type":"","background-media":"","overlay-type":"","overlay-color":"","overlay-opacity":"","overlay-gradient":""}},"ast-content-background-meta":{"desktop":{"background-color":"var(--ast-global-color-5)","background-image":"","background-repeat":"repeat","background-position":"center center","background-size":"auto","background-attachment":"scroll","background-type":"","background-media":"","overlay-type":"","overlay-color":"","overlay-opacity":"","overlay-gradient":""},"tablet":{"background-color":"var(--ast-global-color-5)","background-image":"","background-repeat":"repeat","background-position":"center center","background-size":"auto","background-attachment":"scroll","background-type":"","background-media":"","overlay-type":"","overlay-color":"","overlay-opacity":"","overlay-gradient":""},"mobile":{"background-color":"var(--ast-global-color-5)","background-image":"","background-repeat":"repeat","background-position":"center center","background-size":"auto","background-attachment":"scroll","background-type":"","background-media":"","overlay-type":"","overlay-color":"","overlay-opacity":"","overlay-gradient":""}},"footnotes":""},"class_list":["post-3215","page","type-page","status-publish","has-post-thumbnail","hentry"],"yoast_head":"<!-- This site is optimized with the Yoast SEO plugin v25.6 - https:\/\/yoast.com\/wordpress\/plugins\/seo\/ -->\n<title>Cahier d&#039;activit\u00e9s Tout-en-un | BookBildr Publishing<\/title>\n<meta name=\"description\" content=\"Achetez le pack Livre d&#039;activit\u00e9s et recevez des fichiers uniques et libres de droits pour l&#039;auto-publication du livre d&#039;activit\u00e9s sur Amazon KDP.\" \/>\n<meta name=\"robots\" content=\"index, follow, max-snippet:-1, max-image-preview:large, max-video-preview:-1\" \/>\n<link rel=\"canonical\" href=\"https:\/\/bookbildrpublishing.com\/fr\/cahier-dactivites\/\" \/>\n<meta property=\"og:locale\" content=\"fr_FR\" \/>\n<meta property=\"og:type\" content=\"article\" \/>\n<meta property=\"og:title\" content=\"Cahier d&#039;activit\u00e9s Tout-en-un | BookBildr Publishing\" \/>\n<meta property=\"og:description\" content=\"Achetez le pack Livre d&#039;activit\u00e9s et recevez des fichiers uniques et libres de droits pour l&#039;auto-publication du livre d&#039;activit\u00e9s sur Amazon KDP.\" \/>\n<meta property=\"og:url\" content=\"https:\/\/bookbildrpublishing.com\/fr\/cahier-dactivites\/\" \/>\n<meta property=\"og:site_name\" content=\"BookBildr Publishing\" \/>\n<meta property=\"article:modified_time\" content=\"2024-11-28T09:41:45+00:00\" \/>\n<meta property=\"og:image\" content=\"https:\/\/bookbildrpublishing.com\/wp-content\/uploads\/2024\/06\/Activity-book-photo.png\" \/>\n\t<meta property=\"og:image:width\" content=\"840\" \/>\n\t<meta property=\"og:image:height\" content=\"1200\" \/>\n\t<meta property=\"og:image:type\" content=\"image\/png\" \/>\n<meta name=\"twitter:card\" content=\"summary_large_image\" \/>\n<script type=\"application\/ld+json\" class=\"yoast-schema-graph\">{\"@context\":\"https:\/\/schema.org\",\"@graph\":[{\"@type\":\"WebPage\",\"@id\":\"https:\/\/bookbildrpublishing.com\/fr\/cahier-dactivites\/\",\"url\":\"https:\/\/bookbildrpublishing.com\/fr\/cahier-dactivites\/\",\"name\":\"Cahier d'activit\u00e9s Tout-en-un | BookBildr Publishing\",\"isPartOf\":{\"@id\":\"https:\/\/bookbildrpublishing.com\/fr\/#website\"},\"primaryImageOfPage\":{\"@id\":\"https:\/\/bookbildrpublishing.com\/fr\/cahier-dactivites\/#primaryimage\"},\"image\":{\"@id\":\"https:\/\/bookbildrpublishing.com\/fr\/cahier-dactivites\/#primaryimage\"},\"thumbnailUrl\":\"https:\/\/bookbildrpublishing.com\/wp-content\/uploads\/2024\/06\/Activity-book-photo.png\",\"datePublished\":\"2024-06-26T10:19:51+00:00\",\"dateModified\":\"2024-11-28T09:41:45+00:00\",\"description\":\"Achetez le pack Livre d'activit\u00e9s et recevez des fichiers uniques et libres de droits pour l'auto-publication du livre d'activit\u00e9s sur Amazon KDP.\",\"breadcrumb\":{\"@id\":\"https:\/\/bookbildrpublishing.com\/fr\/cahier-dactivites\/#breadcrumb\"},\"inLanguage\":\"fr-FR\",\"potentialAction\":[{\"@type\":\"ReadAction\",\"target\":[\"https:\/\/bookbildrpublishing.com\/fr\/cahier-dactivites\/\"]}]},{\"@type\":\"ImageObject\",\"inLanguage\":\"fr-FR\",\"@id\":\"https:\/\/bookbildrpublishing.com\/fr\/cahier-dactivites\/#primaryimage\",\"url\":\"https:\/\/bookbildrpublishing.com\/wp-content\/uploads\/2024\/06\/Activity-book-photo.png\",\"contentUrl\":\"https:\/\/bookbildrpublishing.com\/wp-content\/uploads\/2024\/06\/Activity-book-photo.png\",\"width\":840,\"height\":1200},{\"@type\":\"BreadcrumbList\",\"@id\":\"https:\/\/bookbildrpublishing.com\/fr\/cahier-dactivites\/#breadcrumb\",\"itemListElement\":[{\"@type\":\"ListItem\",\"position\":1,\"name\":\"Home\",\"item\":\"https:\/\/bookbildrpublishing.com\/fr\/\"},{\"@type\":\"ListItem\",\"position\":2,\"name\":\"Cahier d&rsquo;activit\u00e9s\"}]},{\"@type\":\"WebSite\",\"@id\":\"https:\/\/bookbildrpublishing.com\/fr\/#website\",\"url\":\"https:\/\/bookbildrpublishing.com\/fr\/\",\"name\":\"BookBildr Publishing\",\"description\":\"\",\"publisher\":{\"@id\":\"https:\/\/bookbildrpublishing.com\/fr\/#organization\"},\"potentialAction\":[{\"@type\":\"SearchAction\",\"target\":{\"@type\":\"EntryPoint\",\"urlTemplate\":\"https:\/\/bookbildrpublishing.com\/fr\/?s={search_term_string}\"},\"query-input\":{\"@type\":\"PropertyValueSpecification\",\"valueRequired\":true,\"valueName\":\"search_term_string\"}}],\"inLanguage\":\"fr-FR\"},{\"@type\":\"Organization\",\"@id\":\"https:\/\/bookbildrpublishing.com\/fr\/#organization\",\"name\":\"BookBildr Publishing\",\"url\":\"https:\/\/bookbildrpublishing.com\/fr\/\",\"logo\":{\"@type\":\"ImageObject\",\"inLanguage\":\"fr-FR\",\"@id\":\"https:\/\/bookbildrpublishing.com\/fr\/#\/schema\/logo\/image\/\",\"url\":\"https:\/\/bookbildrpublishing.com\/wp-content\/uploads\/2024\/06\/BookBildr-Publishing-logo.png\",\"contentUrl\":\"https:\/\/bookbildrpublishing.com\/wp-content\/uploads\/2024\/06\/BookBildr-Publishing-logo.png\",\"width\":200,\"height\":80,\"caption\":\"BookBildr Publishing\"},\"image\":{\"@id\":\"https:\/\/bookbildrpublishing.com\/fr\/#\/schema\/logo\/image\/\"}}]}<\/script>\n<!-- \/ Yoast SEO plugin. -->","yoast_head_json":{"title":"Cahier d'activit\u00e9s Tout-en-un | BookBildr Publishing","description":"Achetez le pack Livre d'activit\u00e9s et recevez des fichiers uniques et libres de droits pour l'auto-publication du livre d'activit\u00e9s sur Amazon KDP.","robots":{"index":"index","follow":"follow","max-snippet":"max-snippet:-1","max-image-preview":"max-image-preview:large","max-video-preview":"max-video-preview:-1"},"canonical":"https:\/\/bookbildrpublishing.com\/fr\/cahier-dactivites\/","og_locale":"fr_FR","og_type":"article","og_title":"Cahier d'activit\u00e9s Tout-en-un | BookBildr Publishing","og_description":"Achetez le pack Livre d'activit\u00e9s et recevez des fichiers uniques et libres de droits pour l'auto-publication du livre d'activit\u00e9s sur Amazon KDP.","og_url":"https:\/\/bookbildrpublishing.com\/fr\/cahier-dactivites\/","og_site_name":"BookBildr Publishing","article_modified_time":"2024-11-28T09:41:45+00:00","og_image":[{"width":840,"height":1200,"url":"https:\/\/bookbildrpublishing.com\/wp-content\/uploads\/2024\/06\/Activity-book-photo.png","type":"image\/png"}],"twitter_card":"summary_large_image","schema":{"@context":"https:\/\/schema.org","@graph":[{"@type":"WebPage","@id":"https:\/\/bookbildrpublishing.com\/fr\/cahier-dactivites\/","url":"https:\/\/bookbildrpublishing.com\/fr\/cahier-dactivites\/","name":"Cahier d'activit\u00e9s Tout-en-un | BookBildr Publishing","isPartOf":{"@id":"https:\/\/bookbildrpublishing.com\/fr\/#website"},"primaryImageOfPage":{"@id":"https:\/\/bookbildrpublishing.com\/fr\/cahier-dactivites\/#primaryimage"},"image":{"@id":"https:\/\/bookbildrpublishing.com\/fr\/cahier-dactivites\/#primaryimage"},"thumbnailUrl":"https:\/\/bookbildrpublishing.com\/wp-content\/uploads\/2024\/06\/Activity-book-photo.png","datePublished":"2024-06-26T10:19:51+00:00","dateModified":"2024-11-28T09:41:45+00:00","description":"Achetez le pack Livre d'activit\u00e9s et recevez des fichiers uniques et libres de droits pour l'auto-publication du livre d'activit\u00e9s sur Amazon KDP.","breadcrumb":{"@id":"https:\/\/bookbildrpublishing.com\/fr\/cahier-dactivites\/#breadcrumb"},"inLanguage":"fr-FR","potentialAction":[{"@type":"ReadAction","target":["https:\/\/bookbildrpublishing.com\/fr\/cahier-dactivites\/"]}]},{"@type":"ImageObject","inLanguage":"fr-FR","@id":"https:\/\/bookbildrpublishing.com\/fr\/cahier-dactivites\/#primaryimage","url":"https:\/\/bookbildrpublishing.com\/wp-content\/uploads\/2024\/06\/Activity-book-photo.png","contentUrl":"https:\/\/bookbildrpublishing.com\/wp-content\/uploads\/2024\/06\/Activity-book-photo.png","width":840,"height":1200},{"@type":"BreadcrumbList","@id":"https:\/\/bookbildrpublishing.com\/fr\/cahier-dactivites\/#breadcrumb","itemListElement":[{"@type":"ListItem","position":1,"name":"Home","item":"https:\/\/bookbildrpublishing.com\/fr\/"},{"@type":"ListItem","position":2,"name":"Cahier d&rsquo;activit\u00e9s"}]},{"@type":"WebSite","@id":"https:\/\/bookbildrpublishing.com\/fr\/#website","url":"https:\/\/bookbildrpublishing.com\/fr\/","name":"BookBildr Publishing","description":"","publisher":{"@id":"https:\/\/bookbildrpublishing.com\/fr\/#organization"},"potentialAction":[{"@type":"SearchAction","target":{"@type":"EntryPoint","urlTemplate":"https:\/\/bookbildrpublishing.com\/fr\/?s={search_term_string}"},"query-input":{"@type":"PropertyValueSpecification","valueRequired":true,"valueName":"search_term_string"}}],"inLanguage":"fr-FR"},{"@type":"Organization","@id":"https:\/\/bookbildrpublishing.com\/fr\/#organization","name":"BookBildr Publishing","url":"https:\/\/bookbildrpublishing.com\/fr\/","logo":{"@type":"ImageObject","inLanguage":"fr-FR","@id":"https:\/\/bookbildrpublishing.com\/fr\/#\/schema\/logo\/image\/","url":"https:\/\/bookbildrpublishing.com\/wp-content\/uploads\/2024\/06\/BookBildr-Publishing-logo.png","contentUrl":"https:\/\/bookbildrpublishing.com\/wp-content\/uploads\/2024\/06\/BookBildr-Publishing-logo.png","width":200,"height":80,"caption":"BookBildr Publishing"},"image":{"@id":"https:\/\/bookbildrpublishing.com\/fr\/#\/schema\/logo\/image\/"}}]}},"uagb_featured_image_src":{"full":["https:\/\/bookbildrpublishing.com\/wp-content\/uploads\/2024\/06\/Activity-book-photo.png",840,1200,false],"thumbnail":["https:\/\/bookbildrpublishing.com\/wp-content\/uploads\/2024\/06\/Activity-book-photo-150x150.png",150,150,true],"medium":["https:\/\/bookbildrpublishing.com\/wp-content\/uploads\/2024\/06\/Activity-book-photo-210x300.png",210,300,true],"medium_large":["https:\/\/bookbildrpublishing.com\/wp-content\/uploads\/2024\/06\/Activity-book-photo-768x1097.png",768,1097,true],"large":["https:\/\/bookbildrpublishing.com\/wp-content\/uploads\/2024\/06\/Activity-book-photo-717x1024.png",717,1024,true],"1536x1536":["https:\/\/bookbildrpublishing.com\/wp-content\/uploads\/2024\/06\/Activity-book-photo.png",840,1200,false],"2048x2048":["https:\/\/bookbildrpublishing.com\/wp-content\/uploads\/2024\/06\/Activity-book-photo.png",840,1200,false],"woocommerce_thumbnail":["https:\/\/bookbildrpublishing.com\/wp-content\/uploads\/2024\/06\/Activity-book-photo-300x300.png",300,300,true],"woocommerce_single":["https:\/\/bookbildrpublishing.com\/wp-content\/uploads\/2024\/06\/Activity-book-photo-600x857.png",600,857,true],"woocommerce_gallery_thumbnail":["https:\/\/bookbildrpublishing.com\/wp-content\/uploads\/2024\/06\/Activity-book-photo-100x100.png",100,100,true]},"uagb_author_info":{"display_name":"admin","author_link":"https:\/\/bookbildrpublishing.com\/fr\/author\/bbildr\/"},"uagb_comment_info":0,"uagb_excerpt":"Inscrivez-vous \u00e0 notre lettre d&rsquo;information pour recevoir des mises \u00e0 jour r\u00e9guli\u00e8res","_links":{"self":[{"href":"https:\/\/bookbildrpublishing.com\/fr\/wp-json\/wp\/v2\/pages\/3215","targetHints":{"allow":["GET"]}}],"collection":[{"href":"https:\/\/bookbildrpublishing.com\/fr\/wp-json\/wp\/v2\/pages"}],"about":[{"href":"https:\/\/bookbildrpublishing.com\/fr\/wp-json\/wp\/v2\/types\/page"}],"author":[{"embeddable":true,"href":"https:\/\/bookbildrpublishing.com\/fr\/wp-json\/wp\/v2\/users\/1"}],"replies":[{"embeddable":true,"href":"https:\/\/bookbildrpublishing.com\/fr\/wp-json\/wp\/v2\/comments?post=3215"}],"version-history":[{"count":2,"href":"https:\/\/bookbildrpublishing.com\/fr\/wp-json\/wp\/v2\/pages\/3215\/revisions"}],"predecessor-version":[{"id":3217,"href":"https:\/\/bookbildrpublishing.com\/fr\/wp-json\/wp\/v2\/pages\/3215\/revisions\/3217"}],"wp:featuredmedia":[{"embeddable":true,"href":"https:\/\/bookbildrpublishing.com\/fr\/wp-json\/wp\/v2\/media\/2251"}],"wp:attachment":[{"href":"https:\/\/bookbildrpublishing.com\/fr\/wp-json\/wp\/v2\/media?parent=3215"}],"curies":[{"name":"wp","href":"https:\/\/api.w.org\/{rel}","templated":true}]}}