{"id":3190,"date":"2024-06-26T13:35:19","date_gmt":"2024-06-26T13:35:19","guid":{"rendered":"https:\/\/bookbildrpublishing.com\/pro\/"},"modified":"2024-11-28T09:41:40","modified_gmt":"2024-11-28T09:41:40","slug":"pro","status":"publish","type":"page","link":"https:\/\/bookbildrpublishing.com\/fr\/pro\/","title":{"rendered":"Pro"},"content":{"rendered":"\n<div class=\"wp-block-uagb-container uagb-block-1xqdynq5 alignfull uagb-is-root-container\">\n<div class=\"wp-block-uagb-info-box uagb-block-55w5d4qs uagb-infobox__content-wrap  uagb-infobox-icon-above-title uagb-infobox-image-valign-top\"><div class=\"uagb-ifb-content\"><div class=\"uagb-ifb-title-wrap\"><h1 class=\"uagb-ifb-title\">Livre pour enfants Pro<\/h1><\/div><p class=\"uagb-ifb-desc\">Ce forfait est id\u00e9al pour les auteurs qui ont besoin d&rsquo;aide pour la mise en page de leur livre et qui souhaitent le proposer en format couverture rigide et livre de poche. Nous vous demanderons de fournir le texte et les illustrations. <\/p><\/div><\/div>\n<\/div>\n\n<div class=\"wp-block-uagb-container uagb-block-gpim7tds alignfull uagb-is-root-container\">\n<div class=\"wp-block-uagb-container uagb-block-csmvz9gm\">\n<div class=\"wp-block-uagb-info-box uagb-block-2wooybfd uagb-infobox__content-wrap  uagb-infobox-icon-above-title uagb-infobox-image-valign-top\"><div class=\"uagb-ifb-content\"><div class=\"uagb-ifb-title-wrap\"><h3 class=\"uagb-ifb-title\">Notre formule d&rsquo;\u00e9dition la plus vendue<\/h3><\/div><p class=\"uagb-ifb-desc\">Si vous avez d\u00e9j\u00e0 \u00e9crit et illustr\u00e9 votre livre pour enfants mais que vous avez besoin d&rsquo;aide pour l&rsquo;\u00e9dition et la mise en page, la formule Pro est faite pour vous. Nous relirons et \u00e9diterons votre livre, cr\u00e9erons une mise en page professionnelle et le distribuerons dans les librairies du monde entier. L&rsquo;\u00e9dition Pro comprend  <\/p><\/div><\/div>\n\n\n\n<div class=\"wp-block-uagb-icon-list uagb-block-zxtzk0ec\"><div class=\"uagb-icon-list__wrap\">\n<div class=\"wp-block-uagb-icon-list-child uagb-block-qni1vaq6\"><span class=\"uagb-icon-list__source-wrap\"><svg xmlns=\"https:\/\/www.w3.org\/2000\/svg\" viewbox=\"0 0 448 512\"><path d=\"M438.6 105.4C451.1 117.9 451.1 138.1 438.6 150.6L182.6 406.6C170.1 419.1 149.9 419.1 137.4 406.6L9.372 278.6C-3.124 266.1-3.124 245.9 9.372 233.4C21.87 220.9 42.13 220.9 54.63 233.4L159.1 338.7L393.4 105.4C405.9 92.88 426.1 92.88 438.6 105.4H438.6z\"><\/path><\/svg><\/span><span class=\"uagb-icon-list__label\">\u00c9valuation des manuscrits et r\u00e9vision approfondie<\/span><\/div>\n\n\n\n<div class=\"wp-block-uagb-icon-list-child uagb-block-lnjqdhqs\"><span class=\"uagb-icon-list__source-wrap\"><svg xmlns=\"https:\/\/www.w3.org\/2000\/svg\" viewbox=\"0 0 448 512\"><path d=\"M438.6 105.4C451.1 117.9 451.1 138.1 438.6 150.6L182.6 406.6C170.1 419.1 149.9 419.1 137.4 406.6L9.372 278.6C-3.124 266.1-3.124 245.9 9.372 233.4C21.87 220.9 42.13 220.9 54.63 233.4L159.1 338.7L393.4 105.4C405.9 92.88 426.1 92.88 438.6 105.4H438.6z\"><\/path><\/svg><\/span><span class=\"uagb-icon-list__label\">Formatage des livres de poche et des couvertures (int\u00e9rieur et couverture)<\/span><\/div>\n\n\n\n<div class=\"wp-block-uagb-icon-list-child uagb-block-2cbd83e7\"><span class=\"uagb-icon-list__source-wrap\"><svg xmlns=\"https:\/\/www.w3.org\/2000\/svg\" viewbox=\"0 0 448 512\"><path d=\"M438.6 105.4C451.1 117.9 451.1 138.1 438.6 150.6L182.6 406.6C170.1 419.1 149.9 419.1 137.4 406.6L9.372 278.6C-3.124 266.1-3.124 245.9 9.372 233.4C21.87 220.9 42.13 220.9 54.63 233.4L159.1 338.7L393.4 105.4C405.9 92.88 426.1 92.88 438.6 105.4H438.6z\"><\/path><\/svg><\/span><span class=\"uagb-icon-list__label\">Mise en page et conception de livres professionnels avec placement d&rsquo;illustrations<\/span><\/div>\n\n\n\n<div class=\"wp-block-uagb-icon-list-child uagb-block-oht2tvvw\"><span class=\"uagb-icon-list__source-wrap\"><svg xmlns=\"https:\/\/www.w3.org\/2000\/svg\" viewbox=\"0 0 448 512\"><path d=\"M438.6 105.4C451.1 117.9 451.1 138.1 438.6 150.6L182.6 406.6C170.1 419.1 149.9 419.1 137.4 406.6L9.372 278.6C-3.124 266.1-3.124 245.9 9.372 233.4C21.87 220.9 42.13 220.9 54.63 233.4L159.1 338.7L393.4 105.4C405.9 92.88 426.1 92.88 438.6 105.4H438.6z\"><\/path><\/svg><\/span><span class=\"uagb-icon-list__label\">Deux ISBN am\u00e9ricains<\/span><\/div>\n\n\n\n<div class=\"wp-block-uagb-icon-list-child uagb-block-f47zhurk\"><span class=\"uagb-icon-list__source-wrap\"><svg xmlns=\"https:\/\/www.w3.org\/2000\/svg\" viewbox=\"0 0 448 512\"><path d=\"M438.6 105.4C451.1 117.9 451.1 138.1 438.6 150.6L182.6 406.6C170.1 419.1 149.9 419.1 137.4 406.6L9.372 278.6C-3.124 266.1-3.124 245.9 9.372 233.4C21.87 220.9 42.13 220.9 54.63 233.4L159.1 338.7L393.4 105.4C405.9 92.88 426.1 92.88 438.6 105.4H438.6z\"><\/path><\/svg><\/span><span class=\"uagb-icon-list__label\">Description du livre r\u00e9dig\u00e9e par notre r\u00e9dacteur<\/span><\/div>\n\n\n\n<div class=\"wp-block-uagb-icon-list-child uagb-block-4d5a2beb\"><span class=\"uagb-icon-list__source-wrap\"><svg xmlns=\"https:\/\/www.w3.org\/2000\/svg\" viewbox=\"0 0 448 512\"><path d=\"M438.6 105.4C451.1 117.9 451.1 138.1 438.6 150.6L182.6 406.6C170.1 419.1 149.9 419.1 137.4 406.6L9.372 278.6C-3.124 266.1-3.124 245.9 9.372 233.4C21.87 220.9 42.13 220.9 54.63 233.4L159.1 338.7L393.4 105.4C405.9 92.88 426.1 92.88 438.6 105.4H438.6z\"><\/path><\/svg><\/span><span class=\"uagb-icon-list__label\">R\u00e9f\u00e9rencement de livres<\/span><\/div>\n\n\n\n<div class=\"wp-block-uagb-icon-list-child uagb-block-c4cf6ba6\"><span class=\"uagb-icon-list__source-wrap\"><svg xmlns=\"https:\/\/www.w3.org\/2000\/svg\" viewbox=\"0 0 448 512\"><path d=\"M438.6 105.4C451.1 117.9 451.1 138.1 438.6 150.6L182.6 406.6C170.1 419.1 149.9 419.1 137.4 406.6L9.372 278.6C-3.124 266.1-3.124 245.9 9.372 233.4C21.87 220.9 42.13 220.9 54.63 233.4L159.1 338.7L393.4 105.4C405.9 92.88 426.1 92.88 438.6 105.4H438.6z\"><\/path><\/svg><\/span><span class=\"uagb-icon-list__label\">Distribution mondiale en ligne<\/span><\/div>\n\n\n\n<div class=\"wp-block-uagb-icon-list-child uagb-block-c448d494\"><span class=\"uagb-icon-list__source-wrap\"><svg xmlns=\"https:\/\/www.w3.org\/2000\/svg\" viewbox=\"0 0 448 512\"><path d=\"M438.6 105.4C451.1 117.9 451.1 138.1 438.6 150.6L182.6 406.6C170.1 419.1 149.9 419.1 137.4 406.6L9.372 278.6C-3.124 266.1-3.124 245.9 9.372 233.4C21.87 220.9 42.13 220.9 54.63 233.4L159.1 338.7L393.4 105.4C405.9 92.88 426.1 92.88 438.6 105.4H438.6z\"><\/path><\/svg><\/span><span class=\"uagb-icon-list__label\">Rapports de vente mensuels<\/span><\/div>\n\n\n\n<div class=\"wp-block-uagb-icon-list-child uagb-block-846b33d3\"><span class=\"uagb-icon-list__source-wrap\"><svg xmlns=\"https:\/\/www.w3.org\/2000\/svg\" viewbox=\"0 0 448 512\"><path d=\"M438.6 105.4C451.1 117.9 451.1 138.1 438.6 150.6L182.6 406.6C170.1 419.1 149.9 419.1 137.4 406.6L9.372 278.6C-3.124 266.1-3.124 245.9 9.372 233.4C21.87 220.9 42.13 220.9 54.63 233.4L159.1 338.7L393.4 105.4C405.9 92.88 426.1 92.88 438.6 105.4H438.6z\"><\/path><\/svg><\/span><span class=\"uagb-icon-list__label\">Paiements d\u00e8s que le seuil de 20 $ est atteint<\/span><\/div>\n<\/div><\/div>\n\n\n\n<div class=\"wp-block-uagb-buttons uagb-buttons__outer-wrap uagb-btn__default-btn uagb-btn-tablet__default-btn uagb-btn-mobile__default-btn uagb-block-0f4cd916\"><div class=\"uagb-buttons__wrap uagb-buttons-layout-wrap \">\n<div class=\"wp-block-uagb-buttons-child uagb-buttons__outer-wrap uagb-block-eaeb505a wp-block-button\"><div class=\"uagb-button__wrapper\"><a class=\"uagb-buttons-repeater wp-block-button__link\" aria-label=\"\" href=\"https:\/\/buy.stripe.com\/bIY02Y0f7a12aifgeq\" rel=\"nofollow noopener\" target=\"_blank\" role=\"button\"><span class=\"uagb-button__icon uagb-button__icon-position-before\"><svg xmlns=\"https:\/\/www.w3.org\/2000\/svg\" viewbox=\"0 0 448 512\" aria-hidden=\"true\" focussable=\"false\"><path d=\"M438.6 278.6l-160 160C272.4 444.9 264.2 448 256 448s-16.38-3.125-22.62-9.375c-12.5-12.5-12.5-32.75 0-45.25L338.8 288H32C14.33 288 .0016 273.7 .0016 256S14.33 224 32 224h306.8l-105.4-105.4c-12.5-12.5-12.5-32.75 0-45.25s32.75-12.5 45.25 0l160 160C451.1 245.9 451.1 266.1 438.6 278.6z\"><\/path><\/svg><\/span><div class=\"uagb-button__link\">Achetez maintenant pour 799<\/div><\/a><\/div><\/div>\n<\/div><\/div>\n\n\n\n<p class=\"has-text-align-center\"><a href=\"https:\/\/bookbildrpublishing.com\/fr\/?page_id=2347\" data-type=\"page\" data-id=\"550\">Ou contactez-nous si vous avez des questions.<\/a><\/p>\n<\/div>\n\n\n\n<div class=\"wp-block-uagb-image aligncenter uagb-block-xallk2gk wp-block-uagb-image--layout-default wp-block-uagb-image--effect-static wp-block-uagb-image--align-center\"><figure class=\"wp-block-uagb-image__figure\"><img decoding=\"async\" srcset=\"https:\/\/bookbildrpublishing.com\/wp-content\/uploads\/2024\/06\/Horizontal_Book_Mockup_Edit-1024x655.png ,https:\/\/bookbildrpublishing.com\/wp-content\/uploads\/2024\/06\/Horizontal_Book_Mockup_Edit.png 780w, https:\/\/bookbildrpublishing.com\/wp-content\/uploads\/2024\/06\/Horizontal_Book_Mockup_Edit.png 360w\" sizes=\"auto, (max-width: 480px) 150px\" src=\"https:\/\/bookbildrpublishing.com\/wp-content\/uploads\/2024\/06\/Horizontal_Book_Mockup_Edit-1024x655.png\" alt=\"livre du paysage\" class=\"uag-image-1741\" width=\"506\" height=\"500\" title=\"Maquette_livre_horizontal_Edit\" loading=\"lazy\" role=\"img\"><\/figure><\/div>\n<\/div>\n\n<div class=\"wp-block-uagb-container uagb-block-f2a959f8 alignfull uagb-is-root-container\"><div class=\"uagb-container-inner-blocks-wrap\">\n<div class=\"wp-block-uagb-container uagb-block-33cebfe3\">\n<div class=\"wp-block-uagb-advanced-heading uagb-block-4d7ec8bb\"><h2 class=\"uagb-heading-text\">Inscrivez-vous \u00e0 notre lettre d&rsquo;information pour recevoir des mises \u00e0 jour r\u00e9guli\u00e8res<\/h2><\/div>\n\n\n<div class=\"tnp tnp-subscription \">\n<form method=\"post\" action=\"https:\/\/bookbildrpublishing.com\/wp-admin\/admin-ajax.php?action=tnp&amp;na=s\">\n<input type=\"hidden\" name=\"nlang\" value=\"fr\">\n<div class=\"tnp-field tnp-field-firstname\"><label for=\"tnp-1\">Pr\u00e9nom<\/label>\n<input class=\"tnp-name\" type=\"text\" name=\"nn\" id=\"tnp-1\" value=\"\" placeholder=\"\"><\/div>\n<div class=\"tnp-field tnp-field-email\"><label for=\"tnp-2\">E-mail<\/label>\n<input class=\"tnp-email\" type=\"email\" name=\"ne\" id=\"tnp-2\" value=\"\" placeholder=\"\" required><\/div>\n<div class=\"tnp-field tnp-privacy-field\"><label><input type=\"checkbox\" name=\"ny\" required class=\"tnp-privacy\"> I accept the privacy policy<\/label><\/div><div class=\"tnp-field tnp-field-button\" style=\"text-align: left\"><input class=\"tnp-submit\" type=\"submit\" value=\"S&#039;abonner\" style=\"\">\n<\/div>\n<\/form>\n<\/div>\n\n<\/div>\n\n\n\n<div class=\"wp-block-uagb-image aligncenter uagb-block-a8a91fa5 wp-block-uagb-image--layout-default wp-block-uagb-image--effect-static wp-block-uagb-image--align-center\"><figure class=\"wp-block-uagb-image__figure\"><img decoding=\"async\" srcset=\"https:\/\/bookbildrpublishing.com\/wp-content\/uploads\/2024\/06\/pexels-photo-4348404-4348404-1024x695.jpg ,https:\/\/bookbildrpublishing.com\/wp-content\/uploads\/2024\/06\/pexels-photo-4348404-4348404.jpg 780w, https:\/\/bookbildrpublishing.com\/wp-content\/uploads\/2024\/06\/pexels-photo-4348404-4348404.jpg 360w\" sizes=\"auto, (max-width: 480px) 150px\" src=\"https:\/\/bookbildrpublishing.com\/wp-content\/uploads\/2024\/06\/pexels-photo-4348404-4348404-1024x695.jpg\" alt=\"pexels-photo-4348404-4348404.jpg\" class=\"uag-image-1066\" width=\"432\" height=\"452\" title=\"pexels-photo-4348404-4348404\" loading=\"lazy\" role=\"img\"><\/figure><\/div>\n<\/div><\/div>\n","protected":false},"excerpt":{"rendered":"<p>Ou contactez-nous si vous avez des questions. Inscrivez-vous \u00e0 notre lettre d&rsquo;information pour recevoir des mises \u00e0 jour r\u00e9guli\u00e8res<\/p>\n","protected":false},"author":1,"featured_media":2271,"parent":0,"menu_order":0,"comment_status":"closed","ping_status":"closed","template":"","meta":{"_uag_custom_page_level_css":"","site-sidebar-layout":"default","site-content-layout":"","ast-site-content-layout":"default","site-content-style":"default","site-sidebar-style":"default","ast-global-header-display":"","ast-banner-title-visibility":"","ast-main-header-display":"","ast-hfb-above-header-display":"","ast-hfb-below-header-display":"","ast-hfb-mobile-header-display":"","site-post-title":"disabled","ast-breadcrumbs-content":"","ast-featured-img":"","footer-sml-layout":"","theme-transparent-header-meta":"","adv-header-id-meta":"","stick-header-meta":"","header-above-stick-meta":"","header-main-stick-meta":"","header-below-stick-meta":"","astra-migrate-meta-layouts":"default","ast-page-background-enabled":"default","ast-page-background-meta":{"desktop":{"background-color":"var(--ast-global-color-4)","background-image":"","background-repeat":"repeat","background-position":"center center","background-size":"auto","background-attachment":"scroll","background-type":"","background-media":"","overlay-type":"","overlay-color":"","overlay-opacity":"","overlay-gradient":""},"tablet":{"background-color":"","background-image":"","background-repeat":"repeat","background-position":"center center","background-size":"auto","background-attachment":"scroll","background-type":"","background-media":"","overlay-type":"","overlay-color":"","overlay-opacity":"","overlay-gradient":""},"mobile":{"background-color":"","background-image":"","background-repeat":"repeat","background-position":"center center","background-size":"auto","background-attachment":"scroll","background-type":"","background-media":"","overlay-type":"","overlay-color":"","overlay-opacity":"","overlay-gradient":""}},"ast-content-background-meta":{"desktop":{"background-color":"var(--ast-global-color-5)","background-image":"","background-repeat":"repeat","background-position":"center center","background-size":"auto","background-attachment":"scroll","background-type":"","background-media":"","overlay-type":"","overlay-color":"","overlay-opacity":"","overlay-gradient":""},"tablet":{"background-color":"var(--ast-global-color-5)","background-image":"","background-repeat":"repeat","background-position":"center center","background-size":"auto","background-attachment":"scroll","background-type":"","background-media":"","overlay-type":"","overlay-color":"","overlay-opacity":"","overlay-gradient":""},"mobile":{"background-color":"var(--ast-global-color-5)","background-image":"","background-repeat":"repeat","background-position":"center center","background-size":"auto","background-attachment":"scroll","background-type":"","background-media":"","overlay-type":"","overlay-color":"","overlay-opacity":"","overlay-gradient":""}},"footnotes":""},"class_list":["post-3190","page","type-page","status-publish","has-post-thumbnail","hentry"],"yoast_head":"<!-- This site is optimized with the Yoast SEO plugin v25.6 - https:\/\/yoast.com\/wordpress\/plugins\/seo\/ -->\n<title>Pro Package d&#039;\u00e9dition de livres pour enfants | BookBildr Publishing<\/title>\n<meta name=\"description\" content=\"L&#039;offre Pro pour l&#039;\u00e9dition de livres pour enfants propose un ensemble \u00e9quilibr\u00e9 de fonctionnalit\u00e9s pour la publication, la distribution et la commercialisation de votre livre.\" \/>\n<meta name=\"robots\" content=\"index, follow, max-snippet:-1, max-image-preview:large, max-video-preview:-1\" \/>\n<link rel=\"canonical\" href=\"https:\/\/bookbildrpublishing.com\/fr\/pro\/\" \/>\n<meta property=\"og:locale\" content=\"fr_FR\" \/>\n<meta property=\"og:type\" content=\"article\" \/>\n<meta property=\"og:title\" content=\"Pro Package d&#039;\u00e9dition de livres pour enfants | BookBildr Publishing\" \/>\n<meta property=\"og:description\" content=\"L&#039;offre Pro pour l&#039;\u00e9dition de livres pour enfants propose un ensemble \u00e9quilibr\u00e9 de fonctionnalit\u00e9s pour la publication, la distribution et la commercialisation de votre livre.\" \/>\n<meta property=\"og:url\" content=\"https:\/\/bookbildrpublishing.com\/fr\/pro\/\" \/>\n<meta property=\"og:site_name\" content=\"BookBildr Publishing\" \/>\n<meta property=\"article:modified_time\" content=\"2024-11-28T09:41:40+00:00\" \/>\n<meta property=\"og:image\" content=\"https:\/\/bookbildrpublishing.com\/wp-content\/uploads\/2024\/06\/Horizontal_Book_Mockup_Edit-1024x655.png\" \/>\n\t<meta property=\"og:image:width\" content=\"1024\" \/>\n\t<meta property=\"og:image:height\" content=\"655\" \/>\n\t<meta property=\"og:image:type\" content=\"image\/png\" \/>\n<meta name=\"twitter:card\" content=\"summary_large_image\" \/>\n<script type=\"application\/ld+json\" class=\"yoast-schema-graph\">{\"@context\":\"https:\/\/schema.org\",\"@graph\":[{\"@type\":\"WebPage\",\"@id\":\"https:\/\/bookbildrpublishing.com\/fr\/pro\/\",\"url\":\"https:\/\/bookbildrpublishing.com\/fr\/pro\/\",\"name\":\"Pro Package d'\u00e9dition de livres pour enfants | BookBildr Publishing\",\"isPartOf\":{\"@id\":\"https:\/\/bookbildrpublishing.com\/fr\/#website\"},\"primaryImageOfPage\":{\"@id\":\"https:\/\/bookbildrpublishing.com\/fr\/pro\/#primaryimage\"},\"image\":{\"@id\":\"https:\/\/bookbildrpublishing.com\/fr\/pro\/#primaryimage\"},\"thumbnailUrl\":\"https:\/\/bookbildrpublishing.com\/wp-content\/uploads\/2024\/06\/Horizontal_Book_Mockup_Edit.png\",\"datePublished\":\"2024-06-26T13:35:19+00:00\",\"dateModified\":\"2024-11-28T09:41:40+00:00\",\"description\":\"L'offre Pro pour l'\u00e9dition de livres pour enfants propose un ensemble \u00e9quilibr\u00e9 de fonctionnalit\u00e9s pour la publication, la distribution et la commercialisation de votre livre.\",\"breadcrumb\":{\"@id\":\"https:\/\/bookbildrpublishing.com\/fr\/pro\/#breadcrumb\"},\"inLanguage\":\"fr-FR\",\"potentialAction\":[{\"@type\":\"ReadAction\",\"target\":[\"https:\/\/bookbildrpublishing.com\/fr\/pro\/\"]}]},{\"@type\":\"ImageObject\",\"inLanguage\":\"fr-FR\",\"@id\":\"https:\/\/bookbildrpublishing.com\/fr\/pro\/#primaryimage\",\"url\":\"https:\/\/bookbildrpublishing.com\/wp-content\/uploads\/2024\/06\/Horizontal_Book_Mockup_Edit.png\",\"contentUrl\":\"https:\/\/bookbildrpublishing.com\/wp-content\/uploads\/2024\/06\/Horizontal_Book_Mockup_Edit.png\",\"width\":2500,\"height\":1600},{\"@type\":\"BreadcrumbList\",\"@id\":\"https:\/\/bookbildrpublishing.com\/fr\/pro\/#breadcrumb\",\"itemListElement\":[{\"@type\":\"ListItem\",\"position\":1,\"name\":\"Home\",\"item\":\"https:\/\/bookbildrpublishing.com\/fr\/\"},{\"@type\":\"ListItem\",\"position\":2,\"name\":\"Pro\"}]},{\"@type\":\"WebSite\",\"@id\":\"https:\/\/bookbildrpublishing.com\/fr\/#website\",\"url\":\"https:\/\/bookbildrpublishing.com\/fr\/\",\"name\":\"BookBildr Publishing\",\"description\":\"\",\"publisher\":{\"@id\":\"https:\/\/bookbildrpublishing.com\/fr\/#organization\"},\"potentialAction\":[{\"@type\":\"SearchAction\",\"target\":{\"@type\":\"EntryPoint\",\"urlTemplate\":\"https:\/\/bookbildrpublishing.com\/fr\/?s={search_term_string}\"},\"query-input\":{\"@type\":\"PropertyValueSpecification\",\"valueRequired\":true,\"valueName\":\"search_term_string\"}}],\"inLanguage\":\"fr-FR\"},{\"@type\":\"Organization\",\"@id\":\"https:\/\/bookbildrpublishing.com\/fr\/#organization\",\"name\":\"BookBildr Publishing\",\"url\":\"https:\/\/bookbildrpublishing.com\/fr\/\",\"logo\":{\"@type\":\"ImageObject\",\"inLanguage\":\"fr-FR\",\"@id\":\"https:\/\/bookbildrpublishing.com\/fr\/#\/schema\/logo\/image\/\",\"url\":\"https:\/\/bookbildrpublishing.com\/wp-content\/uploads\/2024\/06\/BookBildr-Publishing-logo.png\",\"contentUrl\":\"https:\/\/bookbildrpublishing.com\/wp-content\/uploads\/2024\/06\/BookBildr-Publishing-logo.png\",\"width\":200,\"height\":80,\"caption\":\"BookBildr Publishing\"},\"image\":{\"@id\":\"https:\/\/bookbildrpublishing.com\/fr\/#\/schema\/logo\/image\/\"}}]}<\/script>\n<!-- \/ Yoast SEO plugin. -->","yoast_head_json":{"title":"Pro Package d'\u00e9dition de livres pour enfants | BookBildr Publishing","description":"L'offre Pro pour l'\u00e9dition de livres pour enfants propose un ensemble \u00e9quilibr\u00e9 de fonctionnalit\u00e9s pour la publication, la distribution et la commercialisation de votre livre.","robots":{"index":"index","follow":"follow","max-snippet":"max-snippet:-1","max-image-preview":"max-image-preview:large","max-video-preview":"max-video-preview:-1"},"canonical":"https:\/\/bookbildrpublishing.com\/fr\/pro\/","og_locale":"fr_FR","og_type":"article","og_title":"Pro Package d'\u00e9dition de livres pour enfants | BookBildr Publishing","og_description":"L'offre Pro pour l'\u00e9dition de livres pour enfants propose un ensemble \u00e9quilibr\u00e9 de fonctionnalit\u00e9s pour la publication, la distribution et la commercialisation de votre livre.","og_url":"https:\/\/bookbildrpublishing.com\/fr\/pro\/","og_site_name":"BookBildr Publishing","article_modified_time":"2024-11-28T09:41:40+00:00","og_image":[{"width":1024,"height":655,"url":"https:\/\/bookbildrpublishing.com\/wp-content\/uploads\/2024\/06\/Horizontal_Book_Mockup_Edit-1024x655.png","type":"image\/png"}],"twitter_card":"summary_large_image","schema":{"@context":"https:\/\/schema.org","@graph":[{"@type":"WebPage","@id":"https:\/\/bookbildrpublishing.com\/fr\/pro\/","url":"https:\/\/bookbildrpublishing.com\/fr\/pro\/","name":"Pro Package d'\u00e9dition de livres pour enfants | BookBildr Publishing","isPartOf":{"@id":"https:\/\/bookbildrpublishing.com\/fr\/#website"},"primaryImageOfPage":{"@id":"https:\/\/bookbildrpublishing.com\/fr\/pro\/#primaryimage"},"image":{"@id":"https:\/\/bookbildrpublishing.com\/fr\/pro\/#primaryimage"},"thumbnailUrl":"https:\/\/bookbildrpublishing.com\/wp-content\/uploads\/2024\/06\/Horizontal_Book_Mockup_Edit.png","datePublished":"2024-06-26T13:35:19+00:00","dateModified":"2024-11-28T09:41:40+00:00","description":"L'offre Pro pour l'\u00e9dition de livres pour enfants propose un ensemble \u00e9quilibr\u00e9 de fonctionnalit\u00e9s pour la publication, la distribution et la commercialisation de votre livre.","breadcrumb":{"@id":"https:\/\/bookbildrpublishing.com\/fr\/pro\/#breadcrumb"},"inLanguage":"fr-FR","potentialAction":[{"@type":"ReadAction","target":["https:\/\/bookbildrpublishing.com\/fr\/pro\/"]}]},{"@type":"ImageObject","inLanguage":"fr-FR","@id":"https:\/\/bookbildrpublishing.com\/fr\/pro\/#primaryimage","url":"https:\/\/bookbildrpublishing.com\/wp-content\/uploads\/2024\/06\/Horizontal_Book_Mockup_Edit.png","contentUrl":"https:\/\/bookbildrpublishing.com\/wp-content\/uploads\/2024\/06\/Horizontal_Book_Mockup_Edit.png","width":2500,"height":1600},{"@type":"BreadcrumbList","@id":"https:\/\/bookbildrpublishing.com\/fr\/pro\/#breadcrumb","itemListElement":[{"@type":"ListItem","position":1,"name":"Home","item":"https:\/\/bookbildrpublishing.com\/fr\/"},{"@type":"ListItem","position":2,"name":"Pro"}]},{"@type":"WebSite","@id":"https:\/\/bookbildrpublishing.com\/fr\/#website","url":"https:\/\/bookbildrpublishing.com\/fr\/","name":"BookBildr Publishing","description":"","publisher":{"@id":"https:\/\/bookbildrpublishing.com\/fr\/#organization"},"potentialAction":[{"@type":"SearchAction","target":{"@type":"EntryPoint","urlTemplate":"https:\/\/bookbildrpublishing.com\/fr\/?s={search_term_string}"},"query-input":{"@type":"PropertyValueSpecification","valueRequired":true,"valueName":"search_term_string"}}],"inLanguage":"fr-FR"},{"@type":"Organization","@id":"https:\/\/bookbildrpublishing.com\/fr\/#organization","name":"BookBildr Publishing","url":"https:\/\/bookbildrpublishing.com\/fr\/","logo":{"@type":"ImageObject","inLanguage":"fr-FR","@id":"https:\/\/bookbildrpublishing.com\/fr\/#\/schema\/logo\/image\/","url":"https:\/\/bookbildrpublishing.com\/wp-content\/uploads\/2024\/06\/BookBildr-Publishing-logo.png","contentUrl":"https:\/\/bookbildrpublishing.com\/wp-content\/uploads\/2024\/06\/BookBildr-Publishing-logo.png","width":200,"height":80,"caption":"BookBildr Publishing"},"image":{"@id":"https:\/\/bookbildrpublishing.com\/fr\/#\/schema\/logo\/image\/"}}]}},"uagb_featured_image_src":{"full":["https:\/\/bookbildrpublishing.com\/wp-content\/uploads\/2024\/06\/Horizontal_Book_Mockup_Edit.png",2500,1600,false],"thumbnail":["https:\/\/bookbildrpublishing.com\/wp-content\/uploads\/2024\/06\/Horizontal_Book_Mockup_Edit-150x150.png",150,150,true],"medium":["https:\/\/bookbildrpublishing.com\/wp-content\/uploads\/2024\/06\/Horizontal_Book_Mockup_Edit-300x192.png",300,192,true],"medium_large":["https:\/\/bookbildrpublishing.com\/wp-content\/uploads\/2024\/06\/Horizontal_Book_Mockup_Edit-768x492.png",768,492,true],"large":["https:\/\/bookbildrpublishing.com\/wp-content\/uploads\/2024\/06\/Horizontal_Book_Mockup_Edit-1024x655.png",1024,655,true],"1536x1536":["https:\/\/bookbildrpublishing.com\/wp-content\/uploads\/2024\/06\/Horizontal_Book_Mockup_Edit-1536x983.png",1536,983,true],"2048x2048":["https:\/\/bookbildrpublishing.com\/wp-content\/uploads\/2024\/06\/Horizontal_Book_Mockup_Edit-2048x1311.png",2048,1311,true],"woocommerce_thumbnail":["https:\/\/bookbildrpublishing.com\/wp-content\/uploads\/2024\/06\/Horizontal_Book_Mockup_Edit-300x300.png",300,300,true],"woocommerce_single":["https:\/\/bookbildrpublishing.com\/wp-content\/uploads\/2024\/06\/Horizontal_Book_Mockup_Edit-600x384.png",600,384,true],"woocommerce_gallery_thumbnail":["https:\/\/bookbildrpublishing.com\/wp-content\/uploads\/2024\/06\/Horizontal_Book_Mockup_Edit-100x100.png",100,100,true]},"uagb_author_info":{"display_name":"admin","author_link":"https:\/\/bookbildrpublishing.com\/fr\/author\/bbildr\/"},"uagb_comment_info":0,"uagb_excerpt":"Ou contactez-nous si vous avez des questions. Inscrivez-vous \u00e0 notre lettre d&rsquo;information pour recevoir des mises \u00e0 jour r\u00e9guli\u00e8res","_links":{"self":[{"href":"https:\/\/bookbildrpublishing.com\/fr\/wp-json\/wp\/v2\/pages\/3190","targetHints":{"allow":["GET"]}}],"collection":[{"href":"https:\/\/bookbildrpublishing.com\/fr\/wp-json\/wp\/v2\/pages"}],"about":[{"href":"https:\/\/bookbildrpublishing.com\/fr\/wp-json\/wp\/v2\/types\/page"}],"author":[{"embeddable":true,"href":"https:\/\/bookbildrpublishing.com\/fr\/wp-json\/wp\/v2\/users\/1"}],"replies":[{"embeddable":true,"href":"https:\/\/bookbildrpublishing.com\/fr\/wp-json\/wp\/v2\/comments?post=3190"}],"version-history":[{"count":2,"href":"https:\/\/bookbildrpublishing.com\/fr\/wp-json\/wp\/v2\/pages\/3190\/revisions"}],"predecessor-version":[{"id":3194,"href":"https:\/\/bookbildrpublishing.com\/fr\/wp-json\/wp\/v2\/pages\/3190\/revisions\/3194"}],"wp:featuredmedia":[{"embeddable":true,"href":"https:\/\/bookbildrpublishing.com\/fr\/wp-json\/wp\/v2\/media\/2271"}],"wp:attachment":[{"href":"https:\/\/bookbildrpublishing.com\/fr\/wp-json\/wp\/v2\/media?parent=3190"}],"curies":[{"name":"wp","href":"https:\/\/api.w.org\/{rel}","templated":true}]}}