{"id":2616,"date":"2024-06-25T08:39:12","date_gmt":"2024-06-25T08:39:12","guid":{"rendered":"https:\/\/bookbildrpublishing.com\/product\/sudadera-unisex-con-capucha-y-jersey-del-autor-favorito-de-los-nietos\/"},"modified":"2024-12-03T14:29:50","modified_gmt":"2024-12-03T14:29:50","slug":"sudadera-unisex-con-capucha-y-jersey-del-autor-favorito-de-los-nietos","status":"publish","type":"product","link":"https:\/\/bookbildrpublishing.com\/es\/product\/sudadera-unisex-con-capucha-y-jersey-del-autor-favorito-de-los-nietos\/","title":{"rendered":"Sudadera unisex con capucha \u00abAutor favorito de los nietos\u00bb"},"content":{"rendered":"<p>Una sudadera con capucha cl\u00e1sica, con un gran bolsillo frontal y cordones en color a juego, que muestra tu talento para escribir.<\/p>\n<p>Especificaciones del producto:<\/p>\n<ul>\n<li>Punto polar preencogido<\/li>\n<li>Capucha con doble forro y cord\u00f3n de color a juego<\/li>\n<li>Etiqueta f\u00e1cil de quitar<\/li>\n<li>Bolsillo<\/li>\n<\/ul>\n<p><strong>Gu\u00eda de tallas<\/strong><\/p>\n<table>\n<tbody>\n<tr>\n<td><\/td>\n<td><strong>S<\/strong><\/td>\n<td><strong>M<\/strong><\/td>\n<td><strong>L<\/strong><\/td>\n<td><strong>XL<\/strong><\/td>\n<td><strong>2XL<\/strong><\/td>\n<td><strong>3XL<\/strong><\/td>\n<\/tr>\n<tr>\n<td><strong>A) Longitud (cm)<\/strong><\/td>\n<td>69<\/td>\n<td>71<\/td>\n<td>74<\/td>\n<td>76<\/td>\n<td>79<\/td>\n<td>81<\/td>\n<\/tr>\n<tr>\n<td><strong>B) Medio pecho (cm)<\/strong><\/td>\n<td>51<\/td>\n<td>56<\/td>\n<td>61<\/td>\n<td>66<\/td>\n<td>71<\/td>\n<td>76<\/td>\n<\/tr>\n<tr>\n<td><strong>C) Longitud de la manga (cm)<\/strong><\/td>\n<td>85<\/td>\n<td>88<\/td>\n<td>90<\/td>\n<td>93<\/td>\n<td>95<\/td>\n<td>98<\/td>\n<\/tr>\n<\/tbody>\n<\/table>\n<table>\n<tbody>\n<tr>\n<td><\/td>\n<td><strong>S<\/strong><\/td>\n<td><strong>M<\/strong><\/td>\n<td><strong>L<\/strong><\/td>\n<td><strong>XL<\/strong><\/td>\n<td><strong>2XL<\/strong><\/td>\n<td><strong>3XL<\/strong><\/td>\n<\/tr>\n<tr>\n<td><strong>A) Longitud (pulgadas)<\/strong><\/td>\n<td>27 \u2159<\/td>\n<td>27 \u215e<\/td>\n<td>29 \u215b<\/td>\n<td>29 \u215e<\/td>\n<td>31 \u2151<\/td>\n<td>31 \u215e<\/td>\n<\/tr>\n<tr>\n<td><strong>B) Medio pecho (pulgadas)<\/strong><\/td>\n<td>20<\/td>\n<td>22<\/td>\n<td>24<\/td>\n<td>25 \u215e<\/td>\n<td>27 \u215e<\/td>\n<td>29 \u215e<\/td>\n<\/tr>\n<tr>\n<td><strong>C) Longitud de la manga (pulgadas)<\/strong><\/td>\n<td>33 \u215c<\/td>\n<td>34 \u215d<\/td>\n<td>35 \u2156<\/td>\n<td>36 \u215d<\/td>\n<td>37 \u2156<\/td>\n<td>38 \u00bd<\/td>\n<\/tr>\n<\/tbody>\n<\/table>\n<p><strong>Instrucciones de cuidado<\/strong><\/p>\n<table>\n<tbody>\n<tr>\n<td>Lavar<\/td>\n<td>A m\u00e1quina, tibio, del rev\u00e9s, colores similares<\/td>\n<\/tr>\n<tr>\n<td>Secado en secadora<\/td>\n<td>Bajo<\/td>\n<\/tr>\n<tr>\n<td>Blanqueador<\/td>\n<td>S\u00f3lo sin cloro<\/td>\n<\/tr>\n<tr>\n<td>Limpieza en seco<\/td>\n<td>No limpiar en seco<\/td>\n<\/tr>\n<tr>\n<td>Plancha<\/td>\n<td>No planchar<\/td>\n<\/tr>\n<\/tbody>\n<\/table>\n","protected":false},"excerpt":{"rendered":"<p>Una sudadera con capucha cl\u00e1sica, con un gran bolsillo frontal y cordones en color a juego, que muestra tu talento para escribir. Especificaciones del producto: Punto polar preencogido Capucha con doble forro y cord\u00f3n de color a juego Etiqueta f\u00e1cil de quitar Bolsillo Gu\u00eda de tallas S M L XL 2XL 3XL A) Longitud (cm) [&hellip;]<\/p>\n","protected":false},"featured_media":2180,"comment_status":"open","ping_status":"closed","template":"","meta":{"_uag_custom_page_level_css":"","site-sidebar-layout":"default","site-content-layout":"","ast-site-content-layout":"","site-content-style":"default","site-sidebar-style":"default","ast-global-header-display":"","ast-banner-title-visibility":"","ast-main-header-display":"","ast-hfb-above-header-display":"","ast-hfb-below-header-display":"","ast-hfb-mobile-header-display":"","site-post-title":"","ast-breadcrumbs-content":"","ast-featured-img":"","footer-sml-layout":"","theme-transparent-header-meta":"","adv-header-id-meta":"","stick-header-meta":"","header-above-stick-meta":"","header-main-stick-meta":"","header-below-stick-meta":"","astra-migrate-meta-layouts":"default","ast-page-background-enabled":"default","ast-page-background-meta":{"desktop":{"background-color":"var(--ast-global-color-4)","background-image":"","background-repeat":"repeat","background-position":"center center","background-size":"auto","background-attachment":"scroll","background-type":"","background-media":"","overlay-type":"","overlay-color":"","overlay-opacity":"","overlay-gradient":""},"tablet":{"background-color":"","background-image":"","background-repeat":"repeat","background-position":"center center","background-size":"auto","background-attachment":"scroll","background-type":"","background-media":"","overlay-type":"","overlay-color":"","overlay-opacity":"","overlay-gradient":""},"mobile":{"background-color":"","background-image":"","background-repeat":"repeat","background-position":"center center","background-size":"auto","background-attachment":"scroll","background-type":"","background-media":"","overlay-type":"","overlay-color":"","overlay-opacity":"","overlay-gradient":""}},"ast-content-background-meta":{"desktop":{"background-color":"var(--ast-global-color-5)","background-image":"","background-repeat":"repeat","background-position":"center center","background-size":"auto","background-attachment":"scroll","background-type":"","background-media":"","overlay-type":"","overlay-color":"","overlay-opacity":"","overlay-gradient":""},"tablet":{"background-color":"var(--ast-global-color-5)","background-image":"","background-repeat":"repeat","background-position":"center center","background-size":"auto","background-attachment":"scroll","background-type":"","background-media":"","overlay-type":"","overlay-color":"","overlay-opacity":"","overlay-gradient":""},"mobile":{"background-color":"var(--ast-global-color-5)","background-image":"","background-repeat":"repeat","background-position":"center center","background-size":"auto","background-attachment":"scroll","background-type":"","background-media":"","overlay-type":"","overlay-color":"","overlay-opacity":"","overlay-gradient":""}}},"product_brand":[],"product_cat":[81],"product_tag":[],"class_list":{"0":"post-2616","1":"product","2":"type-product","3":"status-publish","4":"has-post-thumbnail","6":"product_cat-productos","7":"desktop-align-left","8":"tablet-align-left","9":"mobile-align-left","11":"first","12":"instock","13":"shipping-taxable","14":"purchasable","15":"product-type-variable"},"yoast_head":"<!-- This site is optimized with the Yoast SEO plugin v25.6 - https:\/\/yoast.com\/wordpress\/plugins\/seo\/ -->\n<title>Sudadera unisex con capucha &quot;Autor favorito de los nietos&quot; | BookBildr Publishing<\/title>\n<meta name=\"robots\" content=\"index, follow, max-snippet:-1, max-image-preview:large, max-video-preview:-1\" \/>\n<link rel=\"canonical\" href=\"https:\/\/bookbildrpublishing.com\/es\/product\/sudadera-unisex-con-capucha-y-jersey-del-autor-favorito-de-los-nietos\/\" \/>\n<meta property=\"og:locale\" content=\"es_ES\" \/>\n<meta property=\"og:type\" content=\"article\" \/>\n<meta property=\"og:title\" content=\"Sudadera unisex con capucha &quot;Autor favorito de los nietos&quot; | BookBildr Publishing\" \/>\n<meta property=\"og:description\" content=\"Una sudadera con capucha cl\u00e1sica, con un gran bolsillo frontal y cordones en color a juego, que muestra tu talento para escribir. Especificaciones del producto: Punto polar preencogido Capucha con doble forro y cord\u00f3n de color a juego Etiqueta f\u00e1cil de quitar Bolsillo Gu\u00eda de tallas S M L XL 2XL 3XL A) Longitud (cm) [&hellip;]\" \/>\n<meta property=\"og:url\" content=\"https:\/\/bookbildrpublishing.com\/es\/product\/sudadera-unisex-con-capucha-y-jersey-del-autor-favorito-de-los-nietos\/\" \/>\n<meta property=\"og:site_name\" content=\"BookBildr Publishing\" \/>\n<meta property=\"article:modified_time\" content=\"2024-12-03T14:29:50+00:00\" \/>\n<meta property=\"og:image\" content=\"https:\/\/bookbildrpublishing.com\/wp-content\/uploads\/2024\/06\/009f1321-fc77-4524-a682-567d9d20a6fc.jpg\" \/>\n\t<meta property=\"og:image:width\" content=\"2048\" \/>\n\t<meta property=\"og:image:height\" content=\"2048\" \/>\n\t<meta property=\"og:image:type\" content=\"image\/jpeg\" \/>\n<meta name=\"twitter:card\" content=\"summary_large_image\" \/>\n<script type=\"application\/ld+json\" class=\"yoast-schema-graph\">{\"@context\":\"https:\/\/schema.org\",\"@graph\":[{\"@type\":\"WebPage\",\"@id\":\"https:\/\/bookbildrpublishing.com\/es\/product\/sudadera-unisex-con-capucha-y-jersey-del-autor-favorito-de-los-nietos\/\",\"url\":\"https:\/\/bookbildrpublishing.com\/es\/product\/sudadera-unisex-con-capucha-y-jersey-del-autor-favorito-de-los-nietos\/\",\"name\":\"Sudadera unisex con capucha \\\"Autor favorito de los nietos\\\" | BookBildr Publishing\",\"isPartOf\":{\"@id\":\"https:\/\/bookbildrpublishing.com\/es\/#website\"},\"primaryImageOfPage\":{\"@id\":\"https:\/\/bookbildrpublishing.com\/es\/product\/sudadera-unisex-con-capucha-y-jersey-del-autor-favorito-de-los-nietos\/#primaryimage\"},\"image\":{\"@id\":\"https:\/\/bookbildrpublishing.com\/es\/product\/sudadera-unisex-con-capucha-y-jersey-del-autor-favorito-de-los-nietos\/#primaryimage\"},\"thumbnailUrl\":\"https:\/\/bookbildrpublishing.com\/wp-content\/uploads\/2024\/06\/009f1321-fc77-4524-a682-567d9d20a6fc.jpg\",\"datePublished\":\"2024-06-25T08:39:12+00:00\",\"dateModified\":\"2024-12-03T14:29:50+00:00\",\"breadcrumb\":{\"@id\":\"https:\/\/bookbildrpublishing.com\/es\/product\/sudadera-unisex-con-capucha-y-jersey-del-autor-favorito-de-los-nietos\/#breadcrumb\"},\"inLanguage\":\"es\",\"potentialAction\":[{\"@type\":\"ReadAction\",\"target\":[\"https:\/\/bookbildrpublishing.com\/es\/product\/sudadera-unisex-con-capucha-y-jersey-del-autor-favorito-de-los-nietos\/\"]}]},{\"@type\":\"ImageObject\",\"inLanguage\":\"es\",\"@id\":\"https:\/\/bookbildrpublishing.com\/es\/product\/sudadera-unisex-con-capucha-y-jersey-del-autor-favorito-de-los-nietos\/#primaryimage\",\"url\":\"https:\/\/bookbildrpublishing.com\/wp-content\/uploads\/2024\/06\/009f1321-fc77-4524-a682-567d9d20a6fc.jpg\",\"contentUrl\":\"https:\/\/bookbildrpublishing.com\/wp-content\/uploads\/2024\/06\/009f1321-fc77-4524-a682-567d9d20a6fc.jpg\",\"width\":2048,\"height\":2048},{\"@type\":\"BreadcrumbList\",\"@id\":\"https:\/\/bookbildrpublishing.com\/es\/product\/sudadera-unisex-con-capucha-y-jersey-del-autor-favorito-de-los-nietos\/#breadcrumb\",\"itemListElement\":[{\"@type\":\"ListItem\",\"position\":1,\"name\":\"Home\",\"item\":\"https:\/\/bookbildrpublishing.com\/es\/\"},{\"@type\":\"ListItem\",\"position\":2,\"name\":\"Tienda\",\"item\":\"https:\/\/bookbildrpublishing.com\/es\/tienda\/\"},{\"@type\":\"ListItem\",\"position\":3,\"name\":\"Sudadera unisex con capucha \u00abAutor favorito de los nietos\u00bb\"}]},{\"@type\":\"WebSite\",\"@id\":\"https:\/\/bookbildrpublishing.com\/es\/#website\",\"url\":\"https:\/\/bookbildrpublishing.com\/es\/\",\"name\":\"BookBildr Publishing\",\"description\":\"\",\"publisher\":{\"@id\":\"https:\/\/bookbildrpublishing.com\/es\/#organization\"},\"potentialAction\":[{\"@type\":\"SearchAction\",\"target\":{\"@type\":\"EntryPoint\",\"urlTemplate\":\"https:\/\/bookbildrpublishing.com\/es\/?s={search_term_string}\"},\"query-input\":{\"@type\":\"PropertyValueSpecification\",\"valueRequired\":true,\"valueName\":\"search_term_string\"}}],\"inLanguage\":\"es\"},{\"@type\":\"Organization\",\"@id\":\"https:\/\/bookbildrpublishing.com\/es\/#organization\",\"name\":\"BookBildr Publishing\",\"url\":\"https:\/\/bookbildrpublishing.com\/es\/\",\"logo\":{\"@type\":\"ImageObject\",\"inLanguage\":\"es\",\"@id\":\"https:\/\/bookbildrpublishing.com\/es\/#\/schema\/logo\/image\/\",\"url\":\"https:\/\/bookbildrpublishing.com\/wp-content\/uploads\/2024\/06\/BookBildr-Publishing-logo.png\",\"contentUrl\":\"https:\/\/bookbildrpublishing.com\/wp-content\/uploads\/2024\/06\/BookBildr-Publishing-logo.png\",\"width\":200,\"height\":80,\"caption\":\"BookBildr Publishing\"},\"image\":{\"@id\":\"https:\/\/bookbildrpublishing.com\/es\/#\/schema\/logo\/image\/\"}}]}<\/script>\n<!-- \/ Yoast SEO plugin. -->","yoast_head_json":{"title":"Sudadera unisex con capucha \"Autor favorito de los nietos\" | BookBildr Publishing","robots":{"index":"index","follow":"follow","max-snippet":"max-snippet:-1","max-image-preview":"max-image-preview:large","max-video-preview":"max-video-preview:-1"},"canonical":"https:\/\/bookbildrpublishing.com\/es\/product\/sudadera-unisex-con-capucha-y-jersey-del-autor-favorito-de-los-nietos\/","og_locale":"es_ES","og_type":"article","og_title":"Sudadera unisex con capucha \"Autor favorito de los nietos\" | BookBildr Publishing","og_description":"Una sudadera con capucha cl\u00e1sica, con un gran bolsillo frontal y cordones en color a juego, que muestra tu talento para escribir. Especificaciones del producto: Punto polar preencogido Capucha con doble forro y cord\u00f3n de color a juego Etiqueta f\u00e1cil de quitar Bolsillo Gu\u00eda de tallas S M L XL 2XL 3XL A) Longitud (cm) [&hellip;]","og_url":"https:\/\/bookbildrpublishing.com\/es\/product\/sudadera-unisex-con-capucha-y-jersey-del-autor-favorito-de-los-nietos\/","og_site_name":"BookBildr Publishing","article_modified_time":"2024-12-03T14:29:50+00:00","og_image":[{"width":2048,"height":2048,"url":"https:\/\/bookbildrpublishing.com\/wp-content\/uploads\/2024\/06\/009f1321-fc77-4524-a682-567d9d20a6fc.jpg","type":"image\/jpeg"}],"twitter_card":"summary_large_image","schema":{"@context":"https:\/\/schema.org","@graph":[{"@type":"WebPage","@id":"https:\/\/bookbildrpublishing.com\/es\/product\/sudadera-unisex-con-capucha-y-jersey-del-autor-favorito-de-los-nietos\/","url":"https:\/\/bookbildrpublishing.com\/es\/product\/sudadera-unisex-con-capucha-y-jersey-del-autor-favorito-de-los-nietos\/","name":"Sudadera unisex con capucha \"Autor favorito de los nietos\" | BookBildr Publishing","isPartOf":{"@id":"https:\/\/bookbildrpublishing.com\/es\/#website"},"primaryImageOfPage":{"@id":"https:\/\/bookbildrpublishing.com\/es\/product\/sudadera-unisex-con-capucha-y-jersey-del-autor-favorito-de-los-nietos\/#primaryimage"},"image":{"@id":"https:\/\/bookbildrpublishing.com\/es\/product\/sudadera-unisex-con-capucha-y-jersey-del-autor-favorito-de-los-nietos\/#primaryimage"},"thumbnailUrl":"https:\/\/bookbildrpublishing.com\/wp-content\/uploads\/2024\/06\/009f1321-fc77-4524-a682-567d9d20a6fc.jpg","datePublished":"2024-06-25T08:39:12+00:00","dateModified":"2024-12-03T14:29:50+00:00","breadcrumb":{"@id":"https:\/\/bookbildrpublishing.com\/es\/product\/sudadera-unisex-con-capucha-y-jersey-del-autor-favorito-de-los-nietos\/#breadcrumb"},"inLanguage":"es","potentialAction":[{"@type":"ReadAction","target":["https:\/\/bookbildrpublishing.com\/es\/product\/sudadera-unisex-con-capucha-y-jersey-del-autor-favorito-de-los-nietos\/"]}]},{"@type":"ImageObject","inLanguage":"es","@id":"https:\/\/bookbildrpublishing.com\/es\/product\/sudadera-unisex-con-capucha-y-jersey-del-autor-favorito-de-los-nietos\/#primaryimage","url":"https:\/\/bookbildrpublishing.com\/wp-content\/uploads\/2024\/06\/009f1321-fc77-4524-a682-567d9d20a6fc.jpg","contentUrl":"https:\/\/bookbildrpublishing.com\/wp-content\/uploads\/2024\/06\/009f1321-fc77-4524-a682-567d9d20a6fc.jpg","width":2048,"height":2048},{"@type":"BreadcrumbList","@id":"https:\/\/bookbildrpublishing.com\/es\/product\/sudadera-unisex-con-capucha-y-jersey-del-autor-favorito-de-los-nietos\/#breadcrumb","itemListElement":[{"@type":"ListItem","position":1,"name":"Home","item":"https:\/\/bookbildrpublishing.com\/es\/"},{"@type":"ListItem","position":2,"name":"Tienda","item":"https:\/\/bookbildrpublishing.com\/es\/tienda\/"},{"@type":"ListItem","position":3,"name":"Sudadera unisex con capucha \u00abAutor favorito de los nietos\u00bb"}]},{"@type":"WebSite","@id":"https:\/\/bookbildrpublishing.com\/es\/#website","url":"https:\/\/bookbildrpublishing.com\/es\/","name":"BookBildr Publishing","description":"","publisher":{"@id":"https:\/\/bookbildrpublishing.com\/es\/#organization"},"potentialAction":[{"@type":"SearchAction","target":{"@type":"EntryPoint","urlTemplate":"https:\/\/bookbildrpublishing.com\/es\/?s={search_term_string}"},"query-input":{"@type":"PropertyValueSpecification","valueRequired":true,"valueName":"search_term_string"}}],"inLanguage":"es"},{"@type":"Organization","@id":"https:\/\/bookbildrpublishing.com\/es\/#organization","name":"BookBildr Publishing","url":"https:\/\/bookbildrpublishing.com\/es\/","logo":{"@type":"ImageObject","inLanguage":"es","@id":"https:\/\/bookbildrpublishing.com\/es\/#\/schema\/logo\/image\/","url":"https:\/\/bookbildrpublishing.com\/wp-content\/uploads\/2024\/06\/BookBildr-Publishing-logo.png","contentUrl":"https:\/\/bookbildrpublishing.com\/wp-content\/uploads\/2024\/06\/BookBildr-Publishing-logo.png","width":200,"height":80,"caption":"BookBildr Publishing"},"image":{"@id":"https:\/\/bookbildrpublishing.com\/es\/#\/schema\/logo\/image\/"}}]}},"uagb_featured_image_src":{"full":["https:\/\/bookbildrpublishing.com\/wp-content\/uploads\/2024\/06\/009f1321-fc77-4524-a682-567d9d20a6fc.jpg",2048,2048,false],"thumbnail":["https:\/\/bookbildrpublishing.com\/wp-content\/uploads\/2024\/06\/009f1321-fc77-4524-a682-567d9d20a6fc-150x150.jpg",150,150,true],"medium":["https:\/\/bookbildrpublishing.com\/wp-content\/uploads\/2024\/06\/009f1321-fc77-4524-a682-567d9d20a6fc-300x300.jpg",300,300,true],"medium_large":["https:\/\/bookbildrpublishing.com\/wp-content\/uploads\/2024\/06\/009f1321-fc77-4524-a682-567d9d20a6fc-768x768.jpg",768,768,true],"large":["https:\/\/bookbildrpublishing.com\/wp-content\/uploads\/2024\/06\/009f1321-fc77-4524-a682-567d9d20a6fc-1024x1024.jpg",1024,1024,true],"1536x1536":["https:\/\/bookbildrpublishing.com\/wp-content\/uploads\/2024\/06\/009f1321-fc77-4524-a682-567d9d20a6fc-1536x1536.jpg",1536,1536,true],"2048x2048":["https:\/\/bookbildrpublishing.com\/wp-content\/uploads\/2024\/06\/009f1321-fc77-4524-a682-567d9d20a6fc.jpg",2048,2048,false],"woocommerce_thumbnail":["https:\/\/bookbildrpublishing.com\/wp-content\/uploads\/2024\/06\/009f1321-fc77-4524-a682-567d9d20a6fc-300x300.jpg",300,300,true],"woocommerce_single":["https:\/\/bookbildrpublishing.com\/wp-content\/uploads\/2024\/06\/009f1321-fc77-4524-a682-567d9d20a6fc-600x600.jpg",600,600,true],"woocommerce_gallery_thumbnail":["https:\/\/bookbildrpublishing.com\/wp-content\/uploads\/2024\/06\/009f1321-fc77-4524-a682-567d9d20a6fc-100x100.jpg",100,100,true]},"uagb_author_info":{"display_name":"admin","author_link":"https:\/\/bookbildrpublishing.com\/es\/author\/"},"uagb_comment_info":0,"uagb_excerpt":"Una sudadera con capucha cl\u00e1sica, con un gran bolsillo frontal y cordones en color a juego, que muestra tu talento para escribir. Especificaciones del producto: Punto polar preencogido Capucha con doble forro y cord\u00f3n de color a juego Etiqueta f\u00e1cil de quitar Bolsillo Gu\u00eda de tallas S M L XL 2XL 3XL A) Longitud (cm)&hellip;","_links":{"self":[{"href":"https:\/\/bookbildrpublishing.com\/es\/wp-json\/wp\/v2\/product\/2616","targetHints":{"allow":["GET"]}}],"collection":[{"href":"https:\/\/bookbildrpublishing.com\/es\/wp-json\/wp\/v2\/product"}],"about":[{"href":"https:\/\/bookbildrpublishing.com\/es\/wp-json\/wp\/v2\/types\/product"}],"replies":[{"embeddable":true,"href":"https:\/\/bookbildrpublishing.com\/es\/wp-json\/wp\/v2\/comments?post=2616"}],"wp:featuredmedia":[{"embeddable":true,"href":"https:\/\/bookbildrpublishing.com\/es\/wp-json\/wp\/v2\/media\/2180"}],"wp:attachment":[{"href":"https:\/\/bookbildrpublishing.com\/es\/wp-json\/wp\/v2\/media?parent=2616"}],"wp:term":[{"taxonomy":"product_brand","embeddable":true,"href":"https:\/\/bookbildrpublishing.com\/es\/wp-json\/wp\/v2\/product_brand?post=2616"},{"taxonomy":"product_cat","embeddable":true,"href":"https:\/\/bookbildrpublishing.com\/es\/wp-json\/wp\/v2\/product_cat?post=2616"},{"taxonomy":"product_tag","embeddable":true,"href":"https:\/\/bookbildrpublishing.com\/es\/wp-json\/wp\/v2\/product_tag?post=2616"}],"curies":[{"name":"wp","href":"https:\/\/api.w.org\/{rel}","templated":true}]}}