{"id":2406,"date":"2024-06-27T13:00:33","date_gmt":"2024-06-27T13:00:33","guid":{"rendered":"https:\/\/bookbildrpublishing.com\/product\/el-muneco-de-nieve-y-su-perro-de-hielo\/"},"modified":"2024-11-28T09:40:20","modified_gmt":"2024-11-28T09:40:20","slug":"el-muneco-de-nieve-y-su-perro-de-hielo","status":"publish","type":"product","link":"https:\/\/bookbildrpublishing.com\/es\/product\/el-muneco-de-nieve-y-su-perro-de-hielo\/","title":{"rendered":"El mu\u00f1eco de nieve y su perro de hielo"},"content":{"rendered":"<p>El mu\u00f1eco de nieve del Planeta de Hielo ha perdido a su perro. No lo encuentra por ninguna parte en su fr\u00edo planeta, as\u00ed que enciende su cohete y va a buscarlo a otros planetas. Este libro ilustrado de f\u00e1cil lectura ha sido escrito por un alumno de segundo curso de 7 a\u00f1os. Es una historia sencilla pero encantadora, acompa\u00f1ada de un poema sobre la nieve, perfecta para leer en un d\u00eda de invierno. <\/p>\n","protected":false},"excerpt":{"rendered":"<p>El mu\u00f1eco de nieve del Planeta de Hielo ha perdido a su perro. No lo encuentra por ninguna parte en su fr\u00edo planeta, as\u00ed que enciende su cohete y va a buscarlo a otros planetas. <\/p>\n","protected":false},"featured_media":1775,"comment_status":"open","ping_status":"closed","template":"","meta":{"_uag_custom_page_level_css":"","site-sidebar-layout":"default","site-content-layout":"","ast-site-content-layout":"default","site-content-style":"default","site-sidebar-style":"default","ast-global-header-display":"","ast-banner-title-visibility":"","ast-main-header-display":"","ast-hfb-above-header-display":"","ast-hfb-below-header-display":"","ast-hfb-mobile-header-display":"","site-post-title":"","ast-breadcrumbs-content":"","ast-featured-img":"","footer-sml-layout":"","theme-transparent-header-meta":"default","adv-header-id-meta":"","stick-header-meta":"","header-above-stick-meta":"","header-main-stick-meta":"","header-below-stick-meta":"","astra-migrate-meta-layouts":"default","ast-page-background-enabled":"default","ast-page-background-meta":{"desktop":{"background-color":"var(--ast-global-color-4)","background-image":"","background-repeat":"repeat","background-position":"center center","background-size":"auto","background-attachment":"scroll","background-type":"","background-media":"","overlay-type":"","overlay-color":"","overlay-opacity":"","overlay-gradient":""},"tablet":{"background-color":"","background-image":"","background-repeat":"repeat","background-position":"center center","background-size":"auto","background-attachment":"scroll","background-type":"","background-media":"","overlay-type":"","overlay-color":"","overlay-opacity":"","overlay-gradient":""},"mobile":{"background-color":"","background-image":"","background-repeat":"repeat","background-position":"center center","background-size":"auto","background-attachment":"scroll","background-type":"","background-media":"","overlay-type":"","overlay-color":"","overlay-opacity":"","overlay-gradient":""}},"ast-content-background-meta":{"desktop":{"background-color":"var(--ast-global-color-5)","background-image":"","background-repeat":"repeat","background-position":"center center","background-size":"auto","background-attachment":"scroll","background-type":"","background-media":"","overlay-type":"","overlay-color":"","overlay-opacity":"","overlay-gradient":""},"tablet":{"background-color":"var(--ast-global-color-5)","background-image":"","background-repeat":"repeat","background-position":"center center","background-size":"auto","background-attachment":"scroll","background-type":"","background-media":"","overlay-type":"","overlay-color":"","overlay-opacity":"","overlay-gradient":""},"mobile":{"background-color":"var(--ast-global-color-5)","background-image":"","background-repeat":"repeat","background-position":"center center","background-size":"auto","background-attachment":"scroll","background-type":"","background-media":"","overlay-type":"","overlay-color":"","overlay-opacity":"","overlay-gradient":""}}},"product_brand":[],"product_cat":[73,71],"product_tag":[],"class_list":{"0":"post-2406","1":"product","2":"type-product","3":"status-publish","4":"has-post-thumbnail","6":"product_cat-libros-ilustrados","7":"product_cat-libros-para-ninos","8":"desktop-align-left","9":"tablet-align-left","10":"mobile-align-left","12":"first","13":"instock","14":"shipping-taxable","15":"product-type-external"},"yoast_head":"<!-- This site is optimized with the Yoast SEO plugin v25.6 - https:\/\/yoast.com\/wordpress\/plugins\/seo\/ -->\n<title>El mu\u00f1eco de nieve y su perro de hielo | BookBildr Publishing<\/title>\n<meta name=\"robots\" content=\"index, follow, max-snippet:-1, max-image-preview:large, max-video-preview:-1\" \/>\n<link rel=\"canonical\" href=\"https:\/\/bookbildrpublishing.com\/es\/product\/el-muneco-de-nieve-y-su-perro-de-hielo\/\" \/>\n<meta property=\"og:locale\" content=\"es_ES\" \/>\n<meta property=\"og:type\" content=\"article\" \/>\n<meta property=\"og:title\" content=\"El mu\u00f1eco de nieve y su perro de hielo | BookBildr Publishing\" \/>\n<meta property=\"og:description\" content=\"El mu\u00f1eco de nieve del Planeta de Hielo ha perdido a su perro. No lo encuentra por ninguna parte en su fr\u00edo planeta, as\u00ed que enciende su cohete y va a buscarlo a otros planetas.\" \/>\n<meta property=\"og:url\" content=\"https:\/\/bookbildrpublishing.com\/es\/product\/el-muneco-de-nieve-y-su-perro-de-hielo\/\" \/>\n<meta property=\"og:site_name\" content=\"BookBildr Publishing\" \/>\n<meta property=\"article:modified_time\" content=\"2024-11-28T09:40:20+00:00\" \/>\n<meta property=\"og:image\" content=\"https:\/\/bookbildrpublishing.com\/wp-content\/uploads\/2024\/06\/Snowman-front.jpg\" \/>\n\t<meta property=\"og:image:width\" content=\"2478\" \/>\n\t<meta property=\"og:image:height\" content=\"2478\" \/>\n\t<meta property=\"og:image:type\" content=\"image\/jpeg\" \/>\n<meta name=\"twitter:card\" content=\"summary_large_image\" \/>\n<script type=\"application\/ld+json\" class=\"yoast-schema-graph\">{\"@context\":\"https:\/\/schema.org\",\"@graph\":[{\"@type\":\"WebPage\",\"@id\":\"https:\/\/bookbildrpublishing.com\/es\/product\/el-muneco-de-nieve-y-su-perro-de-hielo\/\",\"url\":\"https:\/\/bookbildrpublishing.com\/es\/product\/el-muneco-de-nieve-y-su-perro-de-hielo\/\",\"name\":\"El mu\u00f1eco de nieve y su perro de hielo | BookBildr Publishing\",\"isPartOf\":{\"@id\":\"https:\/\/bookbildrpublishing.com\/es\/#website\"},\"primaryImageOfPage\":{\"@id\":\"https:\/\/bookbildrpublishing.com\/es\/product\/el-muneco-de-nieve-y-su-perro-de-hielo\/#primaryimage\"},\"image\":{\"@id\":\"https:\/\/bookbildrpublishing.com\/es\/product\/el-muneco-de-nieve-y-su-perro-de-hielo\/#primaryimage\"},\"thumbnailUrl\":\"https:\/\/bookbildrpublishing.com\/wp-content\/uploads\/2024\/06\/Snowman-front.jpg\",\"datePublished\":\"2024-06-27T13:00:33+00:00\",\"dateModified\":\"2024-11-28T09:40:20+00:00\",\"breadcrumb\":{\"@id\":\"https:\/\/bookbildrpublishing.com\/es\/product\/el-muneco-de-nieve-y-su-perro-de-hielo\/#breadcrumb\"},\"inLanguage\":\"es\",\"potentialAction\":[{\"@type\":\"ReadAction\",\"target\":[\"https:\/\/bookbildrpublishing.com\/es\/product\/el-muneco-de-nieve-y-su-perro-de-hielo\/\"]}]},{\"@type\":\"ImageObject\",\"inLanguage\":\"es\",\"@id\":\"https:\/\/bookbildrpublishing.com\/es\/product\/el-muneco-de-nieve-y-su-perro-de-hielo\/#primaryimage\",\"url\":\"https:\/\/bookbildrpublishing.com\/wp-content\/uploads\/2024\/06\/Snowman-front.jpg\",\"contentUrl\":\"https:\/\/bookbildrpublishing.com\/wp-content\/uploads\/2024\/06\/Snowman-front.jpg\",\"width\":2478,\"height\":2478,\"caption\":\"Snowman book\"},{\"@type\":\"BreadcrumbList\",\"@id\":\"https:\/\/bookbildrpublishing.com\/es\/product\/el-muneco-de-nieve-y-su-perro-de-hielo\/#breadcrumb\",\"itemListElement\":[{\"@type\":\"ListItem\",\"position\":1,\"name\":\"Home\",\"item\":\"https:\/\/bookbildrpublishing.com\/es\/\"},{\"@type\":\"ListItem\",\"position\":2,\"name\":\"Tienda\",\"item\":\"https:\/\/bookbildrpublishing.com\/es\/tienda\/\"},{\"@type\":\"ListItem\",\"position\":3,\"name\":\"El mu\u00f1eco de nieve y su perro de hielo\"}]},{\"@type\":\"WebSite\",\"@id\":\"https:\/\/bookbildrpublishing.com\/es\/#website\",\"url\":\"https:\/\/bookbildrpublishing.com\/es\/\",\"name\":\"BookBildr Publishing\",\"description\":\"\",\"publisher\":{\"@id\":\"https:\/\/bookbildrpublishing.com\/es\/#organization\"},\"potentialAction\":[{\"@type\":\"SearchAction\",\"target\":{\"@type\":\"EntryPoint\",\"urlTemplate\":\"https:\/\/bookbildrpublishing.com\/es\/?s={search_term_string}\"},\"query-input\":{\"@type\":\"PropertyValueSpecification\",\"valueRequired\":true,\"valueName\":\"search_term_string\"}}],\"inLanguage\":\"es\"},{\"@type\":\"Organization\",\"@id\":\"https:\/\/bookbildrpublishing.com\/es\/#organization\",\"name\":\"BookBildr Publishing\",\"url\":\"https:\/\/bookbildrpublishing.com\/es\/\",\"logo\":{\"@type\":\"ImageObject\",\"inLanguage\":\"es\",\"@id\":\"https:\/\/bookbildrpublishing.com\/es\/#\/schema\/logo\/image\/\",\"url\":\"https:\/\/bookbildrpublishing.com\/wp-content\/uploads\/2024\/06\/BookBildr-Publishing-logo.png\",\"contentUrl\":\"https:\/\/bookbildrpublishing.com\/wp-content\/uploads\/2024\/06\/BookBildr-Publishing-logo.png\",\"width\":200,\"height\":80,\"caption\":\"BookBildr Publishing\"},\"image\":{\"@id\":\"https:\/\/bookbildrpublishing.com\/es\/#\/schema\/logo\/image\/\"}}]}<\/script>\n<!-- \/ Yoast SEO plugin. -->","yoast_head_json":{"title":"El mu\u00f1eco de nieve y su perro de hielo | BookBildr Publishing","robots":{"index":"index","follow":"follow","max-snippet":"max-snippet:-1","max-image-preview":"max-image-preview:large","max-video-preview":"max-video-preview:-1"},"canonical":"https:\/\/bookbildrpublishing.com\/es\/product\/el-muneco-de-nieve-y-su-perro-de-hielo\/","og_locale":"es_ES","og_type":"article","og_title":"El mu\u00f1eco de nieve y su perro de hielo | BookBildr Publishing","og_description":"El mu\u00f1eco de nieve del Planeta de Hielo ha perdido a su perro. No lo encuentra por ninguna parte en su fr\u00edo planeta, as\u00ed que enciende su cohete y va a buscarlo a otros planetas.","og_url":"https:\/\/bookbildrpublishing.com\/es\/product\/el-muneco-de-nieve-y-su-perro-de-hielo\/","og_site_name":"BookBildr Publishing","article_modified_time":"2024-11-28T09:40:20+00:00","og_image":[{"width":2478,"height":2478,"url":"https:\/\/bookbildrpublishing.com\/wp-content\/uploads\/2024\/06\/Snowman-front.jpg","type":"image\/jpeg"}],"twitter_card":"summary_large_image","schema":{"@context":"https:\/\/schema.org","@graph":[{"@type":"WebPage","@id":"https:\/\/bookbildrpublishing.com\/es\/product\/el-muneco-de-nieve-y-su-perro-de-hielo\/","url":"https:\/\/bookbildrpublishing.com\/es\/product\/el-muneco-de-nieve-y-su-perro-de-hielo\/","name":"El mu\u00f1eco de nieve y su perro de hielo | BookBildr Publishing","isPartOf":{"@id":"https:\/\/bookbildrpublishing.com\/es\/#website"},"primaryImageOfPage":{"@id":"https:\/\/bookbildrpublishing.com\/es\/product\/el-muneco-de-nieve-y-su-perro-de-hielo\/#primaryimage"},"image":{"@id":"https:\/\/bookbildrpublishing.com\/es\/product\/el-muneco-de-nieve-y-su-perro-de-hielo\/#primaryimage"},"thumbnailUrl":"https:\/\/bookbildrpublishing.com\/wp-content\/uploads\/2024\/06\/Snowman-front.jpg","datePublished":"2024-06-27T13:00:33+00:00","dateModified":"2024-11-28T09:40:20+00:00","breadcrumb":{"@id":"https:\/\/bookbildrpublishing.com\/es\/product\/el-muneco-de-nieve-y-su-perro-de-hielo\/#breadcrumb"},"inLanguage":"es","potentialAction":[{"@type":"ReadAction","target":["https:\/\/bookbildrpublishing.com\/es\/product\/el-muneco-de-nieve-y-su-perro-de-hielo\/"]}]},{"@type":"ImageObject","inLanguage":"es","@id":"https:\/\/bookbildrpublishing.com\/es\/product\/el-muneco-de-nieve-y-su-perro-de-hielo\/#primaryimage","url":"https:\/\/bookbildrpublishing.com\/wp-content\/uploads\/2024\/06\/Snowman-front.jpg","contentUrl":"https:\/\/bookbildrpublishing.com\/wp-content\/uploads\/2024\/06\/Snowman-front.jpg","width":2478,"height":2478,"caption":"Snowman book"},{"@type":"BreadcrumbList","@id":"https:\/\/bookbildrpublishing.com\/es\/product\/el-muneco-de-nieve-y-su-perro-de-hielo\/#breadcrumb","itemListElement":[{"@type":"ListItem","position":1,"name":"Home","item":"https:\/\/bookbildrpublishing.com\/es\/"},{"@type":"ListItem","position":2,"name":"Tienda","item":"https:\/\/bookbildrpublishing.com\/es\/tienda\/"},{"@type":"ListItem","position":3,"name":"El mu\u00f1eco de nieve y su perro de hielo"}]},{"@type":"WebSite","@id":"https:\/\/bookbildrpublishing.com\/es\/#website","url":"https:\/\/bookbildrpublishing.com\/es\/","name":"BookBildr Publishing","description":"","publisher":{"@id":"https:\/\/bookbildrpublishing.com\/es\/#organization"},"potentialAction":[{"@type":"SearchAction","target":{"@type":"EntryPoint","urlTemplate":"https:\/\/bookbildrpublishing.com\/es\/?s={search_term_string}"},"query-input":{"@type":"PropertyValueSpecification","valueRequired":true,"valueName":"search_term_string"}}],"inLanguage":"es"},{"@type":"Organization","@id":"https:\/\/bookbildrpublishing.com\/es\/#organization","name":"BookBildr Publishing","url":"https:\/\/bookbildrpublishing.com\/es\/","logo":{"@type":"ImageObject","inLanguage":"es","@id":"https:\/\/bookbildrpublishing.com\/es\/#\/schema\/logo\/image\/","url":"https:\/\/bookbildrpublishing.com\/wp-content\/uploads\/2024\/06\/BookBildr-Publishing-logo.png","contentUrl":"https:\/\/bookbildrpublishing.com\/wp-content\/uploads\/2024\/06\/BookBildr-Publishing-logo.png","width":200,"height":80,"caption":"BookBildr Publishing"},"image":{"@id":"https:\/\/bookbildrpublishing.com\/es\/#\/schema\/logo\/image\/"}}]}},"uagb_featured_image_src":{"full":["https:\/\/bookbildrpublishing.com\/wp-content\/uploads\/2024\/06\/Snowman-front.jpg",2478,2478,false],"thumbnail":["https:\/\/bookbildrpublishing.com\/wp-content\/uploads\/2024\/06\/Snowman-front-150x150.jpg",150,150,true],"medium":["https:\/\/bookbildrpublishing.com\/wp-content\/uploads\/2024\/06\/Snowman-front-300x300.jpg",300,300,true],"medium_large":["https:\/\/bookbildrpublishing.com\/wp-content\/uploads\/2024\/06\/Snowman-front-768x768.jpg",768,768,true],"large":["https:\/\/bookbildrpublishing.com\/wp-content\/uploads\/2024\/06\/Snowman-front-1024x1024.jpg",1024,1024,true],"1536x1536":["https:\/\/bookbildrpublishing.com\/wp-content\/uploads\/2024\/06\/Snowman-front-1536x1536.jpg",1536,1536,true],"2048x2048":["https:\/\/bookbildrpublishing.com\/wp-content\/uploads\/2024\/06\/Snowman-front-2048x2048.jpg",2048,2048,true],"woocommerce_thumbnail":["https:\/\/bookbildrpublishing.com\/wp-content\/uploads\/2024\/06\/Snowman-front-300x300.jpg",300,300,true],"woocommerce_single":["https:\/\/bookbildrpublishing.com\/wp-content\/uploads\/2024\/06\/Snowman-front-600x600.jpg",600,600,true],"woocommerce_gallery_thumbnail":["https:\/\/bookbildrpublishing.com\/wp-content\/uploads\/2024\/06\/Snowman-front-100x100.jpg",100,100,true]},"uagb_author_info":{"display_name":"admin","author_link":"https:\/\/bookbildrpublishing.com\/es\/author\/"},"uagb_comment_info":0,"uagb_excerpt":"El mu\u00f1eco de nieve del Planeta de Hielo ha perdido a su perro. No lo encuentra por ninguna parte en su fr\u00edo planeta, as\u00ed que enciende su cohete y va a buscarlo a otros planetas.","_links":{"self":[{"href":"https:\/\/bookbildrpublishing.com\/es\/wp-json\/wp\/v2\/product\/2406","targetHints":{"allow":["GET"]}}],"collection":[{"href":"https:\/\/bookbildrpublishing.com\/es\/wp-json\/wp\/v2\/product"}],"about":[{"href":"https:\/\/bookbildrpublishing.com\/es\/wp-json\/wp\/v2\/types\/product"}],"replies":[{"embeddable":true,"href":"https:\/\/bookbildrpublishing.com\/es\/wp-json\/wp\/v2\/comments?post=2406"}],"wp:featuredmedia":[{"embeddable":true,"href":"https:\/\/bookbildrpublishing.com\/es\/wp-json\/wp\/v2\/media\/1775"}],"wp:attachment":[{"href":"https:\/\/bookbildrpublishing.com\/es\/wp-json\/wp\/v2\/media?parent=2406"}],"wp:term":[{"taxonomy":"product_brand","embeddable":true,"href":"https:\/\/bookbildrpublishing.com\/es\/wp-json\/wp\/v2\/product_brand?post=2406"},{"taxonomy":"product_cat","embeddable":true,"href":"https:\/\/bookbildrpublishing.com\/es\/wp-json\/wp\/v2\/product_cat?post=2406"},{"taxonomy":"product_tag","embeddable":true,"href":"https:\/\/bookbildrpublishing.com\/es\/wp-json\/wp\/v2\/product_tag?post=2406"}],"curies":[{"name":"wp","href":"https:\/\/api.w.org\/{rel}","templated":true}]}}