{"id":2382,"date":"2024-06-28T08:03:15","date_gmt":"2024-06-28T08:03:15","guid":{"rendered":"https:\/\/bookbildrpublishing.com\/product\/el-gato-mas-feliz-del-mundo\/"},"modified":"2024-11-29T08:51:15","modified_gmt":"2024-11-29T08:51:15","slug":"el-gato-mas-feliz-del-mundo","status":"publish","type":"product","link":"https:\/\/bookbildrpublishing.com\/es\/product\/el-gato-mas-feliz-del-mundo\/","title":{"rendered":"El gato m\u00e1s feliz del mundo"},"content":{"rendered":"<p>\u00abEl gato m\u00e1s feliz del mundo\u00bb es un libro infantil acerca de las aspiraciones de alegr\u00eda y libertad de un gato. Sin que el gato se de cuenta, sue\u00f1a con una vida llena de felicidad y satisfacci\u00f3n. El objetivo de este cuento es incitar a las mentes j\u00f3venes a reflexionar sobre la libertad y el bienestar de los animales, especialmente en medio de las r\u00e1pidas transformaciones actuales. A trav\u00e9s de este cuento ilustrado, pretendo ilustrar tanto los sue\u00f1os del gato como su dura realidad. En sus sue\u00f1os, el gato se imagina liberado, alegre y provisto de todo lo necesario para una existencia plena. Sin embargo, sus circunstancias reales son muy distintas. A pesar de ser ajeno a su propia situaci\u00f3n, el lector puede comprender la gravedad de la situaci\u00f3n del gato. Al sustituir mentalmente \u00abel gato\u00bb por \u00abun humano\u00bb, espero que los ni\u00f1os contemplen las nociones de libertad y c\u00f3mo puede alcanzarse. Esta narraci\u00f3n subraya que la perseverancia puede llevarnos a conseguir casi cualquier cosa si nos mantenemos firmes en nuestro empe\u00f1o. <\/p>\n","protected":false},"excerpt":{"rendered":"<p>\u00abEl gato m\u00e1s feliz del mundo\u00bb es un libro infantil acerca de las aspiraciones de alegr\u00eda y libertad de un gato. Sin que el gato se de cuenta, sue\u00f1a con una vida llena de felicidad y satisfacci\u00f3n. <\/p>\n","protected":false},"featured_media":2296,"comment_status":"open","ping_status":"closed","template":"","meta":{"_uag_custom_page_level_css":"","site-sidebar-layout":"default","site-content-layout":"","ast-site-content-layout":"default","site-content-style":"default","site-sidebar-style":"default","ast-global-header-display":"","ast-banner-title-visibility":"","ast-main-header-display":"","ast-hfb-above-header-display":"","ast-hfb-below-header-display":"","ast-hfb-mobile-header-display":"","site-post-title":"","ast-breadcrumbs-content":"","ast-featured-img":"","footer-sml-layout":"","theme-transparent-header-meta":"default","adv-header-id-meta":"","stick-header-meta":"","header-above-stick-meta":"","header-main-stick-meta":"","header-below-stick-meta":"","astra-migrate-meta-layouts":"default","ast-page-background-enabled":"default","ast-page-background-meta":{"desktop":{"background-color":"var(--ast-global-color-4)","background-image":"","background-repeat":"repeat","background-position":"center center","background-size":"auto","background-attachment":"scroll","background-type":"","background-media":"","overlay-type":"","overlay-color":"","overlay-opacity":"","overlay-gradient":""},"tablet":{"background-color":"","background-image":"","background-repeat":"repeat","background-position":"center center","background-size":"auto","background-attachment":"scroll","background-type":"","background-media":"","overlay-type":"","overlay-color":"","overlay-opacity":"","overlay-gradient":""},"mobile":{"background-color":"","background-image":"","background-repeat":"repeat","background-position":"center center","background-size":"auto","background-attachment":"scroll","background-type":"","background-media":"","overlay-type":"","overlay-color":"","overlay-opacity":"","overlay-gradient":""}},"ast-content-background-meta":{"desktop":{"background-color":"var(--ast-global-color-5)","background-image":"","background-repeat":"repeat","background-position":"center center","background-size":"auto","background-attachment":"scroll","background-type":"","background-media":"","overlay-type":"","overlay-color":"","overlay-opacity":"","overlay-gradient":""},"tablet":{"background-color":"var(--ast-global-color-5)","background-image":"","background-repeat":"repeat","background-position":"center center","background-size":"auto","background-attachment":"scroll","background-type":"","background-media":"","overlay-type":"","overlay-color":"","overlay-opacity":"","overlay-gradient":""},"mobile":{"background-color":"var(--ast-global-color-5)","background-image":"","background-repeat":"repeat","background-position":"center center","background-size":"auto","background-attachment":"scroll","background-type":"","background-media":"","overlay-type":"","overlay-color":"","overlay-opacity":"","overlay-gradient":""}}},"product_brand":[],"product_cat":[73,71],"product_tag":[],"class_list":{"0":"post-2382","1":"product","2":"type-product","3":"status-publish","4":"has-post-thumbnail","6":"product_cat-libros-ilustrados","7":"product_cat-libros-para-ninos","8":"desktop-align-left","9":"tablet-align-left","10":"mobile-align-left","12":"first","13":"instock","14":"shipping-taxable","15":"product-type-external"},"yoast_head":"<!-- This site is optimized with the Yoast SEO plugin v25.6 - https:\/\/yoast.com\/wordpress\/plugins\/seo\/ -->\n<title>El gato m\u00e1s feliz del mundo | BookBildr Publishing<\/title>\n<meta name=\"robots\" content=\"index, follow, max-snippet:-1, max-image-preview:large, max-video-preview:-1\" \/>\n<link rel=\"canonical\" href=\"https:\/\/bookbildrpublishing.com\/es\/product\/el-gato-mas-feliz-del-mundo\/\" \/>\n<meta property=\"og:locale\" content=\"es_ES\" \/>\n<meta property=\"og:type\" content=\"article\" \/>\n<meta property=\"og:title\" content=\"El gato m\u00e1s feliz del mundo | BookBildr Publishing\" \/>\n<meta property=\"og:description\" content=\"&quot;El gato m\u00e1s feliz del mundo&quot; es un libro infantil acerca de las aspiraciones de alegr\u00eda y libertad de un gato. Sin que el gato se de cuenta, sue\u00f1a con una vida llena de felicidad y satisfacci\u00f3n.\" \/>\n<meta property=\"og:url\" content=\"https:\/\/bookbildrpublishing.com\/es\/product\/el-gato-mas-feliz-del-mundo\/\" \/>\n<meta property=\"og:site_name\" content=\"BookBildr Publishing\" \/>\n<meta property=\"article:modified_time\" content=\"2024-11-29T08:51:15+00:00\" \/>\n<meta property=\"og:image\" content=\"https:\/\/bookbildrpublishing.com\/wp-content\/uploads\/2024\/06\/Cat-ebook-cover-scaled.jpg\" \/>\n\t<meta property=\"og:image:width\" content=\"2524\" \/>\n\t<meta property=\"og:image:height\" content=\"2560\" \/>\n\t<meta property=\"og:image:type\" content=\"image\/jpeg\" \/>\n<meta name=\"twitter:card\" content=\"summary_large_image\" \/>\n<script type=\"application\/ld+json\" class=\"yoast-schema-graph\">{\"@context\":\"https:\/\/schema.org\",\"@graph\":[{\"@type\":\"WebPage\",\"@id\":\"https:\/\/bookbildrpublishing.com\/es\/product\/el-gato-mas-feliz-del-mundo\/\",\"url\":\"https:\/\/bookbildrpublishing.com\/es\/product\/el-gato-mas-feliz-del-mundo\/\",\"name\":\"El gato m\u00e1s feliz del mundo | BookBildr Publishing\",\"isPartOf\":{\"@id\":\"https:\/\/bookbildrpublishing.com\/es\/#website\"},\"primaryImageOfPage\":{\"@id\":\"https:\/\/bookbildrpublishing.com\/es\/product\/el-gato-mas-feliz-del-mundo\/#primaryimage\"},\"image\":{\"@id\":\"https:\/\/bookbildrpublishing.com\/es\/product\/el-gato-mas-feliz-del-mundo\/#primaryimage\"},\"thumbnailUrl\":\"https:\/\/bookbildrpublishing.com\/wp-content\/uploads\/2024\/06\/Cat-ebook-cover-scaled.jpg\",\"datePublished\":\"2024-06-28T08:03:15+00:00\",\"dateModified\":\"2024-11-29T08:51:15+00:00\",\"breadcrumb\":{\"@id\":\"https:\/\/bookbildrpublishing.com\/es\/product\/el-gato-mas-feliz-del-mundo\/#breadcrumb\"},\"inLanguage\":\"es\",\"potentialAction\":[{\"@type\":\"ReadAction\",\"target\":[\"https:\/\/bookbildrpublishing.com\/es\/product\/el-gato-mas-feliz-del-mundo\/\"]}]},{\"@type\":\"ImageObject\",\"inLanguage\":\"es\",\"@id\":\"https:\/\/bookbildrpublishing.com\/es\/product\/el-gato-mas-feliz-del-mundo\/#primaryimage\",\"url\":\"https:\/\/bookbildrpublishing.com\/wp-content\/uploads\/2024\/06\/Cat-ebook-cover-scaled.jpg\",\"contentUrl\":\"https:\/\/bookbildrpublishing.com\/wp-content\/uploads\/2024\/06\/Cat-ebook-cover-scaled.jpg\",\"width\":2524,\"height\":2560},{\"@type\":\"BreadcrumbList\",\"@id\":\"https:\/\/bookbildrpublishing.com\/es\/product\/el-gato-mas-feliz-del-mundo\/#breadcrumb\",\"itemListElement\":[{\"@type\":\"ListItem\",\"position\":1,\"name\":\"Home\",\"item\":\"https:\/\/bookbildrpublishing.com\/es\/\"},{\"@type\":\"ListItem\",\"position\":2,\"name\":\"Tienda\",\"item\":\"https:\/\/bookbildrpublishing.com\/es\/tienda\/\"},{\"@type\":\"ListItem\",\"position\":3,\"name\":\"El gato m\u00e1s feliz del mundo\"}]},{\"@type\":\"WebSite\",\"@id\":\"https:\/\/bookbildrpublishing.com\/es\/#website\",\"url\":\"https:\/\/bookbildrpublishing.com\/es\/\",\"name\":\"BookBildr Publishing\",\"description\":\"\",\"publisher\":{\"@id\":\"https:\/\/bookbildrpublishing.com\/es\/#organization\"},\"potentialAction\":[{\"@type\":\"SearchAction\",\"target\":{\"@type\":\"EntryPoint\",\"urlTemplate\":\"https:\/\/bookbildrpublishing.com\/es\/?s={search_term_string}\"},\"query-input\":{\"@type\":\"PropertyValueSpecification\",\"valueRequired\":true,\"valueName\":\"search_term_string\"}}],\"inLanguage\":\"es\"},{\"@type\":\"Organization\",\"@id\":\"https:\/\/bookbildrpublishing.com\/es\/#organization\",\"name\":\"BookBildr Publishing\",\"url\":\"https:\/\/bookbildrpublishing.com\/es\/\",\"logo\":{\"@type\":\"ImageObject\",\"inLanguage\":\"es\",\"@id\":\"https:\/\/bookbildrpublishing.com\/es\/#\/schema\/logo\/image\/\",\"url\":\"https:\/\/bookbildrpublishing.com\/wp-content\/uploads\/2024\/06\/BookBildr-Publishing-logo.png\",\"contentUrl\":\"https:\/\/bookbildrpublishing.com\/wp-content\/uploads\/2024\/06\/BookBildr-Publishing-logo.png\",\"width\":200,\"height\":80,\"caption\":\"BookBildr Publishing\"},\"image\":{\"@id\":\"https:\/\/bookbildrpublishing.com\/es\/#\/schema\/logo\/image\/\"}}]}<\/script>\n<!-- \/ Yoast SEO plugin. -->","yoast_head_json":{"title":"El gato m\u00e1s feliz del mundo | BookBildr Publishing","robots":{"index":"index","follow":"follow","max-snippet":"max-snippet:-1","max-image-preview":"max-image-preview:large","max-video-preview":"max-video-preview:-1"},"canonical":"https:\/\/bookbildrpublishing.com\/es\/product\/el-gato-mas-feliz-del-mundo\/","og_locale":"es_ES","og_type":"article","og_title":"El gato m\u00e1s feliz del mundo | BookBildr Publishing","og_description":"\"El gato m\u00e1s feliz del mundo\" es un libro infantil acerca de las aspiraciones de alegr\u00eda y libertad de un gato. Sin que el gato se de cuenta, sue\u00f1a con una vida llena de felicidad y satisfacci\u00f3n.","og_url":"https:\/\/bookbildrpublishing.com\/es\/product\/el-gato-mas-feliz-del-mundo\/","og_site_name":"BookBildr Publishing","article_modified_time":"2024-11-29T08:51:15+00:00","og_image":[{"width":2524,"height":2560,"url":"https:\/\/bookbildrpublishing.com\/wp-content\/uploads\/2024\/06\/Cat-ebook-cover-scaled.jpg","type":"image\/jpeg"}],"twitter_card":"summary_large_image","schema":{"@context":"https:\/\/schema.org","@graph":[{"@type":"WebPage","@id":"https:\/\/bookbildrpublishing.com\/es\/product\/el-gato-mas-feliz-del-mundo\/","url":"https:\/\/bookbildrpublishing.com\/es\/product\/el-gato-mas-feliz-del-mundo\/","name":"El gato m\u00e1s feliz del mundo | BookBildr Publishing","isPartOf":{"@id":"https:\/\/bookbildrpublishing.com\/es\/#website"},"primaryImageOfPage":{"@id":"https:\/\/bookbildrpublishing.com\/es\/product\/el-gato-mas-feliz-del-mundo\/#primaryimage"},"image":{"@id":"https:\/\/bookbildrpublishing.com\/es\/product\/el-gato-mas-feliz-del-mundo\/#primaryimage"},"thumbnailUrl":"https:\/\/bookbildrpublishing.com\/wp-content\/uploads\/2024\/06\/Cat-ebook-cover-scaled.jpg","datePublished":"2024-06-28T08:03:15+00:00","dateModified":"2024-11-29T08:51:15+00:00","breadcrumb":{"@id":"https:\/\/bookbildrpublishing.com\/es\/product\/el-gato-mas-feliz-del-mundo\/#breadcrumb"},"inLanguage":"es","potentialAction":[{"@type":"ReadAction","target":["https:\/\/bookbildrpublishing.com\/es\/product\/el-gato-mas-feliz-del-mundo\/"]}]},{"@type":"ImageObject","inLanguage":"es","@id":"https:\/\/bookbildrpublishing.com\/es\/product\/el-gato-mas-feliz-del-mundo\/#primaryimage","url":"https:\/\/bookbildrpublishing.com\/wp-content\/uploads\/2024\/06\/Cat-ebook-cover-scaled.jpg","contentUrl":"https:\/\/bookbildrpublishing.com\/wp-content\/uploads\/2024\/06\/Cat-ebook-cover-scaled.jpg","width":2524,"height":2560},{"@type":"BreadcrumbList","@id":"https:\/\/bookbildrpublishing.com\/es\/product\/el-gato-mas-feliz-del-mundo\/#breadcrumb","itemListElement":[{"@type":"ListItem","position":1,"name":"Home","item":"https:\/\/bookbildrpublishing.com\/es\/"},{"@type":"ListItem","position":2,"name":"Tienda","item":"https:\/\/bookbildrpublishing.com\/es\/tienda\/"},{"@type":"ListItem","position":3,"name":"El gato m\u00e1s feliz del mundo"}]},{"@type":"WebSite","@id":"https:\/\/bookbildrpublishing.com\/es\/#website","url":"https:\/\/bookbildrpublishing.com\/es\/","name":"BookBildr Publishing","description":"","publisher":{"@id":"https:\/\/bookbildrpublishing.com\/es\/#organization"},"potentialAction":[{"@type":"SearchAction","target":{"@type":"EntryPoint","urlTemplate":"https:\/\/bookbildrpublishing.com\/es\/?s={search_term_string}"},"query-input":{"@type":"PropertyValueSpecification","valueRequired":true,"valueName":"search_term_string"}}],"inLanguage":"es"},{"@type":"Organization","@id":"https:\/\/bookbildrpublishing.com\/es\/#organization","name":"BookBildr Publishing","url":"https:\/\/bookbildrpublishing.com\/es\/","logo":{"@type":"ImageObject","inLanguage":"es","@id":"https:\/\/bookbildrpublishing.com\/es\/#\/schema\/logo\/image\/","url":"https:\/\/bookbildrpublishing.com\/wp-content\/uploads\/2024\/06\/BookBildr-Publishing-logo.png","contentUrl":"https:\/\/bookbildrpublishing.com\/wp-content\/uploads\/2024\/06\/BookBildr-Publishing-logo.png","width":200,"height":80,"caption":"BookBildr Publishing"},"image":{"@id":"https:\/\/bookbildrpublishing.com\/es\/#\/schema\/logo\/image\/"}}]}},"uagb_featured_image_src":{"full":["https:\/\/bookbildrpublishing.com\/wp-content\/uploads\/2024\/06\/Cat-ebook-cover-scaled.jpg",2524,2560,false],"thumbnail":["https:\/\/bookbildrpublishing.com\/wp-content\/uploads\/2024\/06\/Cat-ebook-cover-150x150.jpg",150,150,true],"medium":["https:\/\/bookbildrpublishing.com\/wp-content\/uploads\/2024\/06\/Cat-ebook-cover-296x300.jpg",296,300,true],"medium_large":["https:\/\/bookbildrpublishing.com\/wp-content\/uploads\/2024\/06\/Cat-ebook-cover-768x779.jpg",768,779,true],"large":["https:\/\/bookbildrpublishing.com\/wp-content\/uploads\/2024\/06\/Cat-ebook-cover-1010x1024.jpg",1010,1024,true],"1536x1536":["https:\/\/bookbildrpublishing.com\/wp-content\/uploads\/2024\/06\/Cat-ebook-cover-1514x1536.jpg",1514,1536,true],"2048x2048":["https:\/\/bookbildrpublishing.com\/wp-content\/uploads\/2024\/06\/Cat-ebook-cover-2019x2048.jpg",2019,2048,true],"woocommerce_thumbnail":["https:\/\/bookbildrpublishing.com\/wp-content\/uploads\/2024\/06\/Cat-ebook-cover-300x300.jpg",300,300,true],"woocommerce_single":["https:\/\/bookbildrpublishing.com\/wp-content\/uploads\/2024\/06\/Cat-ebook-cover-600x609.jpg",600,609,true],"woocommerce_gallery_thumbnail":["https:\/\/bookbildrpublishing.com\/wp-content\/uploads\/2024\/06\/Cat-ebook-cover-100x100.jpg",100,100,true]},"uagb_author_info":{"display_name":"admin","author_link":"https:\/\/bookbildrpublishing.com\/es\/author\/"},"uagb_comment_info":0,"uagb_excerpt":"\"El gato m\u00e1s feliz del mundo\" es un libro infantil acerca de las aspiraciones de alegr\u00eda y libertad de un gato. Sin que el gato se de cuenta, sue\u00f1a con una vida llena de felicidad y satisfacci\u00f3n.","_links":{"self":[{"href":"https:\/\/bookbildrpublishing.com\/es\/wp-json\/wp\/v2\/product\/2382","targetHints":{"allow":["GET"]}}],"collection":[{"href":"https:\/\/bookbildrpublishing.com\/es\/wp-json\/wp\/v2\/product"}],"about":[{"href":"https:\/\/bookbildrpublishing.com\/es\/wp-json\/wp\/v2\/types\/product"}],"replies":[{"embeddable":true,"href":"https:\/\/bookbildrpublishing.com\/es\/wp-json\/wp\/v2\/comments?post=2382"}],"wp:featuredmedia":[{"embeddable":true,"href":"https:\/\/bookbildrpublishing.com\/es\/wp-json\/wp\/v2\/media\/2296"}],"wp:attachment":[{"href":"https:\/\/bookbildrpublishing.com\/es\/wp-json\/wp\/v2\/media?parent=2382"}],"wp:term":[{"taxonomy":"product_brand","embeddable":true,"href":"https:\/\/bookbildrpublishing.com\/es\/wp-json\/wp\/v2\/product_brand?post=2382"},{"taxonomy":"product_cat","embeddable":true,"href":"https:\/\/bookbildrpublishing.com\/es\/wp-json\/wp\/v2\/product_cat?post=2382"},{"taxonomy":"product_tag","embeddable":true,"href":"https:\/\/bookbildrpublishing.com\/es\/wp-json\/wp\/v2\/product_tag?post=2382"}],"curies":[{"name":"wp","href":"https:\/\/api.w.org\/{rel}","templated":true}]}}