{"id":2380,"date":"2024-06-28T07:58:51","date_gmt":"2024-06-28T07:58:51","guid":{"rendered":"https:\/\/bookbildrpublishing.com\/product\/24-espectaculares-ejercicios-de-escritura-para-ninos-un-libro-de-actividades-de-escritura-creativa-para-estudiantes-de-primaria\/"},"modified":"2024-11-28T09:40:03","modified_gmt":"2024-11-28T09:40:03","slug":"24-espectaculares-ejercicios-de-escritura-para-ninos-un-libro-de-actividades-de-escritura-creativa-para-estudiantes-de-primaria","status":"publish","type":"product","link":"https:\/\/bookbildrpublishing.com\/es\/product\/24-espectaculares-ejercicios-de-escritura-para-ninos-un-libro-de-actividades-de-escritura-creativa-para-estudiantes-de-primaria\/","title":{"rendered":"24 Espectaculares ejercicios de escritura para ni\u00f1os: Un libro de actividades de escritura creativa para estudiantes de primaria"},"content":{"rendered":"<p>\u00bfEst\u00e1 destinado tu hijo a ser el pr\u00f3ximo autor de bestsellers? Por supuesto que s\u00ed. Fomentar la escritura creativa es una forma excelente de que los ni\u00f1os mejoren sus habilidades de lectura y escritura, a la vez que dan rienda suelta a su creatividad de forma divertida. Dise\u00f1ado espec\u00edficamente para ni\u00f1os en edad escolar, este libro de actividades con sugerencias de escritura inspirar\u00e1 a tus hijos para que empiecen a crear sus propias historias. Con 24 atractivos ejercicios de escritura alineados con el plan de estudios est\u00e1ndar de Lengua y Literatura Inglesas, cada ejercicio se centra en distintos tipos de escritura, como narraciones, textos informativos, comparaciones, descripciones, argumentos, resoluci\u00f3n de problemas, cartas, an\u00e1lisis de personajes y mucho m\u00e1s. Junto a estas instrucciones hay ilustraciones perfectas para colorear. Aunque el libro se puede utilizar como mejor te parezca, te recomendamos que empieces por el principio y trabajes secuencialmente cada tema. Este enfoque proporcionar\u00e1 a tu hijo un ejercicio de escritura completo que le introducir\u00e1 en varios estilos de p\u00e1rrafos que podr\u00edan servir de base para nuevas historias. Adem\u00e1s, los ni\u00f1os de 6 a 10 a\u00f1os desarrollar\u00e1n unas impresionantes habilidades de escritura que impresionar\u00e1n a compa\u00f1eros y educadores por igual. No lo dudes: hazte hoy mismo con un ejemplar de este libro de actividades, coge un l\u00e1piz&#8230; \u00a1PREP\u00c1RATE PARA ESCRIBIR! <\/p>\n","protected":false},"excerpt":{"rendered":"<p>\u00bfEst\u00e1 destinado tu hijo a ser el pr\u00f3ximo autor de bestsellers? Por supuesto que s\u00ed. Fomentar la escritura creativa es una forma excelente de que los ni\u00f1os mejoren sus habilidades de lectura y escritura, a la vez que dan rienda suelta a su creatividad de forma divertida. Espec\u00edficamente dise\u00f1ado para ni\u00f1os en edad escolar, este libro de actividades con pistas de escritura inspirar\u00e1 a tus hijos para que empiecen a crear sus propias historias. <\/p>\n","protected":false},"featured_media":1791,"comment_status":"open","ping_status":"closed","template":"","meta":{"_uag_custom_page_level_css":"","site-sidebar-layout":"default","site-content-layout":"","ast-site-content-layout":"default","site-content-style":"default","site-sidebar-style":"default","ast-global-header-display":"","ast-banner-title-visibility":"","ast-main-header-display":"","ast-hfb-above-header-display":"","ast-hfb-below-header-display":"","ast-hfb-mobile-header-display":"","site-post-title":"","ast-breadcrumbs-content":"","ast-featured-img":"","footer-sml-layout":"","theme-transparent-header-meta":"default","adv-header-id-meta":"","stick-header-meta":"","header-above-stick-meta":"","header-main-stick-meta":"","header-below-stick-meta":"","astra-migrate-meta-layouts":"default","ast-page-background-enabled":"default","ast-page-background-meta":{"desktop":{"background-color":"var(--ast-global-color-4)","background-image":"","background-repeat":"repeat","background-position":"center center","background-size":"auto","background-attachment":"scroll","background-type":"","background-media":"","overlay-type":"","overlay-color":"","overlay-opacity":"","overlay-gradient":""},"tablet":{"background-color":"","background-image":"","background-repeat":"repeat","background-position":"center center","background-size":"auto","background-attachment":"scroll","background-type":"","background-media":"","overlay-type":"","overlay-color":"","overlay-opacity":"","overlay-gradient":""},"mobile":{"background-color":"","background-image":"","background-repeat":"repeat","background-position":"center center","background-size":"auto","background-attachment":"scroll","background-type":"","background-media":"","overlay-type":"","overlay-color":"","overlay-opacity":"","overlay-gradient":""}},"ast-content-background-meta":{"desktop":{"background-color":"var(--ast-global-color-5)","background-image":"","background-repeat":"repeat","background-position":"center center","background-size":"auto","background-attachment":"scroll","background-type":"","background-media":"","overlay-type":"","overlay-color":"","overlay-opacity":"","overlay-gradient":""},"tablet":{"background-color":"var(--ast-global-color-5)","background-image":"","background-repeat":"repeat","background-position":"center center","background-size":"auto","background-attachment":"scroll","background-type":"","background-media":"","overlay-type":"","overlay-color":"","overlay-opacity":"","overlay-gradient":""},"mobile":{"background-color":"var(--ast-global-color-5)","background-image":"","background-repeat":"repeat","background-position":"center center","background-size":"auto","background-attachment":"scroll","background-type":"","background-media":"","overlay-type":"","overlay-color":"","overlay-opacity":"","overlay-gradient":""}}},"product_brand":[],"product_cat":[77,71],"product_tag":[],"class_list":{"0":"post-2380","1":"product","2":"type-product","3":"status-publish","4":"has-post-thumbnail","6":"product_cat-libros-de-actividades","7":"product_cat-libros-para-ninos","8":"desktop-align-left","9":"tablet-align-left","10":"mobile-align-left","12":"first","13":"instock","14":"shipping-taxable","15":"product-type-external"},"yoast_head":"<!-- This site is optimized with the Yoast SEO plugin v25.6 - https:\/\/yoast.com\/wordpress\/plugins\/seo\/ -->\n<title>24 Espectaculares ejercicios de escritura para ni\u00f1os: Un libro de actividades de escritura creativa para estudiantes de primaria | BookBildr Publishing<\/title>\n<meta name=\"robots\" content=\"index, follow, max-snippet:-1, max-image-preview:large, max-video-preview:-1\" \/>\n<link rel=\"canonical\" href=\"https:\/\/bookbildrpublishing.com\/es\/product\/24-espectaculares-ejercicios-de-escritura-para-ninos-un-libro-de-actividades-de-escritura-creativa-para-estudiantes-de-primaria\/\" \/>\n<meta property=\"og:locale\" content=\"es_ES\" \/>\n<meta property=\"og:type\" content=\"article\" \/>\n<meta property=\"og:title\" content=\"24 Espectaculares ejercicios de escritura para ni\u00f1os: Un libro de actividades de escritura creativa para estudiantes de primaria | BookBildr Publishing\" \/>\n<meta property=\"og:description\" content=\"\u00bfEst\u00e1 destinado tu hijo a ser el pr\u00f3ximo autor de bestsellers? Por supuesto que s\u00ed. Fomentar la escritura creativa es una forma excelente de que los ni\u00f1os mejoren sus habilidades de lectura y escritura, a la vez que dan rienda suelta a su creatividad de forma divertida. Espec\u00edficamente dise\u00f1ado para ni\u00f1os en edad escolar, este libro de actividades con pistas de escritura inspirar\u00e1 a tus hijos para que empiecen a crear sus propias historias.\" \/>\n<meta property=\"og:url\" content=\"https:\/\/bookbildrpublishing.com\/es\/product\/24-espectaculares-ejercicios-de-escritura-para-ninos-un-libro-de-actividades-de-escritura-creativa-para-estudiantes-de-primaria\/\" \/>\n<meta property=\"og:site_name\" content=\"BookBildr Publishing\" \/>\n<meta property=\"article:modified_time\" content=\"2024-11-28T09:40:03+00:00\" \/>\n<meta property=\"og:image\" content=\"https:\/\/bookbildrpublishing.com\/wp-content\/uploads\/2024\/06\/717VXXyoiTL._SL1293_.jpg\" \/>\n\t<meta property=\"og:image:width\" content=\"1000\" \/>\n\t<meta property=\"og:image:height\" content=\"1293\" \/>\n\t<meta property=\"og:image:type\" content=\"image\/jpeg\" \/>\n<meta name=\"twitter:card\" content=\"summary_large_image\" \/>\n<script type=\"application\/ld+json\" class=\"yoast-schema-graph\">{\"@context\":\"https:\/\/schema.org\",\"@graph\":[{\"@type\":\"WebPage\",\"@id\":\"https:\/\/bookbildrpublishing.com\/es\/product\/24-espectaculares-ejercicios-de-escritura-para-ninos-un-libro-de-actividades-de-escritura-creativa-para-estudiantes-de-primaria\/\",\"url\":\"https:\/\/bookbildrpublishing.com\/es\/product\/24-espectaculares-ejercicios-de-escritura-para-ninos-un-libro-de-actividades-de-escritura-creativa-para-estudiantes-de-primaria\/\",\"name\":\"24 Espectaculares ejercicios de escritura para ni\u00f1os: Un libro de actividades de escritura creativa para estudiantes de primaria | BookBildr Publishing\",\"isPartOf\":{\"@id\":\"https:\/\/bookbildrpublishing.com\/es\/#website\"},\"primaryImageOfPage\":{\"@id\":\"https:\/\/bookbildrpublishing.com\/es\/product\/24-espectaculares-ejercicios-de-escritura-para-ninos-un-libro-de-actividades-de-escritura-creativa-para-estudiantes-de-primaria\/#primaryimage\"},\"image\":{\"@id\":\"https:\/\/bookbildrpublishing.com\/es\/product\/24-espectaculares-ejercicios-de-escritura-para-ninos-un-libro-de-actividades-de-escritura-creativa-para-estudiantes-de-primaria\/#primaryimage\"},\"thumbnailUrl\":\"https:\/\/bookbildrpublishing.com\/wp-content\/uploads\/2024\/06\/717VXXyoiTL._SL1293_.jpg\",\"datePublished\":\"2024-06-28T07:58:51+00:00\",\"dateModified\":\"2024-11-28T09:40:03+00:00\",\"breadcrumb\":{\"@id\":\"https:\/\/bookbildrpublishing.com\/es\/product\/24-espectaculares-ejercicios-de-escritura-para-ninos-un-libro-de-actividades-de-escritura-creativa-para-estudiantes-de-primaria\/#breadcrumb\"},\"inLanguage\":\"es\",\"potentialAction\":[{\"@type\":\"ReadAction\",\"target\":[\"https:\/\/bookbildrpublishing.com\/es\/product\/24-espectaculares-ejercicios-de-escritura-para-ninos-un-libro-de-actividades-de-escritura-creativa-para-estudiantes-de-primaria\/\"]}]},{\"@type\":\"ImageObject\",\"inLanguage\":\"es\",\"@id\":\"https:\/\/bookbildrpublishing.com\/es\/product\/24-espectaculares-ejercicios-de-escritura-para-ninos-un-libro-de-actividades-de-escritura-creativa-para-estudiantes-de-primaria\/#primaryimage\",\"url\":\"https:\/\/bookbildrpublishing.com\/wp-content\/uploads\/2024\/06\/717VXXyoiTL._SL1293_.jpg\",\"contentUrl\":\"https:\/\/bookbildrpublishing.com\/wp-content\/uploads\/2024\/06\/717VXXyoiTL._SL1293_.jpg\",\"width\":1000,\"height\":1293},{\"@type\":\"BreadcrumbList\",\"@id\":\"https:\/\/bookbildrpublishing.com\/es\/product\/24-espectaculares-ejercicios-de-escritura-para-ninos-un-libro-de-actividades-de-escritura-creativa-para-estudiantes-de-primaria\/#breadcrumb\",\"itemListElement\":[{\"@type\":\"ListItem\",\"position\":1,\"name\":\"Home\",\"item\":\"https:\/\/bookbildrpublishing.com\/es\/\"},{\"@type\":\"ListItem\",\"position\":2,\"name\":\"Tienda\",\"item\":\"https:\/\/bookbildrpublishing.com\/es\/tienda\/\"},{\"@type\":\"ListItem\",\"position\":3,\"name\":\"24 Espectaculares ejercicios de escritura para ni\u00f1os: Un libro de actividades de escritura creativa para estudiantes de primaria\"}]},{\"@type\":\"WebSite\",\"@id\":\"https:\/\/bookbildrpublishing.com\/es\/#website\",\"url\":\"https:\/\/bookbildrpublishing.com\/es\/\",\"name\":\"BookBildr Publishing\",\"description\":\"\",\"publisher\":{\"@id\":\"https:\/\/bookbildrpublishing.com\/es\/#organization\"},\"potentialAction\":[{\"@type\":\"SearchAction\",\"target\":{\"@type\":\"EntryPoint\",\"urlTemplate\":\"https:\/\/bookbildrpublishing.com\/es\/?s={search_term_string}\"},\"query-input\":{\"@type\":\"PropertyValueSpecification\",\"valueRequired\":true,\"valueName\":\"search_term_string\"}}],\"inLanguage\":\"es\"},{\"@type\":\"Organization\",\"@id\":\"https:\/\/bookbildrpublishing.com\/es\/#organization\",\"name\":\"BookBildr Publishing\",\"url\":\"https:\/\/bookbildrpublishing.com\/es\/\",\"logo\":{\"@type\":\"ImageObject\",\"inLanguage\":\"es\",\"@id\":\"https:\/\/bookbildrpublishing.com\/es\/#\/schema\/logo\/image\/\",\"url\":\"https:\/\/bookbildrpublishing.com\/wp-content\/uploads\/2024\/06\/BookBildr-Publishing-logo.png\",\"contentUrl\":\"https:\/\/bookbildrpublishing.com\/wp-content\/uploads\/2024\/06\/BookBildr-Publishing-logo.png\",\"width\":200,\"height\":80,\"caption\":\"BookBildr Publishing\"},\"image\":{\"@id\":\"https:\/\/bookbildrpublishing.com\/es\/#\/schema\/logo\/image\/\"}}]}<\/script>\n<!-- \/ Yoast SEO plugin. -->","yoast_head_json":{"title":"24 Espectaculares ejercicios de escritura para ni\u00f1os: Un libro de actividades de escritura creativa para estudiantes de primaria | BookBildr Publishing","robots":{"index":"index","follow":"follow","max-snippet":"max-snippet:-1","max-image-preview":"max-image-preview:large","max-video-preview":"max-video-preview:-1"},"canonical":"https:\/\/bookbildrpublishing.com\/es\/product\/24-espectaculares-ejercicios-de-escritura-para-ninos-un-libro-de-actividades-de-escritura-creativa-para-estudiantes-de-primaria\/","og_locale":"es_ES","og_type":"article","og_title":"24 Espectaculares ejercicios de escritura para ni\u00f1os: Un libro de actividades de escritura creativa para estudiantes de primaria | BookBildr Publishing","og_description":"\u00bfEst\u00e1 destinado tu hijo a ser el pr\u00f3ximo autor de bestsellers? Por supuesto que s\u00ed. Fomentar la escritura creativa es una forma excelente de que los ni\u00f1os mejoren sus habilidades de lectura y escritura, a la vez que dan rienda suelta a su creatividad de forma divertida. Espec\u00edficamente dise\u00f1ado para ni\u00f1os en edad escolar, este libro de actividades con pistas de escritura inspirar\u00e1 a tus hijos para que empiecen a crear sus propias historias.","og_url":"https:\/\/bookbildrpublishing.com\/es\/product\/24-espectaculares-ejercicios-de-escritura-para-ninos-un-libro-de-actividades-de-escritura-creativa-para-estudiantes-de-primaria\/","og_site_name":"BookBildr Publishing","article_modified_time":"2024-11-28T09:40:03+00:00","og_image":[{"width":1000,"height":1293,"url":"https:\/\/bookbildrpublishing.com\/wp-content\/uploads\/2024\/06\/717VXXyoiTL._SL1293_.jpg","type":"image\/jpeg"}],"twitter_card":"summary_large_image","schema":{"@context":"https:\/\/schema.org","@graph":[{"@type":"WebPage","@id":"https:\/\/bookbildrpublishing.com\/es\/product\/24-espectaculares-ejercicios-de-escritura-para-ninos-un-libro-de-actividades-de-escritura-creativa-para-estudiantes-de-primaria\/","url":"https:\/\/bookbildrpublishing.com\/es\/product\/24-espectaculares-ejercicios-de-escritura-para-ninos-un-libro-de-actividades-de-escritura-creativa-para-estudiantes-de-primaria\/","name":"24 Espectaculares ejercicios de escritura para ni\u00f1os: Un libro de actividades de escritura creativa para estudiantes de primaria | BookBildr Publishing","isPartOf":{"@id":"https:\/\/bookbildrpublishing.com\/es\/#website"},"primaryImageOfPage":{"@id":"https:\/\/bookbildrpublishing.com\/es\/product\/24-espectaculares-ejercicios-de-escritura-para-ninos-un-libro-de-actividades-de-escritura-creativa-para-estudiantes-de-primaria\/#primaryimage"},"image":{"@id":"https:\/\/bookbildrpublishing.com\/es\/product\/24-espectaculares-ejercicios-de-escritura-para-ninos-un-libro-de-actividades-de-escritura-creativa-para-estudiantes-de-primaria\/#primaryimage"},"thumbnailUrl":"https:\/\/bookbildrpublishing.com\/wp-content\/uploads\/2024\/06\/717VXXyoiTL._SL1293_.jpg","datePublished":"2024-06-28T07:58:51+00:00","dateModified":"2024-11-28T09:40:03+00:00","breadcrumb":{"@id":"https:\/\/bookbildrpublishing.com\/es\/product\/24-espectaculares-ejercicios-de-escritura-para-ninos-un-libro-de-actividades-de-escritura-creativa-para-estudiantes-de-primaria\/#breadcrumb"},"inLanguage":"es","potentialAction":[{"@type":"ReadAction","target":["https:\/\/bookbildrpublishing.com\/es\/product\/24-espectaculares-ejercicios-de-escritura-para-ninos-un-libro-de-actividades-de-escritura-creativa-para-estudiantes-de-primaria\/"]}]},{"@type":"ImageObject","inLanguage":"es","@id":"https:\/\/bookbildrpublishing.com\/es\/product\/24-espectaculares-ejercicios-de-escritura-para-ninos-un-libro-de-actividades-de-escritura-creativa-para-estudiantes-de-primaria\/#primaryimage","url":"https:\/\/bookbildrpublishing.com\/wp-content\/uploads\/2024\/06\/717VXXyoiTL._SL1293_.jpg","contentUrl":"https:\/\/bookbildrpublishing.com\/wp-content\/uploads\/2024\/06\/717VXXyoiTL._SL1293_.jpg","width":1000,"height":1293},{"@type":"BreadcrumbList","@id":"https:\/\/bookbildrpublishing.com\/es\/product\/24-espectaculares-ejercicios-de-escritura-para-ninos-un-libro-de-actividades-de-escritura-creativa-para-estudiantes-de-primaria\/#breadcrumb","itemListElement":[{"@type":"ListItem","position":1,"name":"Home","item":"https:\/\/bookbildrpublishing.com\/es\/"},{"@type":"ListItem","position":2,"name":"Tienda","item":"https:\/\/bookbildrpublishing.com\/es\/tienda\/"},{"@type":"ListItem","position":3,"name":"24 Espectaculares ejercicios de escritura para ni\u00f1os: Un libro de actividades de escritura creativa para estudiantes de primaria"}]},{"@type":"WebSite","@id":"https:\/\/bookbildrpublishing.com\/es\/#website","url":"https:\/\/bookbildrpublishing.com\/es\/","name":"BookBildr Publishing","description":"","publisher":{"@id":"https:\/\/bookbildrpublishing.com\/es\/#organization"},"potentialAction":[{"@type":"SearchAction","target":{"@type":"EntryPoint","urlTemplate":"https:\/\/bookbildrpublishing.com\/es\/?s={search_term_string}"},"query-input":{"@type":"PropertyValueSpecification","valueRequired":true,"valueName":"search_term_string"}}],"inLanguage":"es"},{"@type":"Organization","@id":"https:\/\/bookbildrpublishing.com\/es\/#organization","name":"BookBildr Publishing","url":"https:\/\/bookbildrpublishing.com\/es\/","logo":{"@type":"ImageObject","inLanguage":"es","@id":"https:\/\/bookbildrpublishing.com\/es\/#\/schema\/logo\/image\/","url":"https:\/\/bookbildrpublishing.com\/wp-content\/uploads\/2024\/06\/BookBildr-Publishing-logo.png","contentUrl":"https:\/\/bookbildrpublishing.com\/wp-content\/uploads\/2024\/06\/BookBildr-Publishing-logo.png","width":200,"height":80,"caption":"BookBildr Publishing"},"image":{"@id":"https:\/\/bookbildrpublishing.com\/es\/#\/schema\/logo\/image\/"}}]}},"uagb_featured_image_src":{"full":["https:\/\/bookbildrpublishing.com\/wp-content\/uploads\/2024\/06\/717VXXyoiTL._SL1293_.jpg",1000,1293,false],"thumbnail":["https:\/\/bookbildrpublishing.com\/wp-content\/uploads\/2024\/06\/717VXXyoiTL._SL1293_-150x150.jpg",150,150,true],"medium":["https:\/\/bookbildrpublishing.com\/wp-content\/uploads\/2024\/06\/717VXXyoiTL._SL1293_-232x300.jpg",232,300,true],"medium_large":["https:\/\/bookbildrpublishing.com\/wp-content\/uploads\/2024\/06\/717VXXyoiTL._SL1293_-768x993.jpg",768,993,true],"large":["https:\/\/bookbildrpublishing.com\/wp-content\/uploads\/2024\/06\/717VXXyoiTL._SL1293_-792x1024.jpg",792,1024,true],"1536x1536":["https:\/\/bookbildrpublishing.com\/wp-content\/uploads\/2024\/06\/717VXXyoiTL._SL1293_.jpg",1000,1293,false],"2048x2048":["https:\/\/bookbildrpublishing.com\/wp-content\/uploads\/2024\/06\/717VXXyoiTL._SL1293_.jpg",1000,1293,false],"woocommerce_thumbnail":["https:\/\/bookbildrpublishing.com\/wp-content\/uploads\/2024\/06\/717VXXyoiTL._SL1293_-300x300.jpg",300,300,true],"woocommerce_single":["https:\/\/bookbildrpublishing.com\/wp-content\/uploads\/2024\/06\/717VXXyoiTL._SL1293_-600x776.jpg",600,776,true],"woocommerce_gallery_thumbnail":["https:\/\/bookbildrpublishing.com\/wp-content\/uploads\/2024\/06\/717VXXyoiTL._SL1293_-100x100.jpg",100,100,true]},"uagb_author_info":{"display_name":"admin","author_link":"https:\/\/bookbildrpublishing.com\/es\/author\/"},"uagb_comment_info":0,"uagb_excerpt":"\u00bfEst\u00e1 destinado tu hijo a ser el pr\u00f3ximo autor de bestsellers? Por supuesto que s\u00ed. Fomentar la escritura creativa es una forma excelente de que los ni\u00f1os mejoren sus habilidades de lectura y escritura, a la vez que dan rienda suelta a su creatividad de forma divertida. Espec\u00edficamente dise\u00f1ado para ni\u00f1os en edad escolar, este&hellip;","_links":{"self":[{"href":"https:\/\/bookbildrpublishing.com\/es\/wp-json\/wp\/v2\/product\/2380","targetHints":{"allow":["GET"]}}],"collection":[{"href":"https:\/\/bookbildrpublishing.com\/es\/wp-json\/wp\/v2\/product"}],"about":[{"href":"https:\/\/bookbildrpublishing.com\/es\/wp-json\/wp\/v2\/types\/product"}],"replies":[{"embeddable":true,"href":"https:\/\/bookbildrpublishing.com\/es\/wp-json\/wp\/v2\/comments?post=2380"}],"wp:featuredmedia":[{"embeddable":true,"href":"https:\/\/bookbildrpublishing.com\/es\/wp-json\/wp\/v2\/media\/1791"}],"wp:attachment":[{"href":"https:\/\/bookbildrpublishing.com\/es\/wp-json\/wp\/v2\/media?parent=2380"}],"wp:term":[{"taxonomy":"product_brand","embeddable":true,"href":"https:\/\/bookbildrpublishing.com\/es\/wp-json\/wp\/v2\/product_brand?post=2380"},{"taxonomy":"product_cat","embeddable":true,"href":"https:\/\/bookbildrpublishing.com\/es\/wp-json\/wp\/v2\/product_cat?post=2380"},{"taxonomy":"product_tag","embeddable":true,"href":"https:\/\/bookbildrpublishing.com\/es\/wp-json\/wp\/v2\/product_tag?post=2380"}],"curies":[{"name":"wp","href":"https:\/\/api.w.org\/{rel}","templated":true}]}}