{"id":2376,"date":"2024-10-25T07:27:39","date_gmt":"2024-10-25T07:27:39","guid":{"rendered":"https:\/\/bookbildrpublishing.com\/product\/poemas-sobre-la-mariposa-azul\/"},"modified":"2024-11-28T09:39:58","modified_gmt":"2024-11-28T09:39:58","slug":"poemas-sobre-la-mariposa-azul","status":"publish","type":"product","link":"https:\/\/bookbildrpublishing.com\/es\/product\/poemas-sobre-la-mariposa-azul\/","title":{"rendered":"Poemas sobre la mariposa azul"},"content":{"rendered":"<p>Esta colecci\u00f3n de poes\u00eda original de la artista de t\u00e9cnicas mixtas Celia Markham abarca m\u00e1s de 40 a\u00f1os. En estos versos encontrar\u00e1s alimento para el pensamiento, belleza, esperanza y amor. La autora espera que este libro te resulte esperanzador e inspirador. <\/p>\n","protected":false},"excerpt":{"rendered":"<p>Esta colecci\u00f3n de poes\u00eda original de la artista de t\u00e9cnicas mixtas Celia Markham abarca m\u00e1s de 40 a\u00f1os. En estos versos encontrar\u00e1s alimento para el pensamiento, belleza, esperanza y amor. La autora espera que este libro te resulte esperanzador e inspirador. <\/p>\n","protected":false},"featured_media":2314,"comment_status":"open","ping_status":"closed","template":"","meta":{"_uag_custom_page_level_css":"","site-sidebar-layout":"default","site-content-layout":"","ast-site-content-layout":"default","site-content-style":"default","site-sidebar-style":"default","ast-global-header-display":"","ast-banner-title-visibility":"","ast-main-header-display":"","ast-hfb-above-header-display":"","ast-hfb-below-header-display":"","ast-hfb-mobile-header-display":"","site-post-title":"","ast-breadcrumbs-content":"","ast-featured-img":"","footer-sml-layout":"","theme-transparent-header-meta":"default","adv-header-id-meta":"","stick-header-meta":"","header-above-stick-meta":"","header-main-stick-meta":"","header-below-stick-meta":"","astra-migrate-meta-layouts":"default","ast-page-background-enabled":"default","ast-page-background-meta":{"desktop":{"background-color":"var(--ast-global-color-4)","background-image":"","background-repeat":"repeat","background-position":"center center","background-size":"auto","background-attachment":"scroll","background-type":"","background-media":"","overlay-type":"","overlay-color":"","overlay-opacity":"","overlay-gradient":""},"tablet":{"background-color":"","background-image":"","background-repeat":"repeat","background-position":"center center","background-size":"auto","background-attachment":"scroll","background-type":"","background-media":"","overlay-type":"","overlay-color":"","overlay-opacity":"","overlay-gradient":""},"mobile":{"background-color":"","background-image":"","background-repeat":"repeat","background-position":"center center","background-size":"auto","background-attachment":"scroll","background-type":"","background-media":"","overlay-type":"","overlay-color":"","overlay-opacity":"","overlay-gradient":""}},"ast-content-background-meta":{"desktop":{"background-color":"var(--ast-global-color-5)","background-image":"","background-repeat":"repeat","background-position":"center center","background-size":"auto","background-attachment":"scroll","background-type":"","background-media":"","overlay-type":"","overlay-color":"","overlay-opacity":"","overlay-gradient":""},"tablet":{"background-color":"var(--ast-global-color-5)","background-image":"","background-repeat":"repeat","background-position":"center center","background-size":"auto","background-attachment":"scroll","background-type":"","background-media":"","overlay-type":"","overlay-color":"","overlay-opacity":"","overlay-gradient":""},"mobile":{"background-color":"var(--ast-global-color-5)","background-image":"","background-repeat":"repeat","background-position":"center center","background-size":"auto","background-attachment":"scroll","background-type":"","background-media":"","overlay-type":"","overlay-color":"","overlay-opacity":"","overlay-gradient":""}}},"product_brand":[],"product_cat":[71,75],"product_tag":[],"class_list":{"0":"post-2376","1":"product","2":"type-product","3":"status-publish","4":"has-post-thumbnail","6":"product_cat-libros-para-ninos","7":"product_cat-libros-por-capitulos","8":"desktop-align-left","9":"tablet-align-left","10":"mobile-align-left","12":"first","13":"instock","14":"shipping-taxable","15":"product-type-external"},"yoast_head":"<!-- This site is optimized with the Yoast SEO plugin v25.6 - https:\/\/yoast.com\/wordpress\/plugins\/seo\/ -->\n<title>Poemas sobre la mariposa azul | BookBildr Publishing<\/title>\n<meta name=\"description\" content=\"Esta colecci\u00f3n de poes\u00eda original de la artista de t\u00e9cnicas mixtas Celia Markham abarca m\u00e1s de 40 a\u00f1os. En estos versos encontrar\u00e1s alimento para el pensamiento, belleza, esperanza y amor.\" \/>\n<meta name=\"robots\" content=\"index, follow, max-snippet:-1, max-image-preview:large, max-video-preview:-1\" \/>\n<link rel=\"canonical\" href=\"https:\/\/bookbildrpublishing.com\/es\/product\/poemas-sobre-la-mariposa-azul\/\" \/>\n<meta property=\"og:locale\" content=\"es_ES\" \/>\n<meta property=\"og:type\" content=\"article\" \/>\n<meta property=\"og:title\" content=\"Poemas sobre la mariposa azul | BookBildr Publishing\" \/>\n<meta property=\"og:description\" content=\"Esta colecci\u00f3n de poes\u00eda original de la artista de t\u00e9cnicas mixtas Celia Markham abarca m\u00e1s de 40 a\u00f1os. En estos versos encontrar\u00e1s alimento para el pensamiento, belleza, esperanza y amor.\" \/>\n<meta property=\"og:url\" content=\"https:\/\/bookbildrpublishing.com\/es\/product\/poemas-sobre-la-mariposa-azul\/\" \/>\n<meta property=\"og:site_name\" content=\"BookBildr Publishing\" \/>\n<meta property=\"article:modified_time\" content=\"2024-11-28T09:39:58+00:00\" \/>\n<meta property=\"og:image\" content=\"https:\/\/bookbildrpublishing.com\/wp-content\/uploads\/2024\/10\/61Q6JfREZKL._SL1376_.jpg\" \/>\n\t<meta property=\"og:image:width\" content=\"1376\" \/>\n\t<meta property=\"og:image:height\" content=\"1000\" \/>\n\t<meta property=\"og:image:type\" content=\"image\/jpeg\" \/>\n<meta name=\"twitter:card\" content=\"summary_large_image\" \/>\n<script type=\"application\/ld+json\" class=\"yoast-schema-graph\">{\"@context\":\"https:\/\/schema.org\",\"@graph\":[{\"@type\":\"WebPage\",\"@id\":\"https:\/\/bookbildrpublishing.com\/es\/product\/poemas-sobre-la-mariposa-azul\/\",\"url\":\"https:\/\/bookbildrpublishing.com\/es\/product\/poemas-sobre-la-mariposa-azul\/\",\"name\":\"Poemas sobre la mariposa azul | BookBildr Publishing\",\"isPartOf\":{\"@id\":\"https:\/\/bookbildrpublishing.com\/es\/#website\"},\"primaryImageOfPage\":{\"@id\":\"https:\/\/bookbildrpublishing.com\/es\/product\/poemas-sobre-la-mariposa-azul\/#primaryimage\"},\"image\":{\"@id\":\"https:\/\/bookbildrpublishing.com\/es\/product\/poemas-sobre-la-mariposa-azul\/#primaryimage\"},\"thumbnailUrl\":\"https:\/\/bookbildrpublishing.com\/wp-content\/uploads\/2024\/10\/61Q6JfREZKL._SL1376_.jpg\",\"datePublished\":\"2024-10-25T07:27:39+00:00\",\"dateModified\":\"2024-11-28T09:39:58+00:00\",\"description\":\"Esta colecci\u00f3n de poes\u00eda original de la artista de t\u00e9cnicas mixtas Celia Markham abarca m\u00e1s de 40 a\u00f1os. En estos versos encontrar\u00e1s alimento para el pensamiento, belleza, esperanza y amor.\",\"breadcrumb\":{\"@id\":\"https:\/\/bookbildrpublishing.com\/es\/product\/poemas-sobre-la-mariposa-azul\/#breadcrumb\"},\"inLanguage\":\"es\",\"potentialAction\":[{\"@type\":\"ReadAction\",\"target\":[\"https:\/\/bookbildrpublishing.com\/es\/product\/poemas-sobre-la-mariposa-azul\/\"]}]},{\"@type\":\"ImageObject\",\"inLanguage\":\"es\",\"@id\":\"https:\/\/bookbildrpublishing.com\/es\/product\/poemas-sobre-la-mariposa-azul\/#primaryimage\",\"url\":\"https:\/\/bookbildrpublishing.com\/wp-content\/uploads\/2024\/10\/61Q6JfREZKL._SL1376_.jpg\",\"contentUrl\":\"https:\/\/bookbildrpublishing.com\/wp-content\/uploads\/2024\/10\/61Q6JfREZKL._SL1376_.jpg\",\"width\":1376,\"height\":1000},{\"@type\":\"BreadcrumbList\",\"@id\":\"https:\/\/bookbildrpublishing.com\/es\/product\/poemas-sobre-la-mariposa-azul\/#breadcrumb\",\"itemListElement\":[{\"@type\":\"ListItem\",\"position\":1,\"name\":\"Home\",\"item\":\"https:\/\/bookbildrpublishing.com\/es\/\"},{\"@type\":\"ListItem\",\"position\":2,\"name\":\"Tienda\",\"item\":\"https:\/\/bookbildrpublishing.com\/es\/tienda\/\"},{\"@type\":\"ListItem\",\"position\":3,\"name\":\"Poemas sobre la mariposa azul\"}]},{\"@type\":\"WebSite\",\"@id\":\"https:\/\/bookbildrpublishing.com\/es\/#website\",\"url\":\"https:\/\/bookbildrpublishing.com\/es\/\",\"name\":\"BookBildr Publishing\",\"description\":\"\",\"publisher\":{\"@id\":\"https:\/\/bookbildrpublishing.com\/es\/#organization\"},\"potentialAction\":[{\"@type\":\"SearchAction\",\"target\":{\"@type\":\"EntryPoint\",\"urlTemplate\":\"https:\/\/bookbildrpublishing.com\/es\/?s={search_term_string}\"},\"query-input\":{\"@type\":\"PropertyValueSpecification\",\"valueRequired\":true,\"valueName\":\"search_term_string\"}}],\"inLanguage\":\"es\"},{\"@type\":\"Organization\",\"@id\":\"https:\/\/bookbildrpublishing.com\/es\/#organization\",\"name\":\"BookBildr Publishing\",\"url\":\"https:\/\/bookbildrpublishing.com\/es\/\",\"logo\":{\"@type\":\"ImageObject\",\"inLanguage\":\"es\",\"@id\":\"https:\/\/bookbildrpublishing.com\/es\/#\/schema\/logo\/image\/\",\"url\":\"https:\/\/bookbildrpublishing.com\/wp-content\/uploads\/2024\/06\/BookBildr-Publishing-logo.png\",\"contentUrl\":\"https:\/\/bookbildrpublishing.com\/wp-content\/uploads\/2024\/06\/BookBildr-Publishing-logo.png\",\"width\":200,\"height\":80,\"caption\":\"BookBildr Publishing\"},\"image\":{\"@id\":\"https:\/\/bookbildrpublishing.com\/es\/#\/schema\/logo\/image\/\"}}]}<\/script>\n<!-- \/ Yoast SEO plugin. -->","yoast_head_json":{"title":"Poemas sobre la mariposa azul | BookBildr Publishing","description":"Esta colecci\u00f3n de poes\u00eda original de la artista de t\u00e9cnicas mixtas Celia Markham abarca m\u00e1s de 40 a\u00f1os. En estos versos encontrar\u00e1s alimento para el pensamiento, belleza, esperanza y amor.","robots":{"index":"index","follow":"follow","max-snippet":"max-snippet:-1","max-image-preview":"max-image-preview:large","max-video-preview":"max-video-preview:-1"},"canonical":"https:\/\/bookbildrpublishing.com\/es\/product\/poemas-sobre-la-mariposa-azul\/","og_locale":"es_ES","og_type":"article","og_title":"Poemas sobre la mariposa azul | BookBildr Publishing","og_description":"Esta colecci\u00f3n de poes\u00eda original de la artista de t\u00e9cnicas mixtas Celia Markham abarca m\u00e1s de 40 a\u00f1os. En estos versos encontrar\u00e1s alimento para el pensamiento, belleza, esperanza y amor.","og_url":"https:\/\/bookbildrpublishing.com\/es\/product\/poemas-sobre-la-mariposa-azul\/","og_site_name":"BookBildr Publishing","article_modified_time":"2024-11-28T09:39:58+00:00","og_image":[{"width":1376,"height":1000,"url":"https:\/\/bookbildrpublishing.com\/wp-content\/uploads\/2024\/10\/61Q6JfREZKL._SL1376_.jpg","type":"image\/jpeg"}],"twitter_card":"summary_large_image","schema":{"@context":"https:\/\/schema.org","@graph":[{"@type":"WebPage","@id":"https:\/\/bookbildrpublishing.com\/es\/product\/poemas-sobre-la-mariposa-azul\/","url":"https:\/\/bookbildrpublishing.com\/es\/product\/poemas-sobre-la-mariposa-azul\/","name":"Poemas sobre la mariposa azul | BookBildr Publishing","isPartOf":{"@id":"https:\/\/bookbildrpublishing.com\/es\/#website"},"primaryImageOfPage":{"@id":"https:\/\/bookbildrpublishing.com\/es\/product\/poemas-sobre-la-mariposa-azul\/#primaryimage"},"image":{"@id":"https:\/\/bookbildrpublishing.com\/es\/product\/poemas-sobre-la-mariposa-azul\/#primaryimage"},"thumbnailUrl":"https:\/\/bookbildrpublishing.com\/wp-content\/uploads\/2024\/10\/61Q6JfREZKL._SL1376_.jpg","datePublished":"2024-10-25T07:27:39+00:00","dateModified":"2024-11-28T09:39:58+00:00","description":"Esta colecci\u00f3n de poes\u00eda original de la artista de t\u00e9cnicas mixtas Celia Markham abarca m\u00e1s de 40 a\u00f1os. En estos versos encontrar\u00e1s alimento para el pensamiento, belleza, esperanza y amor.","breadcrumb":{"@id":"https:\/\/bookbildrpublishing.com\/es\/product\/poemas-sobre-la-mariposa-azul\/#breadcrumb"},"inLanguage":"es","potentialAction":[{"@type":"ReadAction","target":["https:\/\/bookbildrpublishing.com\/es\/product\/poemas-sobre-la-mariposa-azul\/"]}]},{"@type":"ImageObject","inLanguage":"es","@id":"https:\/\/bookbildrpublishing.com\/es\/product\/poemas-sobre-la-mariposa-azul\/#primaryimage","url":"https:\/\/bookbildrpublishing.com\/wp-content\/uploads\/2024\/10\/61Q6JfREZKL._SL1376_.jpg","contentUrl":"https:\/\/bookbildrpublishing.com\/wp-content\/uploads\/2024\/10\/61Q6JfREZKL._SL1376_.jpg","width":1376,"height":1000},{"@type":"BreadcrumbList","@id":"https:\/\/bookbildrpublishing.com\/es\/product\/poemas-sobre-la-mariposa-azul\/#breadcrumb","itemListElement":[{"@type":"ListItem","position":1,"name":"Home","item":"https:\/\/bookbildrpublishing.com\/es\/"},{"@type":"ListItem","position":2,"name":"Tienda","item":"https:\/\/bookbildrpublishing.com\/es\/tienda\/"},{"@type":"ListItem","position":3,"name":"Poemas sobre la mariposa azul"}]},{"@type":"WebSite","@id":"https:\/\/bookbildrpublishing.com\/es\/#website","url":"https:\/\/bookbildrpublishing.com\/es\/","name":"BookBildr Publishing","description":"","publisher":{"@id":"https:\/\/bookbildrpublishing.com\/es\/#organization"},"potentialAction":[{"@type":"SearchAction","target":{"@type":"EntryPoint","urlTemplate":"https:\/\/bookbildrpublishing.com\/es\/?s={search_term_string}"},"query-input":{"@type":"PropertyValueSpecification","valueRequired":true,"valueName":"search_term_string"}}],"inLanguage":"es"},{"@type":"Organization","@id":"https:\/\/bookbildrpublishing.com\/es\/#organization","name":"BookBildr Publishing","url":"https:\/\/bookbildrpublishing.com\/es\/","logo":{"@type":"ImageObject","inLanguage":"es","@id":"https:\/\/bookbildrpublishing.com\/es\/#\/schema\/logo\/image\/","url":"https:\/\/bookbildrpublishing.com\/wp-content\/uploads\/2024\/06\/BookBildr-Publishing-logo.png","contentUrl":"https:\/\/bookbildrpublishing.com\/wp-content\/uploads\/2024\/06\/BookBildr-Publishing-logo.png","width":200,"height":80,"caption":"BookBildr Publishing"},"image":{"@id":"https:\/\/bookbildrpublishing.com\/es\/#\/schema\/logo\/image\/"}}]}},"uagb_featured_image_src":{"full":["https:\/\/bookbildrpublishing.com\/wp-content\/uploads\/2024\/10\/61Q6JfREZKL._SL1376_.jpg",1376,1000,false],"thumbnail":["https:\/\/bookbildrpublishing.com\/wp-content\/uploads\/2024\/10\/61Q6JfREZKL._SL1376_-150x150.jpg",150,150,true],"medium":["https:\/\/bookbildrpublishing.com\/wp-content\/uploads\/2024\/10\/61Q6JfREZKL._SL1376_-300x218.jpg",300,218,true],"medium_large":["https:\/\/bookbildrpublishing.com\/wp-content\/uploads\/2024\/10\/61Q6JfREZKL._SL1376_-768x558.jpg",768,558,true],"large":["https:\/\/bookbildrpublishing.com\/wp-content\/uploads\/2024\/10\/61Q6JfREZKL._SL1376_-1024x744.jpg",1024,744,true],"1536x1536":["https:\/\/bookbildrpublishing.com\/wp-content\/uploads\/2024\/10\/61Q6JfREZKL._SL1376_.jpg",1376,1000,false],"2048x2048":["https:\/\/bookbildrpublishing.com\/wp-content\/uploads\/2024\/10\/61Q6JfREZKL._SL1376_.jpg",1376,1000,false],"woocommerce_thumbnail":["https:\/\/bookbildrpublishing.com\/wp-content\/uploads\/2024\/10\/61Q6JfREZKL._SL1376_-300x300.jpg",300,300,true],"woocommerce_single":["https:\/\/bookbildrpublishing.com\/wp-content\/uploads\/2024\/10\/61Q6JfREZKL._SL1376_-600x436.jpg",600,436,true],"woocommerce_gallery_thumbnail":["https:\/\/bookbildrpublishing.com\/wp-content\/uploads\/2024\/10\/61Q6JfREZKL._SL1376_-100x100.jpg",100,100,true]},"uagb_author_info":{"display_name":"Flor Rega","author_link":"https:\/\/bookbildrpublishing.com\/es\/author\/"},"uagb_comment_info":0,"uagb_excerpt":"Esta colecci\u00f3n de poes\u00eda original de la artista de t\u00e9cnicas mixtas Celia Markham abarca m\u00e1s de 40 a\u00f1os. En estos versos encontrar\u00e1s alimento para el pensamiento, belleza, esperanza y amor. La autora espera que este libro te resulte esperanzador e inspirador.","_links":{"self":[{"href":"https:\/\/bookbildrpublishing.com\/es\/wp-json\/wp\/v2\/product\/2376","targetHints":{"allow":["GET"]}}],"collection":[{"href":"https:\/\/bookbildrpublishing.com\/es\/wp-json\/wp\/v2\/product"}],"about":[{"href":"https:\/\/bookbildrpublishing.com\/es\/wp-json\/wp\/v2\/types\/product"}],"replies":[{"embeddable":true,"href":"https:\/\/bookbildrpublishing.com\/es\/wp-json\/wp\/v2\/comments?post=2376"}],"wp:featuredmedia":[{"embeddable":true,"href":"https:\/\/bookbildrpublishing.com\/es\/wp-json\/wp\/v2\/media\/2314"}],"wp:attachment":[{"href":"https:\/\/bookbildrpublishing.com\/es\/wp-json\/wp\/v2\/media?parent=2376"}],"wp:term":[{"taxonomy":"product_brand","embeddable":true,"href":"https:\/\/bookbildrpublishing.com\/es\/wp-json\/wp\/v2\/product_brand?post=2376"},{"taxonomy":"product_cat","embeddable":true,"href":"https:\/\/bookbildrpublishing.com\/es\/wp-json\/wp\/v2\/product_cat?post=2376"},{"taxonomy":"product_tag","embeddable":true,"href":"https:\/\/bookbildrpublishing.com\/es\/wp-json\/wp\/v2\/product_tag?post=2376"}],"curies":[{"name":"wp","href":"https:\/\/api.w.org\/{rel}","templated":true}]}}