{"id":1888,"date":"2024-11-28T09:37:55","date_gmt":"2024-11-28T09:37:55","guid":{"rendered":"https:\/\/bookbildrpublishing.com\/carrito\/"},"modified":"2024-11-28T09:37:55","modified_gmt":"2024-11-28T09:37:55","slug":"carrito","status":"publish","type":"page","link":"https:\/\/bookbildrpublishing.com\/es\/carrito\/","title":{"rendered":"Carrito"},"content":{"rendered":"\n<div data-block-name=\"woocommerce\/cart\" class=\"wp-block-woocommerce-cart alignwide is-loading\">\n<div data-block-name=\"woocommerce\/filled-cart-block\" class=\"wp-block-woocommerce-filled-cart-block\">\n<div data-block-name=\"woocommerce\/cart-items-block\" class=\"wp-block-woocommerce-cart-items-block\">\n<div data-block-name=\"woocommerce\/cart-line-items-block\" class=\"wp-block-woocommerce-cart-line-items-block\"><\/div>\n\n\n\n<div data-block-name=\"woocommerce\/cart-cross-sells-block\" class=\"wp-block-woocommerce-cart-cross-sells-block\">\n<h2 class=\"wp-block-heading has-large-font-size\">You may be interested in\u2026<\/h2>\n\n\n\n<div data-block-name=\"woocommerce\/cart-cross-sells-products-block\" class=\"wp-block-woocommerce-cart-cross-sells-products-block\"><\/div>\n<\/div>\n<\/div>\n\n\n\n<div data-block-name=\"woocommerce\/cart-totals-block\" class=\"wp-block-woocommerce-cart-totals-block\">\n<div data-block-name=\"woocommerce\/cart-order-summary-block\" class=\"wp-block-woocommerce-cart-order-summary-block\">\n<div data-block-name=\"woocommerce\/cart-order-summary-heading-block\" class=\"wp-block-woocommerce-cart-order-summary-heading-block\"><\/div><div data-block-name=\"woocommerce\/cart-order-summary-coupon-form-block\" class=\"wp-block-woocommerce-cart-order-summary-coupon-form-block\"><\/div><div data-block-name=\"woocommerce\/cart-order-summary-totals-block\" class=\"wp-block-woocommerce-cart-order-summary-totals-block\">\n<div data-block-name=\"woocommerce\/cart-order-summary-subtotal-block\" class=\"wp-block-woocommerce-cart-order-summary-subtotal-block\"><\/div>\n<div data-block-name=\"woocommerce\/cart-order-summary-discount-block\" class=\"wp-block-woocommerce-cart-order-summary-discount-block\"><\/div>\n<div data-block-name=\"woocommerce\/cart-order-summary-fee-block\" class=\"wp-block-woocommerce-cart-order-summary-fee-block\"><\/div>\n<div data-block-name=\"woocommerce\/cart-order-summary-shipping-block\" class=\"wp-block-woocommerce-cart-order-summary-shipping-block\"><\/div>\n<div data-block-name=\"woocommerce\/cart-order-summary-taxes-block\" class=\"wp-block-woocommerce-cart-order-summary-taxes-block\"><\/div><\/div>\n<\/div>\n\n\n\n<div data-block-name=\"woocommerce\/cart-express-payment-block\" class=\"wp-block-woocommerce-cart-express-payment-block\"><\/div>\n\n\n\n<div data-block-name=\"woocommerce\/proceed-to-checkout-block\" class=\"wp-block-woocommerce-proceed-to-checkout-block\"><\/div>\n\n\n\n<div data-block-name=\"woocommerce\/cart-accepted-payment-methods-block\" class=\"wp-block-woocommerce-cart-accepted-payment-methods-block\"><\/div>\n<\/div>\n<\/div>\n\n\n\n<div data-block-name=\"woocommerce\/empty-cart-block\" class=\"wp-block-woocommerce-empty-cart-block\">\n<h2 class=\"wp-block-heading has-text-align-center with-empty-cart-icon wc-block-cart__empty-cart__title\">Your cart is currently empty!<\/h2>\n\n\n\n<hr class=\"wp-block-separator has-alpha-channel-opacity is-style-dots\"\/>\n\n\n\n<h2 class=\"wp-block-heading has-text-align-center\">New in store<\/h2>\n\n\n<div data-block-name=\"woocommerce\/product-new\" data-columns=\"4\" data-rows=\"1\" class=\"wc-block-grid wp-block-product-new wp-block-woocommerce-product-new wc-block-product-new has-4-columns\"><ul class=\"wc-block-grid__products\"><li class=\"wc-block-grid__product\">\n\t\t\t\t<a href=\"https:\/\/bookbildrpublishing.com\/es\/product\/las-gallinas-no-se-nombran-solas\/\" class=\"wc-block-grid__product-link\">\n\t\t\t\t\t\n\t\t\t\t\t<div class=\"wc-block-grid__product-image\"><img loading=\"lazy\" decoding=\"async\" width=\"300\" height=\"300\" src=\"https:\/\/bookbildrpublishing.com\/wp-content\/uploads\/2024\/10\/Chickens-ebook-cover-300x300.jpg\" class=\"attachment-woocommerce_thumbnail size-woocommerce_thumbnail\" alt=\"Las gallinas no se nombran solas\" srcset=\"https:\/\/bookbildrpublishing.com\/wp-content\/uploads\/2024\/10\/Chickens-ebook-cover-300x300.jpg 300w, https:\/\/bookbildrpublishing.com\/wp-content\/uploads\/2024\/10\/Chickens-ebook-cover-1024x1024.jpg 1024w, https:\/\/bookbildrpublishing.com\/wp-content\/uploads\/2024\/10\/Chickens-ebook-cover-150x150.jpg 150w, https:\/\/bookbildrpublishing.com\/wp-content\/uploads\/2024\/10\/Chickens-ebook-cover-768x768.jpg 768w, https:\/\/bookbildrpublishing.com\/wp-content\/uploads\/2024\/10\/Chickens-ebook-cover-1536x1536.jpg 1536w, https:\/\/bookbildrpublishing.com\/wp-content\/uploads\/2024\/10\/Chickens-ebook-cover-2048x2048.jpg 2048w, https:\/\/bookbildrpublishing.com\/wp-content\/uploads\/2024\/10\/Chickens-ebook-cover-600x600.jpg 600w, https:\/\/bookbildrpublishing.com\/wp-content\/uploads\/2024\/10\/Chickens-ebook-cover-100x100.jpg 100w\" sizes=\"auto, (max-width: 300px) 100vw, 300px\" \/><\/div>\n\t\t\t\t\t<div class=\"wc-block-grid__product-title\">Las gallinas no se nombran solas<\/div>\n\t\t\t\t<\/a>\n\t\t\t\t<div class=\"wc-block-grid__product-price price\"><span class=\"woocommerce-Price-amount amount\"><span class=\"woocommerce-Price-currencySymbol\">&#036;<\/span>10.99<\/span><\/div>\n\t\t\t\t\n\t\t\t\t<div class=\"wp-block-button wc-block-grid__product-add-to-cart\"><a href=\"https:\/\/amzn.to\/4f0lp6G\" aria-label=\"Comprar en Amazon\" data-quantity=\"1\" data-product_id=\"2362\" data-product_sku=\"\" data-price=\"10.99\" rel=\"nofollow\" class=\"wp-block-button__link  add_to_cart_button\">Comprar en Amazon<\/a><\/div>\n\t\t\t<\/li><li class=\"wc-block-grid__product\">\n\t\t\t\t<a href=\"https:\/\/bookbildrpublishing.com\/es\/product\/me-esforzare-al-maximo-el-viaje-de-gemma-hacia-el-exito\/\" class=\"wc-block-grid__product-link\">\n\t\t\t\t\t\n\t\t\t\t\t<div class=\"wc-block-grid__product-image\"><img loading=\"lazy\" decoding=\"async\" width=\"300\" height=\"300\" src=\"https:\/\/bookbildrpublishing.com\/wp-content\/uploads\/2024\/10\/613ZcVj33pL._SL1000_-300x300.jpg\" class=\"attachment-woocommerce_thumbnail size-woocommerce_thumbnail\" alt=\"Me esforzar\u00e9 al m\u00e1ximo: el viaje de Gemma hacia el \u00e9xito\" srcset=\"https:\/\/bookbildrpublishing.com\/wp-content\/uploads\/2024\/10\/613ZcVj33pL._SL1000_-300x300.jpg 300w, https:\/\/bookbildrpublishing.com\/wp-content\/uploads\/2024\/10\/613ZcVj33pL._SL1000_-150x150.jpg 150w, https:\/\/bookbildrpublishing.com\/wp-content\/uploads\/2024\/10\/613ZcVj33pL._SL1000_-768x768.jpg 768w, https:\/\/bookbildrpublishing.com\/wp-content\/uploads\/2024\/10\/613ZcVj33pL._SL1000_-600x600.jpg 600w, https:\/\/bookbildrpublishing.com\/wp-content\/uploads\/2024\/10\/613ZcVj33pL._SL1000_-100x100.jpg 100w, https:\/\/bookbildrpublishing.com\/wp-content\/uploads\/2024\/10\/613ZcVj33pL._SL1000_.jpg 1000w\" sizes=\"auto, (max-width: 300px) 100vw, 300px\" \/><\/div>\n\t\t\t\t\t<div class=\"wc-block-grid__product-title\">Me esforzar\u00e9 al m\u00e1ximo: el viaje de Gemma hacia el \u00e9xito<\/div>\n\t\t\t\t<\/a>\n\t\t\t\t<div class=\"wc-block-grid__product-price price\"><span class=\"woocommerce-Price-amount amount\"><span class=\"woocommerce-Price-currencySymbol\">&#036;<\/span>11.99<\/span><\/div>\n\t\t\t\t\n\t\t\t\t<div class=\"wp-block-button wc-block-grid__product-add-to-cart\"><a href=\"https:\/\/amzn.to\/3C0f24D\" aria-label=\"Comprar en Amazon\" data-quantity=\"1\" data-product_id=\"2366\" data-product_sku=\"\" data-price=\"11.99\" rel=\"nofollow\" class=\"wp-block-button__link  add_to_cart_button\">Comprar en Amazon<\/a><\/div>\n\t\t\t<\/li><li class=\"wc-block-grid__product\">\n\t\t\t\t<a href=\"https:\/\/bookbildrpublishing.com\/es\/product\/las-muchas-aventuras-de-isabel\/\" class=\"wc-block-grid__product-link\">\n\t\t\t\t\t\n\t\t\t\t\t<div class=\"wc-block-grid__product-image\"><img loading=\"lazy\" decoding=\"async\" width=\"300\" height=\"300\" src=\"https:\/\/bookbildrpublishing.com\/wp-content\/uploads\/2024\/10\/61MD-u9JHAL._SL1000_-300x300.jpg\" class=\"attachment-woocommerce_thumbnail size-woocommerce_thumbnail\" alt=\"Las muchas aventuras de Isabel\" srcset=\"https:\/\/bookbildrpublishing.com\/wp-content\/uploads\/2024\/10\/61MD-u9JHAL._SL1000_-300x300.jpg 300w, https:\/\/bookbildrpublishing.com\/wp-content\/uploads\/2024\/10\/61MD-u9JHAL._SL1000_-150x150.jpg 150w, https:\/\/bookbildrpublishing.com\/wp-content\/uploads\/2024\/10\/61MD-u9JHAL._SL1000_-768x768.jpg 768w, https:\/\/bookbildrpublishing.com\/wp-content\/uploads\/2024\/10\/61MD-u9JHAL._SL1000_-600x600.jpg 600w, https:\/\/bookbildrpublishing.com\/wp-content\/uploads\/2024\/10\/61MD-u9JHAL._SL1000_-100x100.jpg 100w, https:\/\/bookbildrpublishing.com\/wp-content\/uploads\/2024\/10\/61MD-u9JHAL._SL1000_.jpg 1000w\" sizes=\"auto, (max-width: 300px) 100vw, 300px\" \/><\/div>\n\t\t\t\t\t<div class=\"wc-block-grid__product-title\">Las muchas aventuras de Isabel<\/div>\n\t\t\t\t<\/a>\n\t\t\t\t<div class=\"wc-block-grid__product-price price\"><span class=\"woocommerce-Price-amount amount\"><span class=\"woocommerce-Price-currencySymbol\">&#036;<\/span>10.99<\/span><\/div>\n\t\t\t\t\n\t\t\t\t<div class=\"wp-block-button wc-block-grid__product-add-to-cart\"><a href=\"https:\/\/amzn.to\/3UmZfmI\" aria-label=\"Comprar en Amazon\" data-quantity=\"1\" data-product_id=\"2360\" data-product_sku=\"\" data-price=\"10.99\" rel=\"nofollow\" class=\"wp-block-button__link  add_to_cart_button\">Comprar en Amazon<\/a><\/div>\n\t\t\t<\/li><li class=\"wc-block-grid__product\">\n\t\t\t\t<a href=\"https:\/\/bookbildrpublishing.com\/es\/product\/la-estrella-brillante-de-stella\/\" class=\"wc-block-grid__product-link\">\n\t\t\t\t\t\n\t\t\t\t\t<div class=\"wc-block-grid__product-image\"><img loading=\"lazy\" decoding=\"async\" width=\"300\" height=\"300\" src=\"https:\/\/bookbildrpublishing.com\/wp-content\/uploads\/2024\/10\/610ucB3SH-L._SL1000_-300x300.jpg\" class=\"attachment-woocommerce_thumbnail size-woocommerce_thumbnail\" alt=\"La estrella brillante de Stella\" srcset=\"https:\/\/bookbildrpublishing.com\/wp-content\/uploads\/2024\/10\/610ucB3SH-L._SL1000_-300x300.jpg 300w, https:\/\/bookbildrpublishing.com\/wp-content\/uploads\/2024\/10\/610ucB3SH-L._SL1000_-150x150.jpg 150w, https:\/\/bookbildrpublishing.com\/wp-content\/uploads\/2024\/10\/610ucB3SH-L._SL1000_-768x768.jpg 768w, https:\/\/bookbildrpublishing.com\/wp-content\/uploads\/2024\/10\/610ucB3SH-L._SL1000_-600x600.jpg 600w, https:\/\/bookbildrpublishing.com\/wp-content\/uploads\/2024\/10\/610ucB3SH-L._SL1000_-100x100.jpg 100w, https:\/\/bookbildrpublishing.com\/wp-content\/uploads\/2024\/10\/610ucB3SH-L._SL1000_.jpg 1000w\" sizes=\"auto, (max-width: 300px) 100vw, 300px\" \/><\/div>\n\t\t\t\t\t<div class=\"wc-block-grid__product-title\">La estrella brillante de Stella<\/div>\n\t\t\t\t<\/a>\n\t\t\t\t<div class=\"wc-block-grid__product-price price\"><span class=\"woocommerce-Price-amount amount\"><span class=\"woocommerce-Price-currencySymbol\">&#036;<\/span>12.99<\/span><\/div>\n\t\t\t\t\n\t\t\t\t<div class=\"wp-block-button wc-block-grid__product-add-to-cart\"><a href=\"https:\/\/amzn.to\/4fh5S22\" aria-label=\"Comprar en Amazon\" data-quantity=\"1\" data-product_id=\"2365\" data-product_sku=\"\" data-price=\"12.99\" rel=\"nofollow\" class=\"wp-block-button__link  add_to_cart_button\">Comprar en Amazon<\/a><\/div>\n\t\t\t<\/li><\/ul><\/div><\/div>\n<\/div>\n","protected":false},"excerpt":{"rendered":"","protected":false},"author":1,"featured_media":0,"parent":0,"menu_order":0,"comment_status":"closed","ping_status":"closed","template":"","meta":{"_uag_custom_page_level_css":"","site-sidebar-layout":"default","site-content-layout":"","ast-site-content-layout":"","site-content-style":"default","site-sidebar-style":"default","ast-global-header-display":"","ast-banner-title-visibility":"","ast-main-header-display":"","ast-hfb-above-header-display":"","ast-hfb-below-header-display":"","ast-hfb-mobile-header-display":"","site-post-title":"","ast-breadcrumbs-content":"","ast-featured-img":"","footer-sml-layout":"","theme-transparent-header-meta":"","adv-header-id-meta":"","stick-header-meta":"","header-above-stick-meta":"","header-main-stick-meta":"","header-below-stick-meta":"","astra-migrate-meta-layouts":"default","ast-page-background-enabled":"default","ast-page-background-meta":{"desktop":{"background-color":"var(--ast-global-color-4)","background-image":"","background-repeat":"repeat","background-position":"center center","background-size":"auto","background-attachment":"scroll","background-type":"","background-media":"","overlay-type":"","overlay-color":"","overlay-opacity":"","overlay-gradient":""},"tablet":{"background-color":"","background-image":"","background-repeat":"repeat","background-position":"center center","background-size":"auto","background-attachment":"scroll","background-type":"","background-media":"","overlay-type":"","overlay-color":"","overlay-opacity":"","overlay-gradient":""},"mobile":{"background-color":"","background-image":"","background-repeat":"repeat","background-position":"center center","background-size":"auto","background-attachment":"scroll","background-type":"","background-media":"","overlay-type":"","overlay-color":"","overlay-opacity":"","overlay-gradient":""}},"ast-content-background-meta":{"desktop":{"background-color":"var(--ast-global-color-5)","background-image":"","background-repeat":"repeat","background-position":"center center","background-size":"auto","background-attachment":"scroll","background-type":"","background-media":"","overlay-type":"","overlay-color":"","overlay-opacity":"","overlay-gradient":""},"tablet":{"background-color":"var(--ast-global-color-5)","background-image":"","background-repeat":"repeat","background-position":"center center","background-size":"auto","background-attachment":"scroll","background-type":"","background-media":"","overlay-type":"","overlay-color":"","overlay-opacity":"","overlay-gradient":""},"mobile":{"background-color":"var(--ast-global-color-5)","background-image":"","background-repeat":"repeat","background-position":"center center","background-size":"auto","background-attachment":"scroll","background-type":"","background-media":"","overlay-type":"","overlay-color":"","overlay-opacity":"","overlay-gradient":""}},"footnotes":""},"class_list":["post-1888","page","type-page","status-publish","hentry"],"yoast_head":"<!-- This site is optimized with the Yoast SEO plugin v25.6 - https:\/\/yoast.com\/wordpress\/plugins\/seo\/ -->\n<title>Carrito | BookBildr Publishing<\/title>\n<meta name=\"robots\" content=\"index, follow, max-snippet:-1, max-image-preview:large, max-video-preview:-1\" \/>\n<link rel=\"canonical\" href=\"https:\/\/bookbildrpublishing.com\/es\/carrito\/\" \/>\n<meta property=\"og:locale\" content=\"es_ES\" \/>\n<meta property=\"og:type\" content=\"article\" \/>\n<meta property=\"og:title\" content=\"Carrito | BookBildr Publishing\" \/>\n<meta property=\"og:url\" content=\"https:\/\/bookbildrpublishing.com\/es\/carrito\/\" \/>\n<meta property=\"og:site_name\" content=\"BookBildr Publishing\" \/>\n<meta property=\"og:image\" content=\"https:\/\/bookbildrpublishing.com\/wp-content\/uploads\/2024\/06\/pexels-photo-4348404-4348404.jpg\" \/>\n\t<meta property=\"og:image:width\" content=\"1280\" \/>\n\t<meta property=\"og:image:height\" content=\"869\" \/>\n\t<meta property=\"og:image:type\" content=\"image\/jpeg\" \/>\n<meta name=\"twitter:card\" content=\"summary_large_image\" \/>\n<script type=\"application\/ld+json\" class=\"yoast-schema-graph\">{\"@context\":\"https:\/\/schema.org\",\"@graph\":[{\"@type\":\"WebPage\",\"@id\":\"https:\/\/bookbildrpublishing.com\/es\/carrito\/\",\"url\":\"https:\/\/bookbildrpublishing.com\/es\/carrito\/\",\"name\":\"Carrito | BookBildr Publishing\",\"isPartOf\":{\"@id\":\"https:\/\/bookbildrpublishing.com\/es\/#website\"},\"datePublished\":\"2024-11-28T09:37:55+00:00\",\"breadcrumb\":{\"@id\":\"https:\/\/bookbildrpublishing.com\/es\/carrito\/#breadcrumb\"},\"inLanguage\":\"es\",\"potentialAction\":[{\"@type\":\"ReadAction\",\"target\":[\"https:\/\/bookbildrpublishing.com\/es\/carrito\/\"]}]},{\"@type\":\"BreadcrumbList\",\"@id\":\"https:\/\/bookbildrpublishing.com\/es\/carrito\/#breadcrumb\",\"itemListElement\":[{\"@type\":\"ListItem\",\"position\":1,\"name\":\"Home\",\"item\":\"https:\/\/bookbildrpublishing.com\/es\/\"},{\"@type\":\"ListItem\",\"position\":2,\"name\":\"Carrito\"}]},{\"@type\":\"WebSite\",\"@id\":\"https:\/\/bookbildrpublishing.com\/es\/#website\",\"url\":\"https:\/\/bookbildrpublishing.com\/es\/\",\"name\":\"BookBildr Publishing\",\"description\":\"\",\"publisher\":{\"@id\":\"https:\/\/bookbildrpublishing.com\/es\/#organization\"},\"potentialAction\":[{\"@type\":\"SearchAction\",\"target\":{\"@type\":\"EntryPoint\",\"urlTemplate\":\"https:\/\/bookbildrpublishing.com\/es\/?s={search_term_string}\"},\"query-input\":{\"@type\":\"PropertyValueSpecification\",\"valueRequired\":true,\"valueName\":\"search_term_string\"}}],\"inLanguage\":\"es\"},{\"@type\":\"Organization\",\"@id\":\"https:\/\/bookbildrpublishing.com\/es\/#organization\",\"name\":\"BookBildr Publishing\",\"url\":\"https:\/\/bookbildrpublishing.com\/es\/\",\"logo\":{\"@type\":\"ImageObject\",\"inLanguage\":\"es\",\"@id\":\"https:\/\/bookbildrpublishing.com\/es\/#\/schema\/logo\/image\/\",\"url\":\"https:\/\/bookbildrpublishing.com\/wp-content\/uploads\/2024\/06\/BookBildr-Publishing-logo.png\",\"contentUrl\":\"https:\/\/bookbildrpublishing.com\/wp-content\/uploads\/2024\/06\/BookBildr-Publishing-logo.png\",\"width\":200,\"height\":80,\"caption\":\"BookBildr Publishing\"},\"image\":{\"@id\":\"https:\/\/bookbildrpublishing.com\/es\/#\/schema\/logo\/image\/\"}}]}<\/script>\n<!-- \/ Yoast SEO plugin. -->","yoast_head_json":{"title":"Carrito | BookBildr Publishing","robots":{"index":"index","follow":"follow","max-snippet":"max-snippet:-1","max-image-preview":"max-image-preview:large","max-video-preview":"max-video-preview:-1"},"canonical":"https:\/\/bookbildrpublishing.com\/es\/carrito\/","og_locale":"es_ES","og_type":"article","og_title":"Carrito | BookBildr Publishing","og_url":"https:\/\/bookbildrpublishing.com\/es\/carrito\/","og_site_name":"BookBildr Publishing","og_image":[{"width":1280,"height":869,"url":"https:\/\/bookbildrpublishing.com\/wp-content\/uploads\/2024\/06\/pexels-photo-4348404-4348404.jpg","type":"image\/jpeg"}],"twitter_card":"summary_large_image","schema":{"@context":"https:\/\/schema.org","@graph":[{"@type":"WebPage","@id":"https:\/\/bookbildrpublishing.com\/es\/carrito\/","url":"https:\/\/bookbildrpublishing.com\/es\/carrito\/","name":"Carrito | BookBildr Publishing","isPartOf":{"@id":"https:\/\/bookbildrpublishing.com\/es\/#website"},"datePublished":"2024-11-28T09:37:55+00:00","breadcrumb":{"@id":"https:\/\/bookbildrpublishing.com\/es\/carrito\/#breadcrumb"},"inLanguage":"es","potentialAction":[{"@type":"ReadAction","target":["https:\/\/bookbildrpublishing.com\/es\/carrito\/"]}]},{"@type":"BreadcrumbList","@id":"https:\/\/bookbildrpublishing.com\/es\/carrito\/#breadcrumb","itemListElement":[{"@type":"ListItem","position":1,"name":"Home","item":"https:\/\/bookbildrpublishing.com\/es\/"},{"@type":"ListItem","position":2,"name":"Carrito"}]},{"@type":"WebSite","@id":"https:\/\/bookbildrpublishing.com\/es\/#website","url":"https:\/\/bookbildrpublishing.com\/es\/","name":"BookBildr Publishing","description":"","publisher":{"@id":"https:\/\/bookbildrpublishing.com\/es\/#organization"},"potentialAction":[{"@type":"SearchAction","target":{"@type":"EntryPoint","urlTemplate":"https:\/\/bookbildrpublishing.com\/es\/?s={search_term_string}"},"query-input":{"@type":"PropertyValueSpecification","valueRequired":true,"valueName":"search_term_string"}}],"inLanguage":"es"},{"@type":"Organization","@id":"https:\/\/bookbildrpublishing.com\/es\/#organization","name":"BookBildr Publishing","url":"https:\/\/bookbildrpublishing.com\/es\/","logo":{"@type":"ImageObject","inLanguage":"es","@id":"https:\/\/bookbildrpublishing.com\/es\/#\/schema\/logo\/image\/","url":"https:\/\/bookbildrpublishing.com\/wp-content\/uploads\/2024\/06\/BookBildr-Publishing-logo.png","contentUrl":"https:\/\/bookbildrpublishing.com\/wp-content\/uploads\/2024\/06\/BookBildr-Publishing-logo.png","width":200,"height":80,"caption":"BookBildr Publishing"},"image":{"@id":"https:\/\/bookbildrpublishing.com\/es\/#\/schema\/logo\/image\/"}}]}},"uagb_featured_image_src":{"full":false,"thumbnail":false,"medium":false,"medium_large":false,"large":false,"1536x1536":false,"2048x2048":false,"woocommerce_thumbnail":false,"woocommerce_single":false,"woocommerce_gallery_thumbnail":false},"uagb_author_info":{"display_name":"admin","author_link":"https:\/\/bookbildrpublishing.com\/es\/author\/bbildr\/"},"uagb_comment_info":0,"uagb_excerpt":null,"_links":{"self":[{"href":"https:\/\/bookbildrpublishing.com\/es\/wp-json\/wp\/v2\/pages\/1888","targetHints":{"allow":["GET"]}}],"collection":[{"href":"https:\/\/bookbildrpublishing.com\/es\/wp-json\/wp\/v2\/pages"}],"about":[{"href":"https:\/\/bookbildrpublishing.com\/es\/wp-json\/wp\/v2\/types\/page"}],"author":[{"embeddable":true,"href":"https:\/\/bookbildrpublishing.com\/es\/wp-json\/wp\/v2\/users\/1"}],"replies":[{"embeddable":true,"href":"https:\/\/bookbildrpublishing.com\/es\/wp-json\/wp\/v2\/comments?post=1888"}],"version-history":[{"count":0,"href":"https:\/\/bookbildrpublishing.com\/es\/wp-json\/wp\/v2\/pages\/1888\/revisions"}],"wp:attachment":[{"href":"https:\/\/bookbildrpublishing.com\/es\/wp-json\/wp\/v2\/media?parent=1888"}],"curies":[{"name":"wp","href":"https:\/\/api.w.org\/{rel}","templated":true}]}}